{"id":15236,"date":"2024-02-29T22:53:23","date_gmt":"2024-02-29T14:53:23","guid":{"rendered":"https:\/\/www.vape4wholesale.com\/?post_type=product&#038;p=15236"},"modified":"2026-01-26T13:41:21","modified_gmt":"2026-01-26T13:41:21","slug":"elf-bar-raya-d1-13000-puffs-jetable-vape-wholesale","status":"publish","type":"product","link":"https:\/\/www.vape4wholesale.com\/fr\/product\/elf-bar-raya-d1-13000-puffs-disposable-vape-wholesale","title":{"rendered":"Elf Bar Raya D1 13000 bouff\u00e9es Vape jetable Wholesale"},"content":{"rendered":"<p>L'Elfbar Raya D1 est livr\u00e9 avec 13 000 bouff\u00e9es. Il s'agit d'un appareil \u00e0 dosettes jetables de pointe, con\u00e7u pour une exp\u00e9rience de vapotage prolong\u00e9e et satisfaisante. Dot\u00e9 d'une capacit\u00e9 de bouff\u00e9es impressionnante, cet appareil offre une exp\u00e9rience durable et savoureuse. Gr\u00e2ce \u00e0 sa technologie innovante, Elfbar propose une solution de vapotage pratique et sans souci. La variante Raya D1 offre un d\u00e9licieux m\u00e9lange de saveurs de melon d'eau et de melon de miel, offrant un profil de go\u00fbt rafra\u00eechissant et agr\u00e9able. Id\u00e9ale pour les utilisateurs \u00e0 la recherche d'une option jetable \u00e0 forte consommation, l'Elfbar Raya D1 promet une session de vapotage immersive \u00e0 chaque tirage.<\/p>\n<p>Il est livr\u00e9 avec 50mg de nicotine pour le choix, Commandez en vrac notre large s\u00e9lection de Elf Bar Raya D1 13000 ar\u00f4mes pour notre meilleur prix de gros et une livraison rapide !<\/p>\n<h2><strong>Elf Bar Raya D1 13000 Quick Detail<\/strong><\/h2>\n<ul>\n<li>Capacit\u00e9 E-liquide : 18ml<\/li>\n<li>Capacit\u00e9 de la batterie : 650mAh<\/li>\n<li>Bouff\u00e9es : Jusqu'\u00e0 13 000<\/li>\n<li>Taux de nicotine : 50mg\/ml<\/li>\n<li>\u00c9cran d'affichage \u00e0 diodes \u00e9lectroluminescentes : Alimentation et Eliquide<\/li>\n<li>Type-C rechargeable<\/li>\n<\/ul>\n<h2><strong>Elf Bar Raya D1 Saveurs disponibles<\/strong><\/h2>\n<p>1. glace Americano<br \/>\n2. glace \u00e0 la pomme<br \/>\n3. la myrtille de Gami<br \/>\n4. glace aux myrtilles<br \/>\n5. glace de raisin<br \/>\n6.Miami Mint<br \/>\n7. glace \u00e0 la p\u00eache<br \/>\n8. glace \u00e0 l'ananas<br \/>\n9. glace \u00e0 la fraise<br \/>\n10.Tabac<br \/>\n11. glace \u00e0 la past\u00e8que<br \/>\n12.m\u00fbre canneberge<br \/>\n13.Blue Razz Ice<br \/>\n14. myrtille menthe<br \/>\n15.melon d'eau \u00e0 la cerise<br \/>\n16.Double Mangue<br \/>\n17. raisin cerise<br \/>\n18. citron vert<br \/>\n19. p\u00eache mangue<br \/>\n20 Ananas Fraise Banane<br \/>\n21.cerise rouge<br \/>\n22. fraise et banane<br \/>\n23.glace fraise-kiwi<\/p>\n<h2><strong>D\u00e9tail de l'emballage<\/strong><\/h2>\n<p>1pc\/pack<br \/>\n10 paquets\/bo\u00eete<br \/>\n200 pcs\/carton<\/p>\n<p>Dimension : 56*28*24cm<br \/>\n26KGS\/carton<\/p>\n<figure id=\"attachment_15240\" aria-describedby=\"caption-attachment-15240\" style=\"width: 600px\" class=\"wp-caption alignnone\"><img loading=\"lazy\" decoding=\"async\" class=\"wp-image-15240 size-full\" title=\"Elf Bar Raya D1 13000 bouff\u00e9es Vape jetable Wholesale\" src=\"https:\/\/www.vape4wholesale.com\/wp-content\/uploads\/2024\/02\/Elf-Bar-Raya-D1-13000-Disposable-Vape-Wholesale-2.png\" alt=\"Elf Bar Raya D1 13000 bouff\u00e9es Vape jetable Wholesale\" width=\"600\" height=\"600\" srcset=\"https:\/\/www.vape4wholesale.com\/wp-content\/uploads\/2024\/02\/Elf-Bar-Raya-D1-13000-Disposable-Vape-Wholesale-2.png 600w, https:\/\/www.vape4wholesale.com\/wp-content\/uploads\/2024\/02\/Elf-Bar-Raya-D1-13000-Disposable-Vape-Wholesale-2-247x247.png 247w, https:\/\/www.vape4wholesale.com\/wp-content\/uploads\/2024\/02\/Elf-Bar-Raya-D1-13000-Disposable-Vape-Wholesale-2-100x100.png 100w, https:\/\/www.vape4wholesale.com\/wp-content\/uploads\/2024\/02\/Elf-Bar-Raya-D1-13000-Disposable-Vape-Wholesale-2-510x510.png 510w, https:\/\/www.vape4wholesale.com\/wp-content\/uploads\/2024\/02\/Elf-Bar-Raya-D1-13000-Disposable-Vape-Wholesale-2-64x64.png 64w, https:\/\/www.vape4wholesale.com\/wp-content\/uploads\/2024\/02\/Elf-Bar-Raya-D1-13000-Disposable-Vape-Wholesale-2-300x300.png 300w, https:\/\/www.vape4wholesale.com\/wp-content\/uploads\/2024\/02\/Elf-Bar-Raya-D1-13000-Disposable-Vape-Wholesale-2-150x150.png 150w\" sizes=\"auto, (max-width: 600px) 100vw, 600px\" \/><figcaption id=\"caption-attachment-15240\" class=\"wp-caption-text\">Elf Bar Raya D1 13000 bouff\u00e9es Vape jetable Wholesale<\/figcaption><\/figure>\n<h2>POURQUOI NOUS ?<\/h2>\r\n<ul>\r\n<li>Une source de vape r\u00e9elle, digne de confiance et professionnelle.<\/li>\r\n<li>100% Garantie d'authenticit\u00e9 : Nous ne fournissons que des produits originaux et authentiques, nous refusons la contrefa\u00e7on.<\/li>\r\n<li>100% Garantie de livraison : Nous utilisons les meilleurs moyens de transport pour assurer la livraison de votre commande 100%.<\/li>\r\n<li>Nous vous communiquerons le num\u00e9ro de suivi et l'\u00e9tiquette d'exp\u00e9dition apr\u00e8s l'envoi, et nous suivrons les marchandises pour vous jusqu'\u00e0 ce que vous les signiez.<\/li>\r\n<li>Pas de probl\u00e8mes douaniers, pas de droits de douane<\/li>\r\n<\/ul>","protected":false},"excerpt":{"rendered":"<div class=\"wsppc_div_block woocommerce_before_add_to_cart_form\">\r\n<p><strong><span style=\"color: #00a859;\">Passer la douane<\/span> avant livraison &amp; 100% Garantie de livraison, Livraison en 19~25 jours environ.\u00a0<\/strong><\/p>\r\n<\/div>\n<p><strong>En raison de changements fr\u00e9quents dans les stocks de produits, les quantit\u00e9s minimales de commande et les prix, veuillez nous contacter avant de passer votre commande.<\/strong><\/p>","protected":false},"featured_media":15241,"comment_status":"open","ping_status":"closed","template":"","meta":[],"pwb-brand":[1278],"product_cat":[871],"product_tag":[22,24,60,244,737],"class_list":{"0":"post-15236","1":"product","2":"type-product","3":"status-publish","4":"has-post-thumbnail","6":"pwb-brand-elf-bar","7":"product_cat-10-15k-puffs","8":"product_tag-disposable","9":"product_tag-wholesale","10":"product_tag-elf-bar","11":"product_tag-18-0ml","12":"product_tag-13000-puffs","14":"first","15":"instock","16":"shipping-taxable","17":"purchasable","18":"product-type-variable"},"aioseo_notices":[],"brands":[{"id":1278,"name":"Bar \u00e0 elfes","slug":"bar-des-elfes"}],"_links":{"self":[{"href":"https:\/\/www.vape4wholesale.com\/fr\/wp-json\/wp\/v2\/product\/15236","targetHints":{"allow":["GET"]}}],"collection":[{"href":"https:\/\/www.vape4wholesale.com\/fr\/wp-json\/wp\/v2\/product"}],"about":[{"href":"https:\/\/www.vape4wholesale.com\/fr\/wp-json\/wp\/v2\/types\/product"}],"replies":[{"embeddable":true,"href":"https:\/\/www.vape4wholesale.com\/fr\/wp-json\/wp\/v2\/comments?post=15236"}],"wp:featuredmedia":[{"embeddable":true,"href":"https:\/\/www.vape4wholesale.com\/fr\/wp-json\/wp\/v2\/media\/15241"}],"wp:attachment":[{"href":"https:\/\/www.vape4wholesale.com\/fr\/wp-json\/wp\/v2\/media?parent=15236"}],"wp:term":[{"taxonomy":"pwb-brand","embeddable":true,"href":"https:\/\/www.vape4wholesale.com\/fr\/wp-json\/wp\/v2\/pwb-brand?post=15236"},{"taxonomy":"product_cat","embeddable":true,"href":"https:\/\/www.vape4wholesale.com\/fr\/wp-json\/wp\/v2\/product_cat?post=15236"},{"taxonomy":"product_tag","embeddable":true,"href":"https:\/\/www.vape4wholesale.com\/fr\/wp-json\/wp\/v2\/product_tag?post=15236"}],"curies":[{"name":"wp","href":"https:\/\/api.w.org\/{rel}","templated":true}]}}