{"id":15211,"date":"2024-02-29T22:03:31","date_gmt":"2024-02-29T14:03:31","guid":{"rendered":"https:\/\/www.vape4wholesale.com\/?post_type=product&#038;p=15211"},"modified":"2026-01-26T13:41:23","modified_gmt":"2026-01-26T13:41:23","slug":"elf-bar-bc18000-jetable-vape-wholesale","status":"publish","type":"product","link":"https:\/\/www.vape4wholesale.com\/fr\/product\/elf-bar-bc18000-disposable-vape-wholesale","title":{"rendered":"Elf Bar BC18000 Disposable Vape Wholesale"},"content":{"rendered":"<p>Le Elf Bar BC18000 est l'un des derniers mod\u00e8les d'Elf Bar et offre aux utilisateurs jusqu'\u00e0 18 000 bouff\u00e9es. Il dispose de deux modes diff\u00e9rents - le mode \"Smooth\" vous permet d'obtenir un maximum de bouff\u00e9es, tandis que le mode \"Turbo\" offre un effet plus intense avec de plus gros nuages de vapeur, mais moins de bouff\u00e9es.<\/p>\n<p>Il est livr\u00e9 avec 50mg de nicotine pour le choix, Commandez en vrac notre large s\u00e9lection d'ar\u00f4mes Elf Bar BC18000 pour notre meilleur prix de gros et une livraison rapide !<\/p>\n<h2><strong>Elf Bar BC18000 Quick Detail<\/strong><\/h2>\n<p>Capacit\u00e9 E-liquide : 25ml<br \/>\nCapacit\u00e9 de la batterie : 650mAh<br \/>\nBouff\u00e9es : Jusqu'\u00e0 18 000<br \/>\nTaux de nicotine : 50mg\/ml<\/p>\n<h2><strong>Saveurs disponibles<\/strong><\/h2>\n<p>1.m\u00fbre cerise<br \/>\n2.Blue Razz Ice<br \/>\n3. le citron vert<br \/>\n4. raisin et canneberge<br \/>\n5. glace de raisin<br \/>\n6. kiwi fruit de la passion goyave<br \/>\n7. p\u00eache mangue past\u00e8que<br \/>\n8. ananas fruit du dragon pamplemousse<br \/>\n9. pomme acide<br \/>\n10. banane fraise<br \/>\n11.fraise kiwi<br \/>\n12. menthe poivr\u00e9e<br \/>\n13. glace \u00e0 la past\u00e8que<br \/>\n14.kiwi ananas p\u00eache<br \/>\n15.pamplemousse fruit de la passion<\/p>\n<h2><strong>D\u00e9tails de l'emballage<\/strong><\/h2>\n<p>1pc\/pack<br \/>\n10 paquets\/bo\u00eete<br \/>\n200 pcs\/carton<\/p>\n<p><strong>Dimension :<\/strong><br \/>\n55.5*29.5*27.5cm<br \/>\n26KGS\/carton<\/p>\n<figure id=\"attachment_15212\" aria-describedby=\"caption-attachment-15212\" style=\"width: 650px\" class=\"wp-caption alignnone\"><img loading=\"lazy\" decoding=\"async\" class=\"size-full wp-image-15212\" title=\"Elf Bar BC18000 Disposable Vape Wholesale\" src=\"https:\/\/www.vape4wholesale.com\/wp-content\/uploads\/2024\/02\/Elf-Bar-BC18000-Disposable-Vape-Wholesale.jpg\" alt=\"Elf Bar BC18000 Disposable Vape Wholesale\" width=\"650\" height=\"650\" srcset=\"https:\/\/www.vape4wholesale.com\/wp-content\/uploads\/2024\/02\/Elf-Bar-BC18000-Disposable-Vape-Wholesale.jpg 650w, https:\/\/www.vape4wholesale.com\/wp-content\/uploads\/2024\/02\/Elf-Bar-BC18000-Disposable-Vape-Wholesale-247x247.jpg 247w, https:\/\/www.vape4wholesale.com\/wp-content\/uploads\/2024\/02\/Elf-Bar-BC18000-Disposable-Vape-Wholesale-100x100.jpg 100w, https:\/\/www.vape4wholesale.com\/wp-content\/uploads\/2024\/02\/Elf-Bar-BC18000-Disposable-Vape-Wholesale-510x510.jpg 510w, https:\/\/www.vape4wholesale.com\/wp-content\/uploads\/2024\/02\/Elf-Bar-BC18000-Disposable-Vape-Wholesale-64x64.jpg 64w, https:\/\/www.vape4wholesale.com\/wp-content\/uploads\/2024\/02\/Elf-Bar-BC18000-Disposable-Vape-Wholesale-300x300.jpg 300w, https:\/\/www.vape4wholesale.com\/wp-content\/uploads\/2024\/02\/Elf-Bar-BC18000-Disposable-Vape-Wholesale-150x150.jpg 150w\" sizes=\"auto, (max-width: 650px) 100vw, 650px\" \/><figcaption id=\"caption-attachment-15212\" class=\"wp-caption-text\">Elf Bar BC18000 Disposable Vape Wholesale<\/figcaption><\/figure>\n<h2>POURQUOI NOUS ?<\/h2>\r\n<ul>\r\n<li>Une source de vape r\u00e9elle, digne de confiance et professionnelle.<\/li>\r\n<li>100% Garantie d'authenticit\u00e9 : Nous ne fournissons que des produits originaux et authentiques, nous refusons la contrefa\u00e7on.<\/li>\r\n<li>100% Garantie de livraison : Nous utilisons les meilleurs moyens de transport pour assurer la livraison de votre commande 100%.<\/li>\r\n<li>Nous vous communiquerons le num\u00e9ro de suivi et l'\u00e9tiquette d'exp\u00e9dition apr\u00e8s l'envoi, et nous suivrons les marchandises pour vous jusqu'\u00e0 ce que vous les signiez.<\/li>\r\n<li>Pas de probl\u00e8mes douaniers, pas de droits de douane<\/li>\r\n<\/ul>","protected":false},"excerpt":{"rendered":"<div class=\"wsppc_div_block woocommerce_before_add_to_cart_form\">\r\n<p><strong><span style=\"color: #00a859;\">Passer la douane<\/span> avant livraison &amp; 100% Garantie de livraison, Livraison en 19~25 jours environ.\u00a0<\/strong><\/p>\r\n<\/div>\n<p><strong>En raison de changements fr\u00e9quents dans les stocks de produits, les quantit\u00e9s minimales de commande et les prix, veuillez nous contacter avant de passer votre commande.<\/strong><\/p>","protected":false},"featured_media":15212,"comment_status":"open","ping_status":"closed","template":"","meta":[],"pwb-brand":[1278],"product_cat":[872],"product_tag":[22,24,60,692,719],"class_list":{"0":"post-15211","1":"product","2":"type-product","3":"status-publish","4":"has-post-thumbnail","6":"pwb-brand-elf-bar","7":"product_cat-15k-20k-puffs","8":"product_tag-disposable","9":"product_tag-wholesale","10":"product_tag-elf-bar","11":"product_tag-25-0ml","12":"product_tag-18000-puffs","14":"first","15":"instock","16":"shipping-taxable","17":"purchasable","18":"product-type-variable"},"aioseo_notices":[],"brands":[{"id":1278,"name":"Bar \u00e0 elfes","slug":"bar-des-elfes"}],"_links":{"self":[{"href":"https:\/\/www.vape4wholesale.com\/fr\/wp-json\/wp\/v2\/product\/15211","targetHints":{"allow":["GET"]}}],"collection":[{"href":"https:\/\/www.vape4wholesale.com\/fr\/wp-json\/wp\/v2\/product"}],"about":[{"href":"https:\/\/www.vape4wholesale.com\/fr\/wp-json\/wp\/v2\/types\/product"}],"replies":[{"embeddable":true,"href":"https:\/\/www.vape4wholesale.com\/fr\/wp-json\/wp\/v2\/comments?post=15211"}],"wp:featuredmedia":[{"embeddable":true,"href":"https:\/\/www.vape4wholesale.com\/fr\/wp-json\/wp\/v2\/media\/15212"}],"wp:attachment":[{"href":"https:\/\/www.vape4wholesale.com\/fr\/wp-json\/wp\/v2\/media?parent=15211"}],"wp:term":[{"taxonomy":"pwb-brand","embeddable":true,"href":"https:\/\/www.vape4wholesale.com\/fr\/wp-json\/wp\/v2\/pwb-brand?post=15211"},{"taxonomy":"product_cat","embeddable":true,"href":"https:\/\/www.vape4wholesale.com\/fr\/wp-json\/wp\/v2\/product_cat?post=15211"},{"taxonomy":"product_tag","embeddable":true,"href":"https:\/\/www.vape4wholesale.com\/fr\/wp-json\/wp\/v2\/product_tag?post=15211"}],"curies":[{"name":"wp","href":"https:\/\/api.w.org\/{rel}","templated":true}]}}