{"id":15179,"date":"2024-02-28T21:21:34","date_gmt":"2024-02-28T13:21:34","guid":{"rendered":"https:\/\/www.vape4wholesale.com\/?post_type=product&#038;p=15179"},"modified":"2026-01-26T13:41:25","modified_gmt":"2026-01-26T13:41:25","slug":"bang-tornado-12000-puffs-jetable-vape-wholesale-2","status":"publish","type":"product","link":"https:\/\/www.vape4wholesale.com\/fr\/product\/bang-tornado-12000-puffs-disposable-vape-wholesale","title":{"rendered":"Bang Tornado 12000 bouff\u00e9es Vape jetable en gros"},"content":{"rendered":"<p>Le Bang Tornado 12000 est une vape jetable bien con\u00e7ue, avec des autocollants sympas et une tr\u00e8s longue dur\u00e9e de vie, il contient 23ml d'eliquide avec une batterie rechargeable de 650mah, il supporte jusqu'\u00e0 12000 bouff\u00e9es.<\/p>\n<p>0mg\/20mg\/30mg\/50mg de nicotine au choix, Commandez en vrac notre large s\u00e9lection d'ar\u00f4mes Bang Tornado 12000 Puffs \u00e0 notre meilleur prix de gros et livraison rapide !<\/p>\n<h2><strong>Bang Tornado 12000 Vape jetable D\u00e9tails rapides :<\/strong><\/h2>\n<ul>\n<li>Marque et mod\u00e8le : Bang Tornado<\/li>\n<li>Bouff\u00e9es : 12000 bouff\u00e9es<\/li>\n<li>Nicotine : 0, 2%, 3%, 5%<\/li>\n<li>Capacit\u00e9 E-juice : 23 ML<\/li>\n<li>Batterie : 650mAh (rechargeable)<\/li>\n<li>Port de charge : Type C<\/li>\n<\/ul>\n<p>&nbsp;<\/p>\n<h2><strong>Ar\u00f4mes disponibles\uff1a<\/strong><\/h2>\n<ul>\n<li>Glace aux myrtilles<\/li>\n<li>Past\u00e8que Bubblegum<\/li>\n<li>Glace Blue Razz<\/li>\n<li>Cr\u00e8me glac\u00e9e \u00e0 la fraise<\/li>\n<li>Americano<\/li>\n<li>Raisin royal<\/li>\n<li>Glace Watermlon<\/li>\n<li>Pomme acide Framboise<\/li>\n<li>P\u00eache Mangue Past\u00e8que<\/li>\n<li>Fraise Kiwi<\/li>\n<li>Kiwi Fruit de la passion Goyave<\/li>\n<li>Past\u00e8que \u00e0 la fraise<\/li>\n<\/ul>\n<h2><strong>Contenu de l'emballage :<\/strong><\/h2>\n<ul>\n<li>C\u00e9libataire avec un petit paquet<\/li>\n<li>10 pi\u00e8ces dans une bo\u00eete moyenne.<\/li>\n<li>200 pi\u00e8ces par carton, 22kg\/carton<\/li>\n<\/ul>\n<figure id=\"attachment_15616\" aria-describedby=\"caption-attachment-15616\" style=\"width: 800px\" class=\"wp-caption alignnone\"><img loading=\"lazy\" decoding=\"async\" class=\"size-full wp-image-15616\" title=\"Bang Tornado 12000 bouff\u00e9es Vape jetable en gros (12)\" src=\"https:\/\/www.vape4wholesale.com\/wp-content\/uploads\/2024\/04\/Bang-Tornado-12000-Puffs-Disposable-Vape-Wholesale-12.webp\" alt=\"Bang Tornado 12000 bouff\u00e9es Vape jetable en gros (12)\" width=\"800\" height=\"800\" srcset=\"https:\/\/www.vape4wholesale.com\/wp-content\/uploads\/2024\/04\/Bang-Tornado-12000-Puffs-Disposable-Vape-Wholesale-12.webp 800w, https:\/\/www.vape4wholesale.com\/wp-content\/uploads\/2024\/04\/Bang-Tornado-12000-Puffs-Disposable-Vape-Wholesale-12-247x247.webp 247w, https:\/\/www.vape4wholesale.com\/wp-content\/uploads\/2024\/04\/Bang-Tornado-12000-Puffs-Disposable-Vape-Wholesale-12-100x100.webp 100w, https:\/\/www.vape4wholesale.com\/wp-content\/uploads\/2024\/04\/Bang-Tornado-12000-Puffs-Disposable-Vape-Wholesale-12-510x510.webp 510w, https:\/\/www.vape4wholesale.com\/wp-content\/uploads\/2024\/04\/Bang-Tornado-12000-Puffs-Disposable-Vape-Wholesale-12-64x64.webp 64w, https:\/\/www.vape4wholesale.com\/wp-content\/uploads\/2024\/04\/Bang-Tornado-12000-Puffs-Disposable-Vape-Wholesale-12-300x300.webp 300w, https:\/\/www.vape4wholesale.com\/wp-content\/uploads\/2024\/04\/Bang-Tornado-12000-Puffs-Disposable-Vape-Wholesale-12-150x150.webp 150w, https:\/\/www.vape4wholesale.com\/wp-content\/uploads\/2024\/04\/Bang-Tornado-12000-Puffs-Disposable-Vape-Wholesale-12-768x768.webp 768w\" sizes=\"auto, (max-width: 800px) 100vw, 800px\" \/><figcaption id=\"caption-attachment-15616\" class=\"wp-caption-text\">Bang Tornado 12000 bouff\u00e9es Vape jetable en gros<\/figcaption><\/figure>\n<h2>POURQUOI NOUS ?<\/h2>\r\n<ul>\r\n<li>Une source de vape r\u00e9elle, digne de confiance et professionnelle.<\/li>\r\n<li>100% Garantie d'authenticit\u00e9 : Nous ne fournissons que des produits originaux et authentiques, nous refusons la contrefa\u00e7on.<\/li>\r\n<li>100% Garantie de livraison : Nous utilisons les meilleurs moyens de transport pour assurer la livraison de votre commande 100%.<\/li>\r\n<li>Nous vous communiquerons le num\u00e9ro de suivi et l'\u00e9tiquette d'exp\u00e9dition apr\u00e8s l'envoi, et nous suivrons les marchandises pour vous jusqu'\u00e0 ce que vous les signiez.<\/li>\r\n<li>Pas de probl\u00e8mes douaniers, pas de droits de douane<\/li>\r\n<\/ul>","protected":false},"excerpt":{"rendered":"<div class=\"wsppc_div_block woocommerce_before_add_to_cart_form\">\r\n<p><strong><span style=\"color: #00a859;\">Passer la douane<\/span> avant livraison &amp; 100% Garantie de livraison, Livraison en 19~25 jours environ.\u00a0<\/strong><\/p>\r\n<\/div>","protected":false},"featured_media":15607,"comment_status":"open","ping_status":"closed","template":"","meta":[],"pwb-brand":[1275],"product_cat":[871],"product_tag":[22,24,249,556,557],"class_list":{"0":"post-15179","1":"product","2":"type-product","3":"status-publish","4":"has-post-thumbnail","6":"pwb-brand-bang","7":"product_cat-10-15k-puffs","8":"product_tag-disposable","9":"product_tag-wholesale","10":"product_tag-bang","11":"product_tag-12000-puffs","12":"product_tag-23-0ml","13":"wcpa_has_options","15":"first","16":"instock","17":"shipping-taxable","18":"purchasable","19":"product-type-variable"},"aioseo_notices":[],"brands":[{"id":1275,"name":"Bang","slug":"coup"}],"_links":{"self":[{"href":"https:\/\/www.vape4wholesale.com\/fr\/wp-json\/wp\/v2\/product\/15179","targetHints":{"allow":["GET"]}}],"collection":[{"href":"https:\/\/www.vape4wholesale.com\/fr\/wp-json\/wp\/v2\/product"}],"about":[{"href":"https:\/\/www.vape4wholesale.com\/fr\/wp-json\/wp\/v2\/types\/product"}],"replies":[{"embeddable":true,"href":"https:\/\/www.vape4wholesale.com\/fr\/wp-json\/wp\/v2\/comments?post=15179"}],"wp:featuredmedia":[{"embeddable":true,"href":"https:\/\/www.vape4wholesale.com\/fr\/wp-json\/wp\/v2\/media\/15607"}],"wp:attachment":[{"href":"https:\/\/www.vape4wholesale.com\/fr\/wp-json\/wp\/v2\/media?parent=15179"}],"wp:term":[{"taxonomy":"pwb-brand","embeddable":true,"href":"https:\/\/www.vape4wholesale.com\/fr\/wp-json\/wp\/v2\/pwb-brand?post=15179"},{"taxonomy":"product_cat","embeddable":true,"href":"https:\/\/www.vape4wholesale.com\/fr\/wp-json\/wp\/v2\/product_cat?post=15179"},{"taxonomy":"product_tag","embeddable":true,"href":"https:\/\/www.vape4wholesale.com\/fr\/wp-json\/wp\/v2\/product_tag?post=15179"}],"curies":[{"name":"wp","href":"https:\/\/api.w.org\/{rel}","templated":true}]}}