{"id":15147,"date":"2024-02-28T17:25:06","date_gmt":"2024-02-28T09:25:06","guid":{"rendered":"https:\/\/www.vape4wholesale.com\/?post_type=product&#038;p=15147"},"modified":"2026-01-26T13:41:27","modified_gmt":"2026-01-26T13:41:27","slug":"bang-shisha-15000-puffs-jetable-vape-wholesale","status":"publish","type":"product","link":"https:\/\/www.vape4wholesale.com\/fr\/product\/bang-shisha-15000-puffs-disposable-vape-wholesale","title":{"rendered":"Bang Shisha 15000 bouff\u00e9es Vape jetable Wholesale"},"content":{"rendered":"<p>les <strong>Bang Shisha 15000<\/strong> C'est l'un des dispositifs de vaporisation DTL qui offre une grande vapeur avec un bon go\u00fbt, il est construit avec un atomiseur de 1.0\u03a9, 15ml d'eliquide avec un taux de nicotine de 0%~5%. Il supporte jusqu'\u00e0 15000 bouff\u00e9es, une fois charg\u00e9, vous pouvez avoir une grande exp\u00e9rience de vapotage.<\/p>\n<p>Commandez en vrac notre large s\u00e9lection de Bang Shisha 15000 saveurs pour notre meilleur prix de gros et une livraison rapide !<\/p>\n<h2><strong>Bang Shisha 15000 D\u00e9tails rapides :<\/strong><\/h2>\n<ul>\n<li>Bouff\u00e9es : 15000 bouff\u00e9es<\/li>\n<li>Nicotine : 0%, 2%, 3%, 5%<\/li>\n<li>Capacit\u00e9 E-juice : 15 ML<\/li>\n<li>Batterie : 600mAh (rechargeable)<\/li>\n<li>Port de charge : Type C<\/li>\n<li>R\u00e9sistance : 1.0\u03a9<\/li>\n<\/ul>\n<h2><strong>Ar\u00f4mes disponibles\uff1a<\/strong><\/h2>\n<ol>\n<li>Glace aux myrtilles<\/li>\n<li>Glace Blue Razz<\/li>\n<li>Past\u00e8que \u00e0 la cerise<\/li>\n<li>Pomme congel\u00e9e<\/li>\n<li>Gomme \u00e0 m\u00e2cher<\/li>\n<li>Mangue Banane<\/li>\n<li>M\u00e9lange de glace aux baies<\/li>\n<li>Ananas noix de coco<\/li>\n<li>Slush aux baies rouges<\/li>\n<li>Kiwi Fruit de la passion Goyave<\/li>\n<li>Canneberge raisin<\/li>\n<li>Glace \u00e0 la fraise<\/li>\n<li>Fraise Kiwi<\/li>\n<li>Bonbons \u00e0 la fraise et \u00e0 la framboise<\/li>\n<li>Glace \u00e0 la past\u00e8que<\/li>\n<li>P\u00eaches juteuses<\/li>\n<li><del>Amour 66<\/del><\/li>\n<li>P\u00eache Mangue Past\u00e8que<\/li>\n<li><del>Red Bull<\/del><\/li>\n<li>Past\u00e8que Fraise Bubblegum<\/li>\n<\/ol>\n<h2><strong>Contenu de l'emballage :<\/strong><\/h2>\n<ul>\n<li>10 pi\u00e8ces \/ bo\u00eete moyenne.<\/li>\n<li>200 pcs\/carton<\/li>\n<li>22kg\/ carton<\/li>\n<li>Taille du carton : 39.5*39*30.5cm<\/li>\n<\/ul>\n<h2>POURQUOI NOUS ?<\/h2>\r\n<ul>\r\n<li>Une source de vape r\u00e9elle, digne de confiance et professionnelle.<\/li>\r\n<li>100% Garantie d'authenticit\u00e9 : Nous ne fournissons que des produits originaux et authentiques, nous refusons la contrefa\u00e7on.<\/li>\r\n<li>100% Garantie de livraison : Nous utilisons les meilleurs moyens de transport pour assurer la livraison de votre commande 100%.<\/li>\r\n<li>Nous vous communiquerons le num\u00e9ro de suivi et l'\u00e9tiquette d'exp\u00e9dition apr\u00e8s l'envoi, et nous suivrons les marchandises pour vous jusqu'\u00e0 ce que vous les signiez.<\/li>\r\n<li>Pas de probl\u00e8mes douaniers, pas de droits de douane<\/li>\r\n<\/ul>","protected":false},"excerpt":{"rendered":"<div class=\"wsppc_div_block woocommerce_before_add_to_cart_form\">\r\n<p><strong><span style=\"color: #00a859;\">Passer la douane<\/span> avant livraison &amp; 100% Garantie de livraison, Livraison en 19~25 jours environ.\u00a0<\/strong><\/p>\r\n<\/div>","protected":false},"featured_media":15170,"comment_status":"open","ping_status":"closed","template":"","meta":[],"pwb-brand":[1275],"product_cat":[872],"product_tag":[24,233,249,684,726,22],"class_list":{"0":"post-15147","1":"product","2":"type-product","3":"status-publish","4":"has-post-thumbnail","6":"pwb-brand-bang","7":"product_cat-15k-20k-puffs","8":"product_tag-wholesale","9":"product_tag-15-0ml","10":"product_tag-bang","11":"product_tag-15000-puffs","12":"product_tag-shisha","13":"product_tag-disposable","14":"wcpa_has_options","16":"first","17":"outofstock","18":"shipping-taxable","19":"purchasable","20":"product-type-variable"},"aioseo_notices":[],"brands":[{"id":1275,"name":"Bang","slug":"coup"}],"_links":{"self":[{"href":"https:\/\/www.vape4wholesale.com\/fr\/wp-json\/wp\/v2\/product\/15147","targetHints":{"allow":["GET"]}}],"collection":[{"href":"https:\/\/www.vape4wholesale.com\/fr\/wp-json\/wp\/v2\/product"}],"about":[{"href":"https:\/\/www.vape4wholesale.com\/fr\/wp-json\/wp\/v2\/types\/product"}],"replies":[{"embeddable":true,"href":"https:\/\/www.vape4wholesale.com\/fr\/wp-json\/wp\/v2\/comments?post=15147"}],"wp:featuredmedia":[{"embeddable":true,"href":"https:\/\/www.vape4wholesale.com\/fr\/wp-json\/wp\/v2\/media\/15170"}],"wp:attachment":[{"href":"https:\/\/www.vape4wholesale.com\/fr\/wp-json\/wp\/v2\/media?parent=15147"}],"wp:term":[{"taxonomy":"pwb-brand","embeddable":true,"href":"https:\/\/www.vape4wholesale.com\/fr\/wp-json\/wp\/v2\/pwb-brand?post=15147"},{"taxonomy":"product_cat","embeddable":true,"href":"https:\/\/www.vape4wholesale.com\/fr\/wp-json\/wp\/v2\/product_cat?post=15147"},{"taxonomy":"product_tag","embeddable":true,"href":"https:\/\/www.vape4wholesale.com\/fr\/wp-json\/wp\/v2\/product_tag?post=15147"}],"curies":[{"name":"wp","href":"https:\/\/api.w.org\/{rel}","templated":true}]}}