{"id":15125,"date":"2024-02-27T22:49:31","date_gmt":"2024-02-27T14:49:31","guid":{"rendered":"https:\/\/www.vape4wholesale.com\/?post_type=product&#038;p=15125"},"modified":"2026-01-26T13:41:29","modified_gmt":"2026-01-26T13:41:29","slug":"bang-18000-puffs-jetable-vape-wholesale","status":"publish","type":"product","link":"https:\/\/www.vape4wholesale.com\/fr\/product\/bang-18000-puffs-disposable-vape-wholesale","title":{"rendered":"Bang 18000 Puffs Vape jetable Wholesale"},"content":{"rendered":"<p>Le Bang 18000 Puffs Disposable Vape est con\u00e7u pour deux ambiances (Regular &amp; Pulse), il contient 16ml d'eliquide avec une batterie rechargeable de 650mah, et il est livr\u00e9 avec une bobine mesh de 1.2 ohm.<\/p>\n<p>0\/20\/50mg de nicotine au choix, Commandez en vrac notre large s\u00e9lection d'ar\u00f4mes Bang 18000 Puffs \u00e0 notre meilleur prix de gros et livraison rapide !<\/p>\n<h2><strong>Bang 18000 Puffs Vape jetable Quick Details<\/strong><\/h2>\n<ul>\n<li>Bouff\u00e9es : 18000<\/li>\n<li>Capacit\u00e9 de la batterie : 650mAh<\/li>\n<li>Volume de l'e-liquide : 16ml<\/li>\n<li>Teneur en nicotine : 0\/20\/50mg de sel de nicotine<\/li>\n<li>Emballage : 10 pi\u00e8ces dans 1 bo\u00eete de pr\u00e9sentation<\/li>\n<li>\u00c9cran d'affichage \u00e0 diodes \u00e9lectroluminescentes<\/li>\n<\/ul>\n<p>&nbsp;<\/p>\n<h2><strong>Saveurs disponibles<\/strong><\/h2>\n<ol>\n<li>Blue Razz Lce<\/li>\n<li>Bombe \u00e0 la cerise<\/li>\n<li>Glace de raisin<\/li>\n<li>Glace \u00e0 la p\u00eache juteuse<\/li>\n<li>P\u00eache Mangue<\/li>\n<li>Glace \u00e0 la pomme acide<\/li>\n<li>Fraise et banane<\/li>\n<li>Fraise Mangue<\/li>\n<li>Past\u00e8que \u00e0 la fraise<\/li>\n<li>Glace aux trois baies<\/li>\n<li>Fruits tropicaux<\/li>\n<li>Glace \u00e0 la past\u00e8que<\/li>\n<\/ol>\n<h2><strong>Contenu de l'emballage :<\/strong><\/h2>\n<ul>\n<li>10 pi\u00e8ces \/ bo\u00eete moyenne.<\/li>\n<li>200 pcs\/carton<\/li>\n<li>26.0kg\/ carton<\/li>\n<\/ul>\n<figure id=\"attachment_15139\" aria-describedby=\"caption-attachment-15139\" style=\"width: 800px\" class=\"wp-caption alignnone\"><img loading=\"lazy\" decoding=\"async\" class=\"size-full wp-image-15139\" title=\"Bang 18000 Puffs Vape jetable Wholesale\" src=\"https:\/\/www.vape4wholesale.com\/wp-content\/uploads\/2024\/02\/Bang-18000-Puffs-Disposable-Vape-Wholesale-2.jpg\" alt=\"Bang 18000 Puffs Vape jetable Wholesale\" width=\"800\" height=\"800\" srcset=\"https:\/\/www.vape4wholesale.com\/wp-content\/uploads\/2024\/02\/Bang-18000-Puffs-Disposable-Vape-Wholesale-2.jpg 800w, https:\/\/www.vape4wholesale.com\/wp-content\/uploads\/2024\/02\/Bang-18000-Puffs-Disposable-Vape-Wholesale-2-247x247.jpg 247w, https:\/\/www.vape4wholesale.com\/wp-content\/uploads\/2024\/02\/Bang-18000-Puffs-Disposable-Vape-Wholesale-2-100x100.jpg 100w, https:\/\/www.vape4wholesale.com\/wp-content\/uploads\/2024\/02\/Bang-18000-Puffs-Disposable-Vape-Wholesale-2-510x510.jpg 510w, https:\/\/www.vape4wholesale.com\/wp-content\/uploads\/2024\/02\/Bang-18000-Puffs-Disposable-Vape-Wholesale-2-64x64.jpg 64w, https:\/\/www.vape4wholesale.com\/wp-content\/uploads\/2024\/02\/Bang-18000-Puffs-Disposable-Vape-Wholesale-2-300x300.jpg 300w, https:\/\/www.vape4wholesale.com\/wp-content\/uploads\/2024\/02\/Bang-18000-Puffs-Disposable-Vape-Wholesale-2-150x150.jpg 150w, https:\/\/www.vape4wholesale.com\/wp-content\/uploads\/2024\/02\/Bang-18000-Puffs-Disposable-Vape-Wholesale-2-768x768.jpg 768w\" sizes=\"auto, (max-width: 800px) 100vw, 800px\" \/><figcaption id=\"caption-attachment-15139\" class=\"wp-caption-text\">Bang 18000 Puffs Vape jetable Wholesale<\/figcaption><\/figure>\n<h2>POURQUOI NOUS ?<\/h2>\r\n<ul>\r\n<li>Une source de vape r\u00e9elle, digne de confiance et professionnelle.<\/li>\r\n<li>100% Garantie d'authenticit\u00e9 : Nous ne fournissons que des produits originaux et authentiques, nous refusons la contrefa\u00e7on.<\/li>\r\n<li>100% Garantie de livraison : Nous utilisons les meilleurs moyens de transport pour assurer la livraison de votre commande 100%.<\/li>\r\n<li>Nous vous communiquerons le num\u00e9ro de suivi et l'\u00e9tiquette d'exp\u00e9dition apr\u00e8s l'envoi, et nous suivrons les marchandises pour vous jusqu'\u00e0 ce que vous les signiez.<\/li>\r\n<li>Pas de probl\u00e8mes douaniers, pas de droits de douane<\/li>\r\n<\/ul>","protected":false},"excerpt":{"rendered":"<div class=\"wsppc_div_block woocommerce_before_add_to_cart_form\">\r\n<p><strong><span style=\"color: #00a859;\">Passer la douane<\/span> avant livraison &amp; 100% Garantie de livraison, Livraison en 19~25 jours environ.\u00a0<\/strong><\/p>\r\n<\/div>","protected":false},"featured_media":15142,"comment_status":"open","ping_status":"closed","template":"","meta":[],"pwb-brand":[1275],"product_cat":[872],"product_tag":[22,24,249,342,719],"class_list":{"0":"post-15125","1":"product","2":"type-product","3":"status-publish","4":"has-post-thumbnail","6":"pwb-brand-bang","7":"product_cat-15k-20k-puffs","8":"product_tag-disposable","9":"product_tag-wholesale","10":"product_tag-bang","11":"product_tag-16-0ml","12":"product_tag-18000-puffs","13":"wcpa_has_options","15":"first","16":"instock","17":"shipping-taxable","18":"purchasable","19":"product-type-variable"},"aioseo_notices":[],"brands":[{"id":1275,"name":"Bang","slug":"coup"}],"_links":{"self":[{"href":"https:\/\/www.vape4wholesale.com\/fr\/wp-json\/wp\/v2\/product\/15125","targetHints":{"allow":["GET"]}}],"collection":[{"href":"https:\/\/www.vape4wholesale.com\/fr\/wp-json\/wp\/v2\/product"}],"about":[{"href":"https:\/\/www.vape4wholesale.com\/fr\/wp-json\/wp\/v2\/types\/product"}],"replies":[{"embeddable":true,"href":"https:\/\/www.vape4wholesale.com\/fr\/wp-json\/wp\/v2\/comments?post=15125"}],"wp:featuredmedia":[{"embeddable":true,"href":"https:\/\/www.vape4wholesale.com\/fr\/wp-json\/wp\/v2\/media\/15142"}],"wp:attachment":[{"href":"https:\/\/www.vape4wholesale.com\/fr\/wp-json\/wp\/v2\/media?parent=15125"}],"wp:term":[{"taxonomy":"pwb-brand","embeddable":true,"href":"https:\/\/www.vape4wholesale.com\/fr\/wp-json\/wp\/v2\/pwb-brand?post=15125"},{"taxonomy":"product_cat","embeddable":true,"href":"https:\/\/www.vape4wholesale.com\/fr\/wp-json\/wp\/v2\/product_cat?post=15125"},{"taxonomy":"product_tag","embeddable":true,"href":"https:\/\/www.vape4wholesale.com\/fr\/wp-json\/wp\/v2\/product_tag?post=15125"}],"curies":[{"name":"wp","href":"https:\/\/api.w.org\/{rel}","templated":true}]}}