{"id":15101,"date":"2024-02-27T22:21:07","date_gmt":"2024-02-27T14:21:07","guid":{"rendered":"https:\/\/www.vape4wholesale.com\/?post_type=product&#038;p=15101"},"modified":"2026-01-26T13:41:31","modified_gmt":"2026-01-26T13:41:31","slug":"bang-15000-puffs-jetable-vape-wholesale","status":"publish","type":"product","link":"https:\/\/www.vape4wholesale.com\/fr\/product\/bang-15000-puffs-disposable-vape-wholesale","title":{"rendered":"Bang 15000 Puffs Vape jetable Wholesale"},"content":{"rendered":"<p>La Bang 15000 Puffs Vape jetable est livr\u00e9e avec un joli \u00e9cran LED qui affiche la puissance restante. Elle contient 15ml d'eliquide, (nicotine 0\/20\/50mg) 500mAh batterie rechargeable, et aussi avec 1.0ohm mesh coil, Commandez en vrac notre large s\u00e9lection de Bang 15000 Puffs flavors pour notre meilleur prix de gros et une livraison rapide !<\/p>\n<h2><strong>Bang 15000 Puffs Vape jetable Quick Details<\/strong><\/h2>\n<ul>\n<li>Bouff\u00e9es : 15000<\/li>\n<li>Capacit\u00e9 de la batterie : 500mAh<\/li>\n<li>Volume de l'e-liquide : 15ml<\/li>\n<li>Teneur en nicotine : 0\/20\/50mg<\/li>\n<li>Emballage : 10 pi\u00e8ces dans 1 bo\u00eete de pr\u00e9sentation<\/li>\n<li>\u00c9cran d'affichage \u00e0 diodes \u00e9lectroluminescentes<\/li>\n<\/ul>\n<h2><strong>Saveurs disponibles<\/strong><\/h2>\n<ol>\n<li>Explosion de baies<\/li>\n<li>Myrtille Cerise Citron<\/li>\n<li>Cong\u00e9lation de myrtilles<\/li>\n<li>Menthe fra\u00eeche<\/li>\n<li>Gel de raisin<\/li>\n<li>P\u00eache Baies<\/li>\n<li>Gel de p\u00eache<\/li>\n<li>Pomme acide Myrtille<\/li>\n<li>Lychee \u00e0 la fraise<\/li>\n<li>Past\u00e8que \u00e0 la fraise<\/li>\n<li>Fruits tropicaux<\/li>\n<li>Glace \u00e0 la past\u00e8que<\/li>\n<\/ol>\n<h2><strong>Contenu de l'emballage<\/strong><\/h2>\n<ul>\n<li>10 pi\u00e8ces \/ bo\u00eete moyenne.<\/li>\n<li>200 pcs\/carton<\/li>\n<li>23kg\/ carton<\/li>\n<\/ul>\n<figure id=\"attachment_15103\" aria-describedby=\"caption-attachment-15103\" style=\"width: 800px\" class=\"wp-caption alignnone\"><img loading=\"lazy\" decoding=\"async\" class=\"wp-image-15103 size-full\" title=\"Bang 15000 Puffs Vape jetable Wholesale\" src=\"https:\/\/www.vape4wholesale.com\/wp-content\/uploads\/2024\/02\/Bang-15000-Disposable-Vape-Wholesale-1.jpg\" alt=\"Bang 15000 Puffs Vape jetable Wholesale\" width=\"800\" height=\"800\" srcset=\"https:\/\/www.vape4wholesale.com\/wp-content\/uploads\/2024\/02\/Bang-15000-Disposable-Vape-Wholesale-1.jpg 800w, https:\/\/www.vape4wholesale.com\/wp-content\/uploads\/2024\/02\/Bang-15000-Disposable-Vape-Wholesale-1-247x247.jpg 247w, https:\/\/www.vape4wholesale.com\/wp-content\/uploads\/2024\/02\/Bang-15000-Disposable-Vape-Wholesale-1-100x100.jpg 100w, https:\/\/www.vape4wholesale.com\/wp-content\/uploads\/2024\/02\/Bang-15000-Disposable-Vape-Wholesale-1-510x510.jpg 510w\" sizes=\"auto, (max-width: 800px) 100vw, 800px\" \/><figcaption id=\"caption-attachment-15103\" class=\"wp-caption-text\">Bang 15000 Puffs Vape jetable Wholesale<\/figcaption><\/figure>\n<h2>POURQUOI NOUS ?<\/h2>\r\n<ul>\r\n<li>Une source de vape r\u00e9elle, digne de confiance et professionnelle.<\/li>\r\n<li>100% Garantie d'authenticit\u00e9 : Nous ne fournissons que des produits originaux et authentiques, nous refusons la contrefa\u00e7on.<\/li>\r\n<li>100% Garantie de livraison : Nous utilisons les meilleurs moyens de transport pour assurer la livraison de votre commande 100%.<\/li>\r\n<li>Nous vous communiquerons le num\u00e9ro de suivi et l'\u00e9tiquette d'exp\u00e9dition apr\u00e8s l'envoi, et nous suivrons les marchandises pour vous jusqu'\u00e0 ce que vous les signiez.<\/li>\r\n<li>Pas de probl\u00e8mes douaniers, pas de droits de douane<\/li>\r\n<\/ul>","protected":false},"excerpt":{"rendered":"<div class=\"wsppc_div_block woocommerce_before_add_to_cart_form\">\r\n<p><strong><span style=\"color: #00a859;\">Passer la douane<\/span> avant livraison &amp; 100% Garantie de livraison, Livraison en 19~25 jours environ.\u00a0<\/strong><\/p>\r\n<\/div>","protected":false},"featured_media":15110,"comment_status":"open","ping_status":"closed","template":"","meta":[],"pwb-brand":[1275],"product_cat":[872],"product_tag":[249,684,22,24,233],"class_list":{"0":"post-15101","1":"product","2":"type-product","3":"status-publish","4":"has-post-thumbnail","6":"pwb-brand-bang","7":"product_cat-15k-20k-puffs","8":"product_tag-bang","9":"product_tag-15000-puffs","10":"product_tag-disposable","11":"product_tag-wholesale","12":"product_tag-15-0ml","13":"wcpa_has_options","15":"first","16":"instock","17":"shipping-taxable","18":"purchasable","19":"product-type-variable"},"aioseo_notices":[],"brands":[{"id":1275,"name":"Bang","slug":"coup"}],"_links":{"self":[{"href":"https:\/\/www.vape4wholesale.com\/fr\/wp-json\/wp\/v2\/product\/15101","targetHints":{"allow":["GET"]}}],"collection":[{"href":"https:\/\/www.vape4wholesale.com\/fr\/wp-json\/wp\/v2\/product"}],"about":[{"href":"https:\/\/www.vape4wholesale.com\/fr\/wp-json\/wp\/v2\/types\/product"}],"replies":[{"embeddable":true,"href":"https:\/\/www.vape4wholesale.com\/fr\/wp-json\/wp\/v2\/comments?post=15101"}],"wp:featuredmedia":[{"embeddable":true,"href":"https:\/\/www.vape4wholesale.com\/fr\/wp-json\/wp\/v2\/media\/15110"}],"wp:attachment":[{"href":"https:\/\/www.vape4wholesale.com\/fr\/wp-json\/wp\/v2\/media?parent=15101"}],"wp:term":[{"taxonomy":"pwb-brand","embeddable":true,"href":"https:\/\/www.vape4wholesale.com\/fr\/wp-json\/wp\/v2\/pwb-brand?post=15101"},{"taxonomy":"product_cat","embeddable":true,"href":"https:\/\/www.vape4wholesale.com\/fr\/wp-json\/wp\/v2\/product_cat?post=15101"},{"taxonomy":"product_tag","embeddable":true,"href":"https:\/\/www.vape4wholesale.com\/fr\/wp-json\/wp\/v2\/product_tag?post=15101"}],"curies":[{"name":"wp","href":"https:\/\/api.w.org\/{rel}","templated":true}]}}