{"id":15054,"date":"2024-01-25T20:11:59","date_gmt":"2024-01-25T12:11:59","guid":{"rendered":"https:\/\/www.vape4wholesale.com\/?post_type=product&#038;p=15054"},"modified":"2026-01-26T13:41:33","modified_gmt":"2026-01-26T13:41:33","slug":"oco-salt-nicotine-eliquid-wholesale","status":"publish","type":"product","link":"https:\/\/www.vape4wholesale.com\/fr\/product\/oco-salt-nicotine-eliquid-wholesale","title":{"rendered":"OCO Salt Nicotine Eliquid Wholesale"},"content":{"rendered":"<p>L'eliquide OCO Salt Nicotine Eliquid est produit par Lavie vape, ce sont des eliquides soigneusement formul\u00e9s avec des go\u00fbts agr\u00e9ables, ils sont livr\u00e9s avec 30ml par bouteille.<\/p>\n<p>30mg\/50mg de nicotine au choix, Commandez en vrac notre large s\u00e9lection d'ar\u00f4mes OCO Salt Nicotine Eliquid pour notre meilleur prix de gros et une livraison rapide !<\/p>\n<p>&nbsp;<\/p>\n<h2>Saveurs disponibles :<\/h2>\n<ol>\n<li>Glace \u00e0 la past\u00e8que<\/li>\n<li>Glace de raisin<\/li>\n<li>Glace \u00e0 la mangue<\/li>\n<li>Past\u00e8que \u00e0 la fraise<\/li>\n<li>Glace aux myrtilles<\/li>\n<li>Glace \u00e0 la p\u00eache<\/li>\n<li>Fraise Mangue<\/li>\n<li>Menthe<\/li>\n<li>Glace au cassis<\/li>\n<li>Glace au citron et au cola<\/li>\n<li>Th\u00e9 au jasmin<\/li>\n<li>Glace \u00e0 la goyave<\/li>\n<\/ol>\n<p>&nbsp;<\/p>\n<p><span style=\"font-size: 150%\"><strong>D\u00e9tails de l'emballage :<\/strong><\/span><\/p>\n<p class=\"mceTemp\">MESURES : 300x324x346mm<br \/>\n200pcs\/carton<br \/>\nGW:12KG<\/p>\n<figure id=\"attachment_15070\" aria-describedby=\"caption-attachment-15070\" style=\"width: 800px\" class=\"wp-caption alignnone\"><img loading=\"lazy\" decoding=\"async\" class=\"size-full wp-image-15070\" title=\"OCO Salt Nicotine Eliquid Wholesale (4)\" src=\"https:\/\/www.vape4wholesale.com\/wp-content\/uploads\/2024\/01\/OCO-Salt-Nicotine-Eliquid-Wholesale-4.jpg\" alt=\"OCO Salt Nicotine Eliquid Wholesale (4)\" width=\"800\" height=\"800\" srcset=\"https:\/\/www.vape4wholesale.com\/wp-content\/uploads\/2024\/01\/OCO-Salt-Nicotine-Eliquid-Wholesale-4.jpg 800w, https:\/\/www.vape4wholesale.com\/wp-content\/uploads\/2024\/01\/OCO-Salt-Nicotine-Eliquid-Wholesale-4-247x247.jpg 247w, https:\/\/www.vape4wholesale.com\/wp-content\/uploads\/2024\/01\/OCO-Salt-Nicotine-Eliquid-Wholesale-4-100x100.jpg 100w, https:\/\/www.vape4wholesale.com\/wp-content\/uploads\/2024\/01\/OCO-Salt-Nicotine-Eliquid-Wholesale-4-510x510.jpg 510w, https:\/\/www.vape4wholesale.com\/wp-content\/uploads\/2024\/01\/OCO-Salt-Nicotine-Eliquid-Wholesale-4-64x64.jpg 64w, https:\/\/www.vape4wholesale.com\/wp-content\/uploads\/2024\/01\/OCO-Salt-Nicotine-Eliquid-Wholesale-4-300x300.jpg 300w, https:\/\/www.vape4wholesale.com\/wp-content\/uploads\/2024\/01\/OCO-Salt-Nicotine-Eliquid-Wholesale-4-150x150.jpg 150w, https:\/\/www.vape4wholesale.com\/wp-content\/uploads\/2024\/01\/OCO-Salt-Nicotine-Eliquid-Wholesale-4-768x768.jpg 768w\" sizes=\"auto, (max-width: 800px) 100vw, 800px\" \/><figcaption id=\"caption-attachment-15070\" class=\"wp-caption-text\">OCO Salt Nicotine Eliquid Wholesale<\/figcaption><\/figure>","protected":false},"excerpt":{"rendered":"<p>Pour la vente en gros de grandes quantit\u00e9s ou les activit\u00e9s OEM, veuillez nous contacter !<\/p>","protected":false},"featured_media":15070,"comment_status":"open","ping_status":"closed","template":"","meta":[],"pwb-brand":[1289],"product_cat":[15],"product_tag":[708,709,710],"class_list":{"0":"post-15054","1":"product","2":"type-product","3":"status-publish","4":"has-post-thumbnail","6":"pwb-brand-others","7":"product_cat-others","8":"product_tag-oco-eliquid","9":"product_tag-salt-nicotine","10":"product_tag-eliquid","11":"wcpa_has_options","13":"first","14":"outofstock","15":"shipping-taxable","16":"purchasable","17":"product-type-variable"},"aioseo_notices":[],"brands":[{"id":1289,"name":"Autres","slug":"autres"}],"_links":{"self":[{"href":"https:\/\/www.vape4wholesale.com\/fr\/wp-json\/wp\/v2\/product\/15054","targetHints":{"allow":["GET"]}}],"collection":[{"href":"https:\/\/www.vape4wholesale.com\/fr\/wp-json\/wp\/v2\/product"}],"about":[{"href":"https:\/\/www.vape4wholesale.com\/fr\/wp-json\/wp\/v2\/types\/product"}],"replies":[{"embeddable":true,"href":"https:\/\/www.vape4wholesale.com\/fr\/wp-json\/wp\/v2\/comments?post=15054"}],"wp:featuredmedia":[{"embeddable":true,"href":"https:\/\/www.vape4wholesale.com\/fr\/wp-json\/wp\/v2\/media\/15070"}],"wp:attachment":[{"href":"https:\/\/www.vape4wholesale.com\/fr\/wp-json\/wp\/v2\/media?parent=15054"}],"wp:term":[{"taxonomy":"pwb-brand","embeddable":true,"href":"https:\/\/www.vape4wholesale.com\/fr\/wp-json\/wp\/v2\/pwb-brand?post=15054"},{"taxonomy":"product_cat","embeddable":true,"href":"https:\/\/www.vape4wholesale.com\/fr\/wp-json\/wp\/v2\/product_cat?post=15054"},{"taxonomy":"product_tag","embeddable":true,"href":"https:\/\/www.vape4wholesale.com\/fr\/wp-json\/wp\/v2\/product_tag?post=15054"}],"curies":[{"name":"wp","href":"https:\/\/api.w.org\/{rel}","templated":true}]}}