{"id":14917,"date":"2024-01-07T10:10:12","date_gmt":"2024-01-07T02:10:12","guid":{"rendered":"https:\/\/www.vape4wholesale.com\/?post_type=product&#038;p=14917"},"modified":"2026-01-26T13:41:38","modified_gmt":"2026-01-26T13:41:38","slug":"vapme-fire-9000-puffs-jetable-vape-wholesale","status":"publish","type":"product","link":"https:\/\/www.vape4wholesale.com\/fr\/product\/vapme-fire-9000-puffs-disposable-vape-wholesale","title":{"rendered":"Vapme Fire 9000 Puffs Disposable Vape Wholesale"},"content":{"rendered":"<p>Le Vapme Fire 9000 est aliment\u00e9 par une batterie rechargeable int\u00e9gr\u00e9e de 850mAh et contient 18ml d'eliquide pr\u00e9-rempli, il est livr\u00e9 avec un coil mesh de 0.8\u03a9 qui supporte jusqu'\u00e0 9000 bouff\u00e9es.<\/p>\n<p>Commandez en vrac notre large s\u00e9lection d'ar\u00f4mes Vapme Fire 9000 Puffs \u00e0 notre meilleur prix de gros et livraison rapide !<\/p>\n<h2><strong>Vapeme Fire 9000 D\u00e9tails rapides :<\/strong><\/h2>\n<ul>\n<li>Syst\u00e8me de contr\u00f4le du d\u00e9bit d'air<\/li>\n<li>Capacit\u00e9 du liquide : 18ml<\/li>\n<li>Batterie 850mah<\/li>\n<li>Lumi\u00e8re RVB inf\u00e9rieure<\/li>\n<li>Type-C rechargeable<\/li>\n<li>Tir activ\u00e9 par le tirage<\/li>\n<li>Teneur en nicotine : 0% 2% 3% 5%<\/li>\n<\/ul>\n<h2><strong>Saveurs disponibles :<\/strong><\/h2>\n<ol>\n<li>Myrtille sur glace<\/li>\n<li>Kiwi fruit de la passion goyave<\/li>\n<li>Limonade Blue Razz<\/li>\n<li>Fraise kiwi<\/li>\n<li>Glace \u00e9nerg\u00e9tique rouge<\/li>\n<li>Baies m\u00e9lang\u00e9es<\/li>\n<li>Banane fraise<\/li>\n<li>Fraise-melon d'eau<\/li>\n<li>Glace de raisin<\/li>\n<li>P\u00eache mangue<\/li>\n<li>Glace luxuriante<\/li>\n<li>Fraise framboise cerise<\/li>\n<li>P\u00eache mangue ananas<\/li>\n<li>Glace \u00e0 la fraise<\/li>\n<li>Glace \u00e0 la cerise<\/li>\n<li>Le fruit du big bang<\/li>\n<li>Monsieur bleu<\/li>\n<li>Limonade cerise-p\u00eache<\/li>\n<\/ol>\n<h2><strong>Contenu de l'emballage :<\/strong><\/h2>\n<ul>\n<li>10 pi\u00e8ces \/ bo\u00eete moyenne.<\/li>\n<li>200 pcs\/carton<\/li>\n<li>22.5kg\/ carton<\/li>\n<li>Taille du carton : 42.5*42.5*31.2cm<\/li>\n<\/ul>\n<figure id=\"attachment_14918\" aria-describedby=\"caption-attachment-14918\" style=\"width: 800px\" class=\"wp-caption alignnone\"><img loading=\"lazy\" decoding=\"async\" class=\"wp-image-14918 size-full\" title=\"Vapme Fire 9000 Puffs Disposable Vape Wholesale\" src=\"https:\/\/www.vape4wholesale.com\/wp-content\/uploads\/2024\/01\/Vapme-Fire-9000-Puffs-Disposable-Vape-Wholesale.jpg\" alt=\"Vapme Fire 9000 Puffs Disposable Vape Wholesale\" width=\"800\" height=\"533\" srcset=\"https:\/\/www.vape4wholesale.com\/wp-content\/uploads\/2024\/01\/Vapme-Fire-9000-Puffs-Disposable-Vape-Wholesale.jpg 800w, https:\/\/www.vape4wholesale.com\/wp-content\/uploads\/2024\/01\/Vapme-Fire-9000-Puffs-Disposable-Vape-Wholesale-510x340.jpg 510w, https:\/\/www.vape4wholesale.com\/wp-content\/uploads\/2024\/01\/Vapme-Fire-9000-Puffs-Disposable-Vape-Wholesale-64x43.jpg 64w, https:\/\/www.vape4wholesale.com\/wp-content\/uploads\/2024\/01\/Vapme-Fire-9000-Puffs-Disposable-Vape-Wholesale-300x200.jpg 300w, https:\/\/www.vape4wholesale.com\/wp-content\/uploads\/2024\/01\/Vapme-Fire-9000-Puffs-Disposable-Vape-Wholesale-768x512.jpg 768w\" sizes=\"auto, (max-width: 800px) 100vw, 800px\" \/><figcaption id=\"caption-attachment-14918\" class=\"wp-caption-text\">Vapme Fire 9000 Puffs Disposable Vape Wholesale<\/figcaption><\/figure>\n<h2>POURQUOI NOUS ?<\/h2>\r\n<ul>\r\n<li>Une source de vape r\u00e9elle, digne de confiance et professionnelle.<\/li>\r\n<li>100% Garantie d'authenticit\u00e9 : Nous ne fournissons que des produits originaux et authentiques, nous refusons la contrefa\u00e7on.<\/li>\r\n<li>100% Garantie de livraison : Nous utilisons les meilleurs moyens de transport pour assurer la livraison de votre commande 100%.<\/li>\r\n<li>Nous vous communiquerons le num\u00e9ro de suivi et l'\u00e9tiquette d'exp\u00e9dition apr\u00e8s l'envoi, et nous suivrons les marchandises pour vous jusqu'\u00e0 ce que vous les signiez.<\/li>\r\n<li>Pas de probl\u00e8mes douaniers, pas de droits de douane<\/li>\r\n<\/ul>","protected":false},"excerpt":{"rendered":"<div class=\"wsppc_div_block woocommerce_before_add_to_cart_form\">\r\n<p><strong><span style=\"color: #00a859;\">Clear customs<\/span> before delivery &amp; 100% Delivery Guarantee, Delivery in 19~25 days around.\u00a0<\/strong><\/p>\r\n<\/div>","protected":false},"featured_media":14924,"comment_status":"open","ping_status":"closed","template":"","meta":[],"pwb-brand":[1290],"product_cat":[870],"product_tag":[22,24,233,336,696],"class_list":{"0":"post-14917","1":"product","2":"type-product","3":"status-publish","4":"has-post-thumbnail","6":"pwb-brand-vapme","7":"product_cat-8000-10000-puffs","8":"product_tag-disposable","9":"product_tag-wholesale","10":"product_tag-15-0ml","11":"product_tag-9000-puffs","12":"product_tag-vapme","13":"wcpa_has_options","15":"first","16":"outofstock","17":"shipping-taxable","18":"purchasable","19":"product-type-variable"},"aioseo_notices":[],"brands":[{"id":1290,"name":"Vapme","slug":"vapme"}],"_links":{"self":[{"href":"https:\/\/www.vape4wholesale.com\/fr\/wp-json\/wp\/v2\/product\/14917","targetHints":{"allow":["GET"]}}],"collection":[{"href":"https:\/\/www.vape4wholesale.com\/fr\/wp-json\/wp\/v2\/product"}],"about":[{"href":"https:\/\/www.vape4wholesale.com\/fr\/wp-json\/wp\/v2\/types\/product"}],"replies":[{"embeddable":true,"href":"https:\/\/www.vape4wholesale.com\/fr\/wp-json\/wp\/v2\/comments?post=14917"}],"wp:featuredmedia":[{"embeddable":true,"href":"https:\/\/www.vape4wholesale.com\/fr\/wp-json\/wp\/v2\/media\/14924"}],"wp:attachment":[{"href":"https:\/\/www.vape4wholesale.com\/fr\/wp-json\/wp\/v2\/media?parent=14917"}],"wp:term":[{"taxonomy":"pwb-brand","embeddable":true,"href":"https:\/\/www.vape4wholesale.com\/fr\/wp-json\/wp\/v2\/pwb-brand?post=14917"},{"taxonomy":"product_cat","embeddable":true,"href":"https:\/\/www.vape4wholesale.com\/fr\/wp-json\/wp\/v2\/product_cat?post=14917"},{"taxonomy":"product_tag","embeddable":true,"href":"https:\/\/www.vape4wholesale.com\/fr\/wp-json\/wp\/v2\/product_tag?post=14917"}],"curies":[{"name":"wp","href":"https:\/\/api.w.org\/{rel}","templated":true}]}}