{"id":14819,"date":"2023-12-29T10:12:43","date_gmt":"2023-12-29T02:12:43","guid":{"rendered":"https:\/\/www.vape4wholesale.com\/?post_type=product&#038;p=14819"},"modified":"2026-01-26T13:41:47","modified_gmt":"2026-01-26T13:41:47","slug":"bang-tn12000-jetable-vape-wholesale","status":"publish","type":"product","link":"https:\/\/www.vape4wholesale.com\/fr\/product\/bang-tn12000-disposable-vape-wholesale","title":{"rendered":"Bang TN12000 Vape jetable Vente en gros"},"content":{"rendered":"<p>Le Bang TN12000 est une vape jetable au design unique, il ressemble \u00e0 une bouteille d'eau de sport munie d'un crochet et se d\u00e9cline en 10 saveurs fabuleuses ! Avec une batterie rechargeable de 600mah et 25ml d'eliquide, il supporte jusqu'\u00e0 12000 bouff\u00e9es.<\/p>\n<h2>Bang TE12000 Vape Sp\u00e9cifications :<\/h2>\n<p>Bouff\u00e9es : Jusqu'\u00e0 12 000<br \/>\nCapacit\u00e9 : 25 ml<br \/>\nNicotine : 0% \/2% \/3% \/ 5%<br \/>\nBatterie : batterie rechargeable de 600 mAh<br \/>\nPoids : 100g\/PCS<br \/>\nQ'ty\/carton : 200 pi\u00e8ces\/bo\u00eete<br \/>\nPoids brut : 20 KG\/bo\u00eete<\/p>\n<h2>Saveurs :<\/h2>\n<p>Glace \u00e0 la myrtille et \u00e0 la framboise<br \/>\nFraise Mangue<br \/>\nFraise et banane<br \/>\nGlace \u00e0 la past\u00e8que<br \/>\nM. Bleu<br \/>\nGlace de raisin<br \/>\nMenthe fra\u00eeche<br \/>\nM\u00e9lange de fruits<br \/>\nLychee \u00e0 la fraise<br \/>\nGlace \u00e0 la fraise<br \/>\nGlace \u00e0 la p\u00eache<br \/>\nPast\u00e8que Fraise<\/p>\n<p><img loading=\"lazy\" decoding=\"async\" class=\"alignnone size-full wp-image-14840\" title=\"Bang TN12000 Vape jetable\" src=\"https:\/\/www.vape4wholesale.com\/wp-content\/uploads\/2023\/12\/Bang-TN12000-Disposable-Vape.jpg\" alt=\"Bang TN12000 Vape jetable\" width=\"800\" height=\"574\" srcset=\"https:\/\/www.vape4wholesale.com\/wp-content\/uploads\/2023\/12\/Bang-TN12000-Disposable-Vape.jpg 800w, https:\/\/www.vape4wholesale.com\/wp-content\/uploads\/2023\/12\/Bang-TN12000-Disposable-Vape-510x366.jpg 510w, https:\/\/www.vape4wholesale.com\/wp-content\/uploads\/2023\/12\/Bang-TN12000-Disposable-Vape-64x46.jpg 64w, https:\/\/www.vape4wholesale.com\/wp-content\/uploads\/2023\/12\/Bang-TN12000-Disposable-Vape-300x215.jpg 300w, https:\/\/www.vape4wholesale.com\/wp-content\/uploads\/2023\/12\/Bang-TN12000-Disposable-Vape-768x551.jpg 768w\" sizes=\"auto, (max-width: 800px) 100vw, 800px\" \/><\/p>\n<h2>POURQUOI NOUS ?<\/h2>\r\n<ul>\r\n<li>Une source de vape r\u00e9elle, digne de confiance et professionnelle.<\/li>\r\n<li>100% Garantie d'authenticit\u00e9 : Nous ne fournissons que des produits originaux et authentiques, nous refusons la contrefa\u00e7on.<\/li>\r\n<li>100% Garantie de livraison : Nous utilisons les meilleurs moyens de transport pour assurer la livraison de votre commande 100%.<\/li>\r\n<li>Nous vous communiquerons le num\u00e9ro de suivi et l'\u00e9tiquette d'exp\u00e9dition apr\u00e8s l'envoi, et nous suivrons les marchandises pour vous jusqu'\u00e0 ce que vous les signiez.<\/li>\r\n<li>Pas de probl\u00e8mes douaniers, pas de droits de douane<\/li>\r\n<\/ul>\n<p>&nbsp;<\/p>","protected":false},"excerpt":{"rendered":"<div class=\"wsppc_div_block woocommerce_before_add_to_cart_form\">\r\n<p><strong><span style=\"color: #00a859;\">Passer la douane<\/span> avant livraison &amp; 100% Garantie de livraison, Livraison en 19~25 jours environ.\u00a0<\/strong><\/p>\r\n<\/div>","protected":false},"featured_media":14838,"comment_status":"open","ping_status":"closed","template":"","meta":[],"pwb-brand":[1275],"product_cat":[871],"product_tag":[22,24,249,556,692],"class_list":{"0":"post-14819","1":"product","2":"type-product","3":"status-publish","4":"has-post-thumbnail","6":"pwb-brand-bang","7":"product_cat-10-15k-puffs","8":"product_tag-disposable","9":"product_tag-wholesale","10":"product_tag-bang","11":"product_tag-12000-puffs","12":"product_tag-25-0ml","13":"wcpa_has_options","15":"first","16":"outofstock","17":"shipping-taxable","18":"purchasable","19":"product-type-variable"},"aioseo_notices":[],"brands":[{"id":1275,"name":"Bang","slug":"coup"}],"_links":{"self":[{"href":"https:\/\/www.vape4wholesale.com\/fr\/wp-json\/wp\/v2\/product\/14819","targetHints":{"allow":["GET"]}}],"collection":[{"href":"https:\/\/www.vape4wholesale.com\/fr\/wp-json\/wp\/v2\/product"}],"about":[{"href":"https:\/\/www.vape4wholesale.com\/fr\/wp-json\/wp\/v2\/types\/product"}],"replies":[{"embeddable":true,"href":"https:\/\/www.vape4wholesale.com\/fr\/wp-json\/wp\/v2\/comments?post=14819"}],"wp:featuredmedia":[{"embeddable":true,"href":"https:\/\/www.vape4wholesale.com\/fr\/wp-json\/wp\/v2\/media\/14838"}],"wp:attachment":[{"href":"https:\/\/www.vape4wholesale.com\/fr\/wp-json\/wp\/v2\/media?parent=14819"}],"wp:term":[{"taxonomy":"pwb-brand","embeddable":true,"href":"https:\/\/www.vape4wholesale.com\/fr\/wp-json\/wp\/v2\/pwb-brand?post=14819"},{"taxonomy":"product_cat","embeddable":true,"href":"https:\/\/www.vape4wholesale.com\/fr\/wp-json\/wp\/v2\/product_cat?post=14819"},{"taxonomy":"product_tag","embeddable":true,"href":"https:\/\/www.vape4wholesale.com\/fr\/wp-json\/wp\/v2\/product_tag?post=14819"}],"curies":[{"name":"wp","href":"https:\/\/api.w.org\/{rel}","templated":true}]}}