{"id":14782,"date":"2024-08-17T19:03:20","date_gmt":"2024-08-17T11:03:20","guid":{"rendered":"https:\/\/www.vape4wholesale.com\/?post_type=product&#038;p=14782"},"modified":"2026-01-26T13:40:14","modified_gmt":"2026-01-26T13:40:14","slug":"elf-bar-te6000-wholesale-special-offer","status":"publish","type":"product","link":"https:\/\/www.vape4wholesale.com\/fr\/product\/elf-bar-te6000-wholesale-special-offer","title":{"rendered":"Elf Bar TE6000 Offre sp\u00e9ciale de gros"},"content":{"rendered":"<p>Elf Bar TE6000 en stock, Offre sp\u00e9ciale.<\/p>\n<p>Pour en savoir plus sur la description du produit Elf Bar, veuillez cliquer ici <a href=\"https:\/\/www.vape4wholesale.com\/fr\/produit\/elf-bar-te6000-jetable-vape-wholesale\/\" target=\"_blank\" rel=\"noopener\">cliquer<\/a> ici.<\/p>\n<p>100% produits Elf Bar originaux, avec QR Code \u00e9tiquet\u00e9 sur chaque bo\u00eete de produit.<\/p>\n<p>&nbsp;<\/p>\n<p><img loading=\"lazy\" decoding=\"async\" class=\"alignnone size-full wp-image-14805\" title=\"TE6000 EN STOCK\" src=\"https:\/\/www.vape4wholesale.com\/wp-content\/uploads\/2023\/12\/TE6000-IN-STOCK.jpg\" alt=\"TE6000 EN STOCK\" width=\"1280\" height=\"1219\" srcset=\"https:\/\/www.vape4wholesale.com\/wp-content\/uploads\/2023\/12\/TE6000-IN-STOCK.jpg 1280w, https:\/\/www.vape4wholesale.com\/wp-content\/uploads\/2023\/12\/TE6000-IN-STOCK-510x486.jpg 510w, https:\/\/www.vape4wholesale.com\/wp-content\/uploads\/2023\/12\/TE6000-IN-STOCK-64x61.jpg 64w, https:\/\/www.vape4wholesale.com\/wp-content\/uploads\/2023\/12\/TE6000-IN-STOCK-300x286.jpg 300w, https:\/\/www.vape4wholesale.com\/wp-content\/uploads\/2023\/12\/TE6000-IN-STOCK-1024x975.jpg 1024w, https:\/\/www.vape4wholesale.com\/wp-content\/uploads\/2023\/12\/TE6000-IN-STOCK-768x731.jpg 768w\" sizes=\"auto, (max-width: 1280px) 100vw, 1280px\" \/><\/p>\n<h2>Saveurs disponibles :<\/h2>\n<table style=\"border-collapse: collapse; width: 154.53pt;\" border=\"0\" width=\"206\" cellspacing=\"0\" cellpadding=\"0\">\n<tbody>\n<tr style=\"height: 27.00pt;\">\n<td class=\"et2\" style=\"height: 27.00pt; width: 154.50pt;\" width=\"206\" height=\"36\">Saveurs<\/td>\n<\/tr>\n<tr style=\"height: 15.75pt;\">\n<td class=\"et3\" style=\"height: 15.75pt;\" height=\"21\">Key West<\/td>\n<\/tr>\n<tr style=\"height: 15.75pt;\">\n<td class=\"et3\" style=\"height: 15.75pt;\" height=\"21\">Monnaie de glace<\/td>\n<\/tr>\n<tr style=\"height: 15.75pt;\">\n<td class=\"et3\" style=\"height: 15.75pt;\" height=\"21\">Clair<\/td>\n<\/tr>\n<tr style=\"height: 15.75pt;\">\n<td class=\"et3\" style=\"height: 15.75pt;\" height=\"21\">Automne<\/td>\n<\/tr>\n<tr style=\"height: 15.75pt;\">\n<td class=\"et3\" style=\"height: 15.75pt;\" height=\"21\">Ananas Mangue Orange<\/td>\n<\/tr>\n<tr style=\"height: 15.75pt;\">\n<td class=\"et3\" style=\"height: 15.75pt;\" height=\"21\">Kiwi Fruit de la passion Goyave<\/td>\n<\/tr>\n<tr style=\"height: 15.75pt;\">\n<td class=\"et3\" style=\"height: 15.75pt;\" height=\"21\">Taureau Elfe<\/td>\n<\/tr>\n<tr style=\"height: 15.75pt;\">\n<td class=\"et3\" style=\"height: 15.75pt;\" height=\"21\">Barbe \u00e0 papa<\/td>\n<\/tr>\n<\/tbody>\n<\/table>\n<p>&nbsp;<\/p>","protected":false},"excerpt":{"rendered":"<p><span style=\"color: #008000;\"><strong>En stock, pr\u00eat \u00e0 \u00eatre exp\u00e9di\u00e9<\/strong><\/span><\/p>\n<p>Offre sp\u00e9ciale, Meilleur prix<\/p>\n<table style=\"border-collapse: collapse; width: 318.77pt;\" border=\"0\" width=\"425\" cellspacing=\"0\" cellpadding=\"0\">\n<tbody>\n<tr style=\"height: 27.00pt;\">\n<td class=\"et2\" style=\"height: 27.00pt; width: 164.25pt;\" width=\"219\" height=\"36\">Date d'expiration<\/td>\n<td class=\"et2\" style=\"width: 154.50pt;\" width=\"206\">Saveurs<\/td>\n<\/tr>\n<tr style=\"height: 15.75pt;\">\n<td class=\"et3\" style=\"height: 15.75pt;\" height=\"21\">05-Mai-25<\/td>\n<td class=\"et4\">Key West<\/td>\n<\/tr>\n<tr style=\"height: 15.75pt;\">\n<td class=\"et3\" style=\"height: 15.75pt;\" height=\"21\">05-Mai-25<\/td>\n<td class=\"et4\">Monnaie de glace<\/td>\n<\/tr>\n<tr style=\"height: 15.75pt;\">\n<td class=\"et3\" style=\"height: 15.75pt;\" height=\"21\">05-Mai-25<\/td>\n<td class=\"et4\">Clair<\/td>\n<\/tr>\n<tr style=\"height: 15.75pt;\">\n<td class=\"et3\" style=\"height: 15.75pt;\" height=\"21\">05-Mai-25<\/td>\n<td class=\"et4\">Automne<\/td>\n<\/tr>\n<tr style=\"height: 15.75pt;\">\n<td class=\"et3\" style=\"height: 15.75pt;\" height=\"21\">08-Nov-24<\/td>\n<td class=\"et4\">Ananas Mangue Orange<\/td>\n<\/tr>\n<tr style=\"height: 15.75pt;\">\n<td class=\"et3\" style=\"height: 15.75pt;\" height=\"21\">08-Nov-24<\/td>\n<td class=\"et4\">Kiwi Fruit de la passion Goyave<\/td>\n<\/tr>\n<tr style=\"height: 15.75pt;\">\n<td class=\"et3\" style=\"height: 15.75pt;\" height=\"21\">08-Nov-24<\/td>\n<td class=\"et4\">Taureau Elfe<\/td>\n<\/tr>\n<tr style=\"height: 15.75pt;\">\n<td class=\"et3\" style=\"height: 15.75pt;\" height=\"21\">08-Nov-24<\/td>\n<td class=\"et4\">Barbe \u00e0 papa<\/td>\n<\/tr>\n<\/tbody>\n<\/table>","protected":false},"featured_media":11702,"comment_status":"open","ping_status":"closed","template":"","meta":[],"pwb-brand":[1278],"product_cat":[869],"product_tag":[173,690],"class_list":{"0":"post-14782","1":"product","2":"type-product","3":"status-publish","4":"has-post-thumbnail","6":"pwb-brand-elf-bar","7":"product_cat-5000-8000-puffs","8":"product_tag-6000-puffs","9":"product_tag-elfbar","11":"first","12":"outofstock","13":"sale","14":"shipping-taxable","15":"purchasable","16":"product-type-variable"},"aioseo_notices":[],"brands":[{"id":1278,"name":"Bar \u00e0 elfes","slug":"bar-des-elfes"}],"_links":{"self":[{"href":"https:\/\/www.vape4wholesale.com\/fr\/wp-json\/wp\/v2\/product\/14782","targetHints":{"allow":["GET"]}}],"collection":[{"href":"https:\/\/www.vape4wholesale.com\/fr\/wp-json\/wp\/v2\/product"}],"about":[{"href":"https:\/\/www.vape4wholesale.com\/fr\/wp-json\/wp\/v2\/types\/product"}],"replies":[{"embeddable":true,"href":"https:\/\/www.vape4wholesale.com\/fr\/wp-json\/wp\/v2\/comments?post=14782"}],"wp:featuredmedia":[{"embeddable":true,"href":"https:\/\/www.vape4wholesale.com\/fr\/wp-json\/wp\/v2\/media\/11702"}],"wp:attachment":[{"href":"https:\/\/www.vape4wholesale.com\/fr\/wp-json\/wp\/v2\/media?parent=14782"}],"wp:term":[{"taxonomy":"pwb-brand","embeddable":true,"href":"https:\/\/www.vape4wholesale.com\/fr\/wp-json\/wp\/v2\/pwb-brand?post=14782"},{"taxonomy":"product_cat","embeddable":true,"href":"https:\/\/www.vape4wholesale.com\/fr\/wp-json\/wp\/v2\/product_cat?post=14782"},{"taxonomy":"product_tag","embeddable":true,"href":"https:\/\/www.vape4wholesale.com\/fr\/wp-json\/wp\/v2\/product_tag?post=14782"}],"curies":[{"name":"wp","href":"https:\/\/api.w.org\/{rel}","templated":true}]}}