{"id":14732,"date":"2023-12-11T07:05:30","date_gmt":"2023-12-10T23:05:30","guid":{"rendered":"https:\/\/www.vape4wholesale.com\/?post_type=product&#038;p=14732"},"modified":"2026-01-26T13:41:49","modified_gmt":"2026-01-26T13:41:49","slug":"kamry-box-15000-puffs-jetable-vape-wholesale","status":"publish","type":"product","link":"https:\/\/www.vape4wholesale.com\/fr\/product\/kamry-box-15000-puffs-disposable-vape-wholesale","title":{"rendered":"Kamry Box 15000 bouff\u00e9es jetables Vape Wholesale"},"content":{"rendered":"<p>La Kamry Box 15000 est une vape jetable bien con\u00e7ue, elle est \u00e9quip\u00e9e d'une batterie rechargeable de 600mah, d'un eliquide nicotin\u00e9 de 30ml 2% \u00e0 l'int\u00e9rieur et d'un mesh coil qui supporte jusqu'\u00e0 15000 bouff\u00e9es.<\/p>\n<h2><strong>Kamry Box 15000 D\u00e9tails rapides :<\/strong><\/h2>\n<table border=\"0\" width=\"493\" cellspacing=\"0\" cellpadding=\"0\">\n<tbody>\n<tr>\n<td class=\"et2\" width=\"265\" height=\"19\">Mod\u00e8le<\/td>\n<td class=\"et2\" width=\"228\">Kamry Box 15000<\/td>\n<\/tr>\n<tr>\n<td class=\"et2\" height=\"19\">Puffs<\/td>\n<td class=\"et2\">Jusqu'\u00e0 15 000<\/td>\n<\/tr>\n<tr>\n<td class=\"et2\" height=\"19\">R\u00e9sistance<\/td>\n<td class=\"et2\">Bobine en maille 1.0\u03a9<\/td>\n<\/tr>\n<tr>\n<td class=\"et2\" height=\"19\">Nicotine<\/td>\n<td class=\"et2\">2% (OEM pour 3% et 5%)<\/td>\n<\/tr>\n<tr>\n<td class=\"et2\" height=\"19\">Mat\u00e9riau<\/td>\n<td class=\"et2\">PCTG +ABS+PC<\/td>\n<\/tr>\n<tr>\n<td class=\"et2\" height=\"19\">Batterie<\/td>\n<td class=\"et2\">600mAh rechargeable<\/td>\n<\/tr>\n<tr>\n<td class=\"et2\" height=\"19\">Taille du corps<\/td>\n<td class=\"et2\">50,3*25*85,5mm<\/td>\n<\/tr>\n<tr>\n<td class=\"et2\" height=\"19\">Poids corporel<\/td>\n<td class=\"et2\">95g<\/td>\n<\/tr>\n<\/tbody>\n<\/table>\n<p>&nbsp;<\/p>\n<h2><strong>Liste des saveurs :<\/strong><\/h2>\n<ol>\n<li>\n<div>Glace \u00e0 la past\u00e8que<\/div>\n<\/li>\n<li>\n<div>Raisin<\/div>\n<\/li>\n<li>\n<div>Menthe fra\u00eeche<\/div>\n<\/li>\n<li>\n<div>Boisson \u00e9nerg\u00e9tique<\/div>\n<\/li>\n<li>\n<div>P\u00eache<\/div>\n<\/li>\n<li>\n<div>Glace aux myrtilles<\/div>\n<\/li>\n<li>\n<div>Past\u00e8que \u00e0 la fraise<\/div>\n<\/li>\n<li>\n<div>Glace \u00e0 l'ananas<\/div>\n<\/li>\n<li>\n<div>Fraise Mangue<\/div>\n<\/li>\n<li>\n<div>Banane<\/div>\n<\/li>\n<\/ol>\n<h2>Emballage et poids<\/h2>\n<ul>\n<li>1\/ Petite bo\u00eete, 10\/ Bo\u00eete moyenne<\/li>\n<li>200\/ Carton, 22kg<\/li>\n<\/ul>\n<figure id=\"attachment_15454\" aria-describedby=\"caption-attachment-15454\" style=\"width: 1600px\" class=\"wp-caption aligncenter\"><img loading=\"lazy\" decoding=\"async\" class=\"wp-image-15454 size-full\" title=\"Kamry Box 15000 bouff\u00e9es jetables Vape Wholesale\" src=\"https:\/\/www.vape4wholesale.com\/wp-content\/uploads\/2023\/12\/Kamry-Box-15000-Puffs-Disposable-Vape-Wholesale.jpg\" alt=\"Kamry Box 15000 bouff\u00e9es jetables Vape Wholesale\" width=\"1600\" height=\"900\" srcset=\"https:\/\/www.vape4wholesale.com\/wp-content\/uploads\/2023\/12\/Kamry-Box-15000-Puffs-Disposable-Vape-Wholesale.jpg 1600w, https:\/\/www.vape4wholesale.com\/wp-content\/uploads\/2023\/12\/Kamry-Box-15000-Puffs-Disposable-Vape-Wholesale-510x287.jpg 510w, https:\/\/www.vape4wholesale.com\/wp-content\/uploads\/2023\/12\/Kamry-Box-15000-Puffs-Disposable-Vape-Wholesale-64x36.jpg 64w, https:\/\/www.vape4wholesale.com\/wp-content\/uploads\/2023\/12\/Kamry-Box-15000-Puffs-Disposable-Vape-Wholesale-300x169.jpg 300w, https:\/\/www.vape4wholesale.com\/wp-content\/uploads\/2023\/12\/Kamry-Box-15000-Puffs-Disposable-Vape-Wholesale-1024x576.jpg 1024w, https:\/\/www.vape4wholesale.com\/wp-content\/uploads\/2023\/12\/Kamry-Box-15000-Puffs-Disposable-Vape-Wholesale-768x432.jpg 768w, https:\/\/www.vape4wholesale.com\/wp-content\/uploads\/2023\/12\/Kamry-Box-15000-Puffs-Disposable-Vape-Wholesale-1536x864.jpg 1536w\" sizes=\"auto, (max-width: 1600px) 100vw, 1600px\" \/><figcaption id=\"caption-attachment-15454\" class=\"wp-caption-text\">Kamry Box 15000 bouff\u00e9es jetables Vape Wholesale<\/figcaption><\/figure>\n<p><img loading=\"lazy\" decoding=\"async\" class=\"size-full wp-image-14733 aligncenter\" title=\"Kamry Box 15000 Puffs aper\u00e7u 2\" src=\"https:\/\/www.vape4wholesale.com\/wp-content\/uploads\/2023\/12\/Kamry-Box-15000-Puffs-overview_2.jpg\" alt=\"Kamry Box 15000 Puffs aper\u00e7u 2\" width=\"800\" height=\"1422\" srcset=\"https:\/\/www.vape4wholesale.com\/wp-content\/uploads\/2023\/12\/Kamry-Box-15000-Puffs-overview_2.jpg 800w, https:\/\/www.vape4wholesale.com\/wp-content\/uploads\/2023\/12\/Kamry-Box-15000-Puffs-overview_2-510x907.jpg 510w, https:\/\/www.vape4wholesale.com\/wp-content\/uploads\/2023\/12\/Kamry-Box-15000-Puffs-overview_2-64x114.jpg 64w, https:\/\/www.vape4wholesale.com\/wp-content\/uploads\/2023\/12\/Kamry-Box-15000-Puffs-overview_2-169x300.jpg 169w, https:\/\/www.vape4wholesale.com\/wp-content\/uploads\/2023\/12\/Kamry-Box-15000-Puffs-overview_2-576x1024.jpg 576w, https:\/\/www.vape4wholesale.com\/wp-content\/uploads\/2023\/12\/Kamry-Box-15000-Puffs-overview_2-768x1365.jpg 768w\" sizes=\"auto, (max-width: 800px) 100vw, 800px\" \/><\/p>\n<h2>POURQUOI NOUS ?<\/h2>\r\n<ul>\r\n<li>Une source de vape r\u00e9elle, digne de confiance et professionnelle.<\/li>\r\n<li>100% Garantie d'authenticit\u00e9 : Nous ne fournissons que des produits originaux et authentiques, nous refusons la contrefa\u00e7on.<\/li>\r\n<li>100% Garantie de livraison : Nous utilisons les meilleurs moyens de transport pour assurer la livraison de votre commande 100%.<\/li>\r\n<li>Nous vous communiquerons le num\u00e9ro de suivi et l'\u00e9tiquette d'exp\u00e9dition apr\u00e8s l'envoi, et nous suivrons les marchandises pour vous jusqu'\u00e0 ce que vous les signiez.<\/li>\r\n<li>Pas de probl\u00e8mes douaniers, pas de droits de douane<\/li>\r\n<\/ul>","protected":false},"excerpt":{"rendered":"<div class=\"wsppc_div_block woocommerce_before_add_to_cart_form\">\r\n<p><strong><span style=\"color: #00a859;\">Passer la douane<\/span> avant livraison &amp; 100% Garantie de livraison, Livraison en 19~25 jours environ.\u00a0<\/strong><\/p>\r\n<\/div>","protected":false},"featured_media":14747,"comment_status":"open","ping_status":"closed","template":"","meta":[],"pwb-brand":[1281],"product_cat":[872],"product_tag":[22,24,30,683,684],"class_list":{"0":"post-14732","1":"product","2":"type-product","3":"status-publish","4":"has-post-thumbnail","6":"pwb-brand-kamry","7":"product_cat-15k-20k-puffs","8":"product_tag-disposable","9":"product_tag-wholesale","10":"product_tag-kamry","11":"product_tag-30-0ml","12":"product_tag-15000-puffs","14":"first","15":"outofstock","16":"shipping-taxable","17":"purchasable","18":"product-type-variable"},"aioseo_notices":[],"brands":[{"id":1281,"name":"Kamry","slug":"kamry"}],"_links":{"self":[{"href":"https:\/\/www.vape4wholesale.com\/fr\/wp-json\/wp\/v2\/product\/14732","targetHints":{"allow":["GET"]}}],"collection":[{"href":"https:\/\/www.vape4wholesale.com\/fr\/wp-json\/wp\/v2\/product"}],"about":[{"href":"https:\/\/www.vape4wholesale.com\/fr\/wp-json\/wp\/v2\/types\/product"}],"replies":[{"embeddable":true,"href":"https:\/\/www.vape4wholesale.com\/fr\/wp-json\/wp\/v2\/comments?post=14732"}],"wp:featuredmedia":[{"embeddable":true,"href":"https:\/\/www.vape4wholesale.com\/fr\/wp-json\/wp\/v2\/media\/14747"}],"wp:attachment":[{"href":"https:\/\/www.vape4wholesale.com\/fr\/wp-json\/wp\/v2\/media?parent=14732"}],"wp:term":[{"taxonomy":"pwb-brand","embeddable":true,"href":"https:\/\/www.vape4wholesale.com\/fr\/wp-json\/wp\/v2\/pwb-brand?post=14732"},{"taxonomy":"product_cat","embeddable":true,"href":"https:\/\/www.vape4wholesale.com\/fr\/wp-json\/wp\/v2\/product_cat?post=14732"},{"taxonomy":"product_tag","embeddable":true,"href":"https:\/\/www.vape4wholesale.com\/fr\/wp-json\/wp\/v2\/product_tag?post=14732"}],"curies":[{"name":"wp","href":"https:\/\/api.w.org\/{rel}","templated":true}]}}