{"id":14604,"date":"2023-11-12T09:49:04","date_gmt":"2023-11-12T01:49:04","guid":{"rendered":"https:\/\/www.vape4wholesale.com\/?post_type=product&#038;p=14604"},"modified":"2026-01-26T13:41:58","modified_gmt":"2026-01-26T13:41:58","slug":"funky-lands-vi10000-jetable-vape-wholesale","status":"publish","type":"product","link":"https:\/\/www.vape4wholesale.com\/fr\/product\/funky-lands-vi10000-disposable-vape-wholesale","title":{"rendered":"Funky Lands Vi10000 Disposable Vape Wholesale"},"content":{"rendered":"<p>Le Funky lands Vi10000 jetable est un produit de sous-marque sous elf bar qui supporte jusqu'\u00e0 10000 bouff\u00e9es, il contient 16ml d'eliquide avec 5% de nicotine saline, et avec une batterie rechargeable de 600mah.<\/p>\n<h2><strong>Funky Lands Vi10000 Vape jetable caract\u00e9ristiques :<br data-filtered=\"filtered\" \/><\/strong><\/h2>\n<ul>\n<li>pr\u00e9-rempli avec 16mL d'e-liquide<\/li>\n<li>5% sel concentration de nicotine<\/li>\n<li>10000 bouff\u00e9es<\/li>\n<li>bobine de maille<\/li>\n<li>recharge<\/li>\n<li>\u00e9cran intelligent<\/li>\n<\/ul>\n<h2><strong>Saveurs disponibles<\/strong><\/h2>\n<ol>\n<li>M\u00e9lange de baies<\/li>\n<li>Glace aux myrtilles<\/li>\n<li>Myrtille Rose Menthe<\/li>\n<li>Clair<\/li>\n<li>Citron vert<\/li>\n<li>Mangue mexicaine<\/li>\n<li>P\u00eache Colada<\/li>\n<li>Framboise P&amp;B<\/li>\n<li>Fraise Kiwi<\/li>\n<li>Duo de glace canneberge raisin<\/li>\n<li>Glace \u00e0 la past\u00e8que<\/li>\n<li>Duo de glace past\u00e8que-framboise<\/li>\n<\/ol>\n<h2><strong>Funky Lands Vi10000 Avantages<\/strong><\/h2>\n<p class=\"p1\"><strong>*Capacit\u00e9 supr\u00eame** :<\/strong> Plongez dans le monde riche du vapotage avec notre chambre \u00e0 e-liquide pr\u00e9-remplie de 16mL. Dites adieu aux recharges fr\u00e9quentes et profitez des sessions de vapotage prolong\u00e9es que vous avez toujours souhait\u00e9es.<\/p>\n<p class=\"p1\"><strong>**Niveau optimal de nicotine** :<\/strong> Faites l'exp\u00e9rience d'un effet de gorge bien \u00e9quilibr\u00e9 et d'une satisfaction des envies de fumer avec une concentration de nicotine de 5%. Con\u00e7u pour ceux qui aiment l'intensit\u00e9 \u00e0 chaque bouff\u00e9e, sans \u00eatre trop puissant.<\/p>\n<p class=\"p1\"><strong>**Energized for Longevity** :<\/strong> Dot\u00e9 d'une robuste batterie rechargeable de 600mAh, le Vi10000 garantit des sessions de vapotage ininterrompues et agr\u00e9ables. Plus de coupures de courant soudaines, juste une alimentation constante pour votre confort.<\/p>\n<p class=\"p1\"><strong>**Puff to Your Heart's Content** :<\/strong> Pr\u00e9parez-vous \u00e0 vivre une exp\u00e9rience in\u00e9gal\u00e9e avec jusqu'\u00e0 10 000 bouff\u00e9es ! Que vous fassiez un long voyage ou que vous vous d\u00e9tendiez \u00e0 la maison, la Vi10000 est faite pour vous.<\/p>\n<p class=\"p1\"><strong>**Caract\u00e9ristiques intelligentes** :<\/strong> Notre syst\u00e8me Smart Display Dry Prevention vous tient inform\u00e9 et prot\u00e8ge votre vape contre la panne s\u00e8che. Finis les jeux de devinettes ; vapotez en toute confiance en sachant que votre appareil fonctionne de mani\u00e8re optimale pour vous.<\/p>\n<p class=\"p2\">Laissez-vous tenter par l'art de la vape avec Funky Lands Vi10000 - l\u00e0 o\u00f9 le style, la long\u00e9vit\u00e9 et l'innovation s'entrechoquent. Pr\u00e9parez-vous \u00e0 \u00e9lever votre exp\u00e9rience de vapotage comme jamais auparavant !<\/p>\n<p><img loading=\"lazy\" decoding=\"async\" class=\"alignnone size-full wp-image-14605\" title=\"Funky Lands Vi10000 Vape jetable en gros (1)\" src=\"https:\/\/www.vape4wholesale.com\/wp-content\/uploads\/2023\/11\/Funky-Lands-Vi10000-Disposable-Vape-Wholesale-1.jpg\" alt=\"Funky Lands Vi10000 Vape jetable en gros (1)\" width=\"1200\" height=\"1200\" srcset=\"https:\/\/www.vape4wholesale.com\/wp-content\/uploads\/2023\/11\/Funky-Lands-Vi10000-Disposable-Vape-Wholesale-1.jpg 1200w, https:\/\/www.vape4wholesale.com\/wp-content\/uploads\/2023\/11\/Funky-Lands-Vi10000-Disposable-Vape-Wholesale-1-247x247.jpg 247w, https:\/\/www.vape4wholesale.com\/wp-content\/uploads\/2023\/11\/Funky-Lands-Vi10000-Disposable-Vape-Wholesale-1-100x100.jpg 100w, https:\/\/www.vape4wholesale.com\/wp-content\/uploads\/2023\/11\/Funky-Lands-Vi10000-Disposable-Vape-Wholesale-1-510x510.jpg 510w, https:\/\/www.vape4wholesale.com\/wp-content\/uploads\/2023\/11\/Funky-Lands-Vi10000-Disposable-Vape-Wholesale-1-64x64.jpg 64w, https:\/\/www.vape4wholesale.com\/wp-content\/uploads\/2023\/11\/Funky-Lands-Vi10000-Disposable-Vape-Wholesale-1-300x300.jpg 300w, https:\/\/www.vape4wholesale.com\/wp-content\/uploads\/2023\/11\/Funky-Lands-Vi10000-Disposable-Vape-Wholesale-1-1024x1024.jpg 1024w, https:\/\/www.vape4wholesale.com\/wp-content\/uploads\/2023\/11\/Funky-Lands-Vi10000-Disposable-Vape-Wholesale-1-150x150.jpg 150w, https:\/\/www.vape4wholesale.com\/wp-content\/uploads\/2023\/11\/Funky-Lands-Vi10000-Disposable-Vape-Wholesale-1-768x768.jpg 768w\" sizes=\"auto, (max-width: 1200px) 100vw, 1200px\" \/> <img loading=\"lazy\" decoding=\"async\" class=\"alignnone size-full wp-image-14609\" title=\"Funky Lands Vi10000 Vape jetable en gros (5)\" src=\"https:\/\/www.vape4wholesale.com\/wp-content\/uploads\/2023\/11\/Funky-Lands-Vi10000-Disposable-Vape-Wholesale-5.jpg\" alt=\"Funky Lands Vi10000 Vape jetable en gros (5)\" width=\"1920\" height=\"1920\" srcset=\"https:\/\/www.vape4wholesale.com\/wp-content\/uploads\/2023\/11\/Funky-Lands-Vi10000-Disposable-Vape-Wholesale-5.jpg 1920w, https:\/\/www.vape4wholesale.com\/wp-content\/uploads\/2023\/11\/Funky-Lands-Vi10000-Disposable-Vape-Wholesale-5-247x247.jpg 247w, https:\/\/www.vape4wholesale.com\/wp-content\/uploads\/2023\/11\/Funky-Lands-Vi10000-Disposable-Vape-Wholesale-5-100x100.jpg 100w, https:\/\/www.vape4wholesale.com\/wp-content\/uploads\/2023\/11\/Funky-Lands-Vi10000-Disposable-Vape-Wholesale-5-510x510.jpg 510w, https:\/\/www.vape4wholesale.com\/wp-content\/uploads\/2023\/11\/Funky-Lands-Vi10000-Disposable-Vape-Wholesale-5-64x64.jpg 64w, https:\/\/www.vape4wholesale.com\/wp-content\/uploads\/2023\/11\/Funky-Lands-Vi10000-Disposable-Vape-Wholesale-5-300x300.jpg 300w, https:\/\/www.vape4wholesale.com\/wp-content\/uploads\/2023\/11\/Funky-Lands-Vi10000-Disposable-Vape-Wholesale-5-1024x1024.jpg 1024w, https:\/\/www.vape4wholesale.com\/wp-content\/uploads\/2023\/11\/Funky-Lands-Vi10000-Disposable-Vape-Wholesale-5-150x150.jpg 150w, https:\/\/www.vape4wholesale.com\/wp-content\/uploads\/2023\/11\/Funky-Lands-Vi10000-Disposable-Vape-Wholesale-5-768x768.jpg 768w, https:\/\/www.vape4wholesale.com\/wp-content\/uploads\/2023\/11\/Funky-Lands-Vi10000-Disposable-Vape-Wholesale-5-1536x1536.jpg 1536w\" sizes=\"auto, (max-width: 1920px) 100vw, 1920px\" \/><\/p>","protected":false},"excerpt":{"rendered":"[scf-template id=&#8217;11434&#8242;]\n","protected":false},"featured_media":14605,"comment_status":"open","ping_status":"closed","template":"","meta":[],"pwb-brand":[1289],"product_cat":[871],"product_tag":[22,24,324,342,651],"class_list":{"0":"post-14604","1":"product","2":"type-product","3":"status-publish","4":"has-post-thumbnail","6":"pwb-brand-others","7":"product_cat-10-15k-puffs","8":"product_tag-disposable","9":"product_tag-wholesale","10":"product_tag-10000-puffs","11":"product_tag-16-0ml","12":"product_tag-funky-lands","14":"first","15":"outofstock","16":"shipping-taxable","17":"purchasable","18":"product-type-variable"},"aioseo_notices":[],"brands":[{"id":1289,"name":"Autres","slug":"autres"}],"_links":{"self":[{"href":"https:\/\/www.vape4wholesale.com\/fr\/wp-json\/wp\/v2\/product\/14604","targetHints":{"allow":["GET"]}}],"collection":[{"href":"https:\/\/www.vape4wholesale.com\/fr\/wp-json\/wp\/v2\/product"}],"about":[{"href":"https:\/\/www.vape4wholesale.com\/fr\/wp-json\/wp\/v2\/types\/product"}],"replies":[{"embeddable":true,"href":"https:\/\/www.vape4wholesale.com\/fr\/wp-json\/wp\/v2\/comments?post=14604"}],"wp:featuredmedia":[{"embeddable":true,"href":"https:\/\/www.vape4wholesale.com\/fr\/wp-json\/wp\/v2\/media\/14605"}],"wp:attachment":[{"href":"https:\/\/www.vape4wholesale.com\/fr\/wp-json\/wp\/v2\/media?parent=14604"}],"wp:term":[{"taxonomy":"pwb-brand","embeddable":true,"href":"https:\/\/www.vape4wholesale.com\/fr\/wp-json\/wp\/v2\/pwb-brand?post=14604"},{"taxonomy":"product_cat","embeddable":true,"href":"https:\/\/www.vape4wholesale.com\/fr\/wp-json\/wp\/v2\/product_cat?post=14604"},{"taxonomy":"product_tag","embeddable":true,"href":"https:\/\/www.vape4wholesale.com\/fr\/wp-json\/wp\/v2\/product_tag?post=14604"}],"curies":[{"name":"wp","href":"https:\/\/api.w.org\/{rel}","templated":true}]}}