{"id":14427,"date":"2023-10-15T12:59:45","date_gmt":"2023-10-15T04:59:45","guid":{"rendered":"https:\/\/www.vape4wholesale.com\/?post_type=product&#038;p=14427"},"modified":"2026-01-26T13:42:05","modified_gmt":"2026-01-26T13:42:05","slug":"geek-bar-meloso-max-9000-jetable-vape-wholesale","status":"publish","type":"product","link":"https:\/\/www.vape4wholesale.com\/fr\/product\/geek-bar-meloso-max-9000-disposable-vape-wholesale","title":{"rendered":"Geek Bar Meloso Max 9000 Disposable Vape Wholesale"},"content":{"rendered":"<p><span style=\"font-weight: 400\">Le Geek Bar Meloso Max est une vape jetable de 9000 bouff\u00e9es \u00e0 double bobine qui offre aux utilisateurs une exp\u00e9rience de vapotage douce, moelleuse et soyeuse. Il est rechargeable et dure jusqu'\u00e0 9000 bouff\u00e9es. Il est rechargeable et dure jusqu'\u00e0 9000 bouff\u00e9es. La partie inf\u00e9rieure est \u00e9quip\u00e9e d'un levier de d\u00e9bit d'air r\u00e9glable et de deux voyants LED qui indiquent l'autonomie de la batterie et le niveau d'e-liquide.<br \/>\n<\/span><\/p>\n<h2>Caract\u00e9ristiques du Geek Bar Meloso Max 9000<\/h2>\n<ul>\n<li>5% nicotine en poids (50mg\/mL)<\/li>\n<li>9000 bouff\u00e9es<\/li>\n<li>Fabriqu\u00e9 avec de l'e-juice salt nic<\/li>\n<li>Pr\u00e9-rempli et pr\u00e9-charg\u00e9<\/li>\n<li>Fabriqu\u00e9 en Chine<\/li>\n<li>Bobine \u00e0 double maille<\/li>\n<li>Flux d'air r\u00e9glable par le bas<\/li>\n<li>Indicateur d'e-liquide : Rouge &lt;15%, Jaune 15-50%, Vert 50-100%<\/li>\n<li>Indicateur de batterie : Rouge &lt;20%, Bleu 20-50%, Vert 50-100%<\/li>\n<\/ul>\n<h2>Flaovrs<\/h2>\n<ol>\n<li>Lever de soleil sur les pommes<\/li>\n<li>Trio de baies lce<\/li>\n<li>Clair<\/li>\n<li>Shake \u00e0 la noix de coco<\/li>\n<li>Caf\u00e9 colombien glac\u00e9<\/li>\n<li>Menthe fra\u00eeche<\/li>\n<li>Glace au melon de Fuji<\/li>\n<li>Ginger Ale<\/li>\n<li>Monstre vert<\/li>\n<li>Meta Moon<\/li>\n<li>Mangue du Mexique<\/li>\n<li>Nectarine<\/li>\n<li>Glace \u00e0 la p\u00eache<\/li>\n<li>Brume violette<\/li>\n<li>Glace \u00e0 la pomme acide<\/li>\n<li>Gel de la pierre<\/li>\n<li>Glace \u00e0 la fraise<\/li>\n<li>Fraise Mangue<\/li>\n<li>Past\u00e8que \u00e0 la fraise<\/li>\n<li>L'explosion de l'arc-en-ciel tropical<\/li>\n<li>Glace \u00e0 la past\u00e8que<\/li>\n<\/ol>\n<p><img loading=\"lazy\" decoding=\"async\" class=\"alignnone size-full wp-image-14437\" title=\"Aper\u00e7u du Geek Bar Meloso Max Vape jetable\" src=\"https:\/\/www.vape4wholesale.com\/wp-content\/uploads\/2023\/10\/Geek-Bar-Meloso-Max-Disposable-Vape-overview.jpg\" alt=\"Aper\u00e7u du Geek Bar Meloso Max Vape jetable\" width=\"800\" height=\"800\" srcset=\"https:\/\/www.vape4wholesale.com\/wp-content\/uploads\/2023\/10\/Geek-Bar-Meloso-Max-Disposable-Vape-overview.jpg 800w, https:\/\/www.vape4wholesale.com\/wp-content\/uploads\/2023\/10\/Geek-Bar-Meloso-Max-Disposable-Vape-overview-247x247.jpg 247w, https:\/\/www.vape4wholesale.com\/wp-content\/uploads\/2023\/10\/Geek-Bar-Meloso-Max-Disposable-Vape-overview-100x100.jpg 100w, https:\/\/www.vape4wholesale.com\/wp-content\/uploads\/2023\/10\/Geek-Bar-Meloso-Max-Disposable-Vape-overview-510x510.jpg 510w, https:\/\/www.vape4wholesale.com\/wp-content\/uploads\/2023\/10\/Geek-Bar-Meloso-Max-Disposable-Vape-overview-64x64.jpg 64w, https:\/\/www.vape4wholesale.com\/wp-content\/uploads\/2023\/10\/Geek-Bar-Meloso-Max-Disposable-Vape-overview-300x300.jpg 300w, https:\/\/www.vape4wholesale.com\/wp-content\/uploads\/2023\/10\/Geek-Bar-Meloso-Max-Disposable-Vape-overview-150x150.jpg 150w, https:\/\/www.vape4wholesale.com\/wp-content\/uploads\/2023\/10\/Geek-Bar-Meloso-Max-Disposable-Vape-overview-768x768.jpg 768w\" sizes=\"auto, (max-width: 800px) 100vw, 800px\" \/><\/p>","protected":false},"excerpt":{"rendered":"[scf-template id=&#8217;11434&#8242;]\n","protected":false},"featured_media":14437,"comment_status":"open","ping_status":"closed","template":"","meta":[],"pwb-brand":[1282],"product_cat":[870],"product_tag":[177,336,22,24,68],"class_list":{"0":"post-14427","1":"product","2":"type-product","3":"status-publish","4":"has-post-thumbnail","6":"pwb-brand-geekbar","7":"product_cat-8000-10000-puffs","8":"product_tag-14-0ml","9":"product_tag-9000-puffs","10":"product_tag-disposable","11":"product_tag-wholesale","12":"product_tag-geek-bar","14":"first","15":"outofstock","16":"shipping-taxable","17":"purchasable","18":"product-type-variable"},"aioseo_notices":[],"brands":[{"id":1282,"name":"Geekbar","slug":"geekbar"}],"_links":{"self":[{"href":"https:\/\/www.vape4wholesale.com\/fr\/wp-json\/wp\/v2\/product\/14427","targetHints":{"allow":["GET"]}}],"collection":[{"href":"https:\/\/www.vape4wholesale.com\/fr\/wp-json\/wp\/v2\/product"}],"about":[{"href":"https:\/\/www.vape4wholesale.com\/fr\/wp-json\/wp\/v2\/types\/product"}],"replies":[{"embeddable":true,"href":"https:\/\/www.vape4wholesale.com\/fr\/wp-json\/wp\/v2\/comments?post=14427"}],"wp:featuredmedia":[{"embeddable":true,"href":"https:\/\/www.vape4wholesale.com\/fr\/wp-json\/wp\/v2\/media\/14437"}],"wp:attachment":[{"href":"https:\/\/www.vape4wholesale.com\/fr\/wp-json\/wp\/v2\/media?parent=14427"}],"wp:term":[{"taxonomy":"pwb-brand","embeddable":true,"href":"https:\/\/www.vape4wholesale.com\/fr\/wp-json\/wp\/v2\/pwb-brand?post=14427"},{"taxonomy":"product_cat","embeddable":true,"href":"https:\/\/www.vape4wholesale.com\/fr\/wp-json\/wp\/v2\/product_cat?post=14427"},{"taxonomy":"product_tag","embeddable":true,"href":"https:\/\/www.vape4wholesale.com\/fr\/wp-json\/wp\/v2\/product_tag?post=14427"}],"curies":[{"name":"wp","href":"https:\/\/api.w.org\/{rel}","templated":true}]}}