{"id":14354,"date":"2023-10-15T09:44:41","date_gmt":"2023-10-15T01:44:41","guid":{"rendered":"https:\/\/www.vape4wholesale.com\/?post_type=product&#038;p=14354"},"modified":"2026-01-26T13:42:17","modified_gmt":"2026-01-26T13:42:17","slug":"geek-bar-c600-jetable-vape-wholesale","status":"publish","type":"product","link":"https:\/\/www.vape4wholesale.com\/fr\/product\/geek-bar-c600-disposable-vape-wholesale","title":{"rendered":"Geek Bar C600 Vape jetable en gros"},"content":{"rendered":"<p>Geek Bar C600 est une mini-vape jetable avec un mesh coil \u00e0 l'int\u00e9rieur, 2ml de nicotine 2% et une batterie non rechargeable de 500mah. Vape4wholesale fournit la meilleure qualit\u00e9 de Geek bar Vape jetable. Rejoignez-nous et achetez Geek bar C600 Vape jetable au meilleur prix de gros. L'embout souple se fond dans la vapeur douce, vous pouvez exp\u00e9rimenter \u00e0 la fois la sensation de douceur et la force de la gorge. Maintenant, il est charg\u00e9 avec geek bar nouvelles saveurs d\u00e9licieuses, go\u00fbtons-le.<\/p>\n<h2><br data-filtered=\"filtered\" \/>Geek Bar C600 Saveurs<\/h2>\n<ol>\n<li>Shisha \u00e0 la confiture de rose et aux fruits m\u00e9lang\u00e9s<\/li>\n<li>Lait de coco \u00e0 l'ananas<\/li>\n<li>Ananas P\u00eache Mangue<\/li>\n<li>Gel\u00e9e de myrtilles au fromage<\/li>\n<li>Tropical Skittles Blast<\/li>\n<li>Cr\u00e8me mangue-p\u00eache<\/li>\n<li>G\u00e2teau au fromage \u00e0 l'orange<\/li>\n<li>Glace \u00e0 la past\u00e8que<\/li>\n<li>Cactus de chaux<\/li>\n<li>Pomme acide<\/li>\n<li>Orange Vanille<\/li>\n<li>Glace polaire \u00e0 la menthe<\/li>\n<li>Soda au gingembre<\/li>\n<li>Mojito rouge<\/li>\n<li>Cola Ice<\/li>\n<\/ol>\n<h2>Param\u00e8tres<\/h2>\n<p>Batterie : 500mAh batterie int\u00e9gr\u00e9e<br data-filtered=\"filtered\" \/>E-juice : 2ml pr\u00e9-rempli<br data-filtered=\"filtered\" \/>Bouff\u00e9es : Jusqu'\u00e0 600 bouff\u00e9es Nicotine : 20mg<br data-filtered=\"filtered\" \/>Saveurs : 15<\/p>\n<p><img loading=\"lazy\" decoding=\"async\" class=\"alignnone size-full wp-image-14355\" title=\"Geek Bar C600 Disposable Vape Wholesale.webp\" src=\"https:\/\/www.vape4wholesale.com\/wp-content\/uploads\/2023\/10\/Geek-Bar-C600-Disposable-Vape-Wholesale.webp.jpg\" alt=\"Geek Bar C600 Disposable Vape Wholesale.webp\" width=\"600\" height=\"600\" srcset=\"https:\/\/www.vape4wholesale.com\/wp-content\/uploads\/2023\/10\/Geek-Bar-C600-Disposable-Vape-Wholesale.webp.jpg 600w, https:\/\/www.vape4wholesale.com\/wp-content\/uploads\/2023\/10\/Geek-Bar-C600-Disposable-Vape-Wholesale.webp-247x247.jpg 247w, https:\/\/www.vape4wholesale.com\/wp-content\/uploads\/2023\/10\/Geek-Bar-C600-Disposable-Vape-Wholesale.webp-100x100.jpg 100w, https:\/\/www.vape4wholesale.com\/wp-content\/uploads\/2023\/10\/Geek-Bar-C600-Disposable-Vape-Wholesale.webp-510x510.jpg 510w, https:\/\/www.vape4wholesale.com\/wp-content\/uploads\/2023\/10\/Geek-Bar-C600-Disposable-Vape-Wholesale.webp-64x64.jpg 64w, https:\/\/www.vape4wholesale.com\/wp-content\/uploads\/2023\/10\/Geek-Bar-C600-Disposable-Vape-Wholesale.webp-300x300.jpg 300w, https:\/\/www.vape4wholesale.com\/wp-content\/uploads\/2023\/10\/Geek-Bar-C600-Disposable-Vape-Wholesale.webp-150x150.jpg 150w\" sizes=\"auto, (max-width: 600px) 100vw, 600px\" \/><\/p>","protected":false},"excerpt":{"rendered":"[scf-template id=&#8217;11434&#8242;]\n","protected":false},"featured_media":14355,"comment_status":"open","ping_status":"closed","template":"","meta":[],"pwb-brand":[1282],"product_cat":[48],"product_tag":[24,68,118,120,22],"class_list":{"0":"post-14354","1":"product","2":"type-product","3":"status-publish","4":"has-post-thumbnail","6":"pwb-brand-geekbar","7":"product_cat-below-2000-puffs","8":"product_tag-wholesale","9":"product_tag-geek-bar","10":"product_tag-2-0ml","11":"product_tag-600-puffs","12":"product_tag-disposable","14":"first","15":"outofstock","16":"shipping-taxable","17":"purchasable","18":"product-type-variable"},"aioseo_notices":[],"brands":[{"id":1282,"name":"Geekbar","slug":"geekbar"}],"_links":{"self":[{"href":"https:\/\/www.vape4wholesale.com\/fr\/wp-json\/wp\/v2\/product\/14354","targetHints":{"allow":["GET"]}}],"collection":[{"href":"https:\/\/www.vape4wholesale.com\/fr\/wp-json\/wp\/v2\/product"}],"about":[{"href":"https:\/\/www.vape4wholesale.com\/fr\/wp-json\/wp\/v2\/types\/product"}],"replies":[{"embeddable":true,"href":"https:\/\/www.vape4wholesale.com\/fr\/wp-json\/wp\/v2\/comments?post=14354"}],"wp:featuredmedia":[{"embeddable":true,"href":"https:\/\/www.vape4wholesale.com\/fr\/wp-json\/wp\/v2\/media\/14355"}],"wp:attachment":[{"href":"https:\/\/www.vape4wholesale.com\/fr\/wp-json\/wp\/v2\/media?parent=14354"}],"wp:term":[{"taxonomy":"pwb-brand","embeddable":true,"href":"https:\/\/www.vape4wholesale.com\/fr\/wp-json\/wp\/v2\/pwb-brand?post=14354"},{"taxonomy":"product_cat","embeddable":true,"href":"https:\/\/www.vape4wholesale.com\/fr\/wp-json\/wp\/v2\/product_cat?post=14354"},{"taxonomy":"product_tag","embeddable":true,"href":"https:\/\/www.vape4wholesale.com\/fr\/wp-json\/wp\/v2\/product_tag?post=14354"}],"curies":[{"name":"wp","href":"https:\/\/api.w.org\/{rel}","templated":true}]}}