{"id":14303,"date":"2025-07-05T09:39:15","date_gmt":"2025-07-05T09:39:15","guid":{"rendered":"https:\/\/www.vape4wholesale.com\/?post_type=product&#038;p=14303"},"modified":"2026-03-30T11:13:04","modified_gmt":"2026-03-30T03:13:04","slug":"fumot-digital-box-12000-jetable-vape-wholesale","status":"publish","type":"product","link":"https:\/\/www.vape4wholesale.com\/fr\/product\/fumot-digital-box-12000-disposable-vape-wholesale","title":{"rendered":"Fumot Digital Box 12000 Disposable Vape Wholesale"},"content":{"rendered":"<p>La Fumot Digital Box 12000 est un dispositif de vape avec affichage du niveau de la batterie et de l'e-juice et elle est rechargeable. Elle contient 20ml d'e-juice au sel de nicotine 0\/2\/3\/5% et permet de vaper jusqu'\u00e0 12000 bouff\u00e9es. Vous pouvez choisir parmi 12 saveurs. L'affichage de la batterie et du niveau d'e-juice vous permet de suivre l'\u00e9tat de l'appareil en temps r\u00e9el. De plus, il est \u00e9quip\u00e9 d'un port Type-C rechargeable situ\u00e9 en bas de l'appareil, ce qui vous garantit de finir jusqu'\u00e0 la derni\u00e8re goutte d'e-juice dans le r\u00e9servoir \u00e0 tout moment.<\/p>\n<p>Chaque Digital Box 12000 Vape Pod jetable est pr\u00e9-rempli de 20ml, ce qui peut durer jusqu'\u00e0 12000 bouff\u00e9es. Ce dispositif de vape dispose d'une batterie rechargeable int\u00e9gr\u00e9e de 850mAh et d'un port de charge Type-C sur le bas. Il affiche 6 lumi\u00e8res RGB lors de la vaporisation, ce qui vous rend si cool dans l'obscurit\u00e9. L'interrupteur de contr\u00f4le du flux d'air peut \u00eatre librement activ\u00e9 et d\u00e9sactiv\u00e9, de sorte que vous pouvez contr\u00f4ler la taille de la fum\u00e9e comme vous le souhaitez.<\/p>\n<h2><b data-stringify-type=\"bold\">Fumot Digital Box 12000 Disposable Vape Features :<\/b><\/h2>\n<ul>\n<li>Marque : Fumot<\/li>\n<li>Type : Bo\u00eetier num\u00e9rique<\/li>\n<li>Bouff\u00e9es : 12000 bouff\u00e9es<\/li>\n<li>Nicotine : 0, 2%, 3%, 5%<\/li>\n<li>Affichage : E-liquide et batterie<\/li>\n<li>Capacit\u00e9 E-juice : 20ML<\/li>\n<li>Batterie : 850mAh (rechargeable)<\/li>\n<li>Port de charge : Type C<\/li>\n<\/ul>\n<h2><b data-stringify-type=\"bold\">Saveurs disponibles :<\/b><\/h2>\n<p>1 Menthe fra\u00eeche<br \/>\n2 gla\u00e7ons \u00e0 la past\u00e8que<br \/>\n3 Glace de raisin<br \/>\n4 Myrtille Framboise<br \/>\n5 Fraise Past\u00e8que<br \/>\n6 fraises et bananes<br \/>\n7 Lush Ice<br \/>\n8 Cerise<br \/>\n9 Glace \u00e0 la fraise<br \/>\n10 glaces<br \/>\n11 Limonade rose<br \/>\n12 Mangue sur glace<br \/>\n13 Baies m\u00e9lang\u00e9es<br \/>\n14 Donut \u00e0 la fraise<br \/>\n15 Fraise Raisin<br \/>\n16 Cola \u00e0 la cerise<br \/>\n17 Dr bleu<br \/>\n18 Myrtille sur glace<br \/>\n19 Kiwi fruit de la passion goyave<br \/>\n20 Fraise kiwi<br \/>\n21 P\u00eache mangue<br \/>\n22 Glace de p\u00eache<br \/>\n23 Glace \u00e0 la pomme rouge<br \/>\n24 Bubblegum \u00e0 la myrtille<br \/>\n25 Limonade aux baies<br \/>\n26 Limonade Blue Razz<br \/>\n27 Bluesour framboise<br \/>\n28 Taureau rouge \u00e0 la fraise<br \/>\n29 Explosion de pommes et de baies<br \/>\n30 Chewing-gum \u00e0 la past\u00e8que<br \/>\n31 Past\u00e8que framboise<br \/>\n32 Glace noire<br \/>\n33 Myrtille, cerise, canneberge<br \/>\n34 Pompe \u00e0 la fraise (grenade)<br \/>\n35 Vimto<br \/>\n36 Cerisier<br \/>\n37 Lemon &amp; Lime<br \/>\n38 Bingo Crush<br \/>\n39 Bleuet kiwi<br \/>\n40 Pomme Cannelle<br \/>\n41 Banane glac\u00e9e<br \/>\n42 Glace au fruit du dragon<br \/>\n43 Fusion fruit\u00e9e<br \/>\n44 Raisin Menthe<br \/>\n45 Amour 66<br \/>\n46 Glace \u00e0 l'ananas<br \/>\n47 Glace \u00e9nerg\u00e9tique rouge<br \/>\n48 Deux pommes<br \/>\n49 Tabac<br \/>\n50 Cola lce<br \/>\n51 lceTea Lemon lce<br \/>\n52 lceTea P\u00eache lce<br \/>\n53 Ourson de gomme Blue Razz<\/p>\n<h2><strong>Emballage et poids :<\/strong><\/h2>\n<ul>\n<li>0,095 KG\/PCS, simple avec petit emballage<\/li>\n<li>10 PCS dans une bo\u00eete moyenne<\/li>\n<li>200 pi\u00e8ces en carton<\/li>\n<\/ul>\n<figure id=\"attachment_26804\" aria-describedby=\"caption-attachment-26804\" style=\"width: 800px\" class=\"wp-caption alignnone\"><img loading=\"lazy\" decoding=\"async\" class=\"size-full wp-image-26804\" title=\"Fumot Digital 12000 Vape jetable en gros Ice Pop\" src=\"https:\/\/www.vape4wholesale.com\/wp-content\/uploads\/2023\/10\/Fumot-Digital-12000-Disposable-Vape-Wholesale-Ice-Pop-1.jpg\" alt=\"Fumot Digital 12000 Vape jetable en gros Ice Pop\" width=\"800\" height=\"800\" srcset=\"https:\/\/www.vape4wholesale.com\/wp-content\/uploads\/2023\/10\/Fumot-Digital-12000-Disposable-Vape-Wholesale-Ice-Pop-1.jpg 800w, https:\/\/www.vape4wholesale.com\/wp-content\/uploads\/2023\/10\/Fumot-Digital-12000-Disposable-Vape-Wholesale-Ice-Pop-1-300x300.jpg 300w, https:\/\/www.vape4wholesale.com\/wp-content\/uploads\/2023\/10\/Fumot-Digital-12000-Disposable-Vape-Wholesale-Ice-Pop-1-150x150.jpg 150w, https:\/\/www.vape4wholesale.com\/wp-content\/uploads\/2023\/10\/Fumot-Digital-12000-Disposable-Vape-Wholesale-Ice-Pop-1-768x768.jpg 768w, https:\/\/www.vape4wholesale.com\/wp-content\/uploads\/2023\/10\/Fumot-Digital-12000-Disposable-Vape-Wholesale-Ice-Pop-1-12x12.jpg 12w, https:\/\/www.vape4wholesale.com\/wp-content\/uploads\/2023\/10\/Fumot-Digital-12000-Disposable-Vape-Wholesale-Ice-Pop-1-247x247.jpg 247w, https:\/\/www.vape4wholesale.com\/wp-content\/uploads\/2023\/10\/Fumot-Digital-12000-Disposable-Vape-Wholesale-Ice-Pop-1-510x510.jpg 510w, https:\/\/www.vape4wholesale.com\/wp-content\/uploads\/2023\/10\/Fumot-Digital-12000-Disposable-Vape-Wholesale-Ice-Pop-1-100x100.jpg 100w\" sizes=\"auto, (max-width: 800px) 100vw, 800px\" \/><figcaption id=\"caption-attachment-26804\" class=\"wp-caption-text\">Fumot Digital 12000 Vape jetable Vente en gros<\/figcaption><\/figure>\n<h2>POURQUOI NOUS ?<\/h2>\r\n<ul>\r\n<li>Une source de vape r\u00e9elle, digne de confiance et professionnelle.<\/li>\r\n<li>100% Garantie d'authenticit\u00e9 : Nous ne fournissons que des produits originaux et authentiques, nous refusons la contrefa\u00e7on.<\/li>\r\n<li>100% Garantie de livraison : Nous utilisons les meilleurs moyens de transport pour assurer la livraison de votre commande 100%.<\/li>\r\n<li>Nous vous communiquerons le num\u00e9ro de suivi et l'\u00e9tiquette d'exp\u00e9dition apr\u00e8s l'envoi, et nous suivrons les marchandises pour vous jusqu'\u00e0 ce que vous les signiez.<\/li>\r\n<li>Pas de probl\u00e8mes douaniers, pas de droits de douane<\/li>\r\n<\/ul>","protected":false},"excerpt":{"rendered":"<div class=\"wsppc_div_block woocommerce_before_add_to_cart_form\">\r\n<p><strong><span style=\"color: #00a859;\">Passer la douane<\/span> avant livraison &amp; 100% Garantie de livraison, Livraison en 19~25 jours environ.\u00a0<\/strong><\/p>\r\n<\/div>","protected":false},"featured_media":26804,"comment_status":"open","ping_status":"closed","template":"","meta":[],"pwb-brand":[1269],"product_cat":[871],"product_tag":[22,24,172,556,592],"class_list":{"0":"post-14303","1":"product","2":"type-product","3":"status-publish","4":"has-post-thumbnail","6":"pwb-brand-fumot","7":"product_cat-10-15k-puffs","8":"product_tag-disposable","9":"product_tag-wholesale","10":"product_tag-20-0ml","11":"product_tag-12000-puffs","12":"product_tag-fumot","13":"wcpa_has_options","15":"first","16":"instock","17":"featured","18":"shipping-taxable","19":"purchasable","20":"product-type-variable"},"aioseo_notices":[],"brands":[{"id":1269,"name":"Fumot","slug":"fumot"}],"_links":{"self":[{"href":"https:\/\/www.vape4wholesale.com\/fr\/wp-json\/wp\/v2\/product\/14303","targetHints":{"allow":["GET"]}}],"collection":[{"href":"https:\/\/www.vape4wholesale.com\/fr\/wp-json\/wp\/v2\/product"}],"about":[{"href":"https:\/\/www.vape4wholesale.com\/fr\/wp-json\/wp\/v2\/types\/product"}],"replies":[{"embeddable":true,"href":"https:\/\/www.vape4wholesale.com\/fr\/wp-json\/wp\/v2\/comments?post=14303"}],"wp:featuredmedia":[{"embeddable":true,"href":"https:\/\/www.vape4wholesale.com\/fr\/wp-json\/wp\/v2\/media\/26804"}],"wp:attachment":[{"href":"https:\/\/www.vape4wholesale.com\/fr\/wp-json\/wp\/v2\/media?parent=14303"}],"wp:term":[{"taxonomy":"pwb-brand","embeddable":true,"href":"https:\/\/www.vape4wholesale.com\/fr\/wp-json\/wp\/v2\/pwb-brand?post=14303"},{"taxonomy":"product_cat","embeddable":true,"href":"https:\/\/www.vape4wholesale.com\/fr\/wp-json\/wp\/v2\/product_cat?post=14303"},{"taxonomy":"product_tag","embeddable":true,"href":"https:\/\/www.vape4wholesale.com\/fr\/wp-json\/wp\/v2\/product_tag?post=14303"}],"curies":[{"name":"wp","href":"https:\/\/api.w.org\/{rel}","templated":true}]}}