{"id":14213,"date":"2023-09-06T21:32:02","date_gmt":"2023-09-06T13:32:02","guid":{"rendered":"https:\/\/www.vape4wholesale.com\/?post_type=product&#038;p=14213"},"modified":"2026-01-26T13:42:22","modified_gmt":"2026-01-26T13:42:22","slug":"kulx-10000-puffs-jetable-vape-wholesale","status":"publish","type":"product","link":"https:\/\/www.vape4wholesale.com\/fr\/product\/kulx-10000-puffs-disposable-vape-wholesale","title":{"rendered":"Kulx 10000 Puffs Disposable Vape Wholesale"},"content":{"rendered":"<p><strong>Kulx 10000<\/strong>\u00a0Puffs Disposable est un dispositif de vapotage puissant et pratique con\u00e7u pour une utilisation tout au long de la journ\u00e9e. Le kit a une \u00e9norme capacit\u00e9 d'aspiration de 10000 bouff\u00e9es pour vous assurer que vous consommerez des remplacements pendant une longue p\u00e9riode. Disponible en concentrations de nicotine \u00e9lev\u00e9es de 0%, 2%, 3% et 5%, le kit offre une exp\u00e9rience de vapotage satisfaisante. La capacit\u00e9 de 20 ml d'e-juice vous permet de profiter longtemps de votre saveur pr\u00e9f\u00e9r\u00e9e. Le Kulx 10000 utilise le type de nicotine Nic Salt et est \u00e9quip\u00e9 d'une batterie d'une capacit\u00e9 de 850mAh pour garantir une utilisation de longue dur\u00e9e. Un chargeur Type-C (non inclus) assure une charge rapide et facile.<\/p>\n<h2>Kulx 10000 Caract\u00e9ristiques<\/h2>\n<ul>\n<li>Batterie int\u00e9gr\u00e9e de 850mAh<\/li>\n<li>Chargeable<\/li>\n<li>Transfert d'\u00e9nergie efficace et constant<\/li>\n<li>20ml d'e-liquide pr\u00e9-rempli<\/li>\n<li>0% 2% 3% 5% Taux de nicotine<\/li>\n<li>Satisfaire pr\u00e8s de 10 000 bouches<\/li>\n<li>gousses de soja<\/li>\n<li>Liste des ar\u00f4mes<\/li>\n<\/ul>\n<h2>Liste des ar\u00f4mes<\/h2>\n<ol>\n<li>Glace \u00e0 la myrtille et \u00e0 la framboise<\/li>\n<li>Menthe citronn\u00e9e<\/li>\n<li>Double pomme<\/li>\n<li>Glace luxuriante<\/li>\n<li>Baies m\u00e9lang\u00e9es<\/li>\n<li>Glace ananas-mangue<\/li>\n<li>Fraise Kiwi<\/li>\n<li>Barbe \u00e0 papa<\/li>\n<li>Past\u00e8que \u00e0 la fraise<\/li>\n<li>Alo\u00e8s raisin<\/li>\n<\/ol>\n<h2>Emballage et poids<\/h2>\n<ul>\n<li>0,096\/ PC<\/li>\n<li>200\/ Carton, 19.2\/ Carton<\/li>\n<\/ul>\n<p><img loading=\"lazy\" decoding=\"async\" class=\"alignnone size-full wp-image-14231\" title=\"Kulx 10000 Puffs Disposable Vape Wholesale all Flavors\" src=\"https:\/\/www.vape4wholesale.com\/wp-content\/uploads\/2023\/09\/Kulx-10000-Puffs-Disposable-Vape-Wholesale-all-Flavors.jpg\" alt=\"Kulx 10000 Puffs Disposable Vape Wholesale all Flavors\" width=\"960\" height=\"960\" srcset=\"https:\/\/www.vape4wholesale.com\/wp-content\/uploads\/2023\/09\/Kulx-10000-Puffs-Disposable-Vape-Wholesale-all-Flavors.jpg 960w, https:\/\/www.vape4wholesale.com\/wp-content\/uploads\/2023\/09\/Kulx-10000-Puffs-Disposable-Vape-Wholesale-all-Flavors-247x247.jpg 247w, https:\/\/www.vape4wholesale.com\/wp-content\/uploads\/2023\/09\/Kulx-10000-Puffs-Disposable-Vape-Wholesale-all-Flavors-100x100.jpg 100w, https:\/\/www.vape4wholesale.com\/wp-content\/uploads\/2023\/09\/Kulx-10000-Puffs-Disposable-Vape-Wholesale-all-Flavors-510x510.jpg 510w, https:\/\/www.vape4wholesale.com\/wp-content\/uploads\/2023\/09\/Kulx-10000-Puffs-Disposable-Vape-Wholesale-all-Flavors-64x64.jpg 64w, https:\/\/www.vape4wholesale.com\/wp-content\/uploads\/2023\/09\/Kulx-10000-Puffs-Disposable-Vape-Wholesale-all-Flavors-300x300.jpg 300w, https:\/\/www.vape4wholesale.com\/wp-content\/uploads\/2023\/09\/Kulx-10000-Puffs-Disposable-Vape-Wholesale-all-Flavors-150x150.jpg 150w, https:\/\/www.vape4wholesale.com\/wp-content\/uploads\/2023\/09\/Kulx-10000-Puffs-Disposable-Vape-Wholesale-all-Flavors-768x768.jpg 768w\" sizes=\"auto, (max-width: 960px) 100vw, 960px\" \/> <img loading=\"lazy\" decoding=\"async\" class=\"alignnone size-full wp-image-14230\" title=\"Kulx 10000 Puffs Disposable Vape Wholesale Watermelon Ice\" src=\"https:\/\/www.vape4wholesale.com\/wp-content\/uploads\/2023\/09\/Kulx-10000-Puffs-Disposable-Vape-Wholesale-Watermelon-Ice.jpg\" alt=\"Kulx 10000 Puffs Disposable Vape Wholesale Watermelon Ice\" width=\"960\" height=\"960\" srcset=\"https:\/\/www.vape4wholesale.com\/wp-content\/uploads\/2023\/09\/Kulx-10000-Puffs-Disposable-Vape-Wholesale-Watermelon-Ice.jpg 960w, https:\/\/www.vape4wholesale.com\/wp-content\/uploads\/2023\/09\/Kulx-10000-Puffs-Disposable-Vape-Wholesale-Watermelon-Ice-247x247.jpg 247w, https:\/\/www.vape4wholesale.com\/wp-content\/uploads\/2023\/09\/Kulx-10000-Puffs-Disposable-Vape-Wholesale-Watermelon-Ice-100x100.jpg 100w, https:\/\/www.vape4wholesale.com\/wp-content\/uploads\/2023\/09\/Kulx-10000-Puffs-Disposable-Vape-Wholesale-Watermelon-Ice-510x510.jpg 510w, https:\/\/www.vape4wholesale.com\/wp-content\/uploads\/2023\/09\/Kulx-10000-Puffs-Disposable-Vape-Wholesale-Watermelon-Ice-64x64.jpg 64w, https:\/\/www.vape4wholesale.com\/wp-content\/uploads\/2023\/09\/Kulx-10000-Puffs-Disposable-Vape-Wholesale-Watermelon-Ice-300x300.jpg 300w, https:\/\/www.vape4wholesale.com\/wp-content\/uploads\/2023\/09\/Kulx-10000-Puffs-Disposable-Vape-Wholesale-Watermelon-Ice-150x150.jpg 150w, https:\/\/www.vape4wholesale.com\/wp-content\/uploads\/2023\/09\/Kulx-10000-Puffs-Disposable-Vape-Wholesale-Watermelon-Ice-768x768.jpg 768w\" sizes=\"auto, (max-width: 960px) 100vw, 960px\" \/><\/p>","protected":false},"excerpt":{"rendered":"[scf-template id=&#8217;11434&#8242;]\n","protected":false},"featured_media":14231,"comment_status":"open","ping_status":"closed","template":"","meta":[],"pwb-brand":[1289],"product_cat":[871],"product_tag":[22,24,172,324,576],"class_list":{"0":"post-14213","1":"product","2":"type-product","3":"status-publish","4":"has-post-thumbnail","6":"pwb-brand-others","7":"product_cat-10-15k-puffs","8":"product_tag-disposable","9":"product_tag-wholesale","10":"product_tag-20-0ml","11":"product_tag-10000-puffs","12":"product_tag-kulx","14":"first","15":"outofstock","16":"shipping-taxable","17":"purchasable","18":"product-type-variable"},"aioseo_notices":[],"brands":[{"id":1289,"name":"Autres","slug":"autres"}],"_links":{"self":[{"href":"https:\/\/www.vape4wholesale.com\/fr\/wp-json\/wp\/v2\/product\/14213","targetHints":{"allow":["GET"]}}],"collection":[{"href":"https:\/\/www.vape4wholesale.com\/fr\/wp-json\/wp\/v2\/product"}],"about":[{"href":"https:\/\/www.vape4wholesale.com\/fr\/wp-json\/wp\/v2\/types\/product"}],"replies":[{"embeddable":true,"href":"https:\/\/www.vape4wholesale.com\/fr\/wp-json\/wp\/v2\/comments?post=14213"}],"wp:featuredmedia":[{"embeddable":true,"href":"https:\/\/www.vape4wholesale.com\/fr\/wp-json\/wp\/v2\/media\/14231"}],"wp:attachment":[{"href":"https:\/\/www.vape4wholesale.com\/fr\/wp-json\/wp\/v2\/media?parent=14213"}],"wp:term":[{"taxonomy":"pwb-brand","embeddable":true,"href":"https:\/\/www.vape4wholesale.com\/fr\/wp-json\/wp\/v2\/pwb-brand?post=14213"},{"taxonomy":"product_cat","embeddable":true,"href":"https:\/\/www.vape4wholesale.com\/fr\/wp-json\/wp\/v2\/product_cat?post=14213"},{"taxonomy":"product_tag","embeddable":true,"href":"https:\/\/www.vape4wholesale.com\/fr\/wp-json\/wp\/v2\/product_tag?post=14213"}],"curies":[{"name":"wp","href":"https:\/\/api.w.org\/{rel}","templated":true}]}}