{"id":14157,"date":"2023-08-20T17:17:06","date_gmt":"2023-08-20T09:17:06","guid":{"rendered":"https:\/\/www.vape4wholesale.com\/?post_type=product&#038;p=14157"},"modified":"2026-01-26T13:42:24","modified_gmt":"2026-01-26T13:42:24","slug":"elf-bar-pi9000-jetable-vape-wholesale","status":"publish","type":"product","link":"https:\/\/www.vape4wholesale.com\/fr\/product\/elf-bar-pi9000-disposable-vape-wholesale","title":{"rendered":"Elf Bar PI9000 Disposable Vape Wholesale"},"content":{"rendered":"<p><b>Elf Bar Pi9000 Vape jetable<\/b>\u00a0Il peut contenir 19ml d'e-liquide pr\u00e9-rempli, la saveur est raffin\u00e9e mais percutante gr\u00e2ce \u00e0 un coil mesh int\u00e9gr\u00e9, et un taux de nicotine de 4%(40mg) permet d'obtenir une vapeur plus douce. La batterie rechargeable de 650mAh permet de r\u00e9aliser jusqu'\u00e0 9000 bouff\u00e9es. Son apparence est similaire \u00e0 celle d'un mini oreiller, et le drip tip translucide permet d'observer la condensation. \u00c9quip\u00e9 d'un indicateur de liquide et de batterie, le Pi9000 est id\u00e9al pour v\u00e9rifier l'\u00e9tat de l'appareil, ainsi que pour explorer des saveurs l\u00e9g\u00e8res et succulentes.<\/p>\n<h2 class=\"second-title\"><strong>Elf Bar PI9000 Caract\u00e9ristiques :<\/strong><\/h2>\n<ol>\n<li>19ml Vape Juice pr\u00e9-rempli<\/li>\n<li>4%(40mg) Nic Salt<\/li>\n<li>Batterie rechargeable 650mAh<\/li>\n<li>Port USB-C<\/li>\n<li>Environ 9000 bouff\u00e9es<\/li>\n<li>Bobine de maille<\/li>\n<li>Dessin activ\u00e9<\/li>\n<li>Indicateurs de liquide et de batterie<\/li>\n<\/ol>\n<h2><strong>Liste des ar\u00f4mes :<\/strong><\/h2>\n<p>Framboise Fruit de la passion Orange<br \/>\nElfbull framboise<br \/>\nGrenade Berry<br \/>\nBaies Framboise<br \/>\nGlace \u00e0 la past\u00e8que<br \/>\nCr\u00e8me glac\u00e9e \u00e0 la fraise<br \/>\nGlace \u00e0 la fraise<br \/>\nCitron rose<br \/>\nGlace \u00e0 la p\u00eache<br \/>\nMangue<br \/>\nMonnaie de Lemont<br \/>\nPomme verte<br \/>\nRaisin Framboise<br \/>\nGlace de raisin<br \/>\nElfbull Ice<br \/>\nDouble pomme<br \/>\nTabac cr\u00e8me<br \/>\nCola Ice<br \/>\nGlace aux myrtilles<br \/>\nGlace Blue Razz<\/p>\n<p><img loading=\"lazy\" decoding=\"async\" class=\"alignnone size-full wp-image-14162\" title=\"Elf Bar PI9000 Vape jetable Vue d&#039;ensemble de la vente en gros\" src=\"https:\/\/www.vape4wholesale.com\/wp-content\/uploads\/2023\/08\/Elf-Bar-PI9000-Disposable-Vape-Wholesale-overview.jpg\" alt=\"Elf Bar PI9000 Vape jetable Vue d&#039;ensemble de la vente en gros\" width=\"800\" height=\"800\" srcset=\"https:\/\/www.vape4wholesale.com\/wp-content\/uploads\/2023\/08\/Elf-Bar-PI9000-Disposable-Vape-Wholesale-overview.jpg 800w, https:\/\/www.vape4wholesale.com\/wp-content\/uploads\/2023\/08\/Elf-Bar-PI9000-Disposable-Vape-Wholesale-overview-247x247.jpg 247w, https:\/\/www.vape4wholesale.com\/wp-content\/uploads\/2023\/08\/Elf-Bar-PI9000-Disposable-Vape-Wholesale-overview-100x100.jpg 100w, https:\/\/www.vape4wholesale.com\/wp-content\/uploads\/2023\/08\/Elf-Bar-PI9000-Disposable-Vape-Wholesale-overview-510x510.jpg 510w, https:\/\/www.vape4wholesale.com\/wp-content\/uploads\/2023\/08\/Elf-Bar-PI9000-Disposable-Vape-Wholesale-overview-64x64.jpg 64w, https:\/\/www.vape4wholesale.com\/wp-content\/uploads\/2023\/08\/Elf-Bar-PI9000-Disposable-Vape-Wholesale-overview-300x300.jpg 300w, https:\/\/www.vape4wholesale.com\/wp-content\/uploads\/2023\/08\/Elf-Bar-PI9000-Disposable-Vape-Wholesale-overview-150x150.jpg 150w, https:\/\/www.vape4wholesale.com\/wp-content\/uploads\/2023\/08\/Elf-Bar-PI9000-Disposable-Vape-Wholesale-overview-768x768.jpg 768w\" sizes=\"auto, (max-width: 800px) 100vw, 800px\" \/><\/p>","protected":false},"excerpt":{"rendered":"[scf-template id=&#8217;11434&#8242;]\n<p>100% Original Elf Bar with QR Code<\/p>\n","protected":false},"featured_media":14162,"comment_status":"open","ping_status":"closed","template":"","meta":[],"pwb-brand":[1278],"product_cat":[870],"product_tag":[24,60,336,574,22],"class_list":{"0":"post-14157","1":"product","2":"type-product","3":"status-publish","4":"has-post-thumbnail","6":"pwb-brand-elf-bar","7":"product_cat-8000-10000-puffs","8":"product_tag-wholesale","9":"product_tag-elf-bar","10":"product_tag-9000-puffs","11":"product_tag-19-0ml","12":"product_tag-disposable","14":"first","15":"outofstock","16":"shipping-taxable","17":"purchasable","18":"product-type-variable"},"aioseo_notices":[],"brands":[{"id":1278,"name":"Bar \u00e0 elfes","slug":"bar-des-elfes"}],"_links":{"self":[{"href":"https:\/\/www.vape4wholesale.com\/fr\/wp-json\/wp\/v2\/product\/14157","targetHints":{"allow":["GET"]}}],"collection":[{"href":"https:\/\/www.vape4wholesale.com\/fr\/wp-json\/wp\/v2\/product"}],"about":[{"href":"https:\/\/www.vape4wholesale.com\/fr\/wp-json\/wp\/v2\/types\/product"}],"replies":[{"embeddable":true,"href":"https:\/\/www.vape4wholesale.com\/fr\/wp-json\/wp\/v2\/comments?post=14157"}],"wp:featuredmedia":[{"embeddable":true,"href":"https:\/\/www.vape4wholesale.com\/fr\/wp-json\/wp\/v2\/media\/14162"}],"wp:attachment":[{"href":"https:\/\/www.vape4wholesale.com\/fr\/wp-json\/wp\/v2\/media?parent=14157"}],"wp:term":[{"taxonomy":"pwb-brand","embeddable":true,"href":"https:\/\/www.vape4wholesale.com\/fr\/wp-json\/wp\/v2\/pwb-brand?post=14157"},{"taxonomy":"product_cat","embeddable":true,"href":"https:\/\/www.vape4wholesale.com\/fr\/wp-json\/wp\/v2\/product_cat?post=14157"},{"taxonomy":"product_tag","embeddable":true,"href":"https:\/\/www.vape4wholesale.com\/fr\/wp-json\/wp\/v2\/product_tag?post=14157"}],"curies":[{"name":"wp","href":"https:\/\/api.w.org\/{rel}","templated":true}]}}