{"id":14107,"date":"2023-08-13T12:32:13","date_gmt":"2023-08-13T04:32:13","guid":{"rendered":"https:\/\/www.vape4wholesale.com\/?post_type=product&#038;p=14107"},"modified":"2026-01-26T13:42:27","modified_gmt":"2026-01-26T13:42:27","slug":"bang-bc5000-box-disposable-vape-wholesale","status":"publish","type":"product","link":"https:\/\/www.vape4wholesale.com\/fr\/product\/bang-bc5000-box-disposable-vape-wholesale","title":{"rendered":"Bang BC5000 Box Disposable Vape Wholesale"},"content":{"rendered":"<p>La Bang BC5000 Box est la deuxi\u00e8me g\u00e9n\u00e9ration am\u00e9lior\u00e9e par rapport \u00e0 l'ancienne version, elle est \u00e9quip\u00e9e d'une batterie int\u00e9gr\u00e9e de 650mah avec 13ml d'eliquide, le taux de nicotine est de 5%, elle supporte un maximum de 5000 bouff\u00e9es.<\/p>\n<h2>Bang BC5000 Box Vape jetable Quick Detail<\/h2>\n<ol>\n<li>Puffs : 5000<\/li>\n<li>Sel de nicotine : 5%<\/li>\n<li>Capacit\u00e9 d'Eliquide : 13ML<\/li>\n<li>R\u00e9sistance : 1,2 ohm Mesh<\/li>\n<li>Poids du corps : 52g<\/li>\n<li>Taille du carton : 52.3*38*28.5cm<\/li>\n<li>Poids du carton : 16.5kg\/ 300 PCS<\/li>\n<li>Port de charge : Type C<\/li>\n<\/ol>\n<h2>Saveurs<\/h2>\n<ol>\n<li>Glace Blue Razz<\/li>\n<li>Glace aux myrtilles<\/li>\n<li>Myrtille Citron<\/li>\n<li>Cola Ice<\/li>\n<li>L'\u00e9nergie<\/li>\n<li>Ours en gomme<\/li>\n<li>Kiwi Fruit de la passion Goyave<\/li>\n<li>Menthe citronn\u00e9e<\/li>\n<li>Mangue P\u00eache<\/li>\n<li>Jus d'orange<\/li>\n<li>Glace \u00e0 la p\u00eache<\/li>\n<li>P\u00eache Mangue Past\u00e8que<\/li>\n<li>Ananas noix de coco<\/li>\n<li>Raisin Sakura<\/li>\n<li>Pomme acide Framboise<\/li>\n<li>Fraise et banane<\/li>\n<li>Glace \u00e0 la fraise<\/li>\n<li>Fraise Kiwi<\/li>\n<li>Fraise Mangue<\/li>\n<li>Past\u00e8que \u00e0 la fraise<\/li>\n<li>Triple baies<\/li>\n<li>L'explosion de l'arc-en-ciel tropical<\/li>\n<li>Gomme \u00e0 m\u00e2cher \u00e0 la past\u00e8que<\/li>\n<li>Glace \u00e0 la past\u00e8que<\/li>\n<\/ol>\n<p><img loading=\"lazy\" decoding=\"async\" class=\"alignnone size-full wp-image-14134\" title=\"Bang BC5000 BOX Disposable Vape Wholesale All Flavors\" src=\"https:\/\/www.vape4wholesale.com\/wp-content\/uploads\/2023\/08\/Bang-BC5000-BOX-Disposable-Vape-Wholesale-All-Flavors.webp\" alt=\"Bang BC5000 BOX Disposable Vape Wholesale All Flavors\" width=\"1280\" height=\"1414\" srcset=\"https:\/\/www.vape4wholesale.com\/wp-content\/uploads\/2023\/08\/Bang-BC5000-BOX-Disposable-Vape-Wholesale-All-Flavors.webp 1280w, https:\/\/www.vape4wholesale.com\/wp-content\/uploads\/2023\/08\/Bang-BC5000-BOX-Disposable-Vape-Wholesale-All-Flavors-510x563.webp 510w, https:\/\/www.vape4wholesale.com\/wp-content\/uploads\/2023\/08\/Bang-BC5000-BOX-Disposable-Vape-Wholesale-All-Flavors-64x71.webp 64w, https:\/\/www.vape4wholesale.com\/wp-content\/uploads\/2023\/08\/Bang-BC5000-BOX-Disposable-Vape-Wholesale-All-Flavors-272x300.webp 272w, https:\/\/www.vape4wholesale.com\/wp-content\/uploads\/2023\/08\/Bang-BC5000-BOX-Disposable-Vape-Wholesale-All-Flavors-927x1024.webp 927w, https:\/\/www.vape4wholesale.com\/wp-content\/uploads\/2023\/08\/Bang-BC5000-BOX-Disposable-Vape-Wholesale-All-Flavors-768x848.webp 768w\" sizes=\"auto, (max-width: 1280px) 100vw, 1280px\" \/> <img loading=\"lazy\" decoding=\"async\" class=\"size-full wp-image-14135 aligncenter\" title=\"Bang BC5000 BOX DISPOSABLE VAPE WHOLESALE\" src=\"https:\/\/www.vape4wholesale.com\/wp-content\/uploads\/2023\/08\/Bang-BC5000-BOX-DISPOSABLE-VAPE-WHOLESALE.jpg\" alt=\"Bang BC5000 BOX DISPOSABLE VAPE WHOLESALE\" width=\"800\" height=\"800\" srcset=\"https:\/\/www.vape4wholesale.com\/wp-content\/uploads\/2023\/08\/Bang-BC5000-BOX-DISPOSABLE-VAPE-WHOLESALE.jpg 800w, https:\/\/www.vape4wholesale.com\/wp-content\/uploads\/2023\/08\/Bang-BC5000-BOX-DISPOSABLE-VAPE-WHOLESALE-247x247.jpg 247w, https:\/\/www.vape4wholesale.com\/wp-content\/uploads\/2023\/08\/Bang-BC5000-BOX-DISPOSABLE-VAPE-WHOLESALE-100x100.jpg 100w, https:\/\/www.vape4wholesale.com\/wp-content\/uploads\/2023\/08\/Bang-BC5000-BOX-DISPOSABLE-VAPE-WHOLESALE-510x510.jpg 510w, https:\/\/www.vape4wholesale.com\/wp-content\/uploads\/2023\/08\/Bang-BC5000-BOX-DISPOSABLE-VAPE-WHOLESALE-64x64.jpg 64w, https:\/\/www.vape4wholesale.com\/wp-content\/uploads\/2023\/08\/Bang-BC5000-BOX-DISPOSABLE-VAPE-WHOLESALE-300x300.jpg 300w, https:\/\/www.vape4wholesale.com\/wp-content\/uploads\/2023\/08\/Bang-BC5000-BOX-DISPOSABLE-VAPE-WHOLESALE-150x150.jpg 150w, https:\/\/www.vape4wholesale.com\/wp-content\/uploads\/2023\/08\/Bang-BC5000-BOX-DISPOSABLE-VAPE-WHOLESALE-768x768.jpg 768w\" sizes=\"auto, (max-width: 800px) 100vw, 800px\" \/> <img loading=\"lazy\" decoding=\"async\" class=\"size-full wp-image-14133 aligncenter\" title=\"Bang VAPE BC5000 BOX VAPE WHOLESALE\" src=\"https:\/\/www.vape4wholesale.com\/wp-content\/uploads\/2023\/08\/Bang-VAPE-BC5000-BOX-VAPE-WHOLESALE.jpg\" alt=\"Bang VAPE BC5000 BOX VAPE WHOLESALE\" width=\"800\" height=\"800\" srcset=\"https:\/\/www.vape4wholesale.com\/wp-content\/uploads\/2023\/08\/Bang-VAPE-BC5000-BOX-VAPE-WHOLESALE.jpg 800w, https:\/\/www.vape4wholesale.com\/wp-content\/uploads\/2023\/08\/Bang-VAPE-BC5000-BOX-VAPE-WHOLESALE-247x247.jpg 247w, https:\/\/www.vape4wholesale.com\/wp-content\/uploads\/2023\/08\/Bang-VAPE-BC5000-BOX-VAPE-WHOLESALE-100x100.jpg 100w, https:\/\/www.vape4wholesale.com\/wp-content\/uploads\/2023\/08\/Bang-VAPE-BC5000-BOX-VAPE-WHOLESALE-510x510.jpg 510w, https:\/\/www.vape4wholesale.com\/wp-content\/uploads\/2023\/08\/Bang-VAPE-BC5000-BOX-VAPE-WHOLESALE-64x64.jpg 64w, https:\/\/www.vape4wholesale.com\/wp-content\/uploads\/2023\/08\/Bang-VAPE-BC5000-BOX-VAPE-WHOLESALE-300x300.jpg 300w, https:\/\/www.vape4wholesale.com\/wp-content\/uploads\/2023\/08\/Bang-VAPE-BC5000-BOX-VAPE-WHOLESALE-150x150.jpg 150w, https:\/\/www.vape4wholesale.com\/wp-content\/uploads\/2023\/08\/Bang-VAPE-BC5000-BOX-VAPE-WHOLESALE-768x768.jpg 768w\" sizes=\"auto, (max-width: 800px) 100vw, 800px\" \/> <img loading=\"lazy\" decoding=\"async\" class=\"size-full wp-image-14132 aligncenter\" title=\"Bang BC5000 BOX VAPE Wholesale\" src=\"https:\/\/www.vape4wholesale.com\/wp-content\/uploads\/2023\/08\/Bang-BC5000-BOX-VAPE-Wholesale.jpg\" alt=\"Bang BC5000 BOX VAPE Wholesale\" width=\"800\" height=\"800\" srcset=\"https:\/\/www.vape4wholesale.com\/wp-content\/uploads\/2023\/08\/Bang-BC5000-BOX-VAPE-Wholesale.jpg 800w, https:\/\/www.vape4wholesale.com\/wp-content\/uploads\/2023\/08\/Bang-BC5000-BOX-VAPE-Wholesale-247x247.jpg 247w, https:\/\/www.vape4wholesale.com\/wp-content\/uploads\/2023\/08\/Bang-BC5000-BOX-VAPE-Wholesale-100x100.jpg 100w, https:\/\/www.vape4wholesale.com\/wp-content\/uploads\/2023\/08\/Bang-BC5000-BOX-VAPE-Wholesale-510x510.jpg 510w, https:\/\/www.vape4wholesale.com\/wp-content\/uploads\/2023\/08\/Bang-BC5000-BOX-VAPE-Wholesale-64x64.jpg 64w, https:\/\/www.vape4wholesale.com\/wp-content\/uploads\/2023\/08\/Bang-BC5000-BOX-VAPE-Wholesale-300x300.jpg 300w, https:\/\/www.vape4wholesale.com\/wp-content\/uploads\/2023\/08\/Bang-BC5000-BOX-VAPE-Wholesale-150x150.jpg 150w, https:\/\/www.vape4wholesale.com\/wp-content\/uploads\/2023\/08\/Bang-BC5000-BOX-VAPE-Wholesale-768x768.jpg 768w\" sizes=\"auto, (max-width: 800px) 100vw, 800px\" \/><\/p>\n<div class=\"accordion\">\n\t<div id=\"accordion-1447183445\" class=\"accordion-item\">\n\t\t<a id=\"accordion-1447183445-label\" class=\"accordion-title plain\" href=\"#accordion-item-new-flavors\" aria-expanded=\"false\" aria-controls=\"accordion-1447183445-content\">\n\t\t\t<button class=\"toggle\" aria-label=\"Basculer\"><i class=\"icon-angle-down\" aria-hidden=\"true\"><\/i><\/button>\n\t\t\t<span>Nouvelles saveurs<\/span>\n\t\t<\/a>\n\t\t<div id=\"accordion-1447183445-content\" class=\"accordion-inner\" aria-labelledby=\"accordion-1447183445-label\">\n\t\t\t\n<table width=\"295\">\n<tbody>\n<tr>\n<td width=\"295\">Glace du dragon noir<\/td>\n<\/tr>\n<tr>\n<td>Glace Blue Razz<\/td>\n<\/tr>\n<tr>\n<td>Glace aux myrtilles<\/td>\n<\/tr>\n<tr>\n<td>Cola Ice<\/td>\n<\/tr>\n<tr>\n<td>L'\u00e9nergie<\/td>\n<\/tr>\n<tr>\n<td>Ours en gomme<\/td>\n<\/tr>\n<tr>\n<td>Kiwi Fruit de la passion Goyave<\/td>\n<\/tr>\n<tr>\n<td>Mangue P\u00eache<\/td>\n<\/tr>\n<tr>\n<td>Glace \u00e0 la mangue mexicaine<\/td>\n<\/tr>\n<tr>\n<td>Monnaie de Miami<\/td>\n<\/tr>\n<tr>\n<td>Baies m\u00e9lang\u00e9es<\/td>\n<\/tr>\n<tr>\n<td>Jus d'orange<\/td>\n<\/tr>\n<tr>\n<td>Glace \u00e0 la p\u00eache<\/td>\n<\/tr>\n<tr>\n<td>Raisin Sakura<\/td>\n<\/tr>\n<tr>\n<td>Pomme acide Framboise<\/td>\n<\/tr>\n<tr>\n<td>Fraise et banane<\/td>\n<\/tr>\n<tr>\n<td>Glace \u00e0 la fraise<\/td>\n<\/tr>\n<tr>\n<td>Fraise Kiwi<\/td>\n<\/tr>\n<tr>\n<td>Fraise Mangue<\/td>\n<\/tr>\n<tr>\n<td>Past\u00e8que \u00e0 la fraise<\/td>\n<\/tr>\n<tr>\n<td>Glace aux trois baies<\/td>\n<\/tr>\n<tr>\n<td>L'explosion de l'arc-en-ciel tropical<\/td>\n<\/tr>\n<tr>\n<td>Gomme \u00e0 m\u00e2cher \u00e0 la past\u00e8que<\/td>\n<\/tr>\n<tr>\n<td>Glace \u00e0 la past\u00e8que<\/td>\n<\/tr>\n<\/tbody>\n<\/table>\n\t\t<\/div>\n\t<\/div>\n\t\n<\/div>","protected":false},"excerpt":{"rendered":"[scf-template id=&#8217;11434&#8242;]\n<p>This product is recently out of stock, please click the link below to order another similar product!<\/p>\n<p>https:\/\/www.vape4wholesale.com\/product\/bang-bc5000-disposable-vape-wholesale<\/p>\n","protected":false},"featured_media":14135,"comment_status":"open","ping_status":"closed","template":"","meta":[],"pwb-brand":[1275],"product_cat":[869],"product_tag":[249,285,22,24,189],"class_list":{"0":"post-14107","1":"product","2":"type-product","3":"status-publish","4":"has-post-thumbnail","6":"pwb-brand-bang","7":"product_cat-5000-8000-puffs","8":"product_tag-bang","9":"product_tag-13-0ml","10":"product_tag-disposable","11":"product_tag-wholesale","12":"product_tag-5000-puffs","13":"wcpa_has_options","15":"first","16":"outofstock","17":"shipping-taxable","18":"purchasable","19":"product-type-variable"},"aioseo_notices":[],"brands":[{"id":1275,"name":"Bang","slug":"coup"}],"_links":{"self":[{"href":"https:\/\/www.vape4wholesale.com\/fr\/wp-json\/wp\/v2\/product\/14107","targetHints":{"allow":["GET"]}}],"collection":[{"href":"https:\/\/www.vape4wholesale.com\/fr\/wp-json\/wp\/v2\/product"}],"about":[{"href":"https:\/\/www.vape4wholesale.com\/fr\/wp-json\/wp\/v2\/types\/product"}],"replies":[{"embeddable":true,"href":"https:\/\/www.vape4wholesale.com\/fr\/wp-json\/wp\/v2\/comments?post=14107"}],"wp:featuredmedia":[{"embeddable":true,"href":"https:\/\/www.vape4wholesale.com\/fr\/wp-json\/wp\/v2\/media\/14135"}],"wp:attachment":[{"href":"https:\/\/www.vape4wholesale.com\/fr\/wp-json\/wp\/v2\/media?parent=14107"}],"wp:term":[{"taxonomy":"pwb-brand","embeddable":true,"href":"https:\/\/www.vape4wholesale.com\/fr\/wp-json\/wp\/v2\/pwb-brand?post=14107"},{"taxonomy":"product_cat","embeddable":true,"href":"https:\/\/www.vape4wholesale.com\/fr\/wp-json\/wp\/v2\/product_cat?post=14107"},{"taxonomy":"product_tag","embeddable":true,"href":"https:\/\/www.vape4wholesale.com\/fr\/wp-json\/wp\/v2\/product_tag?post=14107"}],"curies":[{"name":"wp","href":"https:\/\/api.w.org\/{rel}","templated":true}]}}