{"id":13984,"date":"2023-07-06T00:00:58","date_gmt":"2023-07-05T16:00:58","guid":{"rendered":"https:\/\/www.vape4wholesale.com\/?post_type=product&#038;p=13984"},"modified":"2026-01-26T13:42:31","modified_gmt":"2026-01-26T13:42:31","slug":"bang-king-12000-puffs-jetable-vape-wholesale","status":"publish","type":"product","link":"https:\/\/www.vape4wholesale.com\/fr\/product\/bang-king-12000-puffs-disposable-vape-wholesale","title":{"rendered":"Bang King 12000 bouff\u00e9es Vape jetable en gros"},"content":{"rendered":"<p>Le Bang King 12000 est un vape jetable solide&amp; \u00e9norme, qui a gagn\u00e9 en popularit\u00e9 pour sa capacit\u00e9 extraordinaire, ses performances gustatives et sa vaste s\u00e9lection de sens. De nombreux fans consid\u00e8rent que la marque Bang Vape offre certains des meilleurs sens du march\u00e9.<\/p>\n<p>Le Bang King 12000 offre une vari\u00e9t\u00e9 de 10 saveurs, disponibles dans les options 5%, 3%, et 0%. Le Bang King 12000 a une \u00e9tonnante capacit\u00e9 d'e-liquide de 23 ml et jusqu'\u00e0 12000 bouff\u00e9es. Cet appareil est aliment\u00e9 par une batterie recyclable de 650 mAh, qui d\u00e9clenche un syst\u00e8me mesh-coil tr\u00e8s performant.<\/p>\n<h2><strong>Bang King 12000 Puffs Vape jetable Sp\u00e9cification<\/strong><\/h2>\n<ul>\n<li>Bouff\u00e9es : Jusqu'\u00e0 12 000<\/li>\n<li>Liquide : 23ml<\/li>\n<li>Nicotine : 0%\/ 3%\/ 5%<\/li>\n<li>Batterie : 650mAh Type-C<\/li>\n<li>Types:Jetable<\/li>\n<li>Poids : 110g\/pi\u00e8ce<\/li>\n<li>Bo\u00eete d'emballage : 10 pi\u00e8ces\/bo\u00eete<\/li>\n<\/ul>\n<p>&nbsp;<\/p>\n<div>\n<div class=\"wmkc-template-12\">\n<h2 class=\"wmkc-white\"><strong>Produits Ar\u00f4mes<\/strong><\/h2>\n<\/div>\n<ol>\n<li>Glace \u00e0 l'ananas et \u00e0 la noix de coco<\/li>\n<li>Past\u00e8que bubblegum<\/li>\n<li>Glace aux trois baies<\/li>\n<li>Glace de p\u00eache<\/li>\n<li>Grenade<\/li>\n<li>Glace bleue<\/li>\n<li>Fraise-melon d'eau<\/li>\n<li>Melon Menthe<\/li>\n<li>Sherbert arc-en-ciel<\/li>\n<li>fraise-mangue<\/li>\n<\/ol>\n<h2><strong>D\u00e9tails de l'emballage<\/strong><\/h2>\n<ul>\n<li>10 PCS\/ Bo\u00eete de pr\u00e9sentation<\/li>\n<li>200 PCS\/ carton principal\/ 24kg<\/li>\n<\/ul>\n<p><img loading=\"lazy\" decoding=\"async\" class=\"alignnone size-full wp-image-13993\" title=\"Bang King 12000 bouff\u00e9es Vape jetable\" src=\"https:\/\/www.vape4wholesale.com\/wp-content\/uploads\/2023\/07\/Bang-King-12000-Puffs-Disposable-Vape.jpg\" alt=\"Bang King 12000 bouff\u00e9es Vape jetable\" width=\"1707\" height=\"1280\" srcset=\"https:\/\/www.vape4wholesale.com\/wp-content\/uploads\/2023\/07\/Bang-King-12000-Puffs-Disposable-Vape.jpg 1707w, https:\/\/www.vape4wholesale.com\/wp-content\/uploads\/2023\/07\/Bang-King-12000-Puffs-Disposable-Vape-510x382.jpg 510w, https:\/\/www.vape4wholesale.com\/wp-content\/uploads\/2023\/07\/Bang-King-12000-Puffs-Disposable-Vape-64x48.jpg 64w, https:\/\/www.vape4wholesale.com\/wp-content\/uploads\/2023\/07\/Bang-King-12000-Puffs-Disposable-Vape-300x225.jpg 300w, https:\/\/www.vape4wholesale.com\/wp-content\/uploads\/2023\/07\/Bang-King-12000-Puffs-Disposable-Vape-1024x768.jpg 1024w, https:\/\/www.vape4wholesale.com\/wp-content\/uploads\/2023\/07\/Bang-King-12000-Puffs-Disposable-Vape-768x576.jpg 768w, https:\/\/www.vape4wholesale.com\/wp-content\/uploads\/2023\/07\/Bang-King-12000-Puffs-Disposable-Vape-1536x1152.jpg 1536w\" sizes=\"auto, (max-width: 1707px) 100vw, 1707px\" \/><\/p>\n<\/div>","protected":false},"excerpt":{"rendered":"[scf-template id=&#8217;11434&#8242;]\n","protected":false},"featured_media":13992,"comment_status":"open","ping_status":"closed","template":"","meta":[],"pwb-brand":[1275],"product_cat":[869],"product_tag":[556,557,22,24,249],"class_list":{"0":"post-13984","1":"product","2":"type-product","3":"status-publish","4":"has-post-thumbnail","6":"pwb-brand-bang","7":"product_cat-5000-8000-puffs","8":"product_tag-12000-puffs","9":"product_tag-23-0ml","10":"product_tag-disposable","11":"product_tag-wholesale","12":"product_tag-bang","13":"wcpa_has_options","15":"first","16":"outofstock","17":"shipping-taxable","18":"purchasable","19":"product-type-variable"},"aioseo_notices":[],"brands":[{"id":1275,"name":"Bang","slug":"coup"}],"_links":{"self":[{"href":"https:\/\/www.vape4wholesale.com\/fr\/wp-json\/wp\/v2\/product\/13984","targetHints":{"allow":["GET"]}}],"collection":[{"href":"https:\/\/www.vape4wholesale.com\/fr\/wp-json\/wp\/v2\/product"}],"about":[{"href":"https:\/\/www.vape4wholesale.com\/fr\/wp-json\/wp\/v2\/types\/product"}],"replies":[{"embeddable":true,"href":"https:\/\/www.vape4wholesale.com\/fr\/wp-json\/wp\/v2\/comments?post=13984"}],"wp:featuredmedia":[{"embeddable":true,"href":"https:\/\/www.vape4wholesale.com\/fr\/wp-json\/wp\/v2\/media\/13992"}],"wp:attachment":[{"href":"https:\/\/www.vape4wholesale.com\/fr\/wp-json\/wp\/v2\/media?parent=13984"}],"wp:term":[{"taxonomy":"pwb-brand","embeddable":true,"href":"https:\/\/www.vape4wholesale.com\/fr\/wp-json\/wp\/v2\/pwb-brand?post=13984"},{"taxonomy":"product_cat","embeddable":true,"href":"https:\/\/www.vape4wholesale.com\/fr\/wp-json\/wp\/v2\/product_cat?post=13984"},{"taxonomy":"product_tag","embeddable":true,"href":"https:\/\/www.vape4wholesale.com\/fr\/wp-json\/wp\/v2\/product_tag?post=13984"}],"curies":[{"name":"wp","href":"https:\/\/api.w.org\/{rel}","templated":true}]}}