{"id":10173,"date":"2023-06-18T18:51:23","date_gmt":"2023-06-18T10:51:23","guid":{"rendered":"https:\/\/www.vape4wholesale.com\/?post_type=product&#038;p=10173"},"modified":"2026-01-26T13:42:42","modified_gmt":"2026-01-26T13:42:42","slug":"elf-bar-lb5000-jetable-vape-wholesale","status":"publish","type":"product","link":"https:\/\/www.vape4wholesale.com\/fr\/product\/elf-bar-lb5000-disposable-vape-wholesale","title":{"rendered":"Elf Bar LB5000 Disposable Vape Wholesale"},"content":{"rendered":"<p><strong><a title=\"Elf Bar\" href=\"https:\/\/www.vape4wholesale.com\/fr\/marque_du_produit\/bar-des-elfes\/\">Elf Bar<\/a> LB5000<\/strong> Vape jetable Wholesale, Il est aliment\u00e9 par une batterie int\u00e9gr\u00e9e de 650mAh. Il est livr\u00e9 avec une batterie rechargeable de 650mAh et un pod pr\u00e9-rempli de 14ml, supportant un maximum de 5000 bouff\u00e9es, une petite bo\u00eete avec une grande puissance. La garantie d'une exp\u00e9rience jetable de premi\u00e8re qualit\u00e9 lorsque vous choisissez l'awesome the disposable vape ! Une portabilit\u00e9 de poche, une commodit\u00e9 exceptionnelle et un plaisir intense.<\/p>\n<h2>Elf Bar LB5000 Vape jetable D\u00e9tails rapides :<\/h2>\n<ol>\n<li>Marque:ELF BAR<\/li>\n<li>Bouff\u00e9es:5000 bouff\u00e9es sont disponibles par appareil<\/li>\n<li>Nicotine:5%<\/li>\n<li>Capacit\u00e9 de l'e-juice : 14ML<\/li>\n<li>Batterie : 650mAh<\/li>\n<li>Port de charge : Type-C<\/li>\n<\/ol>\n<p>&nbsp;<\/p>\n<h2>Saveurs<\/h2>\n<ul>\n<li>Myrtille Framboise Cerise<\/li>\n<li>Limonade \u00e0 la p\u00eache et \u00e0 la cerise<\/li>\n<li>Cr\u00e8me glac\u00e9e \u00e0 la fraise<\/li>\n<li>Fraise Myrtille Cerise<\/li>\n<li>Glace aux pommes rouges<\/li>\n<li>Glace \u00e0 l'ananas et \u00e0 la noix de coco<\/li>\n<li>Baies m\u00e9lang\u00e9es<\/li>\n<li>Mangue Fruit de la passion<\/li>\n<li>Glace luxuriante<\/li>\n<li>Ours en gomme<\/li>\n<li>Glace raisin-pomme<\/li>\n<li>L'\u00e9nergie<\/li>\n<li>Soda aux canneberges<\/li>\n<li>Barbe \u00e0 papa<\/li>\n<\/ul>\n<p>&nbsp;<\/p>\n<h2>Paquet<\/h2>\n<p>0.068KG\/ PC, 1\/Box, 10\/ Case<\/p>\n<p>200\/ Carton, 13.6KG.<\/p>\n<p><img loading=\"lazy\" decoding=\"async\" class=\"alignnone size-full wp-image-11676\" title=\"Elf Bar LB5000 Vape Wholesale Vue d&#039;ensemble\" src=\"https:\/\/www.vape4wholesale.com\/wp-content\/uploads\/2023\/06\/Elf-Bar-LB5000-Vape-Wholesale-Overview.jpg\" alt=\"Elf Bar LB5000 Vape Wholesale Vue d&#039;ensemble\" width=\"800\" height=\"800\" srcset=\"https:\/\/www.vape4wholesale.com\/wp-content\/uploads\/2023\/06\/Elf-Bar-LB5000-Vape-Wholesale-Overview.jpg 800w, https:\/\/www.vape4wholesale.com\/wp-content\/uploads\/2023\/06\/Elf-Bar-LB5000-Vape-Wholesale-Overview-247x247.jpg 247w, https:\/\/www.vape4wholesale.com\/wp-content\/uploads\/2023\/06\/Elf-Bar-LB5000-Vape-Wholesale-Overview-100x100.jpg 100w, https:\/\/www.vape4wholesale.com\/wp-content\/uploads\/2023\/06\/Elf-Bar-LB5000-Vape-Wholesale-Overview-510x510.jpg 510w, https:\/\/www.vape4wholesale.com\/wp-content\/uploads\/2023\/06\/Elf-Bar-LB5000-Vape-Wholesale-Overview-64x64.jpg 64w, https:\/\/www.vape4wholesale.com\/wp-content\/uploads\/2023\/06\/Elf-Bar-LB5000-Vape-Wholesale-Overview-300x300.jpg 300w, https:\/\/www.vape4wholesale.com\/wp-content\/uploads\/2023\/06\/Elf-Bar-LB5000-Vape-Wholesale-Overview-150x150.jpg 150w, https:\/\/www.vape4wholesale.com\/wp-content\/uploads\/2023\/06\/Elf-Bar-LB5000-Vape-Wholesale-Overview-768x768.jpg 768w\" sizes=\"auto, (max-width: 800px) 100vw, 800px\" \/> <img loading=\"lazy\" decoding=\"async\" class=\"alignnone size-full wp-image-11675\" title=\"Elf Bar LB5000 Vape en gros Baies m\u00e9lang\u00e9es\" src=\"https:\/\/www.vape4wholesale.com\/wp-content\/uploads\/2023\/06\/Elf-Bar-LB5000-Vape-Wholesale-Mixed-Berries.jpg\" alt=\"Elf Bar LB5000 Vape en gros Baies m\u00e9lang\u00e9es\" width=\"800\" height=\"800\" srcset=\"https:\/\/www.vape4wholesale.com\/wp-content\/uploads\/2023\/06\/Elf-Bar-LB5000-Vape-Wholesale-Mixed-Berries.jpg 800w, https:\/\/www.vape4wholesale.com\/wp-content\/uploads\/2023\/06\/Elf-Bar-LB5000-Vape-Wholesale-Mixed-Berries-247x247.jpg 247w, https:\/\/www.vape4wholesale.com\/wp-content\/uploads\/2023\/06\/Elf-Bar-LB5000-Vape-Wholesale-Mixed-Berries-100x100.jpg 100w, https:\/\/www.vape4wholesale.com\/wp-content\/uploads\/2023\/06\/Elf-Bar-LB5000-Vape-Wholesale-Mixed-Berries-510x510.jpg 510w, https:\/\/www.vape4wholesale.com\/wp-content\/uploads\/2023\/06\/Elf-Bar-LB5000-Vape-Wholesale-Mixed-Berries-64x64.jpg 64w, https:\/\/www.vape4wholesale.com\/wp-content\/uploads\/2023\/06\/Elf-Bar-LB5000-Vape-Wholesale-Mixed-Berries-300x300.jpg 300w, https:\/\/www.vape4wholesale.com\/wp-content\/uploads\/2023\/06\/Elf-Bar-LB5000-Vape-Wholesale-Mixed-Berries-150x150.jpg 150w, https:\/\/www.vape4wholesale.com\/wp-content\/uploads\/2023\/06\/Elf-Bar-LB5000-Vape-Wholesale-Mixed-Berries-768x768.jpg 768w\" sizes=\"auto, (max-width: 800px) 100vw, 800px\" \/> <img loading=\"lazy\" decoding=\"async\" class=\"alignnone size-full wp-image-11674\" title=\"Elf Bar LB5000 Vape en Gros Mangue Fruit de la Passion\" src=\"https:\/\/www.vape4wholesale.com\/wp-content\/uploads\/2023\/06\/Elf-Bar-LB5000-Vape-Wholesale-Mango-Passion-Fruit.jpg\" alt=\"Elf Bar LB5000 Vape en Gros Mangue Fruit de la Passion\" width=\"800\" height=\"800\" srcset=\"https:\/\/www.vape4wholesale.com\/wp-content\/uploads\/2023\/06\/Elf-Bar-LB5000-Vape-Wholesale-Mango-Passion-Fruit.jpg 800w, https:\/\/www.vape4wholesale.com\/wp-content\/uploads\/2023\/06\/Elf-Bar-LB5000-Vape-Wholesale-Mango-Passion-Fruit-247x247.jpg 247w, https:\/\/www.vape4wholesale.com\/wp-content\/uploads\/2023\/06\/Elf-Bar-LB5000-Vape-Wholesale-Mango-Passion-Fruit-100x100.jpg 100w, https:\/\/www.vape4wholesale.com\/wp-content\/uploads\/2023\/06\/Elf-Bar-LB5000-Vape-Wholesale-Mango-Passion-Fruit-510x510.jpg 510w, https:\/\/www.vape4wholesale.com\/wp-content\/uploads\/2023\/06\/Elf-Bar-LB5000-Vape-Wholesale-Mango-Passion-Fruit-64x64.jpg 64w, https:\/\/www.vape4wholesale.com\/wp-content\/uploads\/2023\/06\/Elf-Bar-LB5000-Vape-Wholesale-Mango-Passion-Fruit-300x300.jpg 300w, https:\/\/www.vape4wholesale.com\/wp-content\/uploads\/2023\/06\/Elf-Bar-LB5000-Vape-Wholesale-Mango-Passion-Fruit-150x150.jpg 150w, https:\/\/www.vape4wholesale.com\/wp-content\/uploads\/2023\/06\/Elf-Bar-LB5000-Vape-Wholesale-Mango-Passion-Fruit-768x768.jpg 768w\" sizes=\"auto, (max-width: 800px) 100vw, 800px\" \/> <img loading=\"lazy\" decoding=\"async\" class=\"alignnone size-full wp-image-11673\" title=\"Elf Bar LB5000 Vape Wholesale Lush Ice\" src=\"https:\/\/www.vape4wholesale.com\/wp-content\/uploads\/2023\/06\/Elf-Bar-LB5000-Vape-Wholesale-Lush-Ice.jpg\" alt=\"Elf Bar LB5000 Vape Wholesale Lush Ice\" width=\"800\" height=\"800\" srcset=\"https:\/\/www.vape4wholesale.com\/wp-content\/uploads\/2023\/06\/Elf-Bar-LB5000-Vape-Wholesale-Lush-Ice.jpg 800w, https:\/\/www.vape4wholesale.com\/wp-content\/uploads\/2023\/06\/Elf-Bar-LB5000-Vape-Wholesale-Lush-Ice-247x247.jpg 247w, https:\/\/www.vape4wholesale.com\/wp-content\/uploads\/2023\/06\/Elf-Bar-LB5000-Vape-Wholesale-Lush-Ice-100x100.jpg 100w, https:\/\/www.vape4wholesale.com\/wp-content\/uploads\/2023\/06\/Elf-Bar-LB5000-Vape-Wholesale-Lush-Ice-510x510.jpg 510w, https:\/\/www.vape4wholesale.com\/wp-content\/uploads\/2023\/06\/Elf-Bar-LB5000-Vape-Wholesale-Lush-Ice-64x64.jpg 64w, https:\/\/www.vape4wholesale.com\/wp-content\/uploads\/2023\/06\/Elf-Bar-LB5000-Vape-Wholesale-Lush-Ice-300x300.jpg 300w, https:\/\/www.vape4wholesale.com\/wp-content\/uploads\/2023\/06\/Elf-Bar-LB5000-Vape-Wholesale-Lush-Ice-150x150.jpg 150w, https:\/\/www.vape4wholesale.com\/wp-content\/uploads\/2023\/06\/Elf-Bar-LB5000-Vape-Wholesale-Lush-Ice-768x768.jpg 768w\" sizes=\"auto, (max-width: 800px) 100vw, 800px\" \/> <img loading=\"lazy\" decoding=\"async\" class=\"alignnone size-full wp-image-11672\" title=\"Elf Bar LB5000 Vape Wholesale Gummy Bear\" src=\"https:\/\/www.vape4wholesale.com\/wp-content\/uploads\/2023\/06\/Elf-Bar-LB5000-Vape-Wholesale-Gummy-Bear.jpg\" alt=\"Elf Bar LB5000 Vape Wholesale Gummy Bear\" width=\"800\" height=\"800\" srcset=\"https:\/\/www.vape4wholesale.com\/wp-content\/uploads\/2023\/06\/Elf-Bar-LB5000-Vape-Wholesale-Gummy-Bear.jpg 800w, https:\/\/www.vape4wholesale.com\/wp-content\/uploads\/2023\/06\/Elf-Bar-LB5000-Vape-Wholesale-Gummy-Bear-247x247.jpg 247w, https:\/\/www.vape4wholesale.com\/wp-content\/uploads\/2023\/06\/Elf-Bar-LB5000-Vape-Wholesale-Gummy-Bear-100x100.jpg 100w, https:\/\/www.vape4wholesale.com\/wp-content\/uploads\/2023\/06\/Elf-Bar-LB5000-Vape-Wholesale-Gummy-Bear-510x510.jpg 510w, https:\/\/www.vape4wholesale.com\/wp-content\/uploads\/2023\/06\/Elf-Bar-LB5000-Vape-Wholesale-Gummy-Bear-64x64.jpg 64w, https:\/\/www.vape4wholesale.com\/wp-content\/uploads\/2023\/06\/Elf-Bar-LB5000-Vape-Wholesale-Gummy-Bear-300x300.jpg 300w, https:\/\/www.vape4wholesale.com\/wp-content\/uploads\/2023\/06\/Elf-Bar-LB5000-Vape-Wholesale-Gummy-Bear-150x150.jpg 150w, https:\/\/www.vape4wholesale.com\/wp-content\/uploads\/2023\/06\/Elf-Bar-LB5000-Vape-Wholesale-Gummy-Bear-768x768.jpg 768w\" sizes=\"auto, (max-width: 800px) 100vw, 800px\" \/><\/p>","protected":false},"excerpt":{"rendered":"[scf-template id=&#8217;11434&#8242;]\n","protected":false},"featured_media":11666,"comment_status":"open","ping_status":"closed","template":"","meta":[],"pwb-brand":[1278],"product_cat":[869],"product_tag":[22,24,60,177,189],"class_list":{"0":"post-10173","1":"product","2":"type-product","3":"status-publish","4":"has-post-thumbnail","6":"pwb-brand-elf-bar","7":"product_cat-5000-8000-puffs","8":"product_tag-disposable","9":"product_tag-wholesale","10":"product_tag-elf-bar","11":"product_tag-14-0ml","12":"product_tag-5000-puffs","14":"first","15":"outofstock","16":"shipping-taxable","17":"purchasable","18":"product-type-variable"},"aioseo_notices":[],"brands":[{"id":1278,"name":"Bar \u00e0 elfes","slug":"bar-des-elfes"}],"_links":{"self":[{"href":"https:\/\/www.vape4wholesale.com\/fr\/wp-json\/wp\/v2\/product\/10173","targetHints":{"allow":["GET"]}}],"collection":[{"href":"https:\/\/www.vape4wholesale.com\/fr\/wp-json\/wp\/v2\/product"}],"about":[{"href":"https:\/\/www.vape4wholesale.com\/fr\/wp-json\/wp\/v2\/types\/product"}],"replies":[{"embeddable":true,"href":"https:\/\/www.vape4wholesale.com\/fr\/wp-json\/wp\/v2\/comments?post=10173"}],"wp:featuredmedia":[{"embeddable":true,"href":"https:\/\/www.vape4wholesale.com\/fr\/wp-json\/wp\/v2\/media\/11666"}],"wp:attachment":[{"href":"https:\/\/www.vape4wholesale.com\/fr\/wp-json\/wp\/v2\/media?parent=10173"}],"wp:term":[{"taxonomy":"pwb-brand","embeddable":true,"href":"https:\/\/www.vape4wholesale.com\/fr\/wp-json\/wp\/v2\/pwb-brand?post=10173"},{"taxonomy":"product_cat","embeddable":true,"href":"https:\/\/www.vape4wholesale.com\/fr\/wp-json\/wp\/v2\/product_cat?post=10173"},{"taxonomy":"product_tag","embeddable":true,"href":"https:\/\/www.vape4wholesale.com\/fr\/wp-json\/wp\/v2\/product_tag?post=10173"}],"curies":[{"name":"wp","href":"https:\/\/api.w.org\/{rel}","templated":true}]}}