{"id":3,"date":"2023-06-25T07:03:21","date_gmt":"2023-06-25T07:03:21","guid":{"rendered":"https:\/\/www.vape4wholesale.com\/?page_id=3"},"modified":"2023-06-25T14:23:51","modified_gmt":"2023-06-25T14:23:51","slug":"politique-de-confidentialite","status":"publish","type":"page","link":"https:\/\/www.vape4wholesale.com\/fr\/politique-de-confidentialite","title":{"rendered":"Politique de confidentialit\u00e9"},"content":{"rendered":"<p><strong><b>Quelles sont les informations que nous recueillons ?<\/b><\/strong><\/p>\n<p>Nous recueillons des informations aupr\u00e8s de vous lorsque vous vous inscrivez sur le site, passez une commande, participez \u00e0 un concours ou \u00e0 une loterie, r\u00e9pondez \u00e0 une enqu\u00eate ou \u00e0 une communication telle qu'un courrier \u00e9lectronique, ou participez \u00e0 une autre fonction du site. Lors d'une commande ou d'une inscription, nous pouvons vous demander votre nom, votre adresse \u00e9lectronique, votre adresse postale, votre num\u00e9ro de t\u00e9l\u00e9phone, des informations sur votre carte de cr\u00e9dit ou d'autres informations. Vous pouvez toutefois visiter notre site de mani\u00e8re anonyme. Nous recueillons \u00e9galement des informations sur les destinataires des cadeaux afin de pouvoir honorer l'achat du cadeau. Les informations que nous recueillons sur les destinataires des cadeaux ne sont pas utilis\u00e9es \u00e0 des fins de marketing. Comme de nombreux sites web, nous utilisons des \"cookies\" pour am\u00e9liorer votre exp\u00e9rience et recueillir des informations sur les visiteurs et les visites de nos sites web. Veuillez vous reporter \u00e0 la section \"Utilisons-nous des 'cookies' ?\" ci-dessous pour obtenir des informations sur les cookies et la mani\u00e8re dont nous les utilisons.<\/p>\n<p><strong><b>Comment utilisons-nous vos informations ?<\/b><\/strong><\/p>\n<p>Nous pouvons utiliser les informations que nous recueillons aupr\u00e8s de vous lorsque vous vous inscrivez, achetez des produits, participez \u00e0 un concours ou \u00e0 une promotion, r\u00e9pondez \u00e0 une enqu\u00eate ou \u00e0 une communication marketing, naviguez sur le site web ou utilisez certaines autres fonctions du site de la mani\u00e8re suivante :<\/p>\n<p>Pour personnaliser votre exp\u00e9rience sur le site et nous permettre de vous proposer le type de contenu et d'offres de produits qui vous int\u00e9ressent le plus.<\/p>\n<p>Pour nous permettre de mieux vous servir en r\u00e9pondant \u00e0 vos demandes de service \u00e0 la client\u00e8le.<\/p>\n<p>Pour traiter rapidement vos transactions.<\/p>\n<p>Pour administrer un concours, une promotion, une enqu\u00eate ou une autre fonction du site.<\/p>\n<p>Si vous avez choisi de recevoir notre lettre d'information par courrier \u00e9lectronique, nous pouvons vous envoyer des courriers \u00e9lectroniques p\u00e9riodiques. Si vous ne souhaitez plus<\/p>\n<p>Si vous n'avez pas choisi de recevoir des courriels promotionnels de notre part, veuillez vous r\u00e9f\u00e9rer \u00e0 la section \"Comment pouvez-vous refuser, supprimer ou modifier les informations que vous nous avez fournies ? Si vous n'avez pas choisi de recevoir des bulletins d'information par courrier \u00e9lectronique, vous ne recevrez pas ces courriers. Les visiteurs qui s'inscrivent ou participent \u00e0 d'autres fonctions du site, telles que les programmes de marketing et le contenu r\u00e9serv\u00e9 aux membres, auront la possibilit\u00e9 de choisir s'ils souhaitent figurer sur notre liste d'adresses \u00e9lectroniques et recevoir des communications par courrier \u00e9lectronique de notre part.<\/p>\n<p><strong><b>Comment prot\u00e9geons-nous les informations relatives aux visiteurs ?<\/b><\/strong><\/p>\n<p>Nous mettons en \u0153uvre une s\u00e9rie de mesures de s\u00e9curit\u00e9 pour pr\u00e9server la s\u00e9curit\u00e9 de vos informations personnelles. Vos informations personnelles sont conserv\u00e9es dans des r\u00e9seaux s\u00e9curis\u00e9s et ne sont accessibles qu'\u00e0 un nombre limit\u00e9 de personnes disposant de droits d'acc\u00e8s sp\u00e9ciaux \u00e0 ces syst\u00e8mes et tenues de pr\u00e9server la confidentialit\u00e9 de ces informations. Lorsque vous passez des commandes ou acc\u00e9dez \u00e0 vos informations personnelles, nous vous proposons d'utiliser un serveur s\u00e9curis\u00e9. Toutes les informations sensibles\/de cr\u00e9dit que vous fournissez sont transmises via la technologie Secure Socket Layer (SSL) et ensuite crypt\u00e9es dans nos bases de donn\u00e9es pour n'\u00eatre accessibles que comme indiqu\u00e9 ci-dessus.<\/p>\n<p><strong><b>Utilisons-nous des \"cookies\" ?<\/b><\/strong><\/p>\n<p>Oui. Les cookies sont de petits fichiers qu'un site ou son fournisseur de services transf\u00e8re sur le disque dur de votre ordinateur par l'interm\u00e9diaire de votre navigateur Web (si vous l'autorisez) et qui permet aux syst\u00e8mes du site ou du fournisseur de services de reconna\u00eetre votre navigateur et de capturer et m\u00e9moriser certaines informations. Par exemple, nous utilisons des cookies pour nous aider \u00e0 m\u00e9moriser et \u00e0 traiter les articles de votre panier d'achat. Ils sont \u00e9galement utilis\u00e9s pour nous aider \u00e0 comprendre vos pr\u00e9f\u00e9rences en fonction de vos activit\u00e9s ant\u00e9rieures ou actuelles sur le site, ce qui nous permet de vous fournir des services am\u00e9lior\u00e9s. Nous utilisons \u00e9galement des cookies pour nous aider \u00e0 compiler des donn\u00e9es globales sur le trafic et l'interaction sur le site afin de pouvoir offrir de meilleures exp\u00e9riences et de meilleurs outils \u00e0 l'avenir.<\/p>\n<p>Nous pouvons faire appel \u00e0 des prestataires de services tiers pour nous aider \u00e0 mieux comprendre les visiteurs de notre site. Ces prestataires de services ne sont pas autoris\u00e9s \u00e0 utiliser les informations collect\u00e9es en notre nom, sauf pour nous aider \u00e0 mener et \u00e0 am\u00e9liorer nos activit\u00e9s.<\/p>\n<p>Vous pouvez choisir que votre ordinateur vous avertisse chaque fois qu'un cookie est envoy\u00e9, ou vous pouvez choisir de d\u00e9sactiver tous les cookies. Pour ce faire, vous pouvez utiliser les param\u00e8tres de votre navigateur (comme Netscape Navigator ou Internet Explorer). Chaque navigateur \u00e9tant l\u00e9g\u00e8rement diff\u00e9rent, consultez le menu d'aide de votre navigateur pour conna\u00eetre la mani\u00e8re correcte de modifier vos cookies. Si vous d\u00e9sactivez les cookies, vous n'aurez pas acc\u00e8s \u00e0 de nombreuses fonctions qui rendent votre exp\u00e9rience du site plus efficace et certains de nos services ne fonctionneront pas correctement. Toutefois, vous pouvez toujours passer des commandes par t\u00e9l\u00e9phone en contactant le service client\u00e8le.<\/p>\n<p><strong><b>Divulguons-nous les informations que nous recueillons \u00e0 des tiers ?<\/b><\/strong><\/p>\n<p>Nous ne vendons pas, n'\u00e9changeons pas et ne transf\u00e9rons pas \u00e0 des tiers vos informations personnelles identifiables sans vous en avertir au pr\u00e9alable, sauf dans les cas d\u00e9crits ci-dessous. Le terme \"parties ext\u00e9rieures\" n'inclut pas vape4wholesale.com. Il n'inclut pas non plus les partenaires d'h\u00e9bergement du site web et les autres parties qui nous aident \u00e0 exploiter notre site web, \u00e0 mener nos affaires ou \u00e0 vous servir, tant que ces parties acceptent de garder ces informations confidentielles. Nous pouvons \u00e9galement divulguer vos informations lorsque nous pensons qu'il est appropri\u00e9 de le faire pour se conformer \u00e0 la loi, appliquer les politiques de notre site ou prot\u00e9ger nos droits, notre propri\u00e9t\u00e9 ou notre s\u00e9curit\u00e9 ou ceux d'autres personnes.<\/p>\n<p>Toutefois, des informations non personnellement identifiables sur les visiteurs peuvent \u00eatre fournies \u00e0 d'autres parties \u00e0 des fins de marketing, de publicit\u00e9 ou autres.<\/p>\n<p><strong><b>Comment pouvez-vous refuser, supprimer ou modifier les informations que vous nous avez fournies ?<\/b><\/strong><\/p>\n<p>Pour modifier vos abonnements aux courriels, veuillez nous en informer en modifiant vos pr\u00e9f\u00e9rences dans la section \"Mon compte\". Veuillez noter qu'en raison du calendrier de production des courriels, il se peut que vous receviez des courriels d\u00e9j\u00e0 en cours de production.<\/p>\n<p>Pour supprimer de notre base de donn\u00e9es toutes les informations relatives \u00e0 votre compte en ligne, connectez-vous \u00e0 la section \"Mon compte\" de notre site et supprimez vos adresses de livraison, de facturation et de paiement. Veuillez noter que nous pouvons conserver des informations sur une transaction de vente individuelle afin d'assurer le service de cette transaction et de conserver des archives.<\/p>\n<p><strong><b>Liens avec des tiers<\/b><\/strong><\/p>\n<p>Dans le but de vous offrir une valeur ajout\u00e9e, nous pouvons inclure des liens vers des sites tiers sur notre site. Ces sites ont des politiques de confidentialit\u00e9 distinctes et ind\u00e9pendantes. Nous ne sommes donc pas responsables du contenu et des activit\u00e9s de ces sites. N\u00e9anmoins, nous cherchons \u00e0 prot\u00e9ger l'int\u00e9grit\u00e9 de notre site et nous accueillons volontiers tout commentaire sur ces sites li\u00e9s (y compris si un lien sp\u00e9cifique ne fonctionne pas).<\/p>\n<p><strong><b>Modifications de notre politique<\/b><\/strong><\/p>\n<p>Si nous d\u00e9cidons de modifier notre politique de confidentialit\u00e9, nous publierons ces modifications sur cette page. Les modifications de la politique ne s'appliqueront qu'aux informations collect\u00e9es apr\u00e8s la date de la modification. Cette politique a \u00e9t\u00e9 modifi\u00e9e pour la derni\u00e8re fois le 6 ao\u00fbt 2003.<\/p>\n<p><strong><b>Questions et commentaires<\/b><\/strong><\/p>\n<p>Vos questions, commentaires et pr\u00e9occupations concernant la protection de la vie priv\u00e9e sont les bienvenus. N'h\u00e9sitez pas \u00e0 nous faire part de vos commentaires sur la protection de la vie priv\u00e9e ou sur tout autre sujet.<\/p>\n<p><strong><b>Politique en ligne uniquement<\/b><\/strong><\/p>\n<p>Cette politique de confidentialit\u00e9 en ligne ne s'applique qu'aux informations collect\u00e9es sur notre site web et non aux informations collect\u00e9es hors ligne.<\/p>\n<p><strong><b>Conditions g\u00e9n\u00e9rales d'utilisation<\/b><\/strong><\/p>\n<p>Veuillez \u00e9galement consulter notre section Conditions g\u00e9n\u00e9rales \u00e9tablissant l'utilisation, les clauses de non-responsabilit\u00e9 et les limitations de responsabilit\u00e9 r\u00e9gissant l'utilisation de notre site web.<\/p>\n<p><strong><b>Votre consentement<\/b><\/strong><\/p>\n<p>En utilisant notre site, vous acceptez notre politique de confidentialit\u00e9.<\/p>","protected":false},"excerpt":{"rendered":"<p>Quelles sont les informations que nous recueillons ? Nous recueillons des informations aupr\u00e8s de vous lorsque vous vous inscrivez sur le site, passez une commande, participez \u00e0 un concours ou \u00e0 une loterie, r\u00e9pondez \u00e0 une enqu\u00eate ou \u00e0 une communication telle qu'un courrier \u00e9lectronique, ou participez \u00e0 une autre fonction du site. Lors d'une commande ou d'une inscription, nous pouvons vous demander votre nom, votre adresse \u00e9lectronique, votre adresse postale, votre num\u00e9ro de t\u00e9l\u00e9phone [...]","protected":false},"author":1,"featured_media":0,"parent":0,"menu_order":0,"comment_status":"closed","ping_status":"open","template":"","meta":{"footnotes":""},"class_list":["post-3","page","type-page","status-publish","hentry"],"aioseo_notices":[],"_links":{"self":[{"href":"https:\/\/www.vape4wholesale.com\/fr\/wp-json\/wp\/v2\/pages\/3","targetHints":{"allow":["GET"]}}],"collection":[{"href":"https:\/\/www.vape4wholesale.com\/fr\/wp-json\/wp\/v2\/pages"}],"about":[{"href":"https:\/\/www.vape4wholesale.com\/fr\/wp-json\/wp\/v2\/types\/page"}],"author":[{"embeddable":true,"href":"https:\/\/www.vape4wholesale.com\/fr\/wp-json\/wp\/v2\/users\/1"}],"replies":[{"embeddable":true,"href":"https:\/\/www.vape4wholesale.com\/fr\/wp-json\/wp\/v2\/comments?post=3"}],"version-history":[{"count":0,"href":"https:\/\/www.vape4wholesale.com\/fr\/wp-json\/wp\/v2\/pages\/3\/revisions"}],"wp:attachment":[{"href":"https:\/\/www.vape4wholesale.com\/fr\/wp-json\/wp\/v2\/media?parent=3"}],"curies":[{"name":"wp","href":"https:\/\/api.w.org\/{rel}","templated":true}]}}