{"id":9844,"date":"2023-05-30T19:22:51","date_gmt":"2023-05-30T11:22:51","guid":{"rendered":"https:\/\/www.vape4wholesale.com\/?post_type=product&#038;p=9844"},"modified":"2026-01-26T13:42:45","modified_gmt":"2026-01-26T13:42:45","slug":"bang-king-9000-puffs-vape-desechable-al-por-mayor","status":"publish","type":"product","link":"https:\/\/www.vape4wholesale.com\/es\/product\/bang-king-9000-puffs-disposable-vape-wholesale","title":{"rendered":"Bang King 9000 Puffs Vape Desechable al por mayor"},"content":{"rendered":"<p>el <strong><a href=\"https:\/\/www.vape4wholesale.com\/es\/marca_producto\/bang\/\">Bang<\/a> Rey 9000<\/strong> es el \u00faltimo vape desechable de moda lanzado por la marca Bang. El vape est\u00e1 empaquetado con elemento deportivo - vaso de agua deportiva, lo que hace Vaper m\u00e1s deportivo y de moda cuando se utiliza este producto. Cuando usted usa una ropa deportiva casual, sosteniendo este producto Bang King 9000 en la mano, se convierte inmediatamente en el foco de atenci\u00f3n, y la combinaci\u00f3n es muy buena.<\/p>\n<h2>Especificaciones Bang King 9000 Vape:<\/h2>\n<p>Puffs:Hasta 9000<br \/>\nCapacidad:20 ml<br \/>\nNicotina:0% \/2% \/3% \/ 5%<br \/>\nBater\u00eda:Bater\u00eda recargable de 800mah<br \/>\nPeso: 90 g\/unidad<br \/>\nCantidad\/caja: 200 unidades\/caja<br \/>\nPeso bruto: 18 KG\/caja<\/p>\n<h2>Sabores:<\/h2>\n<p>1) Menta fresca<br \/>\n2) Hielo de frambuesa y ar\u00e1ndano<br \/>\n3) Mango Melocot\u00f3n<br \/>\n4) Sand\u00eda Stawberry<br \/>\n5) Mango fresa<br \/>\n6) Hielo de sand\u00eda<br \/>\n7) Mezcla de bayas<br \/>\n8) Hielo de uva<br \/>\n9) Manzana \u00e1cida<br \/>\n10) Hielo de fresa<br \/>\n11) Kiwi de fresa<br \/>\n12) Kiwi Fruta de la pasi\u00f3n Guayaba<br \/>\n13) Melocot\u00f3n helado<br \/>\n14) Sr. Azul<br \/>\n15) Sangre de tigre<br \/>\n16) Fresa Pl\u00e1tano<\/p>\n<p><img loading=\"lazy\" decoding=\"async\" class=\"alignnone size-full wp-image-11838\" title=\"BANG King 9000 Vape desechable al por mayor (9)\" src=\"https:\/\/www.vape4wholesale.com\/wp-content\/uploads\/2023\/05\/BANG-King-9000-Disposable-Vape-Wholesale-9.jpg\" alt=\"BANG King 9000 Vape desechable al por mayor (9)\" width=\"730\" height=\"730\" srcset=\"https:\/\/www.vape4wholesale.com\/wp-content\/uploads\/2023\/05\/BANG-King-9000-Disposable-Vape-Wholesale-9.jpg 730w, https:\/\/www.vape4wholesale.com\/wp-content\/uploads\/2023\/05\/BANG-King-9000-Disposable-Vape-Wholesale-9-247x247.jpg 247w, https:\/\/www.vape4wholesale.com\/wp-content\/uploads\/2023\/05\/BANG-King-9000-Disposable-Vape-Wholesale-9-100x100.jpg 100w, https:\/\/www.vape4wholesale.com\/wp-content\/uploads\/2023\/05\/BANG-King-9000-Disposable-Vape-Wholesale-9-510x510.jpg 510w, https:\/\/www.vape4wholesale.com\/wp-content\/uploads\/2023\/05\/BANG-King-9000-Disposable-Vape-Wholesale-9-64x64.jpg 64w, https:\/\/www.vape4wholesale.com\/wp-content\/uploads\/2023\/05\/BANG-King-9000-Disposable-Vape-Wholesale-9-300x300.jpg 300w, https:\/\/www.vape4wholesale.com\/wp-content\/uploads\/2023\/05\/BANG-King-9000-Disposable-Vape-Wholesale-9-150x150.jpg 150w\" sizes=\"auto, (max-width: 730px) 100vw, 730px\" \/><\/p>","protected":false},"excerpt":{"rendered":"[scf-template id=&#8217;11434&#8242;]\n","protected":false},"featured_media":11838,"comment_status":"open","ping_status":"closed","template":"","meta":[],"pwb-brand":[1275],"product_cat":[870],"product_tag":[249,336,22,24,172],"class_list":{"0":"post-9844","1":"product","2":"type-product","3":"status-publish","4":"has-post-thumbnail","6":"pwb-brand-bang","7":"product_cat-8000-10000-puffs","8":"product_tag-bang","9":"product_tag-9000-puffs","10":"product_tag-disposable","11":"product_tag-wholesale","12":"product_tag-20-0ml","13":"wcpa_has_options","15":"first","16":"outofstock","17":"shipping-taxable","18":"purchasable","19":"product-type-variable"},"aioseo_notices":[],"brands":[{"id":1275,"name":"Bang","slug":"bang"}],"_links":{"self":[{"href":"https:\/\/www.vape4wholesale.com\/es\/wp-json\/wp\/v2\/product\/9844","targetHints":{"allow":["GET"]}}],"collection":[{"href":"https:\/\/www.vape4wholesale.com\/es\/wp-json\/wp\/v2\/product"}],"about":[{"href":"https:\/\/www.vape4wholesale.com\/es\/wp-json\/wp\/v2\/types\/product"}],"replies":[{"embeddable":true,"href":"https:\/\/www.vape4wholesale.com\/es\/wp-json\/wp\/v2\/comments?post=9844"}],"wp:featuredmedia":[{"embeddable":true,"href":"https:\/\/www.vape4wholesale.com\/es\/wp-json\/wp\/v2\/media\/11838"}],"wp:attachment":[{"href":"https:\/\/www.vape4wholesale.com\/es\/wp-json\/wp\/v2\/media?parent=9844"}],"wp:term":[{"taxonomy":"pwb-brand","embeddable":true,"href":"https:\/\/www.vape4wholesale.com\/es\/wp-json\/wp\/v2\/pwb-brand?post=9844"},{"taxonomy":"product_cat","embeddable":true,"href":"https:\/\/www.vape4wholesale.com\/es\/wp-json\/wp\/v2\/product_cat?post=9844"},{"taxonomy":"product_tag","embeddable":true,"href":"https:\/\/www.vape4wholesale.com\/es\/wp-json\/wp\/v2\/product_tag?post=9844"}],"curies":[{"name":"wp","href":"https:\/\/api.w.org\/{rel}","templated":true}]}}