{"id":9448,"date":"2023-05-23T09:09:13","date_gmt":"2023-05-23T01:09:13","guid":{"rendered":"https:\/\/www.vape4wholesale.com\/?post_type=product&#038;p=9448"},"modified":"2026-01-26T13:42:49","modified_gmt":"2026-01-26T13:42:49","slug":"lavie-camara-8000-puffs-vape-desechable-al-por-mayor","status":"publish","type":"product","link":"https:\/\/www.vape4wholesale.com\/es\/product\/lavie-camera-8000-puffs-disposable-vape-wholesale","title":{"rendered":"Lavie Camera 8000 Puffs Vape Desechable al por mayor"},"content":{"rendered":"<p><strong><a href=\"https:\/\/www.vape4wholesale.com\/es\/marca_producto\/lavie\/\">Lavie<\/a> C\u00e1mara 8000<\/strong> es un vape desechable recargable, con una forma novedosa y apariencia Como una c\u00e1mara peque\u00f1a y linda, con una variedad de colores y sabores para elegir, bater\u00eda incorporada de 550 mAh de alta capacidad y 18 ml de capacidad de e-l\u00edquido que soporta 8000 caladas, sabor suave de principio a fin, sabor puro para satisfacer las necesidades de sabor.<\/p>\n<h2>Especificaciones del Vape Desechable Lavie Camera 8000:<\/h2>\n<ul>\n<li>Marca:LAVIE<\/li>\n<li>Puffs:8000 Puffs disponibles por dispositivo<\/li>\n<li>Nicotine:0%\/2%\/5%<\/li>\n<li>Capacidad del E-jugo:18ML<\/li>\n<li>Bater\u00eda:550mAh<\/li>\n<li>Puerto de carga:Tipo-C<\/li>\n<\/ul>\n<p>&nbsp;<\/p>\n<h2>Sabores<\/h2>\n<ol>\n<li>Menta<\/li>\n<li>Mezcla de bayas<\/li>\n<li>Leche de rosas<\/li>\n<li>Yakult<\/li>\n<li>Sand\u00eda con fresa<\/li>\n<li>Manzana doble<\/li>\n<li>Fruta de la pasi\u00f3n<\/li>\n<li>Hielo de uva<\/li>\n<li>Hielo de sand\u00eda<\/li>\n<li>Zumo de melocot\u00f3n<\/li>\n<li>Cola Ice<\/li>\n<li>Mango Ice<\/li>\n<\/ol>\n<p>&nbsp;<\/p>\n<h2>Embalaje y peso<\/h2>\n<ul>\n<li>0,075 KG\/ PC<\/li>\n<li>10 unidades\/caja mediana<\/li>\n<li>300 unidades\/caja Master, 23KG<\/li>\n<\/ul>\n<p><img loading=\"lazy\" decoding=\"async\" class=\"alignnone size-full wp-image-11960\" title=\"Lavie Camera 8000 Puffs Vape Desechable al por mayor (16)\" src=\"https:\/\/www.vape4wholesale.com\/wp-content\/uploads\/2023\/05\/Lavie-Camera-8000-Puffs-Disposable-Vape-Wholesale-16.jpg\" alt=\"Lavie Camera 8000 Puffs Vape Desechable al por mayor (16)\" width=\"1200\" height=\"1200\" srcset=\"https:\/\/www.vape4wholesale.com\/wp-content\/uploads\/2023\/05\/Lavie-Camera-8000-Puffs-Disposable-Vape-Wholesale-16.jpg 1200w, https:\/\/www.vape4wholesale.com\/wp-content\/uploads\/2023\/05\/Lavie-Camera-8000-Puffs-Disposable-Vape-Wholesale-16-247x247.jpg 247w, https:\/\/www.vape4wholesale.com\/wp-content\/uploads\/2023\/05\/Lavie-Camera-8000-Puffs-Disposable-Vape-Wholesale-16-100x100.jpg 100w, https:\/\/www.vape4wholesale.com\/wp-content\/uploads\/2023\/05\/Lavie-Camera-8000-Puffs-Disposable-Vape-Wholesale-16-510x510.jpg 510w, https:\/\/www.vape4wholesale.com\/wp-content\/uploads\/2023\/05\/Lavie-Camera-8000-Puffs-Disposable-Vape-Wholesale-16-64x64.jpg 64w, https:\/\/www.vape4wholesale.com\/wp-content\/uploads\/2023\/05\/Lavie-Camera-8000-Puffs-Disposable-Vape-Wholesale-16-300x300.jpg 300w, https:\/\/www.vape4wholesale.com\/wp-content\/uploads\/2023\/05\/Lavie-Camera-8000-Puffs-Disposable-Vape-Wholesale-16-1024x1024.jpg 1024w, https:\/\/www.vape4wholesale.com\/wp-content\/uploads\/2023\/05\/Lavie-Camera-8000-Puffs-Disposable-Vape-Wholesale-16-150x150.jpg 150w, https:\/\/www.vape4wholesale.com\/wp-content\/uploads\/2023\/05\/Lavie-Camera-8000-Puffs-Disposable-Vape-Wholesale-16-768x768.jpg 768w\" sizes=\"auto, (max-width: 1200px) 100vw, 1200px\" \/><\/p>","protected":false},"excerpt":{"rendered":"[scf-template id=&#8217;11434&#8242;]\n","protected":false},"featured_media":11958,"comment_status":"open","ping_status":"closed","template":"","meta":[],"pwb-brand":[1277],"product_cat":[870],"product_tag":[22,24,37,244,343],"class_list":{"0":"post-9448","1":"product","2":"type-product","3":"status-publish","4":"has-post-thumbnail","6":"pwb-brand-lavie","7":"product_cat-8000-10000-puffs","8":"product_tag-disposable","9":"product_tag-wholesale","10":"product_tag-lavie","11":"product_tag-18-0ml","12":"product_tag-8000-puffs","14":"first","15":"outofstock","16":"shipping-taxable","17":"purchasable","18":"product-type-variable"},"aioseo_notices":[],"brands":[{"id":1277,"name":"Lavie","slug":"lavie"}],"_links":{"self":[{"href":"https:\/\/www.vape4wholesale.com\/es\/wp-json\/wp\/v2\/product\/9448","targetHints":{"allow":["GET"]}}],"collection":[{"href":"https:\/\/www.vape4wholesale.com\/es\/wp-json\/wp\/v2\/product"}],"about":[{"href":"https:\/\/www.vape4wholesale.com\/es\/wp-json\/wp\/v2\/types\/product"}],"replies":[{"embeddable":true,"href":"https:\/\/www.vape4wholesale.com\/es\/wp-json\/wp\/v2\/comments?post=9448"}],"wp:featuredmedia":[{"embeddable":true,"href":"https:\/\/www.vape4wholesale.com\/es\/wp-json\/wp\/v2\/media\/11958"}],"wp:attachment":[{"href":"https:\/\/www.vape4wholesale.com\/es\/wp-json\/wp\/v2\/media?parent=9448"}],"wp:term":[{"taxonomy":"pwb-brand","embeddable":true,"href":"https:\/\/www.vape4wholesale.com\/es\/wp-json\/wp\/v2\/pwb-brand?post=9448"},{"taxonomy":"product_cat","embeddable":true,"href":"https:\/\/www.vape4wholesale.com\/es\/wp-json\/wp\/v2\/product_cat?post=9448"},{"taxonomy":"product_tag","embeddable":true,"href":"https:\/\/www.vape4wholesale.com\/es\/wp-json\/wp\/v2\/product_tag?post=9448"}],"curies":[{"name":"wp","href":"https:\/\/api.w.org\/{rel}","templated":true}]}}