{"id":7815,"date":"2023-03-13T09:21:25","date_gmt":"2023-03-13T01:21:25","guid":{"rendered":"https:\/\/www.vape4wholesale.com\/?post_type=product&#038;p=7815"},"modified":"2026-01-26T13:43:00","modified_gmt":"2026-01-26T13:43:00","slug":"rm-bar-9000-puffs-vape-desechables-al-por-mayor","status":"publish","type":"product","link":"https:\/\/www.vape4wholesale.com\/es\/product\/rm-bar-9000-puffs-disposable-vape-wholesale","title":{"rendered":"R&amp;M Bar 9000 Puffs Vape Desechable al por mayor"},"content":{"rendered":"<p>R&amp;M Bar 9000 es un Vape desechable recargable con luz intermitente RGB, viene con bater\u00eda incorporada de 650 mA de alta capacidad y 15 ml de e-l\u00edquido que soportan 9000 caladas, y con n\u00facleo de malla de 1,0\u03a9 de resistencia ultrabaja, grandes caladas con sabor dulce, una variedad de sabores para elegir.<\/p>\n<p>&nbsp;<\/p>\n<h2>Especificaciones del Vape Desechable R&amp;M Bar 9000:<\/h2>\n<p>Marca: R&amp;M<\/p>\n<p>Puffs:9000 Puffs disponibles por dispositivo.<\/p>\n<p>Nicotina:2%\/5%<\/p>\n<p>Capacidad del E-jugo:15ML<\/p>\n<p>Bater\u00eda:650mAh<\/p>\n<p>Puerto de carga:Tipo C<\/p>\n<p>Resistencia: 1.0\u03a9 Mesh Coil<\/p>\n<p>&nbsp;<\/p>\n<h2>Sabores<\/h2>\n<p>Fusi\u00f3n de bayas<\/p>\n<p>Caramelos arco iris<\/p>\n<p>Melocot\u00f3n Mango Sand\u00eda<\/p>\n<p>Helado de cono de nieve<\/p>\n<p>Fiji Melones Hielo<\/p>\n<p>Hielo de manzana Fuji<\/p>\n<p>Blue Razz Granada<\/p>\n<p>Frambuesa Cereza<\/p>\n<p>Sand\u00eda con fresa<\/p>\n<p>Helado de frambuesa azul<\/p>\n<p>Chicle de sand\u00eda<\/p>\n<p>Lanza de menta<\/p>\n<p>Helado de frambuesa y melocot\u00f3n<\/p>\n<p>Ponche tropical<\/p>\n<p>Bebida energ\u00e9tica<\/p>\n<p>Kiwi Drag\u00f3n Baya<\/p>\n<p>&nbsp;<\/p>\n<h2>Embalaje y peso<\/h2>\n<p>0,064KG\/PCS, Individual con paquete peque\u00f1o, 10 piezas en caja mediana.<\/p>\n<p>300PCS en el cart\u00f3n principal, 19.1KG.<\/p>\n<p><img loading=\"lazy\" decoding=\"async\" class=\"alignnone size-full wp-image-12143\" title=\"RM BAR 9000 Puffs Vape Desechable al por mayor Todos los sabores\" src=\"https:\/\/www.vape4wholesale.com\/wp-content\/uploads\/2023\/03\/RM-BAR-9000-Puffs-Disposable-Vape-Wholesale-All-Flavors.jpg\" alt=\"RM BAR 9000 Puffs Vape Desechable al por mayor Todos los sabores\" width=\"800\" height=\"800\" srcset=\"https:\/\/www.vape4wholesale.com\/wp-content\/uploads\/2023\/03\/RM-BAR-9000-Puffs-Disposable-Vape-Wholesale-All-Flavors.jpg 800w, https:\/\/www.vape4wholesale.com\/wp-content\/uploads\/2023\/03\/RM-BAR-9000-Puffs-Disposable-Vape-Wholesale-All-Flavors-247x247.jpg 247w, https:\/\/www.vape4wholesale.com\/wp-content\/uploads\/2023\/03\/RM-BAR-9000-Puffs-Disposable-Vape-Wholesale-All-Flavors-100x100.jpg 100w, https:\/\/www.vape4wholesale.com\/wp-content\/uploads\/2023\/03\/RM-BAR-9000-Puffs-Disposable-Vape-Wholesale-All-Flavors-510x510.jpg 510w, https:\/\/www.vape4wholesale.com\/wp-content\/uploads\/2023\/03\/RM-BAR-9000-Puffs-Disposable-Vape-Wholesale-All-Flavors-64x64.jpg 64w, https:\/\/www.vape4wholesale.com\/wp-content\/uploads\/2023\/03\/RM-BAR-9000-Puffs-Disposable-Vape-Wholesale-All-Flavors-300x300.jpg 300w, https:\/\/www.vape4wholesale.com\/wp-content\/uploads\/2023\/03\/RM-BAR-9000-Puffs-Disposable-Vape-Wholesale-All-Flavors-150x150.jpg 150w, https:\/\/www.vape4wholesale.com\/wp-content\/uploads\/2023\/03\/RM-BAR-9000-Puffs-Disposable-Vape-Wholesale-All-Flavors-768x768.jpg 768w\" sizes=\"auto, (max-width: 800px) 100vw, 800px\" \/> <img loading=\"lazy\" decoding=\"async\" class=\"alignnone size-full wp-image-12141\" title=\"RM BAR 9000 Puffs Vape Desechable al por mayor\" src=\"https:\/\/www.vape4wholesale.com\/wp-content\/uploads\/2023\/03\/RM-BAR-9000-Puffs-Disposable-Vape-Wholesale.jpg\" alt=\"RM BAR 9000 Puffs Vape Desechable al por mayor\" width=\"800\" height=\"1131\" srcset=\"https:\/\/www.vape4wholesale.com\/wp-content\/uploads\/2023\/03\/RM-BAR-9000-Puffs-Disposable-Vape-Wholesale.jpg 800w, https:\/\/www.vape4wholesale.com\/wp-content\/uploads\/2023\/03\/RM-BAR-9000-Puffs-Disposable-Vape-Wholesale-510x721.jpg 510w, https:\/\/www.vape4wholesale.com\/wp-content\/uploads\/2023\/03\/RM-BAR-9000-Puffs-Disposable-Vape-Wholesale-64x90.jpg 64w, https:\/\/www.vape4wholesale.com\/wp-content\/uploads\/2023\/03\/RM-BAR-9000-Puffs-Disposable-Vape-Wholesale-212x300.jpg 212w, https:\/\/www.vape4wholesale.com\/wp-content\/uploads\/2023\/03\/RM-BAR-9000-Puffs-Disposable-Vape-Wholesale-724x1024.jpg 724w, https:\/\/www.vape4wholesale.com\/wp-content\/uploads\/2023\/03\/RM-BAR-9000-Puffs-Disposable-Vape-Wholesale-768x1086.jpg 768w\" sizes=\"auto, (max-width: 800px) 100vw, 800px\" \/> <img loading=\"lazy\" decoding=\"async\" class=\"alignnone size-full wp-image-12142\" title=\"RM BAR 9000 Puffs Vape Desechable al por mayor 3 Sabores\" src=\"https:\/\/www.vape4wholesale.com\/wp-content\/uploads\/2023\/03\/RM-BAR-9000-Puffs-Disposable-Vape-Wholesale-3-Flavors.jpg\" alt=\"RM BAR 9000 Puffs Vape Desechable al por mayor 3 Sabores\" width=\"800\" height=\"800\" srcset=\"https:\/\/www.vape4wholesale.com\/wp-content\/uploads\/2023\/03\/RM-BAR-9000-Puffs-Disposable-Vape-Wholesale-3-Flavors.jpg 800w, https:\/\/www.vape4wholesale.com\/wp-content\/uploads\/2023\/03\/RM-BAR-9000-Puffs-Disposable-Vape-Wholesale-3-Flavors-247x247.jpg 247w, https:\/\/www.vape4wholesale.com\/wp-content\/uploads\/2023\/03\/RM-BAR-9000-Puffs-Disposable-Vape-Wholesale-3-Flavors-100x100.jpg 100w, https:\/\/www.vape4wholesale.com\/wp-content\/uploads\/2023\/03\/RM-BAR-9000-Puffs-Disposable-Vape-Wholesale-3-Flavors-510x510.jpg 510w, https:\/\/www.vape4wholesale.com\/wp-content\/uploads\/2023\/03\/RM-BAR-9000-Puffs-Disposable-Vape-Wholesale-3-Flavors-64x64.jpg 64w, https:\/\/www.vape4wholesale.com\/wp-content\/uploads\/2023\/03\/RM-BAR-9000-Puffs-Disposable-Vape-Wholesale-3-Flavors-300x300.jpg 300w, https:\/\/www.vape4wholesale.com\/wp-content\/uploads\/2023\/03\/RM-BAR-9000-Puffs-Disposable-Vape-Wholesale-3-Flavors-150x150.jpg 150w, https:\/\/www.vape4wholesale.com\/wp-content\/uploads\/2023\/03\/RM-BAR-9000-Puffs-Disposable-Vape-Wholesale-3-Flavors-768x768.jpg 768w\" sizes=\"auto, (max-width: 800px) 100vw, 800px\" \/> <img loading=\"lazy\" decoding=\"async\" class=\"alignnone size-full wp-image-12144\" title=\"RM BAR 9000 Puffs Vape Desechable al por mayor Berry Fusion\" src=\"https:\/\/www.vape4wholesale.com\/wp-content\/uploads\/2023\/03\/RM-BAR-9000-Puffs-Disposable-Vape-Wholesale-Berry-Fusion.jpg\" alt=\"RM BAR 9000 Puffs Vape Desechable al por mayor Berry Fusion\" width=\"800\" height=\"800\" srcset=\"https:\/\/www.vape4wholesale.com\/wp-content\/uploads\/2023\/03\/RM-BAR-9000-Puffs-Disposable-Vape-Wholesale-Berry-Fusion.jpg 800w, https:\/\/www.vape4wholesale.com\/wp-content\/uploads\/2023\/03\/RM-BAR-9000-Puffs-Disposable-Vape-Wholesale-Berry-Fusion-247x247.jpg 247w, https:\/\/www.vape4wholesale.com\/wp-content\/uploads\/2023\/03\/RM-BAR-9000-Puffs-Disposable-Vape-Wholesale-Berry-Fusion-100x100.jpg 100w, https:\/\/www.vape4wholesale.com\/wp-content\/uploads\/2023\/03\/RM-BAR-9000-Puffs-Disposable-Vape-Wholesale-Berry-Fusion-510x510.jpg 510w, https:\/\/www.vape4wholesale.com\/wp-content\/uploads\/2023\/03\/RM-BAR-9000-Puffs-Disposable-Vape-Wholesale-Berry-Fusion-64x64.jpg 64w, https:\/\/www.vape4wholesale.com\/wp-content\/uploads\/2023\/03\/RM-BAR-9000-Puffs-Disposable-Vape-Wholesale-Berry-Fusion-300x300.jpg 300w, https:\/\/www.vape4wholesale.com\/wp-content\/uploads\/2023\/03\/RM-BAR-9000-Puffs-Disposable-Vape-Wholesale-Berry-Fusion-150x150.jpg 150w, https:\/\/www.vape4wholesale.com\/wp-content\/uploads\/2023\/03\/RM-BAR-9000-Puffs-Disposable-Vape-Wholesale-Berry-Fusion-768x768.jpg 768w\" sizes=\"auto, (max-width: 800px) 100vw, 800px\" \/> <img loading=\"lazy\" decoding=\"async\" class=\"alignnone size-full wp-image-12154\" title=\"RM BAR 9000 Puffs Vape Desechable Mayorista Frambuesa Cereza\" src=\"https:\/\/www.vape4wholesale.com\/wp-content\/uploads\/2023\/03\/RM-BAR-9000-Puffs-Disposable-Vape-Wholesale-Raspberry-Cherry.jpg\" alt=\"RM BAR 9000 Puffs Vape Desechable Mayorista Frambuesa Cereza\" width=\"800\" height=\"800\" srcset=\"https:\/\/www.vape4wholesale.com\/wp-content\/uploads\/2023\/03\/RM-BAR-9000-Puffs-Disposable-Vape-Wholesale-Raspberry-Cherry.jpg 800w, https:\/\/www.vape4wholesale.com\/wp-content\/uploads\/2023\/03\/RM-BAR-9000-Puffs-Disposable-Vape-Wholesale-Raspberry-Cherry-247x247.jpg 247w, https:\/\/www.vape4wholesale.com\/wp-content\/uploads\/2023\/03\/RM-BAR-9000-Puffs-Disposable-Vape-Wholesale-Raspberry-Cherry-100x100.jpg 100w, https:\/\/www.vape4wholesale.com\/wp-content\/uploads\/2023\/03\/RM-BAR-9000-Puffs-Disposable-Vape-Wholesale-Raspberry-Cherry-510x510.jpg 510w, https:\/\/www.vape4wholesale.com\/wp-content\/uploads\/2023\/03\/RM-BAR-9000-Puffs-Disposable-Vape-Wholesale-Raspberry-Cherry-64x64.jpg 64w, https:\/\/www.vape4wholesale.com\/wp-content\/uploads\/2023\/03\/RM-BAR-9000-Puffs-Disposable-Vape-Wholesale-Raspberry-Cherry-300x300.jpg 300w, https:\/\/www.vape4wholesale.com\/wp-content\/uploads\/2023\/03\/RM-BAR-9000-Puffs-Disposable-Vape-Wholesale-Raspberry-Cherry-150x150.jpg 150w, https:\/\/www.vape4wholesale.com\/wp-content\/uploads\/2023\/03\/RM-BAR-9000-Puffs-Disposable-Vape-Wholesale-Raspberry-Cherry-768x768.jpg 768w\" sizes=\"auto, (max-width: 800px) 100vw, 800px\" \/> <img loading=\"lazy\" decoding=\"async\" class=\"alignnone size-full wp-image-12157\" title=\"RM BAR 9000 Puffs Vape Desechable Sand\u00eda Fresa al por mayor\" src=\"https:\/\/www.vape4wholesale.com\/wp-content\/uploads\/2023\/03\/RM-BAR-9000-Puffs-Disposable-Vape-Wholesale-Strawberry-Watermelon.jpg\" alt=\"RM BAR 9000 Puffs Vape Desechable Sand\u00eda Fresa al por mayor\" width=\"800\" height=\"800\" srcset=\"https:\/\/www.vape4wholesale.com\/wp-content\/uploads\/2023\/03\/RM-BAR-9000-Puffs-Disposable-Vape-Wholesale-Strawberry-Watermelon.jpg 800w, https:\/\/www.vape4wholesale.com\/wp-content\/uploads\/2023\/03\/RM-BAR-9000-Puffs-Disposable-Vape-Wholesale-Strawberry-Watermelon-247x247.jpg 247w, https:\/\/www.vape4wholesale.com\/wp-content\/uploads\/2023\/03\/RM-BAR-9000-Puffs-Disposable-Vape-Wholesale-Strawberry-Watermelon-100x100.jpg 100w, https:\/\/www.vape4wholesale.com\/wp-content\/uploads\/2023\/03\/RM-BAR-9000-Puffs-Disposable-Vape-Wholesale-Strawberry-Watermelon-510x510.jpg 510w, https:\/\/www.vape4wholesale.com\/wp-content\/uploads\/2023\/03\/RM-BAR-9000-Puffs-Disposable-Vape-Wholesale-Strawberry-Watermelon-64x64.jpg 64w, https:\/\/www.vape4wholesale.com\/wp-content\/uploads\/2023\/03\/RM-BAR-9000-Puffs-Disposable-Vape-Wholesale-Strawberry-Watermelon-300x300.jpg 300w, https:\/\/www.vape4wholesale.com\/wp-content\/uploads\/2023\/03\/RM-BAR-9000-Puffs-Disposable-Vape-Wholesale-Strawberry-Watermelon-150x150.jpg 150w, https:\/\/www.vape4wholesale.com\/wp-content\/uploads\/2023\/03\/RM-BAR-9000-Puffs-Disposable-Vape-Wholesale-Strawberry-Watermelon-768x768.jpg 768w\" sizes=\"auto, (max-width: 800px) 100vw, 800px\" \/> <img loading=\"lazy\" decoding=\"async\" class=\"alignnone size-full wp-image-12158\" title=\"RM BAR 9000 Puffs Vape Desechable al por mayor Tropical Punch\" src=\"https:\/\/www.vape4wholesale.com\/wp-content\/uploads\/2023\/03\/RM-BAR-9000-Puffs-Disposable-Vape-Wholesale-Tropical-Punch.jpg\" alt=\"RM BAR 9000 Puffs Vape Desechable al por mayor Tropical Punch\" width=\"800\" height=\"800\" srcset=\"https:\/\/www.vape4wholesale.com\/wp-content\/uploads\/2023\/03\/RM-BAR-9000-Puffs-Disposable-Vape-Wholesale-Tropical-Punch.jpg 800w, https:\/\/www.vape4wholesale.com\/wp-content\/uploads\/2023\/03\/RM-BAR-9000-Puffs-Disposable-Vape-Wholesale-Tropical-Punch-247x247.jpg 247w, https:\/\/www.vape4wholesale.com\/wp-content\/uploads\/2023\/03\/RM-BAR-9000-Puffs-Disposable-Vape-Wholesale-Tropical-Punch-100x100.jpg 100w, https:\/\/www.vape4wholesale.com\/wp-content\/uploads\/2023\/03\/RM-BAR-9000-Puffs-Disposable-Vape-Wholesale-Tropical-Punch-510x510.jpg 510w, https:\/\/www.vape4wholesale.com\/wp-content\/uploads\/2023\/03\/RM-BAR-9000-Puffs-Disposable-Vape-Wholesale-Tropical-Punch-64x64.jpg 64w, https:\/\/www.vape4wholesale.com\/wp-content\/uploads\/2023\/03\/RM-BAR-9000-Puffs-Disposable-Vape-Wholesale-Tropical-Punch-300x300.jpg 300w, https:\/\/www.vape4wholesale.com\/wp-content\/uploads\/2023\/03\/RM-BAR-9000-Puffs-Disposable-Vape-Wholesale-Tropical-Punch-150x150.jpg 150w, https:\/\/www.vape4wholesale.com\/wp-content\/uploads\/2023\/03\/RM-BAR-9000-Puffs-Disposable-Vape-Wholesale-Tropical-Punch-768x768.jpg 768w\" sizes=\"auto, (max-width: 800px) 100vw, 800px\" \/> <img loading=\"lazy\" decoding=\"async\" class=\"alignnone size-full wp-image-12149\" title=\"RM BAR 9000 Puffs Desechables Vape Sabores al por mayor\" src=\"https:\/\/www.vape4wholesale.com\/wp-content\/uploads\/2023\/03\/RM-BAR-9000-Puffs-Disposable-Vape-Wholesale-Flavors.jpg\" alt=\"RM BAR 9000 Puffs Desechables Vape Sabores al por mayor\" width=\"800\" height=\"800\" srcset=\"https:\/\/www.vape4wholesale.com\/wp-content\/uploads\/2023\/03\/RM-BAR-9000-Puffs-Disposable-Vape-Wholesale-Flavors.jpg 800w, https:\/\/www.vape4wholesale.com\/wp-content\/uploads\/2023\/03\/RM-BAR-9000-Puffs-Disposable-Vape-Wholesale-Flavors-247x247.jpg 247w, https:\/\/www.vape4wholesale.com\/wp-content\/uploads\/2023\/03\/RM-BAR-9000-Puffs-Disposable-Vape-Wholesale-Flavors-100x100.jpg 100w, https:\/\/www.vape4wholesale.com\/wp-content\/uploads\/2023\/03\/RM-BAR-9000-Puffs-Disposable-Vape-Wholesale-Flavors-510x510.jpg 510w, https:\/\/www.vape4wholesale.com\/wp-content\/uploads\/2023\/03\/RM-BAR-9000-Puffs-Disposable-Vape-Wholesale-Flavors-64x64.jpg 64w, https:\/\/www.vape4wholesale.com\/wp-content\/uploads\/2023\/03\/RM-BAR-9000-Puffs-Disposable-Vape-Wholesale-Flavors-300x300.jpg 300w, https:\/\/www.vape4wholesale.com\/wp-content\/uploads\/2023\/03\/RM-BAR-9000-Puffs-Disposable-Vape-Wholesale-Flavors-150x150.jpg 150w, https:\/\/www.vape4wholesale.com\/wp-content\/uploads\/2023\/03\/RM-BAR-9000-Puffs-Disposable-Vape-Wholesale-Flavors-768x768.jpg 768w\" sizes=\"auto, (max-width: 800px) 100vw, 800px\" \/><\/p>","protected":false},"excerpt":{"rendered":"[scf-template id=&#8217;11434&#8242;]\n","protected":false},"featured_media":12142,"comment_status":"open","ping_status":"closed","template":"","meta":[],"pwb-brand":[1285],"product_cat":[870],"product_tag":[22,24,233,336,396],"class_list":{"0":"post-7815","1":"product","2":"type-product","3":"status-publish","4":"has-post-thumbnail","6":"pwb-brand-r-m","7":"product_cat-8000-10000-puffs","8":"product_tag-disposable","9":"product_tag-wholesale","10":"product_tag-15-0ml","11":"product_tag-9000-puffs","12":"product_tag-rm","13":"wcpa_has_options","15":"first","16":"outofstock","17":"shipping-taxable","18":"purchasable","19":"product-type-variable"},"aioseo_notices":[],"brands":[{"id":1285,"name":"R&amp;M","slug":"r-m"}],"_links":{"self":[{"href":"https:\/\/www.vape4wholesale.com\/es\/wp-json\/wp\/v2\/product\/7815","targetHints":{"allow":["GET"]}}],"collection":[{"href":"https:\/\/www.vape4wholesale.com\/es\/wp-json\/wp\/v2\/product"}],"about":[{"href":"https:\/\/www.vape4wholesale.com\/es\/wp-json\/wp\/v2\/types\/product"}],"replies":[{"embeddable":true,"href":"https:\/\/www.vape4wholesale.com\/es\/wp-json\/wp\/v2\/comments?post=7815"}],"wp:featuredmedia":[{"embeddable":true,"href":"https:\/\/www.vape4wholesale.com\/es\/wp-json\/wp\/v2\/media\/12142"}],"wp:attachment":[{"href":"https:\/\/www.vape4wholesale.com\/es\/wp-json\/wp\/v2\/media?parent=7815"}],"wp:term":[{"taxonomy":"pwb-brand","embeddable":true,"href":"https:\/\/www.vape4wholesale.com\/es\/wp-json\/wp\/v2\/pwb-brand?post=7815"},{"taxonomy":"product_cat","embeddable":true,"href":"https:\/\/www.vape4wholesale.com\/es\/wp-json\/wp\/v2\/product_cat?post=7815"},{"taxonomy":"product_tag","embeddable":true,"href":"https:\/\/www.vape4wholesale.com\/es\/wp-json\/wp\/v2\/product_tag?post=7815"}],"curies":[{"name":"wp","href":"https:\/\/api.w.org\/{rel}","templated":true}]}}