{"id":6741,"date":"2022-02-06T15:24:06","date_gmt":"2022-02-06T07:24:06","guid":{"rendered":"https:\/\/www.vape4wholesale.com\/?post_type=product&#038;p=6741"},"modified":"2026-01-26T13:43:48","modified_gmt":"2026-01-26T13:43:48","slug":"lavie-box-6000-puffs-recargable-vape-desechable-al-por-mayor","status":"publish","type":"product","link":"https:\/\/www.vape4wholesale.com\/es\/product\/lavie-box-6000-puffs-rechargeable-disposable-vape-wholesale","title":{"rendered":"Lavie Box 6000 Puffs Recargable Vape Desechable al por mayor"},"content":{"rendered":"<p>el <strong><a href=\"https:\/\/www.vape4wholesale.com\/es\/marca_producto\/lavie\/\">Lavie<\/a> Casilla 6000<\/strong> es un vapeador desechable con funci\u00f3n recargable, utiliza una bater\u00eda incorporada de 650mah y con una capacidad de 19 ml de eliquid, soporta un m\u00e1ximo de 6000 caladas.<\/p>\n<h2>Lista de sabores Lavie Box 6000<\/h2>\n<p>Algod\u00f3n de az\u00facar<br \/>\nUva Naranja Manzana<br \/>\nHielo exuberante<br \/>\nMango Ice<br \/>\nMezcla de bayas<br \/>\nO.M.G<br \/>\nMelocot\u00f3n helado<br \/>\nFresa Coco Pi\u00f1a<\/p>\n<h2>Peso y embalaje<\/h2>\n<p>Tama\u00f1o del cuerpo: 69*38,5*19,5 mm<\/p>\n<p>Peso corporal: 67 g<\/p>\n<p>10 unidades por paquete<\/p>\n<p>17 KG\/Cart\u00f3n incluye 240 unidades.<\/p>\n<h2>ODM\/OEM:<\/h2>\n<p>1000 unidades por sabor<\/p>\n<p>Potencia de nicotina a elegir para pedidos OEM\/ODM: 0%, 1%, 2%, 3%, 5%.<\/p>\n<figure id=\"attachment_13430\" aria-describedby=\"caption-attachment-13430\" style=\"width: 800px\" class=\"wp-caption alignnone\"><img loading=\"lazy\" decoding=\"async\" class=\"wp-image-13430 size-full\" title=\"LAVIE 6000 VAPE DESECHABLE AL POR MAYOR (6)\" src=\"https:\/\/www.vape4wholesale.com\/wp-content\/uploads\/2022\/02\/LAVIE-6000-VAPE-DISPOSABLE-WHOLESALE-6.jpg\" alt=\"LAVIE 6000 VAPE DESECHABLE AL POR MAYOR (6)\" width=\"800\" height=\"800\" srcset=\"https:\/\/www.vape4wholesale.com\/wp-content\/uploads\/2022\/02\/LAVIE-6000-VAPE-DISPOSABLE-WHOLESALE-6.jpg 800w, https:\/\/www.vape4wholesale.com\/wp-content\/uploads\/2022\/02\/LAVIE-6000-VAPE-DISPOSABLE-WHOLESALE-6-247x247.jpg 247w, https:\/\/www.vape4wholesale.com\/wp-content\/uploads\/2022\/02\/LAVIE-6000-VAPE-DISPOSABLE-WHOLESALE-6-100x100.jpg 100w, https:\/\/www.vape4wholesale.com\/wp-content\/uploads\/2022\/02\/LAVIE-6000-VAPE-DISPOSABLE-WHOLESALE-6-510x510.jpg 510w, https:\/\/www.vape4wholesale.com\/wp-content\/uploads\/2022\/02\/LAVIE-6000-VAPE-DISPOSABLE-WHOLESALE-6-64x64.jpg 64w, https:\/\/www.vape4wholesale.com\/wp-content\/uploads\/2022\/02\/LAVIE-6000-VAPE-DISPOSABLE-WHOLESALE-6-300x300.jpg 300w, https:\/\/www.vape4wholesale.com\/wp-content\/uploads\/2022\/02\/LAVIE-6000-VAPE-DISPOSABLE-WHOLESALE-6-150x150.jpg 150w, https:\/\/www.vape4wholesale.com\/wp-content\/uploads\/2022\/02\/LAVIE-6000-VAPE-DISPOSABLE-WHOLESALE-6-768x768.jpg 768w\" sizes=\"auto, (max-width: 800px) 100vw, 800px\" \/><figcaption id=\"caption-attachment-13430\" class=\"wp-caption-text\">LAVIE 6000 VAPE DESECHABLE AL POR MAYOR<\/figcaption><\/figure>\n<h2>\u00bfPOR QU\u00c9 NOSOTROS?<\/h2>\r\n<ul>\r\n<li>Fuente de vape real, fiable y profesional.<\/li>\r\n<li>100% Garant\u00eda de autenticidad: S\u00f3lo proporcionamos productos originales y genuinos, rechazamos la falsificaci\u00f3n.<\/li>\r\n<li>100% Garant\u00eda de entrega: Utilizamos el mejor m\u00e9todo de env\u00edo para asegurarnos de que recibes el pedido 100%.<\/li>\r\n<li>Le daremos el n\u00famero de seguimiento y la etiqueta de env\u00edo despu\u00e9s del env\u00edo, y realizaremos el seguimiento de la mercanc\u00eda por usted hasta que la firme.<\/li>\r\n<li>Sin problemas aduaneros ni aranceles<\/li>\r\n<\/ul>\n<p>&nbsp;<\/p>\n<p>&nbsp;<\/p>","protected":false},"excerpt":{"rendered":"<div class=\"wsppc_div_block woocommerce_before_add_to_cart_form\">\r\n<p><strong><span style=\"color: #00a859;\">Pasar por la aduana<\/span> antes de la entrega y 100% Garant\u00eda de entrega, Entrega en 19~25 d\u00edas aproximadamente.\u00a0<\/strong><\/p>\r\n<\/div>","protected":false},"featured_media":13432,"comment_status":"open","ping_status":"closed","template":"","meta":[],"pwb-brand":[1277],"product_cat":[869],"product_tag":[22,24,37,172,173],"class_list":{"0":"post-6741","1":"product","2":"type-product","3":"status-publish","4":"has-post-thumbnail","6":"pwb-brand-lavie","7":"product_cat-5000-8000-puffs","8":"product_tag-disposable","9":"product_tag-wholesale","10":"product_tag-lavie","11":"product_tag-20-0ml","12":"product_tag-6000-puffs","14":"first","15":"instock","16":"shipping-taxable","17":"purchasable","18":"product-type-variable"},"aioseo_notices":[],"brands":[{"id":1277,"name":"Lavie","slug":"lavie"}],"_links":{"self":[{"href":"https:\/\/www.vape4wholesale.com\/es\/wp-json\/wp\/v2\/product\/6741","targetHints":{"allow":["GET"]}}],"collection":[{"href":"https:\/\/www.vape4wholesale.com\/es\/wp-json\/wp\/v2\/product"}],"about":[{"href":"https:\/\/www.vape4wholesale.com\/es\/wp-json\/wp\/v2\/types\/product"}],"replies":[{"embeddable":true,"href":"https:\/\/www.vape4wholesale.com\/es\/wp-json\/wp\/v2\/comments?post=6741"}],"wp:featuredmedia":[{"embeddable":true,"href":"https:\/\/www.vape4wholesale.com\/es\/wp-json\/wp\/v2\/media\/13432"}],"wp:attachment":[{"href":"https:\/\/www.vape4wholesale.com\/es\/wp-json\/wp\/v2\/media?parent=6741"}],"wp:term":[{"taxonomy":"pwb-brand","embeddable":true,"href":"https:\/\/www.vape4wholesale.com\/es\/wp-json\/wp\/v2\/pwb-brand?post=6741"},{"taxonomy":"product_cat","embeddable":true,"href":"https:\/\/www.vape4wholesale.com\/es\/wp-json\/wp\/v2\/product_cat?post=6741"},{"taxonomy":"product_tag","embeddable":true,"href":"https:\/\/www.vape4wholesale.com\/es\/wp-json\/wp\/v2\/product_tag?post=6741"}],"curies":[{"name":"wp","href":"https:\/\/api.w.org\/{rel}","templated":true}]}}