{"id":5460,"date":"2022-08-04T09:54:49","date_gmt":"2022-08-04T01:54:49","guid":{"rendered":"https:\/\/www.vape4wholesale.com\/?post_type=product&#038;p=5460"},"modified":"2026-01-26T13:43:15","modified_gmt":"2026-01-26T13:43:15","slug":"randm-tornado-9000-puffs-diposable-vapes-al-por-mayor","status":"publish","type":"product","link":"https:\/\/www.vape4wholesale.com\/es\/product\/randm-tornado-9000-puffs-diposable-vapes-wholesale","title":{"rendered":"RANDM Tornado 9000 Puffs Diposable Vapes al por mayor"},"content":{"rendered":"<p><strong><a href=\"https:\/\/www.vape4wholesale.com\/es\/marca_producto\/randm\/\">RandM<\/a> Tornado 9000<\/strong>\u00a0es un dispositivo de vapeo desechable con un dise\u00f1o fresco y es recargable. Contiene 18ml 0\/2\/3\/5% sal de nicotina e-jugo y vape hasta 9000 caladas. Hay 12 sabores para elegir. El puerto recargable en el buttom del dispositivo gurantting que termine la \u00faltima gota del ejuice en el tanque todo el tiempo.<\/p>\n<h2><b data-stringify-type=\"bold\">Dispositivo desechable RandM Tornado 9000 Caracter\u00edsticas:<\/b><\/h2>\n<p>\u26110\/2\/3\/5% Sal de nicotina.<br \/>\n\u261118ML de E-l\u00edquido.<br \/>\nBobina de malla<br \/>\nBater\u00eda recargable<br \/>\nBater\u00eda integrada de 850 mAh.<br \/>\n\u261112 Sabores disponibles.<br \/>\n10 unidades en caja expositora.<br \/>\n200 unidades por caja.<\/p>\n<h2><b data-stringify-type=\"bold\">Sabores disponibles:<\/b><\/h2>\n<p>01# Ar\u00e1ndano Frambuesa<br \/>\n02# Mr Azul<br \/>\n03# Fresa Sand\u00eda<br \/>\n04# Naranja Soda<br \/>\n05# Chicle sand\u00eda<br \/>\n06# Caramelo arco iris<br \/>\n07# Limonada rosa<br \/>\n08# Melocot\u00f3n Mango Pi\u00f1a<br \/>\n09# Fresa Pl\u00e1tano<br \/>\n10# Hielo exuberante<br \/>\n11# Drag\u00f3n Negro Hielo<br \/>\n12# Aloe Uva<br \/>\n13# Azul Razz Hielo<br \/>\n14# Kiwi Maracuy\u00e1 Guayaba<br \/>\n15# Osito de goma<br \/>\n16# Mezcla de bayas<br \/>\n17# Menta fr\u00eda<br \/>\n18# Sand\u00eda Frambuesa<br \/>\n19# Limonada de melocot\u00f3n<br \/>\n20# Hielo de guayaba<br \/>\n21# Fresa Limonada<br \/>\n22# Sand\u00eda Brazz Ice<br \/>\n23# Natillas de pl\u00e1tano<br \/>\n24# Melocot\u00f3n baya<br \/>\n25# Crema de fresa<br \/>\n26# Caramelo \u00e1cido<br \/>\n27# Lim\u00f3n y lima<br \/>\n28# Cerezo<br \/>\n29# Cereza efervescente<br \/>\n30# Ar\u00e1ndano Cereza Ar\u00e1ndano rojo<br \/>\n31# Vimto<br \/>\n32# Bolos<br \/>\n33# Negro Hielo<br \/>\n34# Uva<br \/>\n35# Bluelicious Ice<br \/>\n36# Fresa Helada<br \/>\n37# Blue Razz Kush<br \/>\n38# Helado<br \/>\n39# Ar\u00e1ndano Frambuesa \u00e1cida<br \/>\n40# Pi\u00f1a<br \/>\n41# Limonada de cereza y melocot\u00f3n<br \/>\n42# Fresa Frambuesa Cereza Helada<br \/>\n43# Triple Mango<br \/>\n44# Fresa Frambuesa Helada<br \/>\n45# Fresa Sand\u00eda Chicle<br \/>\n46# Sand\u00eda Fresa Prime<br \/>\n47# Sand\u00eda helada<br \/>\n48# Ar\u00e1ndano Helado<br \/>\n49# Caramelo de sand\u00eda<br \/>\n50# Mango paja<br \/>\n51# Pompa de fresa<br \/>\n52# Melocot\u00f3n helado de verano<br \/>\n53# Cereza Baya<br \/>\n54# Cereza Cola<br \/>\n55# Sand\u00eda Prime<br \/>\n56# Fresa Uva<br \/>\n57# Sangre de tigre<br \/>\n58# Agua mineral<\/p>\n<p><img loading=\"lazy\" decoding=\"async\" class=\"alignnone size-full wp-image-12645\" title=\"RandM Tornado 9000 Puffs Vape Desechable al por mayor (1)\" src=\"https:\/\/www.vape4wholesale.com\/wp-content\/uploads\/2022\/08\/RandM-Tornado-9000-Puffs-Disposable-Vape-Wholesale-1.png\" alt=\"RandM Tornado 9000 Puffs Vape Desechable al por mayor (1)\" width=\"590\" height=\"517\" srcset=\"https:\/\/www.vape4wholesale.com\/wp-content\/uploads\/2022\/08\/RandM-Tornado-9000-Puffs-Disposable-Vape-Wholesale-1.png 590w, https:\/\/www.vape4wholesale.com\/wp-content\/uploads\/2022\/08\/RandM-Tornado-9000-Puffs-Disposable-Vape-Wholesale-1-510x447.png 510w\" sizes=\"auto, (max-width: 590px) 100vw, 590px\" \/> \u00a0 \u00a0<img loading=\"lazy\" decoding=\"async\" class=\"alignnone size-full wp-image-12649\" title=\"RandM Tornado 9000 Puffs Vape Desechable al por mayor (5)\" src=\"https:\/\/www.vape4wholesale.com\/wp-content\/uploads\/2022\/08\/RandM-Tornado-9000-Puffs-Disposable-Vape-Wholesale-5.jpg\" alt=\"RandM Tornado 9000 Puffs Vape Desechable al por mayor (5)\" width=\"590\" height=\"590\" srcset=\"https:\/\/www.vape4wholesale.com\/wp-content\/uploads\/2022\/08\/RandM-Tornado-9000-Puffs-Disposable-Vape-Wholesale-5.jpg 590w, https:\/\/www.vape4wholesale.com\/wp-content\/uploads\/2022\/08\/RandM-Tornado-9000-Puffs-Disposable-Vape-Wholesale-5-247x247.jpg 247w, https:\/\/www.vape4wholesale.com\/wp-content\/uploads\/2022\/08\/RandM-Tornado-9000-Puffs-Disposable-Vape-Wholesale-5-100x100.jpg 100w, https:\/\/www.vape4wholesale.com\/wp-content\/uploads\/2022\/08\/RandM-Tornado-9000-Puffs-Disposable-Vape-Wholesale-5-510x510.jpg 510w, https:\/\/www.vape4wholesale.com\/wp-content\/uploads\/2022\/08\/RandM-Tornado-9000-Puffs-Disposable-Vape-Wholesale-5-64x64.jpg 64w, https:\/\/www.vape4wholesale.com\/wp-content\/uploads\/2022\/08\/RandM-Tornado-9000-Puffs-Disposable-Vape-Wholesale-5-300x300.jpg 300w, https:\/\/www.vape4wholesale.com\/wp-content\/uploads\/2022\/08\/RandM-Tornado-9000-Puffs-Disposable-Vape-Wholesale-5-150x150.jpg 150w\" sizes=\"auto, (max-width: 590px) 100vw, 590px\" \/><\/p>\n<h2>\u00bfPOR QU\u00c9 NOSOTROS?<\/h2>\r\n<ul>\r\n<li>Fuente de vape real, fiable y profesional.<\/li>\r\n<li>100% Garant\u00eda de autenticidad: S\u00f3lo proporcionamos productos originales y genuinos, rechazamos la falsificaci\u00f3n.<\/li>\r\n<li>100% Garant\u00eda de entrega: Utilizamos el mejor m\u00e9todo de env\u00edo para asegurarnos de que recibes el pedido 100%.<\/li>\r\n<li>Le daremos el n\u00famero de seguimiento y la etiqueta de env\u00edo despu\u00e9s del env\u00edo, y realizaremos el seguimiento de la mercanc\u00eda por usted hasta que la firme.<\/li>\r\n<li>Sin problemas aduaneros ni aranceles<\/li>\r\n<\/ul>","protected":false},"excerpt":{"rendered":"<div class=\"wsppc_div_block woocommerce_before_add_to_cart_form\">\r\n<p><strong><span style=\"color: #00a859;\">Pasar por la aduana<\/span> antes de la entrega y 100% Garant\u00eda de entrega, Entrega en 19~25 d\u00edas aproximadamente.\u00a0<\/strong><\/p>\r\n<\/div>","protected":false},"featured_media":12645,"comment_status":"open","ping_status":"closed","template":"","meta":[],"pwb-brand":[1270],"product_cat":[870],"product_tag":[24,180,244,336,22],"class_list":{"0":"post-5460","1":"product","2":"type-product","3":"status-publish","4":"has-post-thumbnail","6":"pwb-brand-randm","7":"product_cat-8000-10000-puffs","8":"product_tag-wholesale","9":"product_tag-randm-tornado","10":"product_tag-18-0ml","11":"product_tag-9000-puffs","12":"product_tag-disposable","13":"wcpa_has_options","15":"first","16":"outofstock","17":"featured","18":"shipping-taxable","19":"purchasable","20":"product-type-variable"},"aioseo_notices":[],"brands":[{"id":1270,"name":"Randm","slug":"randm"}],"_links":{"self":[{"href":"https:\/\/www.vape4wholesale.com\/es\/wp-json\/wp\/v2\/product\/5460","targetHints":{"allow":["GET"]}}],"collection":[{"href":"https:\/\/www.vape4wholesale.com\/es\/wp-json\/wp\/v2\/product"}],"about":[{"href":"https:\/\/www.vape4wholesale.com\/es\/wp-json\/wp\/v2\/types\/product"}],"replies":[{"embeddable":true,"href":"https:\/\/www.vape4wholesale.com\/es\/wp-json\/wp\/v2\/comments?post=5460"}],"wp:featuredmedia":[{"embeddable":true,"href":"https:\/\/www.vape4wholesale.com\/es\/wp-json\/wp\/v2\/media\/12645"}],"wp:attachment":[{"href":"https:\/\/www.vape4wholesale.com\/es\/wp-json\/wp\/v2\/media?parent=5460"}],"wp:term":[{"taxonomy":"pwb-brand","embeddable":true,"href":"https:\/\/www.vape4wholesale.com\/es\/wp-json\/wp\/v2\/pwb-brand?post=5460"},{"taxonomy":"product_cat","embeddable":true,"href":"https:\/\/www.vape4wholesale.com\/es\/wp-json\/wp\/v2\/product_cat?post=5460"},{"taxonomy":"product_tag","embeddable":true,"href":"https:\/\/www.vape4wholesale.com\/es\/wp-json\/wp\/v2\/product_tag?post=5460"}],"curies":[{"name":"wp","href":"https:\/\/api.w.org\/{rel}","templated":true}]}}