{"id":4924,"date":"2022-06-11T08:43:58","date_gmt":"2022-06-11T00:43:58","guid":{"rendered":"https:\/\/www.vape4wholesale.com\/?post_type=product&#038;p=4924"},"modified":"2026-01-26T13:43:42","modified_gmt":"2026-01-26T13:43:42","slug":"elf-bar-bc3000-vape-desechable-al-por-mayor","status":"publish","type":"product","link":"https:\/\/www.vape4wholesale.com\/es\/product\/elf-bar-bc3000-disposable-vape-wholesale","title":{"rendered":"Elf Bar BC3000 Vape desechable al por mayor"},"content":{"rendered":"<p>el <strong>Elf bar BC3000 Dispositivo Pod Desechable<\/strong> viene con varios sabores maravillosos. tiene 10ml jugo pre-llenado con 5% fuerza de la nicotina y delicioso sabor. Y est\u00e1 hecho de una bater\u00eda recargable incorporada de 650mAh. Con un dise\u00f1o en forma de bandera y un tama\u00f1o compacto, el Elf bar BC3000 Disposable Pod Device le traer\u00e1 una gran experiencia vaping.<\/p>\n<h2><strong>Elf Bar BC3000 Par\u00e1metros Vape Desechables<\/strong><\/h2>\n<p>Tama\u00f1o: 69 mm x 41 mm x 19 mm<br \/>\nCapacidad del e-l\u00edquido: 10ml<br \/>\nPotencia de nicotina: 50mg (5%)<br \/>\nCapacidad de la bater\u00eda: 650 mAh<br \/>\nPuffs: 3000puffs<\/p>\n<h2><strong>Caracter\u00edsticas<\/strong><\/h2>\n<p>Dise\u00f1o en forma de vagoneta y tama\u00f1o compacto<br \/>\nDoble bobina con sabores extraordinarios para el sabor m\u00e1s puro<br \/>\nBater\u00eda recargable de 650mAh y Pod precargado de 10ml<br \/>\n3000puffs, caja peque\u00f1a con gran potencia<br \/>\nLa colocaci\u00f3n de colores contrastados proporciona m\u00e1s diversi\u00f3n<\/p>\n<h2><strong>Sabores<\/strong><\/h2>\n<p>Pi\u00f1a helada<br \/>\nFresa helada<br \/>\nFresa Kiwi<br \/>\nHielo de sand\u00eda<br \/>\nFresa Pi\u00f1a Coco<br \/>\nMango Albaricoque Melocot\u00f3n<br \/>\nMel\u00f3n triple<br \/>\nUva Sakura<br \/>\nMojito rojo<br \/>\nAr\u00e1ndano Uva<br \/>\nEnerg\u00eda<br \/>\nHielo Razz Azul<br \/>\nMenta lim\u00f3n<br \/>\nKiwi Maracuy\u00e1 Guayaba<br \/>\nMango Melocot\u00f3n<br \/>\nFresa Mango<br \/>\nHielo de guayaba<br \/>\nMelocot\u00f3n Mango Sand\u00eda<\/p>\n<p><img loading=\"lazy\" decoding=\"async\" class=\"alignnone size-full wp-image-13366\" title=\"Elf Bar BC3000 Vape Diposable Mayorista 38\" src=\"https:\/\/www.vape4wholesale.com\/wp-content\/uploads\/2022\/06\/Elf-Bar-BC3000-Diposable-Vape-Wholesale-38.jpg\" alt=\"Elf Bar BC3000 Vape Diposable Mayorista 38\" width=\"600\" height=\"600\" srcset=\"https:\/\/www.vape4wholesale.com\/wp-content\/uploads\/2022\/06\/Elf-Bar-BC3000-Diposable-Vape-Wholesale-38.jpg 600w, https:\/\/www.vape4wholesale.com\/wp-content\/uploads\/2022\/06\/Elf-Bar-BC3000-Diposable-Vape-Wholesale-38-247x247.jpg 247w, https:\/\/www.vape4wholesale.com\/wp-content\/uploads\/2022\/06\/Elf-Bar-BC3000-Diposable-Vape-Wholesale-38-100x100.jpg 100w, https:\/\/www.vape4wholesale.com\/wp-content\/uploads\/2022\/06\/Elf-Bar-BC3000-Diposable-Vape-Wholesale-38-510x510.jpg 510w\" sizes=\"auto, (max-width: 600px) 100vw, 600px\" \/><img loading=\"lazy\" decoding=\"async\" class=\"alignnone size-full wp-image-13365\" title=\"Elf Bar BC3000 Vape Diposable Mayorista 37\" src=\"https:\/\/www.vape4wholesale.com\/wp-content\/uploads\/2022\/06\/Elf-Bar-BC3000-Diposable-Vape-Wholesale-37.jpg\" alt=\"Elf Bar BC3000 Vape Diposable Mayorista 37\" width=\"600\" height=\"600\" srcset=\"https:\/\/www.vape4wholesale.com\/wp-content\/uploads\/2022\/06\/Elf-Bar-BC3000-Diposable-Vape-Wholesale-37.jpg 600w, https:\/\/www.vape4wholesale.com\/wp-content\/uploads\/2022\/06\/Elf-Bar-BC3000-Diposable-Vape-Wholesale-37-247x247.jpg 247w, https:\/\/www.vape4wholesale.com\/wp-content\/uploads\/2022\/06\/Elf-Bar-BC3000-Diposable-Vape-Wholesale-37-100x100.jpg 100w, https:\/\/www.vape4wholesale.com\/wp-content\/uploads\/2022\/06\/Elf-Bar-BC3000-Diposable-Vape-Wholesale-37-510x510.jpg 510w, https:\/\/www.vape4wholesale.com\/wp-content\/uploads\/2022\/06\/Elf-Bar-BC3000-Diposable-Vape-Wholesale-37-64x64.jpg 64w, https:\/\/www.vape4wholesale.com\/wp-content\/uploads\/2022\/06\/Elf-Bar-BC3000-Diposable-Vape-Wholesale-37-300x300.jpg 300w, https:\/\/www.vape4wholesale.com\/wp-content\/uploads\/2022\/06\/Elf-Bar-BC3000-Diposable-Vape-Wholesale-37-150x150.jpg 150w\" sizes=\"auto, (max-width: 600px) 100vw, 600px\" \/> <img loading=\"lazy\" decoding=\"async\" class=\"alignnone size-full wp-image-13364\" title=\"Elf Bar BC3000 Vape Diposable Mayorista 36\" src=\"https:\/\/www.vape4wholesale.com\/wp-content\/uploads\/2022\/06\/Elf-Bar-BC3000-Diposable-Vape-Wholesale-36.jpg\" alt=\"Elf Bar BC3000 Vape Diposable Mayorista 36\" width=\"600\" height=\"600\" srcset=\"https:\/\/www.vape4wholesale.com\/wp-content\/uploads\/2022\/06\/Elf-Bar-BC3000-Diposable-Vape-Wholesale-36.jpg 600w, https:\/\/www.vape4wholesale.com\/wp-content\/uploads\/2022\/06\/Elf-Bar-BC3000-Diposable-Vape-Wholesale-36-247x247.jpg 247w, https:\/\/www.vape4wholesale.com\/wp-content\/uploads\/2022\/06\/Elf-Bar-BC3000-Diposable-Vape-Wholesale-36-100x100.jpg 100w, https:\/\/www.vape4wholesale.com\/wp-content\/uploads\/2022\/06\/Elf-Bar-BC3000-Diposable-Vape-Wholesale-36-510x510.jpg 510w\" sizes=\"auto, (max-width: 600px) 100vw, 600px\" \/> <img loading=\"lazy\" decoding=\"async\" class=\"alignnone size-full wp-image-13363\" title=\"Elf Bar BC3000 Vape Diposable Mayorista 34\" src=\"https:\/\/www.vape4wholesale.com\/wp-content\/uploads\/2022\/06\/Elf-Bar-BC3000-Diposable-Vape-Wholesale-34.jpg\" alt=\"Elf Bar BC3000 Vape Diposable Mayorista 34\" width=\"600\" height=\"600\" srcset=\"https:\/\/www.vape4wholesale.com\/wp-content\/uploads\/2022\/06\/Elf-Bar-BC3000-Diposable-Vape-Wholesale-34.jpg 600w, https:\/\/www.vape4wholesale.com\/wp-content\/uploads\/2022\/06\/Elf-Bar-BC3000-Diposable-Vape-Wholesale-34-247x247.jpg 247w, https:\/\/www.vape4wholesale.com\/wp-content\/uploads\/2022\/06\/Elf-Bar-BC3000-Diposable-Vape-Wholesale-34-100x100.jpg 100w, https:\/\/www.vape4wholesale.com\/wp-content\/uploads\/2022\/06\/Elf-Bar-BC3000-Diposable-Vape-Wholesale-34-510x510.jpg 510w, https:\/\/www.vape4wholesale.com\/wp-content\/uploads\/2022\/06\/Elf-Bar-BC3000-Diposable-Vape-Wholesale-34-64x64.jpg 64w, https:\/\/www.vape4wholesale.com\/wp-content\/uploads\/2022\/06\/Elf-Bar-BC3000-Diposable-Vape-Wholesale-34-300x300.jpg 300w, https:\/\/www.vape4wholesale.com\/wp-content\/uploads\/2022\/06\/Elf-Bar-BC3000-Diposable-Vape-Wholesale-34-150x150.jpg 150w\" sizes=\"auto, (max-width: 600px) 100vw, 600px\" \/> <img loading=\"lazy\" decoding=\"async\" class=\"alignnone size-full wp-image-13362\" title=\"Elf Bar BC3000 Vape Diposable Mayorista 32\" src=\"https:\/\/www.vape4wholesale.com\/wp-content\/uploads\/2022\/06\/Elf-Bar-BC3000-Diposable-Vape-Wholesale-32.jpg\" alt=\"Elf Bar BC3000 Vape Diposable Mayorista 32\" width=\"600\" height=\"600\" srcset=\"https:\/\/www.vape4wholesale.com\/wp-content\/uploads\/2022\/06\/Elf-Bar-BC3000-Diposable-Vape-Wholesale-32.jpg 600w, https:\/\/www.vape4wholesale.com\/wp-content\/uploads\/2022\/06\/Elf-Bar-BC3000-Diposable-Vape-Wholesale-32-247x247.jpg 247w, https:\/\/www.vape4wholesale.com\/wp-content\/uploads\/2022\/06\/Elf-Bar-BC3000-Diposable-Vape-Wholesale-32-100x100.jpg 100w, https:\/\/www.vape4wholesale.com\/wp-content\/uploads\/2022\/06\/Elf-Bar-BC3000-Diposable-Vape-Wholesale-32-510x510.jpg 510w, https:\/\/www.vape4wholesale.com\/wp-content\/uploads\/2022\/06\/Elf-Bar-BC3000-Diposable-Vape-Wholesale-32-64x64.jpg 64w, https:\/\/www.vape4wholesale.com\/wp-content\/uploads\/2022\/06\/Elf-Bar-BC3000-Diposable-Vape-Wholesale-32-300x300.jpg 300w, https:\/\/www.vape4wholesale.com\/wp-content\/uploads\/2022\/06\/Elf-Bar-BC3000-Diposable-Vape-Wholesale-32-150x150.jpg 150w\" sizes=\"auto, (max-width: 600px) 100vw, 600px\" \/> <img loading=\"lazy\" decoding=\"async\" class=\"alignnone size-full wp-image-13361\" title=\"Elf Bar BC3000 Diposable Vape Mayorista 29\" src=\"https:\/\/www.vape4wholesale.com\/wp-content\/uploads\/2022\/06\/Elf-Bar-BC3000-Diposable-Vape-Wholesale-29.jpg\" alt=\"Elf Bar BC3000 Diposable Vape Mayorista 29\" width=\"600\" height=\"600\" srcset=\"https:\/\/www.vape4wholesale.com\/wp-content\/uploads\/2022\/06\/Elf-Bar-BC3000-Diposable-Vape-Wholesale-29.jpg 600w, https:\/\/www.vape4wholesale.com\/wp-content\/uploads\/2022\/06\/Elf-Bar-BC3000-Diposable-Vape-Wholesale-29-247x247.jpg 247w, https:\/\/www.vape4wholesale.com\/wp-content\/uploads\/2022\/06\/Elf-Bar-BC3000-Diposable-Vape-Wholesale-29-100x100.jpg 100w, https:\/\/www.vape4wholesale.com\/wp-content\/uploads\/2022\/06\/Elf-Bar-BC3000-Diposable-Vape-Wholesale-29-510x510.jpg 510w, https:\/\/www.vape4wholesale.com\/wp-content\/uploads\/2022\/06\/Elf-Bar-BC3000-Diposable-Vape-Wholesale-29-64x64.jpg 64w, https:\/\/www.vape4wholesale.com\/wp-content\/uploads\/2022\/06\/Elf-Bar-BC3000-Diposable-Vape-Wholesale-29-300x300.jpg 300w, https:\/\/www.vape4wholesale.com\/wp-content\/uploads\/2022\/06\/Elf-Bar-BC3000-Diposable-Vape-Wholesale-29-150x150.jpg 150w\" sizes=\"auto, (max-width: 600px) 100vw, 600px\" \/> <img loading=\"lazy\" decoding=\"async\" class=\"alignnone size-full wp-image-13360\" title=\"Elf Bar BC3000 Vape Diposable Mayorista 28\" src=\"https:\/\/www.vape4wholesale.com\/wp-content\/uploads\/2022\/06\/Elf-Bar-BC3000-Diposable-Vape-Wholesale-28.jpg\" alt=\"Elf Bar BC3000 Vape Diposable Mayorista 28\" width=\"600\" height=\"600\" srcset=\"https:\/\/www.vape4wholesale.com\/wp-content\/uploads\/2022\/06\/Elf-Bar-BC3000-Diposable-Vape-Wholesale-28.jpg 600w, https:\/\/www.vape4wholesale.com\/wp-content\/uploads\/2022\/06\/Elf-Bar-BC3000-Diposable-Vape-Wholesale-28-247x247.jpg 247w, https:\/\/www.vape4wholesale.com\/wp-content\/uploads\/2022\/06\/Elf-Bar-BC3000-Diposable-Vape-Wholesale-28-100x100.jpg 100w, https:\/\/www.vape4wholesale.com\/wp-content\/uploads\/2022\/06\/Elf-Bar-BC3000-Diposable-Vape-Wholesale-28-510x510.jpg 510w, https:\/\/www.vape4wholesale.com\/wp-content\/uploads\/2022\/06\/Elf-Bar-BC3000-Diposable-Vape-Wholesale-28-64x64.jpg 64w, https:\/\/www.vape4wholesale.com\/wp-content\/uploads\/2022\/06\/Elf-Bar-BC3000-Diposable-Vape-Wholesale-28-300x300.jpg 300w, https:\/\/www.vape4wholesale.com\/wp-content\/uploads\/2022\/06\/Elf-Bar-BC3000-Diposable-Vape-Wholesale-28-150x150.jpg 150w\" sizes=\"auto, (max-width: 600px) 100vw, 600px\" \/> <img loading=\"lazy\" decoding=\"async\" class=\"alignnone size-full wp-image-13359\" title=\"Elf Bar BC3000 Vape Diposable Mayorista 26\" src=\"https:\/\/www.vape4wholesale.com\/wp-content\/uploads\/2022\/06\/Elf-Bar-BC3000-Diposable-Vape-Wholesale-26.jpg\" alt=\"Elf Bar BC3000 Vape Diposable Mayorista 26\" width=\"600\" height=\"600\" srcset=\"https:\/\/www.vape4wholesale.com\/wp-content\/uploads\/2022\/06\/Elf-Bar-BC3000-Diposable-Vape-Wholesale-26.jpg 600w, https:\/\/www.vape4wholesale.com\/wp-content\/uploads\/2022\/06\/Elf-Bar-BC3000-Diposable-Vape-Wholesale-26-247x247.jpg 247w, https:\/\/www.vape4wholesale.com\/wp-content\/uploads\/2022\/06\/Elf-Bar-BC3000-Diposable-Vape-Wholesale-26-100x100.jpg 100w, https:\/\/www.vape4wholesale.com\/wp-content\/uploads\/2022\/06\/Elf-Bar-BC3000-Diposable-Vape-Wholesale-26-510x510.jpg 510w, https:\/\/www.vape4wholesale.com\/wp-content\/uploads\/2022\/06\/Elf-Bar-BC3000-Diposable-Vape-Wholesale-26-64x64.jpg 64w, https:\/\/www.vape4wholesale.com\/wp-content\/uploads\/2022\/06\/Elf-Bar-BC3000-Diposable-Vape-Wholesale-26-300x300.jpg 300w, https:\/\/www.vape4wholesale.com\/wp-content\/uploads\/2022\/06\/Elf-Bar-BC3000-Diposable-Vape-Wholesale-26-150x150.jpg 150w\" sizes=\"auto, (max-width: 600px) 100vw, 600px\" \/> <img loading=\"lazy\" decoding=\"async\" class=\"alignnone size-full wp-image-13358\" title=\"Elf Bar BC3000 Diposable Vape al por mayor 24\" src=\"https:\/\/www.vape4wholesale.com\/wp-content\/uploads\/2022\/06\/Elf-Bar-BC3000-Diposable-Vape-Wholesale-24.jpg\" alt=\"Elf Bar BC3000 Diposable Vape al por mayor 24\" width=\"600\" height=\"600\" srcset=\"https:\/\/www.vape4wholesale.com\/wp-content\/uploads\/2022\/06\/Elf-Bar-BC3000-Diposable-Vape-Wholesale-24.jpg 600w, https:\/\/www.vape4wholesale.com\/wp-content\/uploads\/2022\/06\/Elf-Bar-BC3000-Diposable-Vape-Wholesale-24-247x247.jpg 247w, https:\/\/www.vape4wholesale.com\/wp-content\/uploads\/2022\/06\/Elf-Bar-BC3000-Diposable-Vape-Wholesale-24-100x100.jpg 100w, https:\/\/www.vape4wholesale.com\/wp-content\/uploads\/2022\/06\/Elf-Bar-BC3000-Diposable-Vape-Wholesale-24-510x510.jpg 510w, https:\/\/www.vape4wholesale.com\/wp-content\/uploads\/2022\/06\/Elf-Bar-BC3000-Diposable-Vape-Wholesale-24-64x64.jpg 64w, https:\/\/www.vape4wholesale.com\/wp-content\/uploads\/2022\/06\/Elf-Bar-BC3000-Diposable-Vape-Wholesale-24-300x300.jpg 300w, https:\/\/www.vape4wholesale.com\/wp-content\/uploads\/2022\/06\/Elf-Bar-BC3000-Diposable-Vape-Wholesale-24-150x150.jpg 150w\" sizes=\"auto, (max-width: 600px) 100vw, 600px\" \/> <img loading=\"lazy\" decoding=\"async\" class=\"alignnone size-full wp-image-13354\" title=\"Elf Bar BC3000 Vape Diposable Mayorista 3\" src=\"https:\/\/www.vape4wholesale.com\/wp-content\/uploads\/2022\/06\/Elf-Bar-BC3000-Diposable-Vape-Wholesale-3.jpg\" alt=\"Elf Bar BC3000 Vape Diposable Mayorista 3\" width=\"600\" height=\"600\" srcset=\"https:\/\/www.vape4wholesale.com\/wp-content\/uploads\/2022\/06\/Elf-Bar-BC3000-Diposable-Vape-Wholesale-3.jpg 600w, https:\/\/www.vape4wholesale.com\/wp-content\/uploads\/2022\/06\/Elf-Bar-BC3000-Diposable-Vape-Wholesale-3-247x247.jpg 247w, https:\/\/www.vape4wholesale.com\/wp-content\/uploads\/2022\/06\/Elf-Bar-BC3000-Diposable-Vape-Wholesale-3-100x100.jpg 100w, https:\/\/www.vape4wholesale.com\/wp-content\/uploads\/2022\/06\/Elf-Bar-BC3000-Diposable-Vape-Wholesale-3-510x510.jpg 510w, https:\/\/www.vape4wholesale.com\/wp-content\/uploads\/2022\/06\/Elf-Bar-BC3000-Diposable-Vape-Wholesale-3-64x64.jpg 64w, https:\/\/www.vape4wholesale.com\/wp-content\/uploads\/2022\/06\/Elf-Bar-BC3000-Diposable-Vape-Wholesale-3-300x300.jpg 300w, https:\/\/www.vape4wholesale.com\/wp-content\/uploads\/2022\/06\/Elf-Bar-BC3000-Diposable-Vape-Wholesale-3-150x150.jpg 150w\" sizes=\"auto, (max-width: 600px) 100vw, 600px\" \/> <img loading=\"lazy\" decoding=\"async\" class=\"alignnone size-full wp-image-13355\" title=\"Elf Bar BC3000 Vape Diposable Mayorista 6\" src=\"https:\/\/www.vape4wholesale.com\/wp-content\/uploads\/2022\/06\/Elf-Bar-BC3000-Diposable-Vape-Wholesale-6.jpg\" alt=\"Elf Bar BC3000 Vape Diposable Mayorista 6\" width=\"600\" height=\"600\" srcset=\"https:\/\/www.vape4wholesale.com\/wp-content\/uploads\/2022\/06\/Elf-Bar-BC3000-Diposable-Vape-Wholesale-6.jpg 600w, https:\/\/www.vape4wholesale.com\/wp-content\/uploads\/2022\/06\/Elf-Bar-BC3000-Diposable-Vape-Wholesale-6-247x247.jpg 247w, https:\/\/www.vape4wholesale.com\/wp-content\/uploads\/2022\/06\/Elf-Bar-BC3000-Diposable-Vape-Wholesale-6-100x100.jpg 100w, https:\/\/www.vape4wholesale.com\/wp-content\/uploads\/2022\/06\/Elf-Bar-BC3000-Diposable-Vape-Wholesale-6-510x510.jpg 510w, https:\/\/www.vape4wholesale.com\/wp-content\/uploads\/2022\/06\/Elf-Bar-BC3000-Diposable-Vape-Wholesale-6-64x64.jpg 64w, https:\/\/www.vape4wholesale.com\/wp-content\/uploads\/2022\/06\/Elf-Bar-BC3000-Diposable-Vape-Wholesale-6-300x300.jpg 300w, https:\/\/www.vape4wholesale.com\/wp-content\/uploads\/2022\/06\/Elf-Bar-BC3000-Diposable-Vape-Wholesale-6-150x150.jpg 150w\" sizes=\"auto, (max-width: 600px) 100vw, 600px\" \/> <img loading=\"lazy\" decoding=\"async\" class=\"alignnone size-full wp-image-13356\" title=\"Elf Bar BC3000 Vape Diposable Mayorista 15\" src=\"https:\/\/www.vape4wholesale.com\/wp-content\/uploads\/2022\/06\/Elf-Bar-BC3000-Diposable-Vape-Wholesale-15.jpg\" alt=\"Elf Bar BC3000 Vape Diposable Mayorista 15\" width=\"600\" height=\"600\" srcset=\"https:\/\/www.vape4wholesale.com\/wp-content\/uploads\/2022\/06\/Elf-Bar-BC3000-Diposable-Vape-Wholesale-15.jpg 600w, https:\/\/www.vape4wholesale.com\/wp-content\/uploads\/2022\/06\/Elf-Bar-BC3000-Diposable-Vape-Wholesale-15-247x247.jpg 247w, https:\/\/www.vape4wholesale.com\/wp-content\/uploads\/2022\/06\/Elf-Bar-BC3000-Diposable-Vape-Wholesale-15-100x100.jpg 100w, https:\/\/www.vape4wholesale.com\/wp-content\/uploads\/2022\/06\/Elf-Bar-BC3000-Diposable-Vape-Wholesale-15-510x510.jpg 510w, https:\/\/www.vape4wholesale.com\/wp-content\/uploads\/2022\/06\/Elf-Bar-BC3000-Diposable-Vape-Wholesale-15-64x64.jpg 64w, https:\/\/www.vape4wholesale.com\/wp-content\/uploads\/2022\/06\/Elf-Bar-BC3000-Diposable-Vape-Wholesale-15-300x300.jpg 300w, https:\/\/www.vape4wholesale.com\/wp-content\/uploads\/2022\/06\/Elf-Bar-BC3000-Diposable-Vape-Wholesale-15-150x150.jpg 150w\" sizes=\"auto, (max-width: 600px) 100vw, 600px\" \/> <img loading=\"lazy\" decoding=\"async\" class=\"alignnone size-full wp-image-13357\" title=\"Elf Bar BC3000 Diposable Vape Mayorista 22\" src=\"https:\/\/www.vape4wholesale.com\/wp-content\/uploads\/2022\/06\/Elf-Bar-BC3000-Diposable-Vape-Wholesale-22.jpg\" alt=\"Elf Bar BC3000 Diposable Vape Mayorista 22\" width=\"600\" height=\"600\" srcset=\"https:\/\/www.vape4wholesale.com\/wp-content\/uploads\/2022\/06\/Elf-Bar-BC3000-Diposable-Vape-Wholesale-22.jpg 600w, https:\/\/www.vape4wholesale.com\/wp-content\/uploads\/2022\/06\/Elf-Bar-BC3000-Diposable-Vape-Wholesale-22-247x247.jpg 247w, https:\/\/www.vape4wholesale.com\/wp-content\/uploads\/2022\/06\/Elf-Bar-BC3000-Diposable-Vape-Wholesale-22-100x100.jpg 100w, https:\/\/www.vape4wholesale.com\/wp-content\/uploads\/2022\/06\/Elf-Bar-BC3000-Diposable-Vape-Wholesale-22-510x510.jpg 510w, https:\/\/www.vape4wholesale.com\/wp-content\/uploads\/2022\/06\/Elf-Bar-BC3000-Diposable-Vape-Wholesale-22-64x64.jpg 64w, https:\/\/www.vape4wholesale.com\/wp-content\/uploads\/2022\/06\/Elf-Bar-BC3000-Diposable-Vape-Wholesale-22-300x300.jpg 300w, https:\/\/www.vape4wholesale.com\/wp-content\/uploads\/2022\/06\/Elf-Bar-BC3000-Diposable-Vape-Wholesale-22-150x150.jpg 150w\" sizes=\"auto, (max-width: 600px) 100vw, 600px\" \/> <img loading=\"lazy\" decoding=\"async\" class=\"alignnone size-full wp-image-13353\" title=\"Elf Bar BC3000 Vape Diposable Mayorista 2\" src=\"https:\/\/www.vape4wholesale.com\/wp-content\/uploads\/2022\/06\/Elf-Bar-BC3000-Diposable-Vape-Wholesale-2.jpg\" alt=\"Elf Bar BC3000 Vape Diposable Mayorista 2\" width=\"600\" height=\"600\" srcset=\"https:\/\/www.vape4wholesale.com\/wp-content\/uploads\/2022\/06\/Elf-Bar-BC3000-Diposable-Vape-Wholesale-2.jpg 600w, https:\/\/www.vape4wholesale.com\/wp-content\/uploads\/2022\/06\/Elf-Bar-BC3000-Diposable-Vape-Wholesale-2-247x247.jpg 247w, https:\/\/www.vape4wholesale.com\/wp-content\/uploads\/2022\/06\/Elf-Bar-BC3000-Diposable-Vape-Wholesale-2-100x100.jpg 100w, https:\/\/www.vape4wholesale.com\/wp-content\/uploads\/2022\/06\/Elf-Bar-BC3000-Diposable-Vape-Wholesale-2-510x510.jpg 510w, https:\/\/www.vape4wholesale.com\/wp-content\/uploads\/2022\/06\/Elf-Bar-BC3000-Diposable-Vape-Wholesale-2-64x64.jpg 64w, https:\/\/www.vape4wholesale.com\/wp-content\/uploads\/2022\/06\/Elf-Bar-BC3000-Diposable-Vape-Wholesale-2-300x300.jpg 300w, https:\/\/www.vape4wholesale.com\/wp-content\/uploads\/2022\/06\/Elf-Bar-BC3000-Diposable-Vape-Wholesale-2-150x150.jpg 150w\" sizes=\"auto, (max-width: 600px) 100vw, 600px\" \/><\/p>\n<p>&nbsp;<\/p>","protected":false},"excerpt":{"rendered":"[scf-template id=&#8217;11434&#8242;]\n<p>100% Orignal with QR Code<\/p>\n","protected":false},"featured_media":13366,"comment_status":"open","ping_status":"closed","template":"","meta":[],"pwb-brand":[1278],"product_cat":[85],"product_tag":[24,60,210,211,22],"class_list":{"0":"post-4924","1":"product","2":"type-product","3":"status-publish","4":"has-post-thumbnail","6":"pwb-brand-elf-bar","7":"product_cat-3000-4000-puffs","8":"product_tag-wholesale","9":"product_tag-elf-bar","10":"product_tag-10-0ml","11":"product_tag-3000-puffs","12":"product_tag-disposable","14":"first","15":"outofstock","16":"shipping-taxable","17":"purchasable","18":"product-type-variable"},"aioseo_notices":[],"brands":[{"id":1278,"name":"Bar Elfo","slug":"bar-duende"}],"_links":{"self":[{"href":"https:\/\/www.vape4wholesale.com\/es\/wp-json\/wp\/v2\/product\/4924","targetHints":{"allow":["GET"]}}],"collection":[{"href":"https:\/\/www.vape4wholesale.com\/es\/wp-json\/wp\/v2\/product"}],"about":[{"href":"https:\/\/www.vape4wholesale.com\/es\/wp-json\/wp\/v2\/types\/product"}],"replies":[{"embeddable":true,"href":"https:\/\/www.vape4wholesale.com\/es\/wp-json\/wp\/v2\/comments?post=4924"}],"wp:featuredmedia":[{"embeddable":true,"href":"https:\/\/www.vape4wholesale.com\/es\/wp-json\/wp\/v2\/media\/13366"}],"wp:attachment":[{"href":"https:\/\/www.vape4wholesale.com\/es\/wp-json\/wp\/v2\/media?parent=4924"}],"wp:term":[{"taxonomy":"pwb-brand","embeddable":true,"href":"https:\/\/www.vape4wholesale.com\/es\/wp-json\/wp\/v2\/pwb-brand?post=4924"},{"taxonomy":"product_cat","embeddable":true,"href":"https:\/\/www.vape4wholesale.com\/es\/wp-json\/wp\/v2\/product_cat?post=4924"},{"taxonomy":"product_tag","embeddable":true,"href":"https:\/\/www.vape4wholesale.com\/es\/wp-json\/wp\/v2\/product_tag?post=4924"}],"curies":[{"name":"wp","href":"https:\/\/api.w.org\/{rel}","templated":true}]}}