{"id":4681,"date":"2021-05-21T14:04:07","date_gmt":"2021-05-21T06:04:07","guid":{"rendered":"https:\/\/www.vape4wholesale.com\/?post_type=product&#038;p=4681"},"modified":"2026-01-26T13:43:56","modified_gmt":"2026-01-26T13:43:56","slug":"elf-bar-3600-vape-desechable-al-por-mayor","status":"publish","type":"product","link":"https:\/\/www.vape4wholesale.com\/es\/product\/elf-bar-3600-disposable-vape-wholesale","title":{"rendered":"Elf Bar 3600 Vape desechable al por mayor"},"content":{"rendered":"<p>el <strong><a href=\"https:\/\/www.vape4wholesale.com\/es\/marca_producto\/bar-duende\/\">Bar Elfo<\/a> 3600 Vape desechable<\/strong> viene con 650mAh bater\u00eda recargable con cable de carga r\u00e1pida de tipo C y 10,6 ml pre-llenado. Venta al por mayor en Vape4Wholesale, Debido a la capacidad de tama\u00f1o king e-l\u00edquido, la barra de Elf 3600 puede traer alrededor de 3600 grandes bocanadas. Y la barra de Elf 3600 Dispositivo Pod desechables est\u00e1 hecho de dise\u00f1o de lujo con colores degradados para elegir todos los d\u00edas. Lo que es m\u00e1s, el Elf bar 3600 Disposable Pod Device adopta la bobina dual avanzada para traer el flujo de aire m\u00e1s suave y sabor brillante. S\u00f3lo tiene que obtener el Elf bar 3600 Disposable Pod Device y disfrutar del sabor incre\u00edble.<\/p>\n<h2><strong>Elf Bar 3600 Par\u00e1metros Vape Desechables<\/strong><\/h2>\n<ul>\n<li>Tama\u00f1o: \u03c625x112mm<\/li>\n<li>Capacidad del e-l\u00edquido: 10.6ml<\/li>\n<li>Potencia de nicotina: 20mg (2%)<\/li>\n<li>Capacidad de la bater\u00eda: 650 mAh<\/li>\n<li>Puffs: 3600 Puffs<\/li>\n<\/ul>\n<h2><strong>Caracter\u00edsticas<\/strong><\/h2>\n<p>Bater\u00eda recargable de 650mAh y 10,6ml de zumo precargado<br \/>\nSabor suave originado en la naturaleza<br \/>\nDise\u00f1o recargable de tipo C para vapear durante mucho tiempo<br \/>\nDoble bobina avanzada para un flujo de aire m\u00e1s suave y un sabor brillante<br \/>\nDise\u00f1o elegante con colores degradados<\/p>\n<h2><strong>Paquete\/Peso<\/strong><\/h2>\n<ul>\n<li>1ud\/paquete, 10 paquetes\/caja<\/li>\n<li>400\/Cart\u00f3n, Peso: 28kg<\/li>\n<\/ul>\n<h2><strong>Elf Bar 3600 Sabores<\/strong><\/h2>\n<div class=\"vi-wpvs-option-wrap vi-wpvs-option-wrap-default\" data-attribute_label=\"Banana Ice\" data-attribute_value=\"banana-ice-2\">\n<div class=\"vi-wpvs-option-wrap vi-wpvs-option-wrap-selected\" data-attribute_label=\"Banana Milk\" data-attribute_value=\"banana-milk\">\n<div class=\"vi-wpvs-option-wrap vi-wpvs-option-wrap-selected\" data-attribute_label=\"Banana Milk\" data-attribute_value=\"banana-milk\"><span class=\"vi-wpvs-option vi-wpvs-option-button\">Leche de pl\u00e1tano<\/span><\/div>\n<div class=\"vi-wpvs-option-wrap vi-wpvs-option-wrap-default\" data-attribute_label=\"Berry Peach\" data-attribute_value=\"berry-peach\"><span class=\"vi-wpvs-option vi-wpvs-option-button\">Melocot\u00f3n<\/span><\/div>\n<div class=\"vi-wpvs-option-wrap vi-wpvs-option-wrap-default\" data-attribute_label=\"Blue Razz Lemonade\" data-attribute_value=\"blue-razz-lemonade\"><span class=\"vi-wpvs-option vi-wpvs-option-button\">Limonada Blue Razz<\/span><\/div>\n<div class=\"vi-wpvs-option-wrap vi-wpvs-option-wrap-default\" data-attribute_label=\"Jelly Bear\" data-attribute_value=\"jelly-bear\"><span class=\"vi-wpvs-option vi-wpvs-option-button\">Oso de gelatina<\/span><\/div>\n<div class=\"vi-wpvs-option-wrap vi-wpvs-option-wrap-default\" data-attribute_label=\"Kiwi Passion Fruit Guava\" data-attribute_value=\"kiwi-passion-fruit-guava\"><span class=\"vi-wpvs-option vi-wpvs-option-button\">Kiwi Fruta de la pasi\u00f3n Guayaba<\/span><\/div>\n<div class=\"vi-wpvs-option-wrap vi-wpvs-option-wrap-default\" data-attribute_label=\"Mango Peach Watermelon\" data-attribute_value=\"mango-peach-watermelon\"><span class=\"vi-wpvs-option vi-wpvs-option-button\">Mango Melocot\u00f3n Sand\u00eda<\/span><\/div>\n<div class=\"vi-wpvs-option-wrap vi-wpvs-option-wrap-default\" data-attribute_label=\"Peach Mango Guava\" data-attribute_value=\"peach-mango-guava\"><span class=\"vi-wpvs-option vi-wpvs-option-button\">Melocot\u00f3n Mango Guayaba<\/span><\/div>\n<div class=\"vi-wpvs-option-wrap vi-wpvs-option-wrap-default\" data-attribute_label=\"Pineapple Mango Orange\" data-attribute_value=\"pineapple-mango-orange\"><span class=\"vi-wpvs-option vi-wpvs-option-button\">Pi\u00f1a Mango Naranja<\/span><\/div>\n<div class=\"vi-wpvs-option-wrap vi-wpvs-option-wrap-default\" data-attribute_label=\"Russian Cream\" data-attribute_value=\"russian-cream\"><span class=\"vi-wpvs-option vi-wpvs-option-button\">Crema rusa<\/span><\/div>\n<div class=\"vi-wpvs-option-wrap vi-wpvs-option-wrap-default\" data-attribute_label=\"Sour Apple\" data-attribute_value=\"sour-apple\"><span class=\"vi-wpvs-option vi-wpvs-option-button\">Manzana \u00e1cida<\/span><\/div>\n<div class=\"vi-wpvs-option-wrap vi-wpvs-option-wrap-default\" data-attribute_label=\"Strawberry Kiwi\" data-attribute_value=\"strawberry-kiwi\"><span class=\"vi-wpvs-option vi-wpvs-option-button\">Fresa Kiwi<\/span><\/div>\n<div class=\"vi-wpvs-option-wrap vi-wpvs-option-wrap-default\" data-attribute_label=\"Watermelon Lemon\" data-attribute_value=\"watermelon-lemon\"><span class=\"vi-wpvs-option vi-wpvs-option-button\">Sand\u00eda Lim\u00f3n<\/span><\/div>\n<\/div>\n<\/div>\n<div data-attribute_label=\"Watermelon Lemon\" data-attribute_value=\"watermelon-lemon\"><\/div>\n<div data-attribute_label=\"Watermelon Lemon\" data-attribute_value=\"watermelon-lemon\">\u00a0 \u00a0\u00a0\u00a0<img loading=\"lazy\" decoding=\"async\" class=\"size-full wp-image-13537 aligncenter\" title=\"ELF BAR 3600 Vape desechable al por mayor 25\" src=\"https:\/\/www.vape4wholesale.com\/wp-content\/uploads\/2021\/05\/ELF-BAR-3600-Disposable-Vape-Wholesale-25.jpg\" alt=\"ELF BAR 3600 Vape desechable al por mayor 25\" width=\"1000\" height=\"1000\" srcset=\"https:\/\/www.vape4wholesale.com\/wp-content\/uploads\/2021\/05\/ELF-BAR-3600-Disposable-Vape-Wholesale-25.jpg 1000w, https:\/\/www.vape4wholesale.com\/wp-content\/uploads\/2021\/05\/ELF-BAR-3600-Disposable-Vape-Wholesale-25-247x247.jpg 247w, https:\/\/www.vape4wholesale.com\/wp-content\/uploads\/2021\/05\/ELF-BAR-3600-Disposable-Vape-Wholesale-25-100x100.jpg 100w, https:\/\/www.vape4wholesale.com\/wp-content\/uploads\/2021\/05\/ELF-BAR-3600-Disposable-Vape-Wholesale-25-510x510.jpg 510w, https:\/\/www.vape4wholesale.com\/wp-content\/uploads\/2021\/05\/ELF-BAR-3600-Disposable-Vape-Wholesale-25-64x64.jpg 64w, https:\/\/www.vape4wholesale.com\/wp-content\/uploads\/2021\/05\/ELF-BAR-3600-Disposable-Vape-Wholesale-25-300x300.jpg 300w, https:\/\/www.vape4wholesale.com\/wp-content\/uploads\/2021\/05\/ELF-BAR-3600-Disposable-Vape-Wholesale-25-150x150.jpg 150w, https:\/\/www.vape4wholesale.com\/wp-content\/uploads\/2021\/05\/ELF-BAR-3600-Disposable-Vape-Wholesale-25-768x768.jpg 768w\" sizes=\"auto, (max-width: 1000px) 100vw, 1000px\" \/><\/div>\n<div data-attribute_label=\"Watermelon Lemon\" data-attribute_value=\"watermelon-lemon\"><h2>\u00bfPOR QU\u00c9 NOSOTROS?<\/h2>\r\n<ul>\r\n<li>Fuente de vape real, fiable y profesional.<\/li>\r\n<li>100% Garant\u00eda de autenticidad: S\u00f3lo proporcionamos productos originales y genuinos, rechazamos la falsificaci\u00f3n.<\/li>\r\n<li>100% Garant\u00eda de entrega: Utilizamos el mejor m\u00e9todo de env\u00edo para asegurarnos de que recibes el pedido 100%.<\/li>\r\n<li>Le daremos el n\u00famero de seguimiento y la etiqueta de env\u00edo despu\u00e9s del env\u00edo, y realizaremos el seguimiento de la mercanc\u00eda por usted hasta que la firme.<\/li>\r\n<li>Sin problemas aduaneros ni aranceles<\/li>\r\n<\/ul><\/div>","protected":false},"excerpt":{"rendered":"<div class=\"wsppc_div_block woocommerce_before_add_to_cart_form\">\r\n<p><strong><span style=\"color: #00a859;\">Pasar por la aduana<\/span> antes de la entrega y 100% Garant\u00eda de entrega, Entrega en 19~25 d\u00edas aproximadamente.\u00a0<\/strong><\/p>\r\n<\/div>\n<p>100% Barra Elfo original con c\u00f3digo QR<\/p>","protected":false},"featured_media":13524,"comment_status":"open","ping_status":"closed","template":"","meta":[],"pwb-brand":[1278],"product_cat":[85],"product_tag":[158,22,24,60,78],"class_list":{"0":"post-4681","1":"product","2":"type-product","3":"status-publish","4":"has-post-thumbnail","6":"pwb-brand-elf-bar","7":"product_cat-3000-4000-puffs","8":"product_tag-3600-puffs","9":"product_tag-disposable","10":"product_tag-wholesale","11":"product_tag-elf-bar","12":"product_tag-10-8ml","14":"first","15":"instock","16":"shipping-taxable","17":"purchasable","18":"product-type-variable"},"aioseo_notices":[],"brands":[{"id":1278,"name":"Bar Elfo","slug":"bar-duende"}],"_links":{"self":[{"href":"https:\/\/www.vape4wholesale.com\/es\/wp-json\/wp\/v2\/product\/4681","targetHints":{"allow":["GET"]}}],"collection":[{"href":"https:\/\/www.vape4wholesale.com\/es\/wp-json\/wp\/v2\/product"}],"about":[{"href":"https:\/\/www.vape4wholesale.com\/es\/wp-json\/wp\/v2\/types\/product"}],"replies":[{"embeddable":true,"href":"https:\/\/www.vape4wholesale.com\/es\/wp-json\/wp\/v2\/comments?post=4681"}],"wp:featuredmedia":[{"embeddable":true,"href":"https:\/\/www.vape4wholesale.com\/es\/wp-json\/wp\/v2\/media\/13524"}],"wp:attachment":[{"href":"https:\/\/www.vape4wholesale.com\/es\/wp-json\/wp\/v2\/media?parent=4681"}],"wp:term":[{"taxonomy":"pwb-brand","embeddable":true,"href":"https:\/\/www.vape4wholesale.com\/es\/wp-json\/wp\/v2\/pwb-brand?post=4681"},{"taxonomy":"product_cat","embeddable":true,"href":"https:\/\/www.vape4wholesale.com\/es\/wp-json\/wp\/v2\/product_cat?post=4681"},{"taxonomy":"product_tag","embeddable":true,"href":"https:\/\/www.vape4wholesale.com\/es\/wp-json\/wp\/v2\/product_tag?post=4681"}],"curies":[{"name":"wp","href":"https:\/\/api.w.org\/{rel}","templated":true}]}}