{"id":25492,"date":"2025-10-25T00:19:34","date_gmt":"2025-10-24T16:19:34","guid":{"rendered":"https:\/\/www.vape4wholesale.com\/?post_type=product&#038;p=25492"},"modified":"2026-03-30T11:15:26","modified_gmt":"2026-03-30T03:15:26","slug":"vozol-rave-40000-puffs-vape-desechable-al-por-mayor","status":"publish","type":"product","link":"https:\/\/www.vape4wholesale.com\/es\/product\/vozol-rave-40000-puffs-disposable-vape-wholesale","title":{"rendered":"Vozol Rave 40000 Puffs Vape Desechable al por mayor"},"content":{"rendered":"<p class=\"ds-markdown-paragraph\">En <a title=\"Vozol\" href=\"\/es\/marca_producto\/vozol\/\" target=\"_blank\" rel=\"noopener\"><strong>Vozol<\/strong><\/a> El Vape Desechable Rave 40000 Puffs es un dispositivo dise\u00f1ado para redefinir la experiencia del vapeo. Es el primer vapeador desechable del mundo con una innovadora pantalla de detecci\u00f3n de 270\u00b0, que proporciona una visi\u00f3n clara de la bater\u00eda y los niveles de e-l\u00edquido desde cualquier \u00e1ngulo. Alimentado por avanzados chips MCU duales y bobinas de malla duales, garantiza un rico sabor y una densa producci\u00f3n de vapor. Con 35ml de e-l\u00edquido precargado y una bater\u00eda recargable de 1000mAh de larga duraci\u00f3n, est\u00e1 dise\u00f1ado para proporcionar hasta 40.000 caladas, estableciendo un nuevo est\u00e1ndar de rendimiento y longevidad.<\/p>\n<p class=\"ds-markdown-paragraph\">El Vozol Rave 40000 est\u00e1 repleto de funciones innovadoras que te dan el control. Cambia entre los dos modos de potencia: elige el modo normal para las 40.000 caladas completas o el modo Surge para una experiencia m\u00e1s intensa de 25.000 caladas. Eleva cualquier ocasi\u00f3n con el modo Beat-Synced Party, en el que las luces LED bailan al ritmo de tu m\u00fasica. La animaci\u00f3n Eclipse Vaping en la pantalla crea un efecto visual cautivador con cada uso. Gracias a su avanzada tecnolog\u00eda S.I.L.C, tendr\u00e1s garantizada una calada suave y uniforme, mientras que la capacidad de carga superr\u00e1pida hace que el 80% se cargue en s\u00f3lo 20 minutos, minimizando el tiempo de inactividad.<\/p>\n<h2 class=\"ds-markdown-paragraph\"><strong>Caracter\u00edsticas principales e innovaciones del Vozol Rave 40000<\/strong><\/h2>\n<ul>\n<li>\n<p class=\"ds-markdown-paragraph\">La primera pantalla con detecci\u00f3n de 270\u00b0 del mundo: Una impresionante pantalla LED envolvente que muestra intuitivamente los niveles de bater\u00eda y e-l\u00edquido desde cualquier \u00e1ngulo. Se acabaron las suposiciones: conoce siempre tu estado.<\/p>\n<\/li>\n<li>\n<p class=\"ds-markdown-paragraph\">Dos modos de potencia inteligentes: Adapta la intensidad de tu vapeo.<\/p>\n<ul>\n<li>\n<p class=\"ds-markdown-paragraph\">Modo normal: Para una experiencia consistente y duradera que proporciona las 40.000 caladas completas.<\/p>\n<\/li>\n<li>\n<p class=\"ds-markdown-paragraph\">Modo Surge: Para un sabor y una producci\u00f3n de vapor m\u00e1s intensos, ofrece hasta 25.000 caladas.<\/p>\n<\/li>\n<\/ul>\n<\/li>\n<li>\n<p class=\"ds-markdown-paragraph\">Modo fiesta sincronizada: \u00a1Deja que la m\u00fasica tome el control! Las luces LED integradas se sincronizan con el ritmo de tu entorno, convirtiendo cada sesi\u00f3n en una vibrante fiesta.<\/p>\n<\/li>\n<li>\n<p class=\"ds-markdown-paragraph\">80% Carga en 20 minutos: No esperes m\u00e1s para vapear. Nuestra avanzada tecnolog\u00eda de carga r\u00e1pida te devuelve la potencia del 80% en s\u00f3lo 20 minutos.<\/p>\n<\/li>\n<li>\n<p class=\"ds-markdown-paragraph\">Tecnolog\u00eda interna avanzada:<\/p>\n<ul>\n<li>\n<p class=\"ds-markdown-paragraph\">Bobina de malla doble: Asegura un sabor m\u00e1s rico y nubes de vapor m\u00e1s densas con cada calada.<\/p>\n<\/li>\n<li>\n<p class=\"ds-markdown-paragraph\">Chip MCU dual: Proporciona una potencia de procesamiento superior para un funcionamiento fluido de todas las funciones avanzadas.<\/p>\n<\/li>\n<li>\n<p class=\"ds-markdown-paragraph\">Tecnolog\u00eda S.I.L.C: Garantiza una experiencia de vapeo suave, consistente y a prueba de fugas.<\/p>\n<\/li>\n<\/ul>\n<\/li>\n<li>\n<p class=\"ds-markdown-paragraph\">Animaci\u00f3n de vapeo Eclipse: Disfruta de una cautivadora visualizaci\u00f3n en la pantalla LED con cada calada que des, haciendo que tu momento de vapeo sea realmente cinematogr\u00e1fico.<\/p>\n<\/li>\n<\/ul>\n<h2><strong>Sabores disponibles<\/strong><\/h2>\n<p>1. Hielo Razz Azul<br \/>\n2. Hielo de ar\u00e1ndanos<br \/>\n3. Sand\u00eda con ar\u00e1ndanos<br \/>\n4. Cereza Cola<br \/>\n5. Fresa cereza<br \/>\n6. Menta fresca<br \/>\n7. Manzana doble<br \/>\n8. Fruta del drag\u00f3n Pl\u00e1tano<br \/>\n9. Hielo de uva<br \/>\n10. Kiwi Maracuy\u00e1<br \/>\n11. Amor 777<br \/>\n12. Mango Ice<br \/>\n13. Mango Melocot\u00f3n<br \/>\n14. Hielo de melocot\u00f3n<br \/>\n15. Limonada de frambuesa y melocot\u00f3n<br \/>\n16. Hielo de fresa<br \/>\n17. Fresa Kiwi<br \/>\n18. Mango fresa<br \/>\n19. Sand\u00eda con fresas<br \/>\n20. Melocot\u00f3n fresa<br \/>\n21. Sand\u00eda Chicle<br \/>\n22. Hielo de sand\u00eda<br \/>\n23. Sand\u00eda Razz Rancher<\/p>\n<h2 class=\"ds-markdown-paragraph\"><strong>Detalles del embalaje<\/strong><\/h2>\n<p class=\"ds-markdown-paragraph\">Caja expositora: 10 Piezas<br \/>\nCaja Completa: 200 Piezas<br \/>\nPeso de la caja: 25,5 kg<br \/>\nDimensiones de la caja: 560 x 265 x 365 mm<\/p>\n<figure id=\"attachment_25527\" aria-describedby=\"caption-attachment-25527\" style=\"width: 800px\" class=\"wp-caption alignnone\"><img loading=\"lazy\" decoding=\"async\" class=\"wp-image-25527 size-full\" title=\"Vozol Rave 40000 Puffs Vape Desechable Azul Razz Ice\" src=\"https:\/\/www.vape4wholesale.com\/wp-content\/uploads\/2025\/10\/Vozol-Rave-40000-Puffs-Disposable-Vape_Blue-Razz-Ice.webp\" alt=\"Vozol Rave 40000 Puffs Vape Desechable Azul Razz Ice\" width=\"800\" height=\"800\" srcset=\"https:\/\/www.vape4wholesale.com\/wp-content\/uploads\/2025\/10\/Vozol-Rave-40000-Puffs-Disposable-Vape_Blue-Razz-Ice.webp 800w, https:\/\/www.vape4wholesale.com\/wp-content\/uploads\/2025\/10\/Vozol-Rave-40000-Puffs-Disposable-Vape_Blue-Razz-Ice-247x247.webp 247w, https:\/\/www.vape4wholesale.com\/wp-content\/uploads\/2025\/10\/Vozol-Rave-40000-Puffs-Disposable-Vape_Blue-Razz-Ice-100x100.webp 100w, https:\/\/www.vape4wholesale.com\/wp-content\/uploads\/2025\/10\/Vozol-Rave-40000-Puffs-Disposable-Vape_Blue-Razz-Ice-510x510.webp 510w, https:\/\/www.vape4wholesale.com\/wp-content\/uploads\/2025\/10\/Vozol-Rave-40000-Puffs-Disposable-Vape_Blue-Razz-Ice-300x300.webp 300w, https:\/\/www.vape4wholesale.com\/wp-content\/uploads\/2025\/10\/Vozol-Rave-40000-Puffs-Disposable-Vape_Blue-Razz-Ice-150x150.webp 150w, https:\/\/www.vape4wholesale.com\/wp-content\/uploads\/2025\/10\/Vozol-Rave-40000-Puffs-Disposable-Vape_Blue-Razz-Ice-768x768.webp 768w, https:\/\/www.vape4wholesale.com\/wp-content\/uploads\/2025\/10\/Vozol-Rave-40000-Puffs-Disposable-Vape_Blue-Razz-Ice-12x12.webp 12w, https:\/\/www.vape4wholesale.com\/wp-content\/uploads\/2025\/10\/Vozol-Rave-40000-Puffs-Disposable-Vape_Blue-Razz-Ice-64x64.webp 64w\" sizes=\"auto, (max-width: 800px) 100vw, 800px\" \/><figcaption id=\"caption-attachment-25527\" class=\"wp-caption-text\">Vozol Rave 40000 Puffs Vape Desechable al por mayor<\/figcaption><\/figure>\n<h2>\u00bfPOR QU\u00c9 NOSOTROS?<\/h2>\r\n<ul>\r\n<li>Fuente de vape real, fiable y profesional.<\/li>\r\n<li>100% Garant\u00eda de autenticidad: S\u00f3lo proporcionamos productos originales y genuinos, rechazamos la falsificaci\u00f3n.<\/li>\r\n<li>100% Garant\u00eda de entrega: Utilizamos el mejor m\u00e9todo de env\u00edo para asegurarnos de que recibes el pedido 100%.<\/li>\r\n<li>Le daremos el n\u00famero de seguimiento y la etiqueta de env\u00edo despu\u00e9s del env\u00edo, y realizaremos el seguimiento de la mercanc\u00eda por usted hasta que la firme.<\/li>\r\n<li>Sin problemas aduaneros ni aranceles<\/li>\r\n<\/ul>","protected":false},"excerpt":{"rendered":"<p><b><span style=\"color: #00a859;\">Free shipping<\/span>\u00a0from Europe warehouse, 7-15 working days delivery time.<\/b><\/p>\r\n<div class=\"wsppc_div_block woocommerce_before_add_to_cart_form\">\r\n<p><strong>Clear customs before delivery &amp; 100% Delivery Guarantee<\/strong><\/p>\r\n<\/div>","protected":false},"featured_media":25530,"comment_status":"open","ping_status":"closed","template":"","meta":[],"pwb-brand":[1276],"product_cat":[938],"product_tag":[1016,1137,22,24,933],"class_list":{"0":"post-25492","1":"product","2":"type-product","3":"status-publish","4":"has-post-thumbnail","6":"pwb-brand-vozol","7":"product_cat-europe-warehouse","8":"product_tag-40000-puffs","9":"product_tag-vozol","10":"product_tag-disposable","11":"product_tag-wholesale","12":"product_tag-35-0ml","13":"product_shipping_class-eu-warehouse","15":"first","16":"instock","17":"featured","18":"shipping-taxable","19":"purchasable","20":"product-type-variable"},"aioseo_notices":[],"brands":[{"id":1276,"name":"Vozol","slug":"vozol"}],"_links":{"self":[{"href":"https:\/\/www.vape4wholesale.com\/es\/wp-json\/wp\/v2\/product\/25492","targetHints":{"allow":["GET"]}}],"collection":[{"href":"https:\/\/www.vape4wholesale.com\/es\/wp-json\/wp\/v2\/product"}],"about":[{"href":"https:\/\/www.vape4wholesale.com\/es\/wp-json\/wp\/v2\/types\/product"}],"replies":[{"embeddable":true,"href":"https:\/\/www.vape4wholesale.com\/es\/wp-json\/wp\/v2\/comments?post=25492"}],"wp:featuredmedia":[{"embeddable":true,"href":"https:\/\/www.vape4wholesale.com\/es\/wp-json\/wp\/v2\/media\/25530"}],"wp:attachment":[{"href":"https:\/\/www.vape4wholesale.com\/es\/wp-json\/wp\/v2\/media?parent=25492"}],"wp:term":[{"taxonomy":"pwb-brand","embeddable":true,"href":"https:\/\/www.vape4wholesale.com\/es\/wp-json\/wp\/v2\/pwb-brand?post=25492"},{"taxonomy":"product_cat","embeddable":true,"href":"https:\/\/www.vape4wholesale.com\/es\/wp-json\/wp\/v2\/product_cat?post=25492"},{"taxonomy":"product_tag","embeddable":true,"href":"https:\/\/www.vape4wholesale.com\/es\/wp-json\/wp\/v2\/product_tag?post=25492"}],"curies":[{"name":"wp","href":"https:\/\/api.w.org\/{rel}","templated":true}]}}