{"id":25425,"date":"2025-10-24T01:05:24","date_gmt":"2025-10-23T17:05:24","guid":{"rendered":"https:\/\/www.vape4wholesale.com\/?post_type=product&#038;p=25425"},"modified":"2026-03-19T19:06:00","modified_gmt":"2026-03-19T11:06:00","slug":"vozol-star-40000-puffs-vape-desechable-al-por-mayor","status":"publish","type":"product","link":"https:\/\/www.vape4wholesale.com\/es\/product\/vozol-star-40000-puffs-disposable-vape-wholesale","title":{"rendered":"Vozol Star 40000 Puffs Vape Desechable al por mayor"},"content":{"rendered":"<p class=\"ds-markdown-paragraph\">En <a title=\"Vozol\" href=\"\/es\/marca_producto\/vozol\/\" target=\"_blank\" rel=\"noopener\"><strong>Vozol<\/strong><\/a> El vapeador desechable Star 40000 Puffs establece un nuevo est\u00e1ndar de longevidad y comodidad en el mundo de los vapeadores desechables. Dise\u00f1ado para ofrecer una experiencia sin precedentes, combina una enorme capacidad de e-l\u00edquido precargado de 20ml con una robusta bater\u00eda integrada de 1000mAh, asegurando que consigas hasta unas incre\u00edbles 40.000 caladas. Elige tu intensidad perfecta con opciones de 20mg\/ml o 50mg\/ml de potencia de nicotina.<\/p>\n<p class=\"ds-markdown-paragraph\">La personalizaci\u00f3n est\u00e1 al alcance de tu mano con su innovador sistema de modo dual. Cambia entre el modo \"Regular\" para caladas m\u00e1s largas y suaves, o activa el modo \"Surge\" para nubes m\u00e1s grandes y potentes. Esta versatilidad le permite adaptar su sesi\u00f3n de vapeo a su estado de \u00e1nimo y preferencias, d\u00e1ndole el control total.<\/p>\n<p class=\"ds-markdown-paragraph\">M\u00e1s all\u00e1 de su potencia, el Vozol Star presume de un dise\u00f1o sofisticado y pr\u00e1ctico. Su cuerpo presenta una textura \u00fanica similar a la roca para un aspecto distintivo y un agarre seguro. Una pantalla clara y vertical recorre el dispositivo, proporcionando lecturas en tiempo real de los niveles de e-l\u00edquido y bater\u00eda. Para una mayor higiene y protecci\u00f3n, el dispositivo incluye un tap\u00f3n antipolvo para mantener limpia la boquilla cuando no se utiliza.<\/p>\n<h2 class=\"ds-markdown-paragraph\"><strong>Caracter\u00edsticas principales del vaporizador desechable Vozol Star 40000 Puffs<\/strong><\/h2>\n<ol>\n<li class=\"ds-markdown-paragraph\">Gran cantidad de caladas: Disfruta de una experiencia de vapeo prolongada con hasta 40.000 caladas de un solo dispositivo.<\/li>\n<li class=\"ds-markdown-paragraph\">Gran capacidad: Precargado con 35ml de e-l\u00edquido y alimentado por una bater\u00eda fiable de 1000mAh.<\/li>\n<li class=\"ds-markdown-paragraph\">Dos modos de vapeo: Adapte su golpe con dos modos distintos.\u00a0<strong>Modo normal<\/strong>: Para caladas m\u00e1s largas y suaves &amp; <strong>Modo sobretensi\u00f3n<\/strong>: Para nubes m\u00e1s grandes e intensas.<\/li>\n<li class=\"ds-markdown-paragraph\">Dise\u00f1o \u00fanico con textura de roca: Presenta un cuerpo distintivo y elegante con una textura similar a la roca para un aspecto y tacto de primera calidad.<\/li>\n<li class=\"ds-markdown-paragraph\">Pantalla vertical de longitud completa: Una elegante pantalla orientada verticalmente recorre el dispositivo, proporcionando informaci\u00f3n clara y en tiempo real sobre tu nivel de e-l\u00edquido y la capacidad de la bater\u00eda.<\/li>\n<li class=\"ds-markdown-paragraph\">Tapa higi\u00e9nica antipolvo: Viene con una tapa protectora \u00fanica. Cuando no se utiliza, basta con tapar la boquilla para mantenerla limpia y libre de polvo y suciedad.<\/li>\n<\/ol>\n<h2><strong>Detalles r\u00e1pidos<\/strong><\/h2>\n<ul>\n<li class=\"ds-markdown-paragraph\"><strong>Puffs:<\/strong>\u00a0Hasta 40000<\/li>\n<li class=\"ds-markdown-paragraph\"><strong>Capacidad de e-l\u00edquido:<\/strong> 35 ml (precargada)<\/li>\n<li class=\"ds-markdown-paragraph\"><strong>Bater\u00eda:<\/strong>\u00a01000mAh Recargable<\/li>\n<li class=\"ds-markdown-paragraph\"><strong>Potencia de nicotina:<\/strong>\u00a020mg\/ml o 50mg\/ml<\/li>\n<li class=\"ds-markdown-paragraph\"><strong>Modos:<\/strong>\u00a0Modo dual (normal y sobretensi\u00f3n)<\/li>\n<li class=\"ds-markdown-paragraph\"><strong>Dise\u00f1o:<\/strong>\u00a0Cuerpo \u00fanico con textura de roca<\/li>\n<li class=\"ds-markdown-paragraph\"><strong>Pantalla:<\/strong>\u00a0Pantalla vertical de alimentaci\u00f3n de e-l\u00edquidos y bater\u00edas<\/li>\n<li class=\"ds-markdown-paragraph\"><strong>Caracter\u00edstica:<\/strong>\u00a0Tapa higi\u00e9nica antipolvo de la boquilla<\/li>\n<\/ul>\n<h2 class=\"ds-markdown-paragraph\"><strong>Vozol Star 40000 <\/strong><strong>Sabores disponibles<\/strong><\/h2>\n<p>1. Hielo Razz Azul<br \/>\n2. Hielo de ar\u00e1ndanos<br \/>\n3. Menta con ar\u00e1ndanos<br \/>\n4. Sand\u00eda con ar\u00e1ndanos<br \/>\n5. Chirimoya Pomelo Bayas<br \/>\n6. Cereza Cola<br \/>\n7. Hielo de uva<br \/>\n8. Mango Ice<br \/>\n9. Mango Melocot\u00f3n<br \/>\n10. Goma de mel\u00f3n<br \/>\n11. Hielo de mel\u00f3n<br \/>\n12. Hielo de melocot\u00f3n<br \/>\n13. Hielo de manzana \u00e1cida<br \/>\n14. Hielo de fresa<br \/>\n15. Fresa Kiwi<br \/>\n16. Sand\u00eda con fresas<br \/>\n17. Sand\u00eda Melocot\u00f3n<br \/>\n18. Vzbull<br \/>\n19. Chicle de sand\u00eda<br \/>\n20. Sand\u00eda Uva Boysenberry<br \/>\n21. Hielo de sand\u00eda<br \/>\n22. Sand\u00eda Melocot\u00f3n \u00e1cido<br \/>\n23. Melocot\u00f3n blanco Frambuesa<\/p>\n<h2><strong>Detalles del embalaje<\/strong><\/h2>\n<p>1 unidad\/Caja peque\u00f1a individual<br \/>\n10 unidades\/caja expositora<br \/>\n200 Unidades\/Cart\u00f3n<\/p>\n<figure id=\"attachment_25462\" aria-describedby=\"caption-attachment-25462\" style=\"width: 800px\" class=\"wp-caption alignnone\"><img loading=\"lazy\" decoding=\"async\" class=\"size-full wp-image-25462\" title=\"Vozol Star 40000 Vape Desechable Mayorista Peach Ice\" src=\"https:\/\/www.vape4wholesale.com\/wp-content\/uploads\/2025\/10\/Vozol-Star-40000-Disposable-Vape-Wholesale_Peach-Ice.webp\" alt=\"Vozol Star 40000 Vape Desechable Mayorista Peach Ice\" width=\"800\" height=\"800\" srcset=\"https:\/\/www.vape4wholesale.com\/wp-content\/uploads\/2025\/10\/Vozol-Star-40000-Disposable-Vape-Wholesale_Peach-Ice.webp 800w, https:\/\/www.vape4wholesale.com\/wp-content\/uploads\/2025\/10\/Vozol-Star-40000-Disposable-Vape-Wholesale_Peach-Ice-247x247.webp 247w, https:\/\/www.vape4wholesale.com\/wp-content\/uploads\/2025\/10\/Vozol-Star-40000-Disposable-Vape-Wholesale_Peach-Ice-100x100.webp 100w, https:\/\/www.vape4wholesale.com\/wp-content\/uploads\/2025\/10\/Vozol-Star-40000-Disposable-Vape-Wholesale_Peach-Ice-510x510.webp 510w, https:\/\/www.vape4wholesale.com\/wp-content\/uploads\/2025\/10\/Vozol-Star-40000-Disposable-Vape-Wholesale_Peach-Ice-300x300.webp 300w, https:\/\/www.vape4wholesale.com\/wp-content\/uploads\/2025\/10\/Vozol-Star-40000-Disposable-Vape-Wholesale_Peach-Ice-150x150.webp 150w, https:\/\/www.vape4wholesale.com\/wp-content\/uploads\/2025\/10\/Vozol-Star-40000-Disposable-Vape-Wholesale_Peach-Ice-768x768.webp 768w, https:\/\/www.vape4wholesale.com\/wp-content\/uploads\/2025\/10\/Vozol-Star-40000-Disposable-Vape-Wholesale_Peach-Ice-12x12.webp 12w, https:\/\/www.vape4wholesale.com\/wp-content\/uploads\/2025\/10\/Vozol-Star-40000-Disposable-Vape-Wholesale_Peach-Ice-64x64.webp 64w\" sizes=\"auto, (max-width: 800px) 100vw, 800px\" \/><figcaption id=\"caption-attachment-25462\" class=\"wp-caption-text\">Vozol Star 40000 Vape desechable al por mayor<\/figcaption><\/figure>\n<h2>\u00bfPOR QU\u00c9 NOSOTROS?<\/h2>\r\n<ul>\r\n<li>Fuente de vape real, fiable y profesional.<\/li>\r\n<li>100% Garant\u00eda de autenticidad: S\u00f3lo proporcionamos productos originales y genuinos, rechazamos la falsificaci\u00f3n.<\/li>\r\n<li>100% Garant\u00eda de entrega: Utilizamos el mejor m\u00e9todo de env\u00edo para asegurarnos de que recibes el pedido 100%.<\/li>\r\n<li>Le daremos el n\u00famero de seguimiento y la etiqueta de env\u00edo despu\u00e9s del env\u00edo, y realizaremos el seguimiento de la mercanc\u00eda por usted hasta que la firme.<\/li>\r\n<li>Sin problemas aduaneros ni aranceles<\/li>\r\n<\/ul>","protected":false},"excerpt":{"rendered":"<p><b><span style=\"color: #00a859;\">Free shipping<\/span>\u00a0from Europe warehouse, 7-15 working days delivery time.<\/b><\/p>\r\n<div class=\"wsppc_div_block woocommerce_before_add_to_cart_form\">\r\n<p><strong>Clear customs before delivery &amp; 100% Delivery Guarantee<\/strong><\/p>\r\n<\/div>","protected":false},"featured_media":25465,"comment_status":"open","ping_status":"closed","template":"","meta":[],"pwb-brand":[1276],"product_cat":[938],"product_tag":[933,1016,1137,22,24],"class_list":{"0":"post-25425","1":"product","2":"type-product","3":"status-publish","4":"has-post-thumbnail","6":"pwb-brand-vozol","7":"product_cat-europe-warehouse","8":"product_tag-35-0ml","9":"product_tag-40000-puffs","10":"product_tag-vozol","11":"product_tag-disposable","12":"product_tag-wholesale","13":"product_shipping_class-eu-warehouse","15":"first","16":"instock","17":"featured","18":"shipping-taxable","19":"purchasable","20":"product-type-variable"},"aioseo_notices":[],"brands":[{"id":1276,"name":"Vozol","slug":"vozol"}],"_links":{"self":[{"href":"https:\/\/www.vape4wholesale.com\/es\/wp-json\/wp\/v2\/product\/25425","targetHints":{"allow":["GET"]}}],"collection":[{"href":"https:\/\/www.vape4wholesale.com\/es\/wp-json\/wp\/v2\/product"}],"about":[{"href":"https:\/\/www.vape4wholesale.com\/es\/wp-json\/wp\/v2\/types\/product"}],"replies":[{"embeddable":true,"href":"https:\/\/www.vape4wholesale.com\/es\/wp-json\/wp\/v2\/comments?post=25425"}],"wp:featuredmedia":[{"embeddable":true,"href":"https:\/\/www.vape4wholesale.com\/es\/wp-json\/wp\/v2\/media\/25465"}],"wp:attachment":[{"href":"https:\/\/www.vape4wholesale.com\/es\/wp-json\/wp\/v2\/media?parent=25425"}],"wp:term":[{"taxonomy":"pwb-brand","embeddable":true,"href":"https:\/\/www.vape4wholesale.com\/es\/wp-json\/wp\/v2\/pwb-brand?post=25425"},{"taxonomy":"product_cat","embeddable":true,"href":"https:\/\/www.vape4wholesale.com\/es\/wp-json\/wp\/v2\/product_cat?post=25425"},{"taxonomy":"product_tag","embeddable":true,"href":"https:\/\/www.vape4wholesale.com\/es\/wp-json\/wp\/v2\/product_tag?post=25425"}],"curies":[{"name":"wp","href":"https:\/\/api.w.org\/{rel}","templated":true}]}}