{"id":25392,"date":"2025-10-23T12:09:24","date_gmt":"2025-10-23T04:09:24","guid":{"rendered":"https:\/\/www.vape4wholesale.com\/?post_type=product&#038;p=25392"},"modified":"2026-03-15T22:37:40","modified_gmt":"2026-03-15T14:37:40","slug":"uwin-randm-tornado-beat-35k-vape-desechable","status":"publish","type":"product","link":"https:\/\/www.vape4wholesale.com\/es\/product\/uwin-randm-tornado-beat-35k-disposable-vape","title":{"rendered":"Uwin RandM Tornado Beat 35K Vape Desechable"},"content":{"rendered":"<p class=\"ds-markdown-paragraph\">En <a title=\"UWIN\" href=\"https:\/\/www.vape4wholesale.com\/es\/marca_producto\/uwin\/\" target=\"_blank\" rel=\"noopener\"><strong>Uwin<\/strong><\/a> El Vape Desechable RandM Tornado Beat 35K lleva tu experiencia de vapeo al siguiente nivel sincronizando a la perfecci\u00f3n sus vibrantes luces RGB al ritmo de tu m\u00fasica. Gracias a un sensor inteligente en la parte inferior, se transforma en un espect\u00e1culo de luces din\u00e1micas, por lo que es el accesorio perfecto para fiestas, discotecas y cualquier reuni\u00f3n nocturna en la que desee crear un ambiente inolvidable.<\/p>\n<p class=\"ds-markdown-paragraph\">Adem\u00e1s de su exclusiva funci\u00f3n luminosa, el Tornado Beat 35K est\u00e1 dise\u00f1ado para ofrecer un rendimiento y una durabilidad excepcionales. Ofrece 35.000 caladas alimentadas por una bater\u00eda recargable de 850mAh con un pr\u00e1ctico puerto Type-C. La avanzada bobina de malla te asegura disfrutar de un rico sabor y densas nubes de vapor con cada uso. Elija entre 16 deliciosos sabores y personalice su ingesta de nicotina con opciones de 0%, 2%, 3% o 5% para adaptarse perfectamente a sus preferencias.<\/p>\n<h2><strong>Caracter\u00edsticas principales de Uwin RandM Tornado Beat 35K<\/strong><\/h2>\n<ul>\n<li>\n<p class=\"ds-markdown-paragraph\"><strong>\ud83c\udfb5 Iluminaci\u00f3n RGB Beat-Sync:<\/strong>\u00a0El sensor inferior integrado detecta la m\u00fasica y hace que las vibrantes luces RGB parpadeen al ritmo, convirtiendo tu vapeador en un din\u00e1mico espect\u00e1culo de luces.<\/p>\n<\/li>\n<li>\n<p class=\"ds-markdown-paragraph\"><strong>\ud83d\ude80 Cantidad masiva de caladas:<\/strong>\u00a0Disfruta de una experiencia de vapeo prolongada con unas incre\u00edbles 35.000 caladas por dispositivo.<\/p>\n<\/li>\n<li>\n<p class=\"ds-markdown-paragraph\"><strong>\ud83c\udfb6 Perfecto para la vida nocturna:<\/strong>\u00a0Espec\u00edficamente dise\u00f1ado para mejorar su experiencia de fiesta. Ideal para noches de fiesta en bares, discotecas o reuniones con amigos.<\/p>\n<\/li>\n<li>\n<p class=\"ds-markdown-paragraph\"><strong>\ud83d\udd0b Recargable y de larga duraci\u00f3n:<\/strong>\u00a0Equipado con una bater\u00eda de 850 mAh y un pr\u00e1ctico puerto Type-C para una recarga r\u00e1pida, que garantiza la duraci\u00f3n de tu dispositivo durante las noches m\u00e1s largas.<\/p>\n<\/li>\n<li>\n<p class=\"ds-markdown-paragraph\"><strong>\ud83c\udf6c 12 Deliciosos Sabores:<\/strong>\u00a0Una amplia gama de sabores para todos los paladares.<\/p>\n<\/li>\n<li>\n<p class=\"ds-markdown-paragraph\"><strong>\u2601\ufe0f Bobina de malla superior:<\/strong>\u00a0La avanzada tecnolog\u00eda de bobina de malla proporciona un sabor m\u00e1s intenso y nubes de vapor m\u00e1s densas con cada calada.<\/p>\n<\/li>\n<li>\n<p class=\"ds-markdown-paragraph\"><strong>\ud83e\udded M\u00faltiples opciones de nicotina:<\/strong>\u00a0Disponible en opciones de nicotina 0%, 2%, 3% y 5% para adaptarse a sus preferencias.<\/p>\n<\/li>\n<\/ul>\n<h2><strong>Especificaciones r\u00e1pidas del producto<\/strong><\/h2>\n<ol>\n<li class=\"ds-markdown-paragraph\">Puffs: Aproximadamente 35.000<\/li>\n<li class=\"ds-markdown-paragraph\">Bater\u00eda: Bater\u00eda de cobalto recargable de 850 mAh<\/li>\n<li class=\"ds-markdown-paragraph\">Puerto de carga: Tipo-C<\/li>\n<li class=\"ds-markdown-paragraph\">Bobina Bobina de malla<\/li>\n<li class=\"ds-markdown-paragraph\">Potencias de nicotina: 0%, 2%, 3%, 5%<\/li>\n<li class=\"ds-markdown-paragraph\">Sabores disponibles: 12<\/li>\n<li class=\"ds-markdown-paragraph\">Iluminaci\u00f3n: Luces RGB con sensor de ritmo musical<\/li>\n<\/ol>\n<h2><strong>Uwin RandM Tornado Beat 35K sabores disponibles<\/strong><\/h2>\n<p>1.Ar\u00e1ndano Frambuesa<br \/>\n2.Sand\u00eda con fresa<br \/>\n3.Ar\u00e1ndanos sobre hielo<br \/>\n4.Hielo de sand\u00eda<br \/>\n5.Helado de melocot\u00f3n de verano<br \/>\n6.Hielo de cereza<br \/>\n7.Fresa Frambuesa Cereza Helada<br \/>\n8.Kiwi Maracuy\u00e1 Guayaba<br \/>\n9.Hielo de fresa<br \/>\n10.Cereza Cola<br \/>\n11.Mezcla de bayas<br \/>\n12.Mr Azul<\/p>\n<h2 class=\"ds-markdown-paragraph\"><strong>Detalles del embalaje<\/strong><\/h2>\n<p class=\"ds-markdown-paragraph\">1 unidad\/Caja individual<br \/>\n10 uds\/Caja expositora<br \/>\nPiezas por caja: 160 piezas<br \/>\nPeso de la caja: 20 kg<br \/>\nTama\u00f1o de la caja: 41,2 x 33,2 x 32,5 cm<\/p>\n<figure id=\"attachment_25405\" aria-describedby=\"caption-attachment-25405\" style=\"width: 1000px\" class=\"wp-caption alignnone\"><img loading=\"lazy\" decoding=\"async\" class=\"size-full wp-image-25405\" title=\"Uwin RandM Tornado Vence a 35K Blueberry On Ice\" src=\"https:\/\/www.vape4wholesale.com\/wp-content\/uploads\/2025\/10\/Uwin-RandM-Tornado-Beat-35K_Blueberry-On-Ice.webp\" alt=\"Uwin RandM Tornado Vence a 35K Blueberry On Ice\" width=\"1000\" height=\"1000\" srcset=\"https:\/\/www.vape4wholesale.com\/wp-content\/uploads\/2025\/10\/Uwin-RandM-Tornado-Beat-35K_Blueberry-On-Ice.webp 1000w, https:\/\/www.vape4wholesale.com\/wp-content\/uploads\/2025\/10\/Uwin-RandM-Tornado-Beat-35K_Blueberry-On-Ice-247x247.webp 247w, https:\/\/www.vape4wholesale.com\/wp-content\/uploads\/2025\/10\/Uwin-RandM-Tornado-Beat-35K_Blueberry-On-Ice-100x100.webp 100w, https:\/\/www.vape4wholesale.com\/wp-content\/uploads\/2025\/10\/Uwin-RandM-Tornado-Beat-35K_Blueberry-On-Ice-510x510.webp 510w, https:\/\/www.vape4wholesale.com\/wp-content\/uploads\/2025\/10\/Uwin-RandM-Tornado-Beat-35K_Blueberry-On-Ice-300x300.webp 300w, https:\/\/www.vape4wholesale.com\/wp-content\/uploads\/2025\/10\/Uwin-RandM-Tornado-Beat-35K_Blueberry-On-Ice-150x150.webp 150w, https:\/\/www.vape4wholesale.com\/wp-content\/uploads\/2025\/10\/Uwin-RandM-Tornado-Beat-35K_Blueberry-On-Ice-768x768.webp 768w, https:\/\/www.vape4wholesale.com\/wp-content\/uploads\/2025\/10\/Uwin-RandM-Tornado-Beat-35K_Blueberry-On-Ice-12x12.webp 12w, https:\/\/www.vape4wholesale.com\/wp-content\/uploads\/2025\/10\/Uwin-RandM-Tornado-Beat-35K_Blueberry-On-Ice-64x64.webp 64w\" sizes=\"auto, (max-width: 1000px) 100vw, 1000px\" \/><figcaption id=\"caption-attachment-25405\" class=\"wp-caption-text\">Uwin RandM Tornado Beat 35K Vape Desechable<\/figcaption><\/figure>\n<h2>\u00bfPOR QU\u00c9 NOSOTROS?<\/h2>\r\n<ul>\r\n<li>Fuente de vape real, fiable y profesional.<\/li>\r\n<li>100% Garant\u00eda de autenticidad: S\u00f3lo proporcionamos productos originales y genuinos, rechazamos la falsificaci\u00f3n.<\/li>\r\n<li>100% Garant\u00eda de entrega: Utilizamos el mejor m\u00e9todo de env\u00edo para asegurarnos de que recibes el pedido 100%.<\/li>\r\n<li>Le daremos el n\u00famero de seguimiento y la etiqueta de env\u00edo despu\u00e9s del env\u00edo, y realizaremos el seguimiento de la mercanc\u00eda por usted hasta que la firme.<\/li>\r\n<li>Sin problemas aduaneros ni aranceles<\/li>\r\n<\/ul>","protected":false},"excerpt":{"rendered":"<div class=\"wsppc_div_block woocommerce_before_add_to_cart_form\">\r\n<p><strong><span style=\"color: #00a859;\">Pasar por la aduana<\/span> antes de la entrega y 100% Garant\u00eda de entrega, Entrega en 19~25 d\u00edas aproximadamente.\u00a0<\/strong><\/p>\r\n<\/div>","protected":false},"featured_media":25417,"comment_status":"open","ping_status":"closed","template":"","meta":[],"pwb-brand":[1274],"product_cat":[873],"product_tag":[22,24,692,936,1023],"class_list":{"0":"post-25392","1":"product","2":"type-product","3":"status-publish","4":"has-post-thumbnail","6":"pwb-brand-uwin","7":"product_cat-above-20k-puffs","8":"product_tag-disposable","9":"product_tag-wholesale","10":"product_tag-25-0ml","11":"product_tag-uwin","12":"product_tag-35000-puffs","13":"wcpa_has_options","15":"first","16":"instock","17":"featured","18":"shipping-taxable","19":"purchasable","20":"product-type-variable"},"aioseo_notices":[],"brands":[{"id":1274,"name":"Uwin","slug":"uwin"}],"_links":{"self":[{"href":"https:\/\/www.vape4wholesale.com\/es\/wp-json\/wp\/v2\/product\/25392","targetHints":{"allow":["GET"]}}],"collection":[{"href":"https:\/\/www.vape4wholesale.com\/es\/wp-json\/wp\/v2\/product"}],"about":[{"href":"https:\/\/www.vape4wholesale.com\/es\/wp-json\/wp\/v2\/types\/product"}],"replies":[{"embeddable":true,"href":"https:\/\/www.vape4wholesale.com\/es\/wp-json\/wp\/v2\/comments?post=25392"}],"wp:featuredmedia":[{"embeddable":true,"href":"https:\/\/www.vape4wholesale.com\/es\/wp-json\/wp\/v2\/media\/25417"}],"wp:attachment":[{"href":"https:\/\/www.vape4wholesale.com\/es\/wp-json\/wp\/v2\/media?parent=25392"}],"wp:term":[{"taxonomy":"pwb-brand","embeddable":true,"href":"https:\/\/www.vape4wholesale.com\/es\/wp-json\/wp\/v2\/pwb-brand?post=25392"},{"taxonomy":"product_cat","embeddable":true,"href":"https:\/\/www.vape4wholesale.com\/es\/wp-json\/wp\/v2\/product_cat?post=25392"},{"taxonomy":"product_tag","embeddable":true,"href":"https:\/\/www.vape4wholesale.com\/es\/wp-json\/wp\/v2\/product_tag?post=25392"}],"curies":[{"name":"wp","href":"https:\/\/api.w.org\/{rel}","templated":true}]}}