{"id":25378,"date":"2025-10-23T11:13:34","date_gmt":"2025-10-23T03:13:34","guid":{"rendered":"https:\/\/www.vape4wholesale.com\/?post_type=product&#038;p=25378"},"modified":"2026-03-15T22:36:59","modified_gmt":"2026-03-15T14:36:59","slug":"uwin-3in1-tornado-60k-vape-desechable-al-por-mayor","status":"publish","type":"product","link":"https:\/\/www.vape4wholesale.com\/es\/product\/uwin-3in1-tornado-60k-disposable-vape-wholesale","title":{"rendered":"Uwin 3en1 Tornado 60K Vape desechable al por mayor"},"content":{"rendered":"<p class=\"ds-markdown-paragraph\">En <a title=\"UWIN\" href=\"https:\/\/www.vape4wholesale.com\/es\/marca_producto\/uwin\/\" target=\"_blank\" rel=\"noopener\"><strong>Uwin<\/strong> <\/a>Vapeador desechable 3en1 Tornado 60K dise\u00f1ado para un rendimiento y estilo sin precedentes. Este potente vaporizador est\u00e1 dise\u00f1ado para proporcionar la asombrosa cifra de 60.000 caladas, garantizando una satisfacci\u00f3n duradera. Adem\u00e1s, su caracter\u00edstica m\u00e1s destacada es el innovador sistema de triple sabor, que le permite disfrutar de tres perfiles de sabor distintos en un \u00fanico y elegante dispositivo. Su atrevida est\u00e9tica, caracterizada por su cuerpo transparente que revela un majestuoso emblema de le\u00f3n bajo la carcasa, complementa a la perfecci\u00f3n sus potentes capacidades, convirti\u00e9ndolo en una elecci\u00f3n visualmente impactante para cualquier vapeador.<\/p>\n<p class=\"ds-markdown-paragraph\">Pasando de su impresionante exterior a su ingenier\u00eda interna, el Uwin Tornado 60K est\u00e1 construido con la comodidad del usuario y un rendimiento superior en mente. Est\u00e1 equipado con una avanzada bobina de malla que produce un sabor m\u00e1s rico y nubes de vapor m\u00e1s densas desde la primera calada hasta la \u00faltima. Adem\u00e1s, la bater\u00eda recargable integrada de 650 mAh, con un moderno puerto Type-C, garantiza que nunca te quedar\u00e1s sin energ\u00eda de forma inesperada. Para mejorar el control y la comodidad, una pantalla LCD inteligente muestra claramente los niveles de e-l\u00edquido y bater\u00eda restantes, eliminando as\u00ed cualquier conjetura y garantizando un viaje de vapeo sin problemas.<\/p>\n<p class=\"ds-markdown-paragraph\">En definitiva, el Uwin 3en1 Tornado 60K combina con \u00e9xito una gran capacidad, opciones de sabor vers\u00e1tiles y una tecnolog\u00eda robusta en un paquete formidable. Con una selecci\u00f3n de potencias de nicotina que van desde 0% a 5%, se adapta perfectamente tanto a los usuarios ocasionales como a aquellos que buscan un golpe m\u00e1s potente. Por lo tanto, al ofrecer un valor excepcional, un dise\u00f1o impresionante y una longevidad sin igual, este dispositivo se establece como la principal opci\u00f3n para los vapeadores que buscan dominar su rutina sin compromiso.<\/p>\n<h2><strong>Caracter\u00edsticas principales de Uwin 3in1 Tornado 60K<\/strong><\/h2>\n<ol>\n<li>3 Sabores en 1 Dispositivo: Disfrute el triple. Cada dispositivo viene precargado con tres sabores de e-l\u00edquido diferentes, ofreciendo variedad y una experiencia de vapeo \u00fanica sin necesidad de cambiar de dispositivo.<\/li>\n<li>Impresionante dise\u00f1o transparente: Muestre el funcionamiento interno con un cuerpo transparente. El llamativo gr\u00e1fico del le\u00f3n bajo la carcasa transparente es toda una declaraci\u00f3n de estilo.<\/li>\n<li>60.000 caladas: Dise\u00f1ado para la longevidad extrema, asegurando sus sesiones vaping duran m\u00e1s que nunca.<\/li>\n<li>Bater\u00eda recargable de 650 mAh: Equipada con una fiable bater\u00eda de Cobalto y un pr\u00e1ctico puerto Type-C para una recarga r\u00e1pida y sencilla. No te quedes nunca sin bater\u00eda a mitad de sesi\u00f3n.<\/li>\n<li>Tecnolog\u00eda avanzada de bobina de malla: Nuestra bobina de malla proporciona un calentamiento m\u00e1s r\u00e1pido, un sabor m\u00e1s rico y nubes de vapor m\u00e1s densas para una experiencia de sabor superior.<\/li>\n<li>Pantalla LCD inteligente: Controla el nivel de e-l\u00edquido y la carga de la bater\u00eda de un vistazo con la pantalla digital integrada.<\/li>\n<li>M\u00faltiples opciones de nicotina: Elija entre una gama de niveles de nicotina para adaptarse a sus preferencias: 0%, 2%, 3% o 5%.<\/li>\n<\/ol>\n<p>&nbsp;<\/p>\n<h2><strong>Especificaciones r\u00e1pidas del producto<\/strong><\/h2>\n<ul>\n<li>Puffs: Aproximadamente 60.000<\/li>\n<li>Bater\u00eda: bater\u00eda de cobalto recargable de 650 mAh (carga tipo C)<\/li>\n<li>Bobina Bobina de malla<\/li>\n<li>Pantalla: LCD para e-l\u00edquido e indicador de encendido<\/li>\n<li>Intensidad de la nicotina: 0%, 2%, 3%, 5% (Seleccione en el men\u00fa desplegable)<\/li>\n<li>Tama\u00f1o del producto: 47 x 47 x 116 mm<\/li>\n<li>Opciones de sabores: 12 combinaciones \u00fanicas de triple sabor disponibles.<\/li>\n<\/ul>\n<p>&nbsp;<\/p>\n<h2><strong>Uwin 3en1 Tornado 60K Sabores Disponibles<\/strong><\/h2>\n<p>1# Cereza Ice \/ Fresa Red Bull \/ Ar\u00e1ndano Frambuesa<br \/>\n2# Hielo de Ar\u00e1ndano \/ Sand\u00eda Fresa \/ Fresa Frambuesa Cereza Hielo\/<br \/>\n3# Limonada rosa \/ Helado de vainilla \/ Caramelo de fresa y frambuesa<br \/>\n4# Fresa Kiwi \/ Love 66 \/ Azul Razz Ice<br \/>\n5# Lim\u00f3n Lima \/ Fresa Pl\u00e1tano \/ Fruta Mixta<br \/>\n6# Sand\u00eda Ice \/ Cola Ice \/ Mr Blue<br \/>\n7# Melocot\u00f3n de verano helado \/ Frambuesa ar\u00e1ndano \/ Fresa Red Bull<br \/>\n8# Kiwi Maracuy\u00e1 Guayaba \/ Melocot\u00f3n Mango \/ Sand\u00eda Frambuesa<br \/>\n9# Red Bull \/ Cereza helada \/ Lim\u00f3n lima<br \/>\n10# Hielo de fresa \/ Hielo de melocot\u00f3n de verano \/ Hielo de uva<br \/>\n11# Mezcla de frutas del bosque \/ Fruta del drag\u00f3n Helada Fresa \/ Sand\u00eda Chicle<br \/>\n12# Cereza Cola \/ Fresa Vainilla Cola \/ Uva Berry<\/p>\n<h2><strong>Detalles del embalaje<\/strong><\/h2>\n<ul>\n<li>Unidad: 1 x Dispositivo Uwin 3en1 Tornado 60K<\/li>\n<li>Caja: 10 dispositivos por caja<\/li>\n<li>Caja: 160 dispositivos por caja (16 cajas)<\/li>\n<li>Peso de la caja: 21,5 kg<\/li>\n<\/ul>\n<figure id=\"attachment_25371\" aria-describedby=\"caption-attachment-25371\" style=\"width: 1000px\" class=\"wp-caption alignnone\"><img loading=\"lazy\" decoding=\"async\" class=\"wp-image-25371 size-full\" title=\"Uwin Uwin 3en1 Tornado 60K Triple Vape Desechable\" src=\"https:\/\/www.vape4wholesale.com\/wp-content\/uploads\/2025\/10\/Uwin-Tornado-Triple-60K-Disposable-Vape_6.webp\" alt=\"Uwin Uwin 3en1 Tornado 60K Triple Vape Desechable\" width=\"1000\" height=\"1000\" srcset=\"https:\/\/www.vape4wholesale.com\/wp-content\/uploads\/2025\/10\/Uwin-Tornado-Triple-60K-Disposable-Vape_6.webp 1000w, https:\/\/www.vape4wholesale.com\/wp-content\/uploads\/2025\/10\/Uwin-Tornado-Triple-60K-Disposable-Vape_6-247x247.webp 247w, https:\/\/www.vape4wholesale.com\/wp-content\/uploads\/2025\/10\/Uwin-Tornado-Triple-60K-Disposable-Vape_6-100x100.webp 100w, https:\/\/www.vape4wholesale.com\/wp-content\/uploads\/2025\/10\/Uwin-Tornado-Triple-60K-Disposable-Vape_6-510x510.webp 510w, https:\/\/www.vape4wholesale.com\/wp-content\/uploads\/2025\/10\/Uwin-Tornado-Triple-60K-Disposable-Vape_6-300x300.webp 300w, https:\/\/www.vape4wholesale.com\/wp-content\/uploads\/2025\/10\/Uwin-Tornado-Triple-60K-Disposable-Vape_6-150x150.webp 150w, https:\/\/www.vape4wholesale.com\/wp-content\/uploads\/2025\/10\/Uwin-Tornado-Triple-60K-Disposable-Vape_6-768x768.webp 768w, https:\/\/www.vape4wholesale.com\/wp-content\/uploads\/2025\/10\/Uwin-Tornado-Triple-60K-Disposable-Vape_6-12x12.webp 12w, https:\/\/www.vape4wholesale.com\/wp-content\/uploads\/2025\/10\/Uwin-Tornado-Triple-60K-Disposable-Vape_6-64x64.webp 64w\" sizes=\"auto, (max-width: 1000px) 100vw, 1000px\" \/><figcaption id=\"caption-attachment-25371\" class=\"wp-caption-text\">Uwin Tornado Triple 60K Vape Desechable al por mayor<\/figcaption><\/figure>\n<h2>\u00bfPOR QU\u00c9 NOSOTROS?<\/h2>\r\n<ul>\r\n<li>Fuente de vape real, fiable y profesional.<\/li>\r\n<li>100% Garant\u00eda de autenticidad: S\u00f3lo proporcionamos productos originales y genuinos, rechazamos la falsificaci\u00f3n.<\/li>\r\n<li>100% Garant\u00eda de entrega: Utilizamos el mejor m\u00e9todo de env\u00edo para asegurarnos de que recibes el pedido 100%.<\/li>\r\n<li>Le daremos el n\u00famero de seguimiento y la etiqueta de env\u00edo despu\u00e9s del env\u00edo, y realizaremos el seguimiento de la mercanc\u00eda por usted hasta que la firme.<\/li>\r\n<li>Sin problemas aduaneros ni aranceles<\/li>\r\n<\/ul>","protected":false},"excerpt":{"rendered":"<div class=\"wsppc_div_block woocommerce_before_add_to_cart_form\">\r\n<p><strong><span style=\"color: #00a859;\">Pasar por la aduana<\/span> antes de la entrega y 100% Garant\u00eda de entrega, Entrega en 19~25 d\u00edas aproximadamente.\u00a0<\/strong><\/p>\r\n<\/div>","protected":false},"featured_media":25371,"comment_status":"open","ping_status":"closed","template":"","meta":[],"pwb-brand":[1274],"product_cat":[873],"product_tag":[22,24,936,1081,1114],"class_list":{"0":"post-25378","1":"product","2":"type-product","3":"status-publish","4":"has-post-thumbnail","6":"pwb-brand-uwin","7":"product_cat-above-20k-puffs","8":"product_tag-disposable","9":"product_tag-wholesale","10":"product_tag-uwin","11":"product_tag-50-0ml","12":"product_tag-60000-puffs","13":"wcpa_has_options","15":"first","16":"instock","17":"featured","18":"shipping-taxable","19":"purchasable","20":"product-type-variable"},"aioseo_notices":[],"brands":[{"id":1274,"name":"Uwin","slug":"uwin"}],"_links":{"self":[{"href":"https:\/\/www.vape4wholesale.com\/es\/wp-json\/wp\/v2\/product\/25378","targetHints":{"allow":["GET"]}}],"collection":[{"href":"https:\/\/www.vape4wholesale.com\/es\/wp-json\/wp\/v2\/product"}],"about":[{"href":"https:\/\/www.vape4wholesale.com\/es\/wp-json\/wp\/v2\/types\/product"}],"replies":[{"embeddable":true,"href":"https:\/\/www.vape4wholesale.com\/es\/wp-json\/wp\/v2\/comments?post=25378"}],"wp:featuredmedia":[{"embeddable":true,"href":"https:\/\/www.vape4wholesale.com\/es\/wp-json\/wp\/v2\/media\/25371"}],"wp:attachment":[{"href":"https:\/\/www.vape4wholesale.com\/es\/wp-json\/wp\/v2\/media?parent=25378"}],"wp:term":[{"taxonomy":"pwb-brand","embeddable":true,"href":"https:\/\/www.vape4wholesale.com\/es\/wp-json\/wp\/v2\/pwb-brand?post=25378"},{"taxonomy":"product_cat","embeddable":true,"href":"https:\/\/www.vape4wholesale.com\/es\/wp-json\/wp\/v2\/product_cat?post=25378"},{"taxonomy":"product_tag","embeddable":true,"href":"https:\/\/www.vape4wholesale.com\/es\/wp-json\/wp\/v2\/product_tag?post=25378"}],"curies":[{"name":"wp","href":"https:\/\/api.w.org\/{rel}","templated":true}]}}