{"id":25326,"date":"2025-10-22T21:57:30","date_gmt":"2025-10-22T13:57:30","guid":{"rendered":"https:\/\/www.vape4wholesale.com\/?post_type=product&#038;p=25326"},"modified":"2026-01-26T13:38:15","modified_gmt":"2026-01-26T13:38:15","slug":"fihp-multi-120k-6in1-vape-desechable-al-por-mayor","status":"publish","type":"product","link":"https:\/\/www.vape4wholesale.com\/es\/product\/fihp-multi-120k-6in1-disposable-vape-wholesale","title":{"rendered":"FIHP MULTI 120K 6en1 Vape desechable al por mayor"},"content":{"rendered":"<p class=\"ds-markdown-paragraph\">En <a title=\"FIHP\" href=\"https:\/\/www.vape4wholesale.com\/es\/marca_producto\/fihp\/\" target=\"_blank\" rel=\"noopener\"><strong>FIHP<\/strong> <\/a>MULTI 120K 6en1 Vape Desechable redefine la comodidad y la variedad, ofreciendo una revolucionaria experiencia de vapeo seis en uno en un solo dispositivo. En el coraz\u00f3n de su innovaci\u00f3n se encuentra un dise\u00f1o simple pero ingenioso: una boquilla superior giratoria que le permite cambiar sin problemas entre seis sabores distintos. Cada sabor se aloja en su propia vaina independiente de e-l\u00edquido, haciendo de este un verdadero dispositivo multi-sabor y la elecci\u00f3n perfecta para el vaper exigente que nunca quiere conformarse con un solo sabor.<\/p>\n<p class=\"ds-markdown-paragraph\">Dise\u00f1ado para un rendimiento superior y longevidad, este potente dispositivo ofrece un impresionante 120, 000 caladas, impulsado por una bobina de malla dual 0.9ohm que garantiza un rico sabor y la producci\u00f3n de vapor consistentemente densa. Se llena con 64 ml de e-l\u00edquido de alta calidad, disponible en 2% o 5% concentraciones de nicotina para adaptarse a su preferencia. La bater\u00eda recargable integrada de 650 mAh, respaldada por un moderno puerto de carga Type-C, garantiza que su dispositivo est\u00e9 siempre listo para usar, mientras que la pantalla LED inteligente le mantiene convenientemente informado de sus niveles de bater\u00eda y e-l\u00edquido.<\/p>\n<h2 class=\"ds-markdown-paragraph\"><strong>FIHP MULTI 120K 6en1 Caracter\u00edsticas principales<\/strong><\/h2>\n<ul>\n<li>Revolucionario sistema 6 en 1: La principal innovaci\u00f3n del FIHP MULTI 120K. Cuenta con seis vainas de e-l\u00edquido independientes dentro del dispositivo. Cambie sin esfuerzo entre sus sabores favoritos simplemente girando la boquilla superior. Este es un verdadero dispositivo multi-sabor, no s\u00f3lo un e-l\u00edquido mezclado.<\/li>\n<li>Gran cantidad de caladas: Disfruta de una experiencia de vapeo prolongada con la impresionante cantidad de 120.000 caladas de un solo dispositivo.<\/li>\n<li>Bobina Dual Mesh y E-l\u00edquido Premium: Accionado por una avanzada 0.9ohm Dual Mesh Coil que asegura un rico sabor y una densa producci\u00f3n de vapor de los 64ml de e-l\u00edquido de alta calidad.<\/li>\n<li>Bater\u00eda recargable de 650 mAh: respaldada por un fiable puerto de carga Type-C para una recarga r\u00e1pida y c\u00f3moda.<\/li>\n<li>Pantalla LED inteligente: Controla la duraci\u00f3n de la bater\u00eda y el nivel de e-l\u00edquido de un vistazo para vapear sin preocupaciones.<\/li>\n<li>M\u00faltiples potencias de nicotina: Disponible en 2% (20mg) y 5% (50mg) opciones de nicotina para adaptarse a sus preferencias.<\/li>\n<\/ul>\n<h2 class=\"ds-markdown-paragraph\"><strong>Especificaciones r\u00e1pidas<\/strong><\/h2>\n<ul>\n<li>Puffs de apoyo: 120.000<\/li>\n<li>Sabores: 6 en 1 sabores m\u00faltiples (mediante boquilla giratoria)<\/li>\n<li>Bobina: Dual Mesh, 0.9ohm<\/li>\n<li>Capacidad de e-l\u00edquido: 64ml (en 6 c\u00e1psulas separadas)<\/li>\n<li>Potencia de nicotina: 2% o 5%<\/li>\n<li>Bater\u00eda: 650mAh (recargable)<\/li>\n<li>Puerto de carga: Tipo-C<\/li>\n<li>Pantalla: Indicador LED de bater\u00eda y e-l\u00edquido<\/li>\n<li>Tama\u00f1o del producto: 44 x 44 x 112 mm<\/li>\n<\/ul>\n<h2 class=\"ds-markdown-paragraph\"><strong>FIHP MULTI 120K 6en1 Sabores disponibles<\/strong><\/h2>\n<p>01# Sand\u00eda Helada \/ Red Bull \/ Fresa Kiwi \/ Ar\u00e1ndano Helado \/ Lim\u00f3n Lima \/ Fresa Sand\u00eda<\/p>\n<p>02# Fresa Pl\u00e1tano \/ Manzana doble \/ Sand\u00eda Frambuesa \/ Mango Agrio Pi\u00f1a \/ Fruta Tropical \/ Melocot\u00f3n Lim\u00f3n<\/p>\n<p>03# Pi\u00f1a Coco \/ Blue Razz \/ Mixed Berries \/ Mango Melocot\u00f3n \/ Ar\u00e1ndano Frambuesa \/ Fresa Vainilla Coca-Cola<\/p>\n<p>04# Melocot\u00f3n \/ Mel\u00f3n triple \/ Uva Ice \/ Drag\u00f3n negro Ice \/ Cereza Fizzy Ice \/ Osito de goma<\/p>\n<p>05# Caramelo arco iris \/ Cereza Cola Ice \/ Love 666 \/ Mango Ice \/ Algod\u00f3n de az\u00facar con ar\u00e1ndanos \/ Melocot\u00f3n Ice<\/p>\n<p>06# Aloe Lychee Ice \/ Lim\u00f3n rosa \/ Glaciar Ice \/ Menta de agujas de pino \/ Grosella negra Ice \/ Sand\u00eda Lim\u00f3n<\/p>\n<h2 class=\"ds-markdown-paragraph\"><strong>Detalles del embalaje<\/strong><\/h2>\n<p>1 unidad\/ Caja individual<br \/>\n10 uds\/Caja expositora<br \/>\n160 piezas\/caja 540 x 440 x 260 mm<br \/>\n27 kgs\/Cart\u00f3n<\/p>\n<figure id=\"attachment_25327\" aria-describedby=\"caption-attachment-25327\" style=\"width: 1000px\" class=\"wp-caption alignnone\"><img loading=\"lazy\" decoding=\"async\" class=\"wp-image-25327 size-full\" title=\"FIHP MULTI 120K 6en1 Vape desechable al por mayor\" src=\"https:\/\/www.vape4wholesale.com\/wp-content\/uploads\/2025\/10\/FIHP-MULTI-12K-6in1-Disposable-Vape-Wholesale.webp\" alt=\"FIHP MULTI 120K 6en1 Vape desechable al por mayor\" width=\"1000\" height=\"767\" srcset=\"https:\/\/www.vape4wholesale.com\/wp-content\/uploads\/2025\/10\/FIHP-MULTI-12K-6in1-Disposable-Vape-Wholesale.webp 1000w, https:\/\/www.vape4wholesale.com\/wp-content\/uploads\/2025\/10\/FIHP-MULTI-12K-6in1-Disposable-Vape-Wholesale-510x391.webp 510w, https:\/\/www.vape4wholesale.com\/wp-content\/uploads\/2025\/10\/FIHP-MULTI-12K-6in1-Disposable-Vape-Wholesale-300x230.webp 300w, https:\/\/www.vape4wholesale.com\/wp-content\/uploads\/2025\/10\/FIHP-MULTI-12K-6in1-Disposable-Vape-Wholesale-768x589.webp 768w, https:\/\/www.vape4wholesale.com\/wp-content\/uploads\/2025\/10\/FIHP-MULTI-12K-6in1-Disposable-Vape-Wholesale-16x12.webp 16w, https:\/\/www.vape4wholesale.com\/wp-content\/uploads\/2025\/10\/FIHP-MULTI-12K-6in1-Disposable-Vape-Wholesale-64x49.webp 64w\" sizes=\"auto, (max-width: 1000px) 100vw, 1000px\" \/><figcaption id=\"caption-attachment-25327\" class=\"wp-caption-text\">FIHP MULTI 120K 6en1 Vape desechable al por mayor<\/figcaption><\/figure>\n<h2>\u00bfPOR QU\u00c9 NOSOTROS?<\/h2>\r\n<ul>\r\n<li>Fuente de vape real, fiable y profesional.<\/li>\r\n<li>100% Garant\u00eda de autenticidad: S\u00f3lo proporcionamos productos originales y genuinos, rechazamos la falsificaci\u00f3n.<\/li>\r\n<li>100% Garant\u00eda de entrega: Utilizamos el mejor m\u00e9todo de env\u00edo para asegurarnos de que recibes el pedido 100%.<\/li>\r\n<li>Le daremos el n\u00famero de seguimiento y la etiqueta de env\u00edo despu\u00e9s del env\u00edo, y realizaremos el seguimiento de la mercanc\u00eda por usted hasta que la firme.<\/li>\r\n<li>Sin problemas aduaneros ni aranceles<\/li>\r\n<\/ul>","protected":false},"excerpt":{"rendered":"<div class=\"wsppc_div_block woocommerce_before_add_to_cart_form\">\r\n<p><strong><span style=\"color: #00a859;\">Clear customs<\/span> before delivery &amp; 100% Delivery Guarantee, Delivery in 19~25 days around.\u00a0<\/strong><\/p>\r\n<\/div>","protected":false},"featured_media":25325,"comment_status":"open","ping_status":"closed","template":"","meta":[],"pwb-brand":[1279],"product_cat":[873],"product_tag":[24,878,1219,1246,22],"class_list":{"0":"post-25326","1":"product","2":"type-product","3":"status-publish","4":"has-post-thumbnail","6":"pwb-brand-fihp","7":"product_cat-above-20k-puffs","8":"product_tag-wholesale","9":"product_tag-fihp","10":"product_tag-120000-puffs","11":"product_tag-64-0ml","12":"product_tag-disposable","13":"wcpa_has_options","15":"first","16":"instock","17":"shipping-taxable","18":"purchasable","19":"product-type-variable"},"aioseo_notices":[],"brands":[{"id":1279,"name":"FIHP","slug":"fihp"}],"_links":{"self":[{"href":"https:\/\/www.vape4wholesale.com\/es\/wp-json\/wp\/v2\/product\/25326","targetHints":{"allow":["GET"]}}],"collection":[{"href":"https:\/\/www.vape4wholesale.com\/es\/wp-json\/wp\/v2\/product"}],"about":[{"href":"https:\/\/www.vape4wholesale.com\/es\/wp-json\/wp\/v2\/types\/product"}],"replies":[{"embeddable":true,"href":"https:\/\/www.vape4wholesale.com\/es\/wp-json\/wp\/v2\/comments?post=25326"}],"wp:featuredmedia":[{"embeddable":true,"href":"https:\/\/www.vape4wholesale.com\/es\/wp-json\/wp\/v2\/media\/25325"}],"wp:attachment":[{"href":"https:\/\/www.vape4wholesale.com\/es\/wp-json\/wp\/v2\/media?parent=25326"}],"wp:term":[{"taxonomy":"pwb-brand","embeddable":true,"href":"https:\/\/www.vape4wholesale.com\/es\/wp-json\/wp\/v2\/pwb-brand?post=25326"},{"taxonomy":"product_cat","embeddable":true,"href":"https:\/\/www.vape4wholesale.com\/es\/wp-json\/wp\/v2\/product_cat?post=25326"},{"taxonomy":"product_tag","embeddable":true,"href":"https:\/\/www.vape4wholesale.com\/es\/wp-json\/wp\/v2\/product_tag?post=25326"}],"curies":[{"name":"wp","href":"https:\/\/api.w.org\/{rel}","templated":true}]}}