{"id":25297,"date":"2025-10-22T20:54:47","date_gmt":"2025-10-22T12:54:47","guid":{"rendered":"https:\/\/www.vape4wholesale.com\/?post_type=product&#038;p=25297"},"modified":"2026-01-26T13:38:20","modified_gmt":"2026-01-26T13:38:20","slug":"fihp-60000-3en1-triple-sabores-vape-desechable-al-por-mayor","status":"publish","type":"product","link":"https:\/\/www.vape4wholesale.com\/es\/product\/fihp-60000-3in1-triple-flavors-disposable-vape-wholesale","title":{"rendered":"FIHP 60000 3en1 Triple Sabores Vape Desechable al por mayor"},"content":{"rendered":"<p class=\"ds-markdown-paragraph\">En <a title=\"FIHP\" href=\"https:\/\/www.vape4wholesale.com\/es\/marca_producto\/fihp\/\" target=\"_blank\" rel=\"noopener\"><strong>FIHP<\/strong><\/a> El vapeador desechable 60000 3en1 Triple Flavors establece un nuevo est\u00e1ndar de longevidad y sabor, proporcionando 60.000 caladas en un solo dispositivo. Viene precargado con 54 ml de e-l\u00edquido, disponible en las concentraciones de nicotina 2% o 5%. En el coraz\u00f3n de esta experiencia se encuentra la avanzada Dual Mesh Coil (0.9ohm), que vaporiza de forma experta el e-l\u00edquido \u00fanico Triple Flavor para producir un vapor rico, complejo y consistentemente satisfactorio de principio a fin.<\/p>\n<p class=\"ds-markdown-paragraph\">Dise\u00f1ado para ofrecer la m\u00e1xima comodidad y rendimiento, el dispositivo est\u00e1 equipado con una robusta bater\u00eda recargable de 650 mAh y un moderno puerto de carga Type-C, que te garantizan energ\u00eda siempre que la necesites. La pantalla LED integrada ofrece una comprobaci\u00f3n clara y en tiempo real del nivel de bater\u00eda, para que nunca te pille por sorpresa. Su dise\u00f1o elegante y ergon\u00f3mico, con unas dimensiones de 42*42*110 mm, hace que sea incre\u00edblemente port\u00e1til y lo suficientemente potente como para ser tu compa\u00f1ero de vapeo durante todo el d\u00eda.<\/p>\n<h2 class=\"ds-markdown-paragraph\"><strong>FIHP 60000 3en1 Triple Sabores Vape Caracter\u00edsticas principales<\/strong><\/h2>\n<ul>\n<li class=\"ds-markdown-paragraph\">60.000 bocanadas masivas: Dise\u00f1ado para una longevidad extrema, eliminando la necesidad de reemplazos frecuentes.<\/li>\n<li class=\"ds-markdown-paragraph\">Triple experiencia de sabor: Disfruta de un perfil de sabor din\u00e1mico y complejo que evoluciona con cada calada.<\/li>\n<li class=\"ds-markdown-paragraph\">Tecnolog\u00eda de bobina de malla doble (0,9ohm): Nuestra avanzada bobina de doble malla garantiza un calentamiento m\u00e1s r\u00e1pido, un sabor m\u00e1s rico y una producci\u00f3n de vapor m\u00e1s densa.<\/li>\n<li class=\"ds-markdown-paragraph\">E-l\u00edquido precargado grande de 54ml: Prellenado con un generoso 54ml de e-l\u00edquido de nicotina salada de alta calidad. Elija entre 2% o 5% fuerza de la nicotina para adaptarse a su preferencia.<\/li>\n<li class=\"ds-markdown-paragraph\">Bater\u00eda integrada de 650 mAh: Proporciona energ\u00eda de sobra para toda la vida \u00fatil del dispositivo.<\/li>\n<li class=\"ds-markdown-paragraph\">Recarga r\u00e1pida Tipo-C: Vuelve a vapear r\u00e1pidamente con un moderno puerto de carga USB Type-C.<\/li>\n<li class=\"ds-markdown-paragraph\">Pantalla LED clara: Controla f\u00e1cilmente el nivel de bater\u00eda para no llevarte sorpresas.<\/li>\n<\/ul>\n<h2><strong>Especificaciones r\u00e1pidas del producto<\/strong><\/h2>\n<p>Capacidad de Puff: Aprox. 60.000 Puffs<br \/>\nCapacidad de E-l\u00edquido: 54ml (Pre-llenado)<br \/>\nPotencia de nicotina: 2% o 5%<br \/>\nBater\u00eda: 650mah Recargable<br \/>\nPuerto de carga: Tipo-C<br \/>\nBobina: Dual Mesh Coil, 0.9ohm<br \/>\nPantalla: Indicador LED de bater\u00eda<br \/>\nDimensiones del producto: 42 x 42 x 110 mm<br \/>\nSabor: Triple Sabor<br \/>\nInformaci\u00f3n de env\u00edo (para mayoristas):<br \/>\nTama\u00f1o de la caja: 470 x 390 x 260 mm<br \/>\nCantidad por caja: 160 unidades<br \/>\nPeso bruto por caja: 21,5 kg<\/p>\n<h2 class=\"ds-markdown-paragraph\"><strong>FIHP 60000 3en1 Triple Sabores Disponibles<\/strong><\/h2>\n<p>01# Sand\u00eda Helada &amp; Red Bull &amp; Fresa Kiwi<br \/>\n02# Lim\u00f3n Lima y Fresa Sand\u00eda y Ar\u00e1ndanos Hielo<br \/>\n03# Fresa Pl\u00e1tano &amp; Manzana Doble &amp; Sand\u00eda Frambuesa<br \/>\n04# Fresa Kiwi &amp; Mango Agrio Pi\u00f1a &amp; Red Bull<br \/>\n05# Fruta tropical y fresa Sand\u00eda y melocot\u00f3n lim\u00f3n<br \/>\n06# Pi\u00f1a Coco &amp; Blue Razz &amp; Fresa Pl\u00e1tano<br \/>\n07# Fresa Frambuesa &amp; Triple Mel\u00f3n &amp; Mango Agrio Pi\u00f1a<br \/>\n08# Mezcla de bayas y frambuesa Sand\u00eda y mango Melocot\u00f3n<br \/>\n09# Ar\u00e1ndano Frambuesa y Fresa Vainilla Coca-Cola y Lim\u00f3n Lima<br \/>\n10# Sand\u00eda Helada &amp; Melocot\u00f3n Baya &amp; Triple Mel\u00f3n<\/p>\n<h2><strong>Detalles del embalaje<\/strong><\/h2>\n<p>1 unidad\/ Caja individual<br \/>\n10 uds\/Caja expositora<br \/>\n160 piezas\/caja (tama\u00f1o de la caja: 470 x 390 x 260 mm)<br \/>\nPeso bruto por caja: 21,5 kg<\/p>\n<figure id=\"attachment_25311\" aria-describedby=\"caption-attachment-25311\" style=\"width: 800px\" class=\"wp-caption alignnone\"><img loading=\"lazy\" decoding=\"async\" class=\"wp-image-25311 size-full\" title=\"FIHP 60000 3en1 Triple Sabores Vape Desechable 1\" src=\"https:\/\/www.vape4wholesale.com\/wp-content\/uploads\/2025\/10\/FIHP-60000-3in1-Triple-Flavors-Disposable-Vape_1.webp\" alt=\"FIHP 60000 3en1 Triple Sabores Vape Desechable 1\" width=\"800\" height=\"800\" srcset=\"https:\/\/www.vape4wholesale.com\/wp-content\/uploads\/2025\/10\/FIHP-60000-3in1-Triple-Flavors-Disposable-Vape_1.webp 800w, https:\/\/www.vape4wholesale.com\/wp-content\/uploads\/2025\/10\/FIHP-60000-3in1-Triple-Flavors-Disposable-Vape_1-247x247.webp 247w, https:\/\/www.vape4wholesale.com\/wp-content\/uploads\/2025\/10\/FIHP-60000-3in1-Triple-Flavors-Disposable-Vape_1-100x100.webp 100w, https:\/\/www.vape4wholesale.com\/wp-content\/uploads\/2025\/10\/FIHP-60000-3in1-Triple-Flavors-Disposable-Vape_1-510x510.webp 510w, https:\/\/www.vape4wholesale.com\/wp-content\/uploads\/2025\/10\/FIHP-60000-3in1-Triple-Flavors-Disposable-Vape_1-300x300.webp 300w, https:\/\/www.vape4wholesale.com\/wp-content\/uploads\/2025\/10\/FIHP-60000-3in1-Triple-Flavors-Disposable-Vape_1-150x150.webp 150w, https:\/\/www.vape4wholesale.com\/wp-content\/uploads\/2025\/10\/FIHP-60000-3in1-Triple-Flavors-Disposable-Vape_1-768x768.webp 768w, https:\/\/www.vape4wholesale.com\/wp-content\/uploads\/2025\/10\/FIHP-60000-3in1-Triple-Flavors-Disposable-Vape_1-12x12.webp 12w, https:\/\/www.vape4wholesale.com\/wp-content\/uploads\/2025\/10\/FIHP-60000-3in1-Triple-Flavors-Disposable-Vape_1-64x64.webp 64w\" sizes=\"auto, (max-width: 800px) 100vw, 800px\" \/><figcaption id=\"caption-attachment-25311\" class=\"wp-caption-text\">FIHP 60000 3en1 Triple Sabores Vape Desechable<\/figcaption><\/figure>\n<h2>\u00bfPOR QU\u00c9 NOSOTROS?<\/h2>\r\n<ul>\r\n<li>Fuente de vape real, fiable y profesional.<\/li>\r\n<li>100% Garant\u00eda de autenticidad: S\u00f3lo proporcionamos productos originales y genuinos, rechazamos la falsificaci\u00f3n.<\/li>\r\n<li>100% Garant\u00eda de entrega: Utilizamos el mejor m\u00e9todo de env\u00edo para asegurarnos de que recibes el pedido 100%.<\/li>\r\n<li>Le daremos el n\u00famero de seguimiento y la etiqueta de env\u00edo despu\u00e9s del env\u00edo, y realizaremos el seguimiento de la mercanc\u00eda por usted hasta que la firme.<\/li>\r\n<li>Sin problemas aduaneros ni aranceles<\/li>\r\n<\/ul>","protected":false},"excerpt":{"rendered":"<div class=\"wsppc_div_block woocommerce_before_add_to_cart_form\">\r\n<p><strong><span style=\"color: #00a859;\">Clear customs<\/span> before delivery &amp; 100% Delivery Guarantee, Delivery in 19~25 days around.\u00a0<\/strong><\/p>\r\n<\/div>","protected":false},"featured_media":25316,"comment_status":"open","ping_status":"closed","template":"","meta":[],"pwb-brand":[1279],"product_cat":[873],"product_tag":[22,24,878,1114,1115],"class_list":{"0":"post-25297","1":"product","2":"type-product","3":"status-publish","4":"has-post-thumbnail","6":"pwb-brand-fihp","7":"product_cat-above-20k-puffs","8":"product_tag-disposable","9":"product_tag-wholesale","10":"product_tag-fihp","11":"product_tag-60000-puffs","12":"product_tag-54-0ml","13":"wcpa_has_options","15":"first","16":"instock","17":"shipping-taxable","18":"purchasable","19":"product-type-variable"},"aioseo_notices":[],"brands":[{"id":1279,"name":"FIHP","slug":"fihp"}],"_links":{"self":[{"href":"https:\/\/www.vape4wholesale.com\/es\/wp-json\/wp\/v2\/product\/25297","targetHints":{"allow":["GET"]}}],"collection":[{"href":"https:\/\/www.vape4wholesale.com\/es\/wp-json\/wp\/v2\/product"}],"about":[{"href":"https:\/\/www.vape4wholesale.com\/es\/wp-json\/wp\/v2\/types\/product"}],"replies":[{"embeddable":true,"href":"https:\/\/www.vape4wholesale.com\/es\/wp-json\/wp\/v2\/comments?post=25297"}],"wp:featuredmedia":[{"embeddable":true,"href":"https:\/\/www.vape4wholesale.com\/es\/wp-json\/wp\/v2\/media\/25316"}],"wp:attachment":[{"href":"https:\/\/www.vape4wholesale.com\/es\/wp-json\/wp\/v2\/media?parent=25297"}],"wp:term":[{"taxonomy":"pwb-brand","embeddable":true,"href":"https:\/\/www.vape4wholesale.com\/es\/wp-json\/wp\/v2\/pwb-brand?post=25297"},{"taxonomy":"product_cat","embeddable":true,"href":"https:\/\/www.vape4wholesale.com\/es\/wp-json\/wp\/v2\/product_cat?post=25297"},{"taxonomy":"product_tag","embeddable":true,"href":"https:\/\/www.vape4wholesale.com\/es\/wp-json\/wp\/v2\/product_tag?post=25297"}],"curies":[{"name":"wp","href":"https:\/\/api.w.org\/{rel}","templated":true}]}}