{"id":24550,"date":"2025-09-13T17:15:09","date_gmt":"2025-09-13T09:15:09","guid":{"rendered":"https:\/\/www.vape4wholesale.com\/?post_type=product&#038;p=24550"},"modified":"2026-01-26T13:38:27","modified_gmt":"2026-01-26T13:38:27","slug":"bang-legend-120k-5en1-vape-desechable-al-por-mayor","status":"publish","type":"product","link":"https:\/\/www.vape4wholesale.com\/es\/product\/bang-legend-120k-5in1-disposable-vape-wholesale","title":{"rendered":"Bang Legend 120K 5en1 Vape desechable al por mayor"},"content":{"rendered":"<p>Bang Legend 120K 5en1 es el nuevo rey de los vapeadores desechables ultra duraderos, que ofrece hasta 120.000 caladas con una variedad de sabores y un rendimiento inigualables. Cada dispositivo cuenta con 5 en 1 sabores ajustables, lo que le permite cambiar entre cinco mezclas de primera calidad al instante para un sabor fresco cada vez. Con flujo de aire ajustable, una pantalla LED inteligente y carga r\u00e1pida recargable de tipo C, esta central el\u00e9ctrica est\u00e1 dise\u00f1ada para los vapeadores que exigen comodidad y personalizaci\u00f3n. Desde dulces frutas a heladas explosiones, cada calada es suave, sabrosa y satisfactoria.<\/p>\n<h2><strong>Bang Legend 120K 5en1 Caracter\u00edsticas principales<\/strong><\/h2>\n<ul>\n<li>120.000 caladas masivas - Dise\u00f1adas para una longevidad extrema.<\/li>\n<li>Sabores ajustables 5 en 1 - Cambia entre cinco sabores en un solo dispositivo.<\/li>\n<li>Flujo de aire ajustable - Personaliza la densidad del vapor seg\u00fan tus preferencias.<\/li>\n<li>Pantalla LED inteligente: muestra la duraci\u00f3n de la bater\u00eda y los niveles de e-l\u00edquido.<\/li>\n<li>Recargable mediante Type-C: carga r\u00e1pida y eficaz.<\/li>\n<li>Tecnolog\u00eda de bobina de malla de alta calidad: mayor suministro de sabor y producci\u00f3n de vapor.<\/li>\n<\/ul>\n<h2><strong>Sets de sabores<\/strong><\/h2>\n<ul>\n<li><strong>Sabor Set 1<\/strong><\/li>\n<\/ul>\n<p>5en1 Sabores: Bebida Energ\u00e9tica, Ar\u00e1ndano Cereza, Manzana Uva, Sand\u00eda Fruta Drag\u00f3n, Mamba<br \/>\nDisponible en 5 sabores:<\/p>\n<p>Bebida energ\u00e9tica - Atrevida y efervescente con un toque agridulce para refrescarse al instante.<br \/>\nBlueberry Cherry - Jugosos ar\u00e1ndanos se unen a cerezas maduras para formar un delicioso d\u00fao de bayas.<br \/>\nManzana y uva: manzana verde crujiente mezclada con uvas moradas dulces para lograr un equilibrio suave y afrutado.<br \/>\nSand\u00eda Fruta del Drag\u00f3n - Dulce fruta del drag\u00f3n tropical mezclada con jugosa frescura de mel\u00f3n.<br \/>\nMamba - Ex\u00f3tico caramelo afrutado con un toque tropical.<\/p>\n<ul>\n<li><strong>Sabor Set 2<\/strong><\/li>\n<\/ul>\n<p>5en1 Sabores: Bebida energ\u00e9tica, melocot\u00f3n helado, mango helado, ar\u00e1ndano uva, grosella negra<br \/>\nDisponible en 5 sabores:<\/p>\n<p>Bebida energ\u00e9tica - Dulce y espumosa con un toque energizante.<br \/>\nPeach Ice - Melocot\u00f3n jugoso con un final mentolado helado.<br \/>\nMango Ice - Mango tropical enfriado con suavidad helada.<br \/>\nAr\u00e1ndano Uva - Ar\u00e1ndano \u00e1cido con dulce armon\u00eda de uva.<br \/>\nGrosella negra - Grosella negra atrevida y \u00e1cida con una rica profundidad de bayas.<\/p>\n<ul>\n<li><strong>Sabor Set 3<\/strong><\/li>\n<\/ul>\n<p>5en1 Sabores: Ar\u00e1ndano Frambuesa, Melocot\u00f3n Mango Sand\u00eda, Cereza Coca-Cola, Uva Mora Hielo, Mango Melocot\u00f3n Albaricoque<br \/>\nDisponible en 5 sabores:<\/p>\n<p>Ar\u00e1ndanos y frambuesas - Ar\u00e1ndanos dulces mezclados con frambuesas \u00e1cidas.<br \/>\nMelocot\u00f3n Mango Sand\u00eda - Jugoso melocot\u00f3n, mango tropical y refrescante sand\u00eda.<br \/>\nCherry Coke - La cl\u00e1sica cola con un toque dulce de cereza.<br \/>\nHielo de uva y mora - Uva dulce con mora \u00e1cida y helada.<br \/>\nMango Melocot\u00f3n Albaricoque - Un sedoso tr\u00edo tropical de mango, melocot\u00f3n y albaricoque.<\/p>\n<ul>\n<li><strong>Sabor Set 4<\/strong><\/li>\n<\/ul>\n<p>5en1 Sabores: Frambuesa ar\u00e1ndano, Black Dragon Ice, Rainbow Candy, Fuji Ice, Sand\u00eda melocot\u00f3n \u00e1cido<br \/>\nDisponible en 5 sabores:<\/p>\n<p>Ar\u00e1ndano Frambuesa - Jugoso dulzor de bayas con un toque \u00e1cido.<br \/>\nBlack Dragon Ice - Atrevida y misteriosa fruta oscura con una explosi\u00f3n de frescor.<br \/>\nRainbow Candy - Dulce explosi\u00f3n de caramelo multifrutas.<br \/>\nFuji Ice - Manzana Fuji crujiente con un acabado helado.<br \/>\nSand\u00eda y melocot\u00f3n \u00e1cido: mel\u00f3n dulce con un toque \u00e1cido de melocot\u00f3n.<\/p>\n<ul>\n<li><strong>Sabor Set 5<\/strong><\/li>\n<\/ul>\n<p>5en1 Sabores: Blueberry Ice, Kiwi Maracuy\u00e1 Guayaba, Triple Mel\u00f3n, Melocot\u00f3n Pi\u00f1a, Beso Apasionado<br \/>\nDisponible en 5 sabores:<\/p>\n<p>Hielo de ar\u00e1ndanos - Ar\u00e1ndanos frescos enfriados a la perfecci\u00f3n.<br \/>\nKiwi Maracuy\u00e1 Guayaba - Ex\u00f3tico tr\u00edo de sabroso kiwi, tropical maracuy\u00e1 y cremosa guayaba.<br \/>\nTriple Mel\u00f3n - Tres variedades de mel\u00f3n para una jugosa mezcla veraniega.<br \/>\nMelocot\u00f3n Pi\u00f1a - Melocot\u00f3n dulce con brillo tropical de pi\u00f1a.<br \/>\nPassionate Kiss - Una rom\u00e1ntica mezcla de frutas tropicales con un toque dulce.<\/p>\n<ul>\n<li><strong>Sabor Set 6<\/strong><\/li>\n<\/ul>\n<p>5en1 Sabores: Blueberry Ice, Sand\u00eda Bubble Gum, Manzana \u00e1cida Frambuesa, Fruta de loto Mango Mel\u00f3n, Fruta de la pasi\u00f3n Kiwi Lima.<br \/>\nDisponible en 5 sabores:<\/p>\n<p>Blueberry Ice - Dulce y helada delicia de ar\u00e1ndanos.<br \/>\nChicle de sand\u00eda - Mel\u00f3n jugoso con dulce nostalgia de caramelo.<br \/>\nManzana \u00e1cida y frambuesa - Manzana crujiente con un toque \u00e1cido de frambuesa.<br \/>\nFruta de loto Mango Mel\u00f3n - Fruta de loto floral con mango tropical y mel\u00f3n.<br \/>\nMaracuy\u00e1 Kiwi Lima - Sabrosa fruta de la pasi\u00f3n con kiwi y sabrosa lima.<\/p>\n<ul>\n<li><strong>Sabor Set 7<\/strong><\/li>\n<\/ul>\n<p>5en1 Sabores: Sand\u00eda helada, Mezcla de bayas, Manzana y pera, Menta y ar\u00e1ndanos, Summer Time<br \/>\nDisponible en 5 sabores:<\/p>\n<p>Sand\u00eda helada - Refrescante mel\u00f3n helado.<br \/>\nMezcla de bayas - Una mezcla de bayas maduras y dulces.<br \/>\nManzana-Pera - Manzana crujiente con pera suave y melosa.<br \/>\nAr\u00e1ndanos y menta - Jugosos ar\u00e1ndanos con un toque fresco de menta.<br \/>\nSummer Time - Una mezcla de frutas tropicales de temporada con un final refrescante.<\/p>\n<ul>\n<li><strong>Sabor Set 8<\/strong><\/li>\n<\/ul>\n<p>5en1 Sabores: Sand\u00eda Ice, Fresa Mango, Cereza California, Melocot\u00f3n Blueberry Ice, Berry Ice<br \/>\nDisponible en 5 sabores:<\/p>\n<p>Sand\u00eda helada - Sabor cl\u00e1sico a mel\u00f3n helado.<br \/>\nFresa Mango - Dulce fresa mezclada con jugoso mango.<br \/>\nCalifornia Cherry - Atrevida dulzura de cereza madurada al sol.<br \/>\nBlueberry Peach Ice - Ar\u00e1ndanos y melocot\u00f3n afrutados con un toque helado.<br \/>\nBerry Ice - Mezcla de frutas del bosque con un toque helado.<\/p>\n<ul>\n<li><strong>Sabor 9<\/strong><\/li>\n<\/ul>\n<p>5en1 Sabores: Fresa Sand\u00eda, Uva Ice, Mojito Rojo, Pl\u00e1tano Ice, Lim\u00f3n Lima<br \/>\nDisponible en 5 sabores:<\/p>\n<p>Fresa Sand\u00eda - Dulce fresa y jugosa sand\u00eda.<br \/>\nGrape Ice - Uva crujiente con un toque refrescante de mentol.<br \/>\nMojito rojo - Mezcla de c\u00f3cteles afrutados con frescor mentolado.<br \/>\nBanana Ice - Pl\u00e1tano cremoso con una exhalaci\u00f3n fresca.<br \/>\nLim\u00f3n lima: chispa c\u00edtrica y sabrosa.<\/p>\n<ul>\n<li><strong>Sabor Set 10<\/strong><\/li>\n<\/ul>\n<p>5en1 Sabores: Fresa Sand\u00eda, Mel\u00f3n Manzana, Cola Ice, Mango Melocot\u00f3n, Love 66<br \/>\nDisponible en 5 sabores:<\/p>\n<p>Sand\u00eda con fresas - Cl\u00e1sico d\u00fao dulce y jugoso.<br \/>\nCantalupo Manzana - Suave cantalupo con crujiente manzana.<br \/>\nCola Ice - Cola efervescente con un toque helado.<br \/>\nMango Melocot\u00f3n - Mango tropical con suave melocot\u00f3n.<br \/>\nLove 66 - Ex\u00f3tico c\u00f3ctel afrutado con un toque de frescor.<\/p>\n<ul>\n<li><strong>Sabor 11<\/strong><\/li>\n<\/ul>\n<p>5en1 Sabores: Fresa Kiwi, Fresa Banana, Lichi Ice, Sand\u00eda Berry, Maracuy\u00e1 Mango<br \/>\nDisponible en 5 sabores:<\/p>\n<p>Fresa Kiwi - Fresa dulce con kiwi \u00e1cido.<br \/>\nPl\u00e1tano con fresa - Pl\u00e1tano cremoso con jugosa fresa.<br \/>\nLychee Ice - Lichi ex\u00f3tico con una brisa fresca.<br \/>\nSand\u00eda Berry - Mel\u00f3n jugoso con bayas dulces.<br \/>\nFruta de la pasi\u00f3n y mango: sabrosa fruta de la pasi\u00f3n con mango tropical.<\/p>\n<ul>\n<li><strong>Sabor Set 12<\/strong><\/li>\n<\/ul>\n<p>5en1 Sabores: Fresa Kiwi, Sand\u00eda Ar\u00e1ndano, Caramelo de Oso, Chicle de Ar\u00e1ndano, Pi\u00f1a Mango Agrio.<br \/>\nDisponible en 5 sabores:<\/p>\n<p>Fresa Kiwi - D\u00fao de frutas dulces y \u00e1cidas.<br \/>\nBlueberry Watermelon - Ar\u00e1ndanos frescos con mel\u00f3n jugoso<br \/>\nBear Fudge - Dulce caramelo de goma con un toque cremoso.<br \/>\nBlueberry Bubble Gum - Delicia de caramelo de bayas.<br \/>\nSour Mango Pineapple - Dulzor tropical con un toque \u00e1cido.<\/p>\n<h2><strong>Detalles del embalaje<\/strong><\/h2>\n<ul>\n<li class=\"ds-markdown-paragraph\">Dispositivo \u00fanico Peso: 180 g<\/li>\n<li class=\"ds-markdown-paragraph\">Configuraci\u00f3n: 10 unidades\/caja<\/li>\n<li class=\"ds-markdown-paragraph\">Peso bruto total\/100 unidades: 18,5 kg<\/li>\n<li class=\"ds-markdown-paragraph\">Dimensiones: 45,5 \u00d7 45 \u00d7 16 cm<\/li>\n<\/ul>\n<figure id=\"attachment_24536\" aria-describedby=\"caption-attachment-24536\" style=\"width: 800px\" class=\"wp-caption alignnone\"><img loading=\"lazy\" decoding=\"async\" class=\"size-full wp-image-24536\" title=\"Bang Legend 120K 5en1 Vape Desechable Mayorista 11\" src=\"https:\/\/www.vape4wholesale.com\/wp-content\/uploads\/2025\/09\/Bang-Legend-120K-5in1-Disposable-Vape-Wholesale_11.webp\" alt=\"Bang Legend 120K 5en1 Vape Desechable Mayorista 11\" width=\"800\" height=\"800\" srcset=\"https:\/\/www.vape4wholesale.com\/wp-content\/uploads\/2025\/09\/Bang-Legend-120K-5in1-Disposable-Vape-Wholesale_11.webp 800w, https:\/\/www.vape4wholesale.com\/wp-content\/uploads\/2025\/09\/Bang-Legend-120K-5in1-Disposable-Vape-Wholesale_11-247x247.webp 247w, https:\/\/www.vape4wholesale.com\/wp-content\/uploads\/2025\/09\/Bang-Legend-120K-5in1-Disposable-Vape-Wholesale_11-100x100.webp 100w, https:\/\/www.vape4wholesale.com\/wp-content\/uploads\/2025\/09\/Bang-Legend-120K-5in1-Disposable-Vape-Wholesale_11-510x510.webp 510w, https:\/\/www.vape4wholesale.com\/wp-content\/uploads\/2025\/09\/Bang-Legend-120K-5in1-Disposable-Vape-Wholesale_11-300x300.webp 300w, https:\/\/www.vape4wholesale.com\/wp-content\/uploads\/2025\/09\/Bang-Legend-120K-5in1-Disposable-Vape-Wholesale_11-150x150.webp 150w, https:\/\/www.vape4wholesale.com\/wp-content\/uploads\/2025\/09\/Bang-Legend-120K-5in1-Disposable-Vape-Wholesale_11-768x768.webp 768w, https:\/\/www.vape4wholesale.com\/wp-content\/uploads\/2025\/09\/Bang-Legend-120K-5in1-Disposable-Vape-Wholesale_11-12x12.webp 12w, https:\/\/www.vape4wholesale.com\/wp-content\/uploads\/2025\/09\/Bang-Legend-120K-5in1-Disposable-Vape-Wholesale_11-64x64.webp 64w\" sizes=\"auto, (max-width: 800px) 100vw, 800px\" \/><figcaption id=\"caption-attachment-24536\" class=\"wp-caption-text\">Bang Legend 120K 5en1 Vape desechable al por mayor<\/figcaption><\/figure>\n<h2>\u00bfPOR QU\u00c9 NOSOTROS?<\/h2>\r\n<ul>\r\n<li>Fuente de vape real, fiable y profesional.<\/li>\r\n<li>100% Garant\u00eda de autenticidad: S\u00f3lo proporcionamos productos originales y genuinos, rechazamos la falsificaci\u00f3n.<\/li>\r\n<li>100% Garant\u00eda de entrega: Utilizamos el mejor m\u00e9todo de env\u00edo para asegurarnos de que recibes el pedido 100%.<\/li>\r\n<li>Le daremos el n\u00famero de seguimiento y la etiqueta de env\u00edo despu\u00e9s del env\u00edo, y realizaremos el seguimiento de la mercanc\u00eda por usted hasta que la firme.<\/li>\r\n<li>Sin problemas aduaneros ni aranceles<\/li>\r\n<\/ul>","protected":false},"excerpt":{"rendered":"<div class=\"wsppc_div_block woocommerce_before_add_to_cart_form\">\r\n<p><strong><span style=\"color: #00a859;\">Pasar por la aduana<\/span> antes de la entrega y 100% Garant\u00eda de entrega, Entrega en 19~25 d\u00edas aproximadamente.\u00a0<\/strong><\/p>\r\n<\/div>","protected":false},"featured_media":24543,"comment_status":"open","ping_status":"closed","template":"","meta":[],"pwb-brand":[1275],"product_cat":[873],"product_tag":[22,24,249,1081,1219],"class_list":{"0":"post-24550","1":"product","2":"type-product","3":"status-publish","4":"has-post-thumbnail","6":"pwb-brand-bang","7":"product_cat-above-20k-puffs","8":"product_tag-disposable","9":"product_tag-wholesale","10":"product_tag-bang","11":"product_tag-50-0ml","12":"product_tag-120000-puffs","13":"wcpa_has_options","15":"first","16":"instock","17":"featured","18":"shipping-taxable","19":"purchasable","20":"product-type-variable"},"aioseo_notices":[],"brands":[{"id":1275,"name":"Bang","slug":"bang"}],"_links":{"self":[{"href":"https:\/\/www.vape4wholesale.com\/es\/wp-json\/wp\/v2\/product\/24550","targetHints":{"allow":["GET"]}}],"collection":[{"href":"https:\/\/www.vape4wholesale.com\/es\/wp-json\/wp\/v2\/product"}],"about":[{"href":"https:\/\/www.vape4wholesale.com\/es\/wp-json\/wp\/v2\/types\/product"}],"replies":[{"embeddable":true,"href":"https:\/\/www.vape4wholesale.com\/es\/wp-json\/wp\/v2\/comments?post=24550"}],"wp:featuredmedia":[{"embeddable":true,"href":"https:\/\/www.vape4wholesale.com\/es\/wp-json\/wp\/v2\/media\/24543"}],"wp:attachment":[{"href":"https:\/\/www.vape4wholesale.com\/es\/wp-json\/wp\/v2\/media?parent=24550"}],"wp:term":[{"taxonomy":"pwb-brand","embeddable":true,"href":"https:\/\/www.vape4wholesale.com\/es\/wp-json\/wp\/v2\/pwb-brand?post=24550"},{"taxonomy":"product_cat","embeddable":true,"href":"https:\/\/www.vape4wholesale.com\/es\/wp-json\/wp\/v2\/product_cat?post=24550"},{"taxonomy":"product_tag","embeddable":true,"href":"https:\/\/www.vape4wholesale.com\/es\/wp-json\/wp\/v2\/product_tag?post=24550"}],"curies":[{"name":"wp","href":"https:\/\/api.w.org\/{rel}","templated":true}]}}