{"id":23613,"date":"2025-07-23T00:46:15","date_gmt":"2025-07-22T16:46:15","guid":{"rendered":"https:\/\/www.vape4wholesale.com\/?post_type=product&#038;p=23613"},"modified":"2026-04-15T17:53:00","modified_gmt":"2026-04-15T09:53:00","slug":"happ-bar-gr50000-vape-desechable-al-por-mayor","status":"publish","type":"product","link":"https:\/\/www.vape4wholesale.com\/es\/product\/happ-bar-gr50000-disposable-vape-wholesale","title":{"rendered":"Happ Bar GR50000 Vape desechable al por mayor"},"content":{"rendered":"<p class=\"ds-markdown-paragraph\"><strong><a title=\"Bar Happ\" href=\"\/es\/marca_producto\/bar-feliz\/\" target=\"_blank\" rel=\"noopener\">Bar Happ<\/a> GR50000<\/strong>\u00a0es un innovador dispositivo de vapeo desechable que cuenta con un innovador sistema 2 en 1 de doble sabor. Con su exclusivo bot\u00f3n de cambio de sabor situado entre las dos opciones, los usuarios pueden disfrutar de dos sabores distintos al mismo tiempo, una innovaci\u00f3n pionera en la industria.<\/p>\n<p class=\"ds-markdown-paragraph\">Manteniendo el dise\u00f1o caracter\u00edstico de la serie GR, cuenta con una secci\u00f3n central ergon\u00f3mica para una mayor comodidad de agarre. Debajo de la secci\u00f3n central, una pantalla integrada proporciona lecturas precisas en tiempo real de los niveles de e-l\u00edquido y bater\u00eda. En la parte posterior, un controlador de ajuste de sabor permite cambiar de sabor sin problemas.<\/p>\n<p>Dise\u00f1ado para ofrecer longevidad y versatilidad, el Happ Bar GR50000 proporciona la impresionante cifra de 50.000 caladas gracias a su bater\u00eda recargable de 650 mAh (compatible con carga Type-C). Sus tanques duales de e-l\u00edquido de 23mL (46mL en total) ofrecen un uso prolongado, mientras que la bobina de malla de 1.0\u03a9 asegura una producci\u00f3n de sabor rica y consistente.<\/p>\n<h2 class=\"ds-markdown-paragraph\"><strong>Happ Bar GR50000 Vape desechable Quick Details<\/strong><\/h2>\n<ul>\n<li class=\"ds-markdown-paragraph\"><strong>Puffs:<\/strong>\u00a050,000<\/li>\n<li class=\"ds-markdown-paragraph\"><strong>Nicotina:<\/strong> 2% \/ 5%<\/li>\n<li class=\"ds-markdown-paragraph\"><strong>Bater\u00eda:<\/strong>\u00a0650 mAh (Tipo-C recargable)<\/li>\n<li class=\"ds-markdown-paragraph\"><strong>E-l\u00edquido:<\/strong> 23mL + 23mL (Tanques Dobles)<\/li>\n<li class=\"ds-markdown-paragraph\"><strong>Bobina:<\/strong> Bobina doble de malla 1.0\u03a9<\/li>\n<li class=\"ds-markdown-paragraph\"><strong>Sabores:<\/strong> 12 Pares<\/li>\n<li class=\"ds-markdown-paragraph\"><strong>Innovaci\u00f3n:<\/strong>\u00a0Vaping de doble sabor simult\u00e1neo 2 en 1<\/li>\n<li class=\"ds-markdown-paragraph\"><strong>Pantalla:<\/strong>\u00a0Indicador de e-l\u00edquido y bater\u00eda<\/li>\n<li class=\"ds-markdown-paragraph\"><strong>Dise\u00f1o:<\/strong>\u00a0Empu\u00f1adura ergon\u00f3mica con control de sabor<\/li>\n<\/ul>\n<h2><strong>Sabores disponibles<\/strong><\/h2>\n<p>Sand\u00eda Helada \/ Fresa Pl\u00e1tano<br \/>\nUva Ice \/ Fresa Kiwi<br \/>\nCola Ice \/ Cereza efervescente<br \/>\nFresa Helada \/ Mango Melocot\u00f3n Sand\u00eda<br \/>\nFrutas Tropicales \/ Sand\u00eda Fresa<br \/>\nRed Bull \/ Cool Mint<br \/>\nFresa Vainilla Cola \/ Pi\u00f1a Coco<br \/>\nSand\u00eda Frambuesa \/ Love 66<br \/>\nMr Blue \/ Hielo de lim\u00f3n<br \/>\nFresa Frambuesa Cereza \/ Melocot\u00f3n Monstruo<br \/>\nHielo Drag\u00f3n Negro \/ Hielo Melocot\u00f3n<br \/>\nMelocot\u00f3n Mango Pi\u00f1a \/ Vainilla Helada<\/p>\n<figure id=\"attachment_23641\" aria-describedby=\"caption-attachment-23641\" style=\"width: 1616px\" class=\"wp-caption alignnone\"><img loading=\"lazy\" decoding=\"async\" class=\"size-full wp-image-23641\" title=\"Happ Bar GR50000 Vape desechable al por mayor 14\" src=\"https:\/\/www.vape4wholesale.com\/wp-content\/uploads\/2025\/07\/Happ-Bar-GR50000-Disposable-Vape-Wholesale_14.webp\" alt=\"Happ Bar GR50000 Vape desechable al por mayor 14\" width=\"1616\" height=\"800\" srcset=\"https:\/\/www.vape4wholesale.com\/wp-content\/uploads\/2025\/07\/Happ-Bar-GR50000-Disposable-Vape-Wholesale_14.webp 1616w, https:\/\/www.vape4wholesale.com\/wp-content\/uploads\/2025\/07\/Happ-Bar-GR50000-Disposable-Vape-Wholesale_14-510x252.webp 510w, https:\/\/www.vape4wholesale.com\/wp-content\/uploads\/2025\/07\/Happ-Bar-GR50000-Disposable-Vape-Wholesale_14-300x149.webp 300w, https:\/\/www.vape4wholesale.com\/wp-content\/uploads\/2025\/07\/Happ-Bar-GR50000-Disposable-Vape-Wholesale_14-1024x507.webp 1024w, https:\/\/www.vape4wholesale.com\/wp-content\/uploads\/2025\/07\/Happ-Bar-GR50000-Disposable-Vape-Wholesale_14-768x380.webp 768w, https:\/\/www.vape4wholesale.com\/wp-content\/uploads\/2025\/07\/Happ-Bar-GR50000-Disposable-Vape-Wholesale_14-1536x760.webp 1536w, https:\/\/www.vape4wholesale.com\/wp-content\/uploads\/2025\/07\/Happ-Bar-GR50000-Disposable-Vape-Wholesale_14-18x9.webp 18w, https:\/\/www.vape4wholesale.com\/wp-content\/uploads\/2025\/07\/Happ-Bar-GR50000-Disposable-Vape-Wholesale_14-64x32.webp 64w\" sizes=\"auto, (max-width: 1616px) 100vw, 1616px\" \/><figcaption id=\"caption-attachment-23641\" class=\"wp-caption-text\">Happ Bar GR50000 Vape desechable al por mayor<\/figcaption><\/figure>\n<h2>\u00bfPOR QU\u00c9 NOSOTROS?<\/h2>\r\n<ul>\r\n<li>Fuente de vape real, fiable y profesional.<\/li>\r\n<li>100% Garant\u00eda de autenticidad: S\u00f3lo proporcionamos productos originales y genuinos, rechazamos la falsificaci\u00f3n.<\/li>\r\n<li>100% Garant\u00eda de entrega: Utilizamos el mejor m\u00e9todo de env\u00edo para asegurarnos de que recibes el pedido 100%.<\/li>\r\n<li>Le daremos el n\u00famero de seguimiento y la etiqueta de env\u00edo despu\u00e9s del env\u00edo, y realizaremos el seguimiento de la mercanc\u00eda por usted hasta que la firme.<\/li>\r\n<li>Sin problemas aduaneros ni aranceles<\/li>\r\n<\/ul>","protected":false},"excerpt":{"rendered":"<p><b><span style=\"color: #00a859;\">Free shipping<\/span>\u00a0from Europe warehouse, 7-15 working days delivery time.<\/b><\/p>\r\n<div class=\"wsppc_div_block woocommerce_before_add_to_cart_form\">\r\n<p><strong>Clear customs before delivery &amp; 100% Delivery Guarantee<\/strong><\/p>\r\n<\/div>","protected":false},"featured_media":23640,"comment_status":"open","ping_status":"closed","template":"","meta":[],"pwb-brand":[1267],"product_cat":[938],"product_tag":[22,24,1035,1082,1210],"class_list":{"0":"post-23613","1":"product","2":"type-product","3":"status-publish","4":"has-post-thumbnail","6":"pwb-brand-happ-bar","7":"product_cat-europe-warehouse","8":"product_tag-disposable","9":"product_tag-wholesale","10":"product_tag-happ-bar","11":"product_tag-50000-puffs","12":"product_tag-46-0ml","13":"product_shipping_class-eu-warehouse","14":"wcpa_has_options","16":"first","17":"instock","18":"featured","19":"shipping-taxable","20":"purchasable","21":"product-type-variable"},"aioseo_notices":[],"brands":[{"id":1267,"name":"Bar Happ","slug":"bar-feliz"}],"_links":{"self":[{"href":"https:\/\/www.vape4wholesale.com\/es\/wp-json\/wp\/v2\/product\/23613","targetHints":{"allow":["GET"]}}],"collection":[{"href":"https:\/\/www.vape4wholesale.com\/es\/wp-json\/wp\/v2\/product"}],"about":[{"href":"https:\/\/www.vape4wholesale.com\/es\/wp-json\/wp\/v2\/types\/product"}],"replies":[{"embeddable":true,"href":"https:\/\/www.vape4wholesale.com\/es\/wp-json\/wp\/v2\/comments?post=23613"}],"wp:featuredmedia":[{"embeddable":true,"href":"https:\/\/www.vape4wholesale.com\/es\/wp-json\/wp\/v2\/media\/23640"}],"wp:attachment":[{"href":"https:\/\/www.vape4wholesale.com\/es\/wp-json\/wp\/v2\/media?parent=23613"}],"wp:term":[{"taxonomy":"pwb-brand","embeddable":true,"href":"https:\/\/www.vape4wholesale.com\/es\/wp-json\/wp\/v2\/pwb-brand?post=23613"},{"taxonomy":"product_cat","embeddable":true,"href":"https:\/\/www.vape4wholesale.com\/es\/wp-json\/wp\/v2\/product_cat?post=23613"},{"taxonomy":"product_tag","embeddable":true,"href":"https:\/\/www.vape4wholesale.com\/es\/wp-json\/wp\/v2\/product_tag?post=23613"}],"curies":[{"name":"wp","href":"https:\/\/api.w.org\/{rel}","templated":true}]}}