{"id":23370,"date":"2025-07-08T00:11:30","date_gmt":"2025-07-07T16:11:30","guid":{"rendered":"https:\/\/www.vape4wholesale.com\/?post_type=product&#038;p=23370"},"modified":"2026-01-26T13:38:40","modified_gmt":"2026-01-26T13:38:40","slug":"happ-bar-ss25000-vape-desechable-al-por-mayor","status":"publish","type":"product","link":"https:\/\/www.vape4wholesale.com\/es\/producto\/happ-bar-ss25000-vape-desechable-al-por-mayor","title":{"rendered":"Happ Bar SS25000 Vape desechable al por mayor"},"content":{"rendered":"<p class=\"ds-markdown-paragraph\">En\u00a0<strong><a title=\"Bar Happ\" href=\"https:\/\/www.vape4wholesale.com\/es\/marca_producto\/bar-feliz\/\" target=\"_blank\" rel=\"noopener\">Bar Happ<\/a> SS25000<\/strong> El vapeador desechable destaca por su construcci\u00f3n multimaterial de primera calidad, que combina coloridos detalles en piel sint\u00e9tica con elegantes detalles met\u00e1licos que recorren todo el cuerpo. El bot\u00f3n de encendido est\u00e1 perfectamente integrado en un panel negro mate, que tambi\u00e9n alberga una pantalla LCD transparente para la monitorizaci\u00f3n en tiempo real.<\/p>\n<p class=\"ds-markdown-paragraph\">A diferencia de la mayor\u00eda de los vapes desechables que se activan autom\u00e1ticamente, el SS25000 requiere un manejo manual para un control preciso. Para usarlo, basta con pulsar el bot\u00f3n de encendido cinco veces para encenderlo y, a continuaci\u00f3n, pulsar tres veces r\u00e1pidamente para cambiar de modo. Cuenta con dos modos de salida:<\/p>\n<ul>\n<li>\n<p class=\"ds-markdown-paragraph\">Modo Inteligente: Vataje ajustable de 5W a 30W para un vapeo personalizado.<\/p>\n<\/li>\n<li>\n<p class=\"ds-markdown-paragraph\">Modo Boost: Se bloquea a 30W para una intensidad m\u00e1xima.<\/p>\n<\/li>\n<\/ul>\n<p class=\"ds-markdown-paragraph\">Adem\u00e1s, este dispositivo es rellenable. Para rellenar:<\/p>\n<ol start=\"1\">\n<li>\n<p class=\"ds-markdown-paragraph\">Retire la boquilla.<\/p>\n<\/li>\n<li>\n<p class=\"ds-markdown-paragraph\">Retira los tapones de silicona de ambos lados del tubo.<\/p>\n<\/li>\n<li>\n<p class=\"ds-markdown-paragraph\">A\u00f1ada e-l\u00edquido (evite el orificio de flujo de aire central).<\/p>\n<\/li>\n<\/ol>\n<h2><strong>Happ Bar SS25000 Vape desechable Detalles r\u00e1pidos<\/strong><\/h2>\n<ul>\n<li>\n<p class=\"ds-markdown-paragraph\">Conteo de Puff: 25,000<\/p>\n<\/li>\n<li>\n<p class=\"ds-markdown-paragraph\">Bobina: 0.6\u03a9 Mesh Coil (sabor y vapor mejorados)<\/p>\n<\/li>\n<li>\n<p class=\"ds-markdown-paragraph\">Flujo de aire ajustable<\/p>\n<\/li>\n<li>\n<p class=\"ds-markdown-paragraph\">Dise\u00f1o rellenable<\/p>\n<\/li>\n<li>\n<p class=\"ds-markdown-paragraph\">Bater\u00eda recargable de 650 mAh (carga Type-C)<\/p>\n<\/li>\n<li>\n<p class=\"ds-markdown-paragraph\">Modos duales: Boost y Smart<\/p>\n<\/li>\n<li>\n<p class=\"ds-markdown-paragraph\">Pantalla LCD: Muestra el nivel de bater\u00eda y la potencia<\/p>\n<\/li>\n<\/ul>\n<h2><strong>Sabores disponibles<\/strong><\/h2>\n<p>Melocot\u00f3n helado<br \/>\nPonche de fresa<br \/>\nUva Menta<br \/>\nMango Ice<br \/>\nManzana doble<br \/>\nChicle de ar\u00e1ndanos<br \/>\nMenta lim\u00f3n<br \/>\nHielo exuberante<br \/>\nFresa Kiwi<br \/>\nHielo de bayas<br \/>\nAmor m\u00e1gico<br \/>\nFiesta de la cereza<\/p>\n<figure id=\"attachment_23352\" aria-describedby=\"caption-attachment-23352\" style=\"width: 800px\" class=\"wp-caption alignnone\"><img loading=\"lazy\" decoding=\"async\" class=\"size-full wp-image-23352\" title=\"Happ Bar SS25000 Vape Desechable Doble Aspecto\" src=\"https:\/\/www.vape4wholesale.com\/wp-content\/uploads\/2025\/07\/Happ-Bar-SS25000-Disposable-Vape_Double-Appe.webp\" alt=\"Happ Bar SS25000 Vape Desechable Doble Aspecto\" width=\"800\" height=\"800\" srcset=\"https:\/\/www.vape4wholesale.com\/wp-content\/uploads\/2025\/07\/Happ-Bar-SS25000-Disposable-Vape_Double-Appe.webp 800w, https:\/\/www.vape4wholesale.com\/wp-content\/uploads\/2025\/07\/Happ-Bar-SS25000-Disposable-Vape_Double-Appe-247x247.webp 247w, https:\/\/www.vape4wholesale.com\/wp-content\/uploads\/2025\/07\/Happ-Bar-SS25000-Disposable-Vape_Double-Appe-100x100.webp 100w, https:\/\/www.vape4wholesale.com\/wp-content\/uploads\/2025\/07\/Happ-Bar-SS25000-Disposable-Vape_Double-Appe-510x510.webp 510w\" sizes=\"auto, (max-width: 800px) 100vw, 800px\" \/><figcaption id=\"caption-attachment-23352\" class=\"wp-caption-text\">Happ Bar SS25000 Vape Desechable Doble Aspecto<\/figcaption><\/figure>\n[scf-template id=&#8217;16903&#8242;]","protected":false},"excerpt":{"rendered":"<p><b><span style=\"color: #00a859;\">Free shipping<\/span>\u00a0from Europe warehouse, 7-15 working days delivery time.<\/b><\/p>\r\n<div class=\"wsppc_div_block woocommerce_before_add_to_cart_form\">\r\n<p><strong>Clear customs before delivery &amp; 100% Delivery Guarantee<\/strong><\/p>\r\n<\/div>","protected":false},"featured_media":23352,"comment_status":"open","ping_status":"closed","template":"","meta":[],"pwb-brand":[1267],"product_cat":[938],"product_tag":[22,24,692,915,1035],"class_list":{"0":"post-23370","1":"product","2":"type-product","3":"status-publish","4":"has-post-thumbnail","6":"pwb-brand-happ-bar","7":"product_cat-europe-warehouse","8":"product_tag-disposable","9":"product_tag-wholesale","10":"product_tag-25-0ml","11":"product_tag-25000-puffs","12":"product_tag-happ-bar","13":"product_shipping_class-eu-warehouse","15":"first","16":"outofstock","17":"featured","18":"shipping-taxable","19":"purchasable","20":"product-type-variable"},"aioseo_notices":[],"brands":[{"id":1267,"name":"Bar Happ","slug":"bar-feliz"}],"_links":{"self":[{"href":"https:\/\/www.vape4wholesale.com\/es\/wp-json\/wp\/v2\/product\/23370","targetHints":{"allow":["GET"]}}],"collection":[{"href":"https:\/\/www.vape4wholesale.com\/es\/wp-json\/wp\/v2\/product"}],"about":[{"href":"https:\/\/www.vape4wholesale.com\/es\/wp-json\/wp\/v2\/types\/product"}],"replies":[{"embeddable":true,"href":"https:\/\/www.vape4wholesale.com\/es\/wp-json\/wp\/v2\/comments?post=23370"}],"wp:featuredmedia":[{"embeddable":true,"href":"https:\/\/www.vape4wholesale.com\/es\/wp-json\/wp\/v2\/media\/23352"}],"wp:attachment":[{"href":"https:\/\/www.vape4wholesale.com\/es\/wp-json\/wp\/v2\/media?parent=23370"}],"wp:term":[{"taxonomy":"pwb-brand","embeddable":true,"href":"https:\/\/www.vape4wholesale.com\/es\/wp-json\/wp\/v2\/pwb-brand?post=23370"},{"taxonomy":"product_cat","embeddable":true,"href":"https:\/\/www.vape4wholesale.com\/es\/wp-json\/wp\/v2\/product_cat?post=23370"},{"taxonomy":"product_tag","embeddable":true,"href":"https:\/\/www.vape4wholesale.com\/es\/wp-json\/wp\/v2\/product_tag?post=23370"}],"curies":[{"name":"wp","href":"https:\/\/api.w.org\/{rel}","templated":true}]}}