{"id":23271,"date":"2025-07-07T00:00:13","date_gmt":"2025-07-06T16:00:13","guid":{"rendered":"https:\/\/www.vape4wholesale.com\/?post_type=product&#038;p=23271"},"modified":"2026-03-19T19:03:58","modified_gmt":"2026-03-19T11:03:58","slug":"fumot-digital-monkey-40000-puffs-vape-desechable-al-por-mayor","status":"publish","type":"product","link":"https:\/\/www.vape4wholesale.com\/es\/producto\/fumot-digital-monkey-40000-puffs-vape-desechable-al-por-mayor","title":{"rendered":"Fumot Digital Monkey 40000 Puffs Vape Desechable al por mayor"},"content":{"rendered":"<p>En<strong><a title=\"Fumot\" href=\"https:\/\/www.vape4wholesale.com\/es\/marca_producto\/fumot\/\" target=\"_blank\" rel=\"noopener\"> Fumot<\/a> Mono digital 40000<\/strong> es un vapeador desechable de doble bobina de malla con una pantalla inteligente y modos conmutables. Como versi\u00f3n mejorada del popular <a title=\"Fumot 12000\" href=\"https:\/\/www.vape4wholesale.com\/es\/producto\/fumot-digital-box-12000-vape-desechable-al-por-mayor\/\" target=\"_blank\" rel=\"noopener\">Fumot 12000<\/a> vape, cuenta con un elegante exterior esmaltado y una gran pantalla frontal. La pantalla no s\u00f3lo muestra el gr\u00e1fico \"Digital Monkey\", sino que tambi\u00e9n proporciona informaci\u00f3n en tiempo real sobre el nivel de eliquid, la duraci\u00f3n de la bater\u00eda y el modo de vapeo actual. Este dispositivo ofrece dos modos de vapeo, Double Engine Mode y Single Engine Mod, que se pueden cambiar f\u00e1cilmente con el bot\u00f3n situado en la parte inferior del dispositivo. El Digital Monkey est\u00e1 disponible en 16 sabores y ofrece 2 potencias de nicotina para satisfacer una variedad de preferencias.<\/p>\n<p>La pantalla del Digital Monkey proporciona informaci\u00f3n en tiempo real sobre el nivel de e-l\u00edquido, la duraci\u00f3n de la bater\u00eda y el modo de vapeo actual Modo Dual Engine (D) o Modo Single Engine (S) para mejorar su experiencia de vapeo.<\/p>\n<p>El vapeador Dual Mesh utiliza un elemento calefactor con dos capas de material de malla, lo que crea una superficie mayor para que el e-l\u00edquido entre en contacto y se caliente uniformemente. El resultado es un sabor m\u00e1s suave y satisfactorio.<\/p>\n<p>Con una bater\u00eda recargable de 850 mAh incorporada, puedes recargarla varias veces, por lo que no te quedar\u00e1s con pilas desechables agotadas antes de que se acabe el e-l\u00edquido.<\/p>\n<h2><strong>Fumot Digital Monkey 40000 Puffs Vape Desechable Quick Details<\/strong><\/h2>\n<ul>\n<li class=\"ds-markdown-paragraph\">Puffs: Hasta 40.000<\/li>\n<li class=\"ds-markdown-paragraph\">Bater\u00eda: 850 mAh (recargable mediante USB-C)<\/li>\n<li class=\"ds-markdown-paragraph\">Bobina: Dual Mesh (vapor m\u00e1s suave y sabroso)<\/li>\n<li class=\"ds-markdown-paragraph\">Pantalla: Pantalla inteligente (nivel de e-l\u00edquido en tiempo real, bater\u00eda, indicador de modo)<\/li>\n<li>Capacidad de E-l\u00edquido: 16mL (precargado)<\/li>\n<li class=\"ds-markdown-paragraph\">Potencias de nicotina: 2% (20mg) &amp; 5% (50mg)<\/li>\n<li class=\"ds-markdown-paragraph\">Sabores: 16 opciones (variedad para diferentes gustos)<\/li>\n<li class=\"ds-markdown-paragraph\">Dise\u00f1o: Exterior esmaltado + gr\u00e1fico \"Digital Monkey<\/li>\n<li class=\"ds-markdown-paragraph\">Actualizado de: Fumot 12000 (mejor pantalla, doble malla, mayor duraci\u00f3n)<\/li>\n<li class=\"ds-markdown-paragraph\">Modos de trabajo: Double Engine (D) - Vapor m\u00e1s intenso\/ Single Engine (S) - Vapeo est\u00e1ndar (Conmutable mediante el bot\u00f3n inferior)<\/li>\n<\/ul>\n<h2><strong>Sabores disponibles<\/strong><\/h2>\n<p>1. Hielo de pl\u00e1tano<br \/>\n2. Sand\u00eda con fresas<br \/>\n3. Casa de la Moneda de Miami<br \/>\n4. Ar\u00e1ndano Frambuesa<br \/>\n5. Hielo negro<br \/>\n6. Hielo de gominola blanco<br \/>\n7. Hielo de sand\u00eda<br \/>\n8. Helado de melocot\u00f3n jugoso<br \/>\n9. Limonada rosa<br \/>\n10. Mango con fresa<br \/>\n11. Melocot\u00f3n Mango Sand\u00eda<br \/>\n12. Uva Lim\u00f3n<br \/>\n13. 13. Tropical Rainbow Blast<br \/>\n14. Bomba de cereza<br \/>\n15. Caramelo de fresa y menta<br \/>\n16. Manzana doble<\/p>\n<figure id=\"attachment_23272\" aria-describedby=\"caption-attachment-23272\" style=\"width: 1248px\" class=\"wp-caption alignnone\"><img loading=\"lazy\" decoding=\"async\" class=\"size-full wp-image-23272\" title=\"Fumot Digital Monkey 40000 Puffs Vape Desechable\" src=\"https:\/\/www.vape4wholesale.com\/wp-content\/uploads\/2025\/07\/Fumot-Digital-Monkey-40000-Puffs-Disposable-Vape.webp\" alt=\"Fumot Digital Monkey 40000 Puffs Vape Desechable\" width=\"1248\" height=\"800\" srcset=\"https:\/\/www.vape4wholesale.com\/wp-content\/uploads\/2025\/07\/Fumot-Digital-Monkey-40000-Puffs-Disposable-Vape.webp 1248w, https:\/\/www.vape4wholesale.com\/wp-content\/uploads\/2025\/07\/Fumot-Digital-Monkey-40000-Puffs-Disposable-Vape-510x327.webp 510w, https:\/\/www.vape4wholesale.com\/wp-content\/uploads\/2025\/07\/Fumot-Digital-Monkey-40000-Puffs-Disposable-Vape-300x192.webp 300w, https:\/\/www.vape4wholesale.com\/wp-content\/uploads\/2025\/07\/Fumot-Digital-Monkey-40000-Puffs-Disposable-Vape-1024x656.webp 1024w, https:\/\/www.vape4wholesale.com\/wp-content\/uploads\/2025\/07\/Fumot-Digital-Monkey-40000-Puffs-Disposable-Vape-768x492.webp 768w, https:\/\/www.vape4wholesale.com\/wp-content\/uploads\/2025\/07\/Fumot-Digital-Monkey-40000-Puffs-Disposable-Vape-18x12.webp 18w, https:\/\/www.vape4wholesale.com\/wp-content\/uploads\/2025\/07\/Fumot-Digital-Monkey-40000-Puffs-Disposable-Vape-64x41.webp 64w\" sizes=\"auto, (max-width: 1248px) 100vw, 1248px\" \/><figcaption id=\"caption-attachment-23272\" class=\"wp-caption-text\">Fumot Digital Monkey 40000 Puffs Vape Desechable<\/figcaption><\/figure>\n<h2>\u00bfPOR QU\u00c9 NOSOTROS?<\/h2>\r\n<ul>\r\n<li>Fuente de vape real, fiable y profesional.<\/li>\r\n<li>100% Garant\u00eda de autenticidad: S\u00f3lo proporcionamos productos originales y genuinos, rechazamos la falsificaci\u00f3n.<\/li>\r\n<li>100% Garant\u00eda de entrega: Utilizamos el mejor m\u00e9todo de env\u00edo para asegurarnos de que recibes el pedido 100%.<\/li>\r\n<li>Le daremos el n\u00famero de seguimiento y la etiqueta de env\u00edo despu\u00e9s del env\u00edo, y realizaremos el seguimiento de la mercanc\u00eda por usted hasta que la firme.<\/li>\r\n<li>Sin problemas aduaneros ni aranceles<\/li>\r\n<\/ul>","protected":false},"excerpt":{"rendered":"<div class=\"wsppc_div_block woocommerce_before_add_to_cart_form\">\r\n<p><strong><span style=\"color: #00a859;\">Clear customs<\/span> before delivery &amp; 100% Delivery Guarantee, Delivery in 19~25 days around.\u00a0<\/strong><\/p>\r\n<\/div>","protected":false},"featured_media":23259,"comment_status":"open","ping_status":"closed","template":"","meta":[],"pwb-brand":[1269],"product_cat":[873],"product_tag":[22,24,592,933,1016],"class_list":{"0":"post-23271","1":"product","2":"type-product","3":"status-publish","4":"has-post-thumbnail","6":"pwb-brand-fumot","7":"product_cat-above-20k-puffs","8":"product_tag-disposable","9":"product_tag-wholesale","10":"product_tag-fumot","11":"product_tag-35-0ml","12":"product_tag-40000-puffs","13":"wcpa_has_options","15":"first","16":"outofstock","17":"featured","18":"shipping-taxable","19":"purchasable","20":"product-type-variable"},"aioseo_notices":[],"brands":[{"id":1269,"name":"Fumot","slug":"fumot"}],"_links":{"self":[{"href":"https:\/\/www.vape4wholesale.com\/es\/wp-json\/wp\/v2\/product\/23271","targetHints":{"allow":["GET"]}}],"collection":[{"href":"https:\/\/www.vape4wholesale.com\/es\/wp-json\/wp\/v2\/product"}],"about":[{"href":"https:\/\/www.vape4wholesale.com\/es\/wp-json\/wp\/v2\/types\/product"}],"replies":[{"embeddable":true,"href":"https:\/\/www.vape4wholesale.com\/es\/wp-json\/wp\/v2\/comments?post=23271"}],"wp:featuredmedia":[{"embeddable":true,"href":"https:\/\/www.vape4wholesale.com\/es\/wp-json\/wp\/v2\/media\/23259"}],"wp:attachment":[{"href":"https:\/\/www.vape4wholesale.com\/es\/wp-json\/wp\/v2\/media?parent=23271"}],"wp:term":[{"taxonomy":"pwb-brand","embeddable":true,"href":"https:\/\/www.vape4wholesale.com\/es\/wp-json\/wp\/v2\/pwb-brand?post=23271"},{"taxonomy":"product_cat","embeddable":true,"href":"https:\/\/www.vape4wholesale.com\/es\/wp-json\/wp\/v2\/product_cat?post=23271"},{"taxonomy":"product_tag","embeddable":true,"href":"https:\/\/www.vape4wholesale.com\/es\/wp-json\/wp\/v2\/product_tag?post=23271"}],"curies":[{"name":"wp","href":"https:\/\/api.w.org\/{rel}","templated":true}]}}