{"id":23199,"date":"2025-07-06T11:39:53","date_gmt":"2025-07-06T03:39:53","guid":{"rendered":"https:\/\/www.vape4wholesale.com\/?post_type=product&#038;p=23199"},"modified":"2026-03-05T15:41:40","modified_gmt":"2026-03-05T07:41:40","slug":"fumot-leopard-40k-40000-puffs-vape-desechable-al-por-mayor","status":"publish","type":"product","link":"https:\/\/www.vape4wholesale.com\/es\/product\/fumot-leopard-40k-40000-puffs-disposable-vape-wholesale","title":{"rendered":"Fumot Leopard 40K 40000 Puffs Vape Desechable al por mayor"},"content":{"rendered":"<p>En <a title=\"Fumot\" href=\"https:\/\/www.vape4wholesale.com\/es\/marca_producto\/fumot\/\" target=\"_blank\" rel=\"noopener\">Fumot<\/a> Leopard 40K es un vapeador desechable de gran capacidad que ofrece hasta 40.000 caladas. Dise\u00f1ado con dos bobinas de malla y una carcasa exterior transparente, cuenta con una ilustraci\u00f3n de un boldeopardo que le da un toque visual \u00fanico. El indicador LED integrado no s\u00f3lo muestra los niveles de e-l\u00edquido y bater\u00eda, sino que tambi\u00e9n ofrece vibrantes efectos luminosos. El Leopard 40K est\u00e1 disponible en 25 sabores y ofrece 4 niveles de nicotina para adaptarse a una gran variedad de preferencias.<\/p>\n<p>El Dual Mesh Vape utiliza un elemento calefactor con dos capas de material de malla, creando una mayor superficie para que el e-l\u00edquido entre en contacto y se caliente uniformemente. Esto resulta en un sabor m\u00e1s suave y satisfactorio, as\u00ed como un sabor m\u00e1s estable durante toda la vida del vape.<\/p>\n<p>La pantalla del Leopard 40k tambi\u00e9n muestra la potencia y el nivel de e-l\u00edquido. El n\u00famero de la izquierda (sobre el s\u00edmbolo de la gota de agua) representa la cantidad de e-l\u00edquido que queda en el dispositivo, y el n\u00famero de la derecha (sobre el s\u00edmbolo de la bater\u00eda) representa el estado actual de la potencia del dispositivo.<\/p>\n<p>El Leopard 40K cuenta con una carcasa transparente y cristalina que muestra con brillantez su impresionante ilustraci\u00f3n de leopardo con todo detalle. Cada l\u00ednea, color y expresi\u00f3n de la obra de arte cobra vida, creando una audaz declaraci\u00f3n visual que lo distingue de los vapedesigns ordinarios.<\/p>\n<p>USB-C o USB Tipo-C es el \u00faltimo est\u00e1ndar universal para la conexi\u00f3n por cable de dispositivos inteligentes. Es el sucesor de los est\u00e1ndares m\u00e1s antiguos, como Micro-USB y USB-A, que siguen siendo comunes pero est\u00e1n desapareciendo r\u00e1pidamente. la bater\u00eda integrada de 700 mAh es recargable, por lo que no te quedar\u00e1s con bater\u00edas desechables agotadas hasta que se acabe el e-l\u00edquido.<\/p>\n<h2><strong>Fumot Leopard 40K Puffs Vape Desechable Quick Details<\/strong><\/h2>\n<ul>\n<li>\n<p class=\"ds-markdown-paragraph\"><strong>Potencia de nicotina:<\/strong>\u00a02% \/ 5% (20mg\/50mg)<\/p>\n<\/li>\n<li>\n<p class=\"ds-markdown-paragraph\"><strong>Bater\u00eda:<\/strong>\u00a0700mAh Recargable (USB Tipo-C)<\/p>\n<\/li>\n<li>\n<p class=\"ds-markdown-paragraph\"><strong>Conteo de Puff:<\/strong>\u00a0Hasta\u00a0<strong>40.000 bocanadas<\/strong><\/p>\n<\/li>\n<li>\n<p class=\"ds-markdown-paragraph\"><strong>Tecnolog\u00eda de bobinas:<\/strong>\u00a0<strong>Bobina de malla doble<\/strong>\u00a0para un sabor m\u00e1s intenso<\/p>\n<\/li>\n<li>\n<p class=\"ds-markdown-paragraph\"><strong>Sabores:<\/strong>\u00a0<strong>16 opciones premium<\/strong><\/p>\n<\/li>\n<li>\n<p class=\"ds-markdown-paragraph\"><strong>Pantalla:<\/strong>\u00a0<strong>Pantalla HD<\/strong>\u00a0(indicadores de e-l\u00edquido y bater\u00eda)<\/p>\n<\/li>\n<\/ul>\n<h2><strong>Sabores disponibles<\/strong><\/h2>\n<ol>\n<li>Mezcla de bayas<\/li>\n<li>Ar\u00e1ndano Frambuesa<\/li>\n<li>Sand\u00eda con fresa<\/li>\n<li>Fresa helada<\/li>\n<li>Cereza helada<\/li>\n<li>Hielo de sand\u00eda<\/li>\n<li>Kiwi Fruta de la pasi\u00f3n Guayaba<\/li>\n<li>Dr. Azul<\/li>\n<li>Ar\u00e1ndanos con hielo<\/li>\n<li>Melocot\u00f3n baya<\/li>\n<li>Limonada rosa<\/li>\n<li>Fresa Pl\u00e1tano<\/li>\n<li>Sand\u00eda Chicle<\/li>\n<li>Melocot\u00f3n Mango Pi\u00f1a<\/li>\n<li>Hielo del Drag\u00f3n Negro<\/li>\n<li>Ar\u00e1ndano Cereza Ar\u00e1ndano<\/li>\n<\/ol>\n<figure id=\"attachment_23232\" aria-describedby=\"caption-attachment-23232\" style=\"width: 2560px\" class=\"wp-caption alignnone\"><img loading=\"lazy\" decoding=\"async\" class=\"size-full wp-image-23232\" title=\"Fumot Leopard 40K 40000 Puffs Vape Desechable\" src=\"https:\/\/www.vape4wholesale.com\/wp-content\/uploads\/2025\/07\/Fumot-Leopard-40K-40000-Puffs-Disposable-Vape-scaled.webp\" alt=\"Fumot Leopard 40K 40000 Puffs Vape Desechable\" width=\"2560\" height=\"1536\" srcset=\"https:\/\/www.vape4wholesale.com\/wp-content\/uploads\/2025\/07\/Fumot-Leopard-40K-40000-Puffs-Disposable-Vape-scaled.webp 2560w, https:\/\/www.vape4wholesale.com\/wp-content\/uploads\/2025\/07\/Fumot-Leopard-40K-40000-Puffs-Disposable-Vape-scaled-510x306.webp 510w, https:\/\/www.vape4wholesale.com\/wp-content\/uploads\/2025\/07\/Fumot-Leopard-40K-40000-Puffs-Disposable-Vape-300x180.webp 300w, https:\/\/www.vape4wholesale.com\/wp-content\/uploads\/2025\/07\/Fumot-Leopard-40K-40000-Puffs-Disposable-Vape-1024x614.webp 1024w, https:\/\/www.vape4wholesale.com\/wp-content\/uploads\/2025\/07\/Fumot-Leopard-40K-40000-Puffs-Disposable-Vape-768x461.webp 768w, https:\/\/www.vape4wholesale.com\/wp-content\/uploads\/2025\/07\/Fumot-Leopard-40K-40000-Puffs-Disposable-Vape-1536x922.webp 1536w, https:\/\/www.vape4wholesale.com\/wp-content\/uploads\/2025\/07\/Fumot-Leopard-40K-40000-Puffs-Disposable-Vape-2048x1229.webp 2048w, https:\/\/www.vape4wholesale.com\/wp-content\/uploads\/2025\/07\/Fumot-Leopard-40K-40000-Puffs-Disposable-Vape-18x12.webp 18w, https:\/\/www.vape4wholesale.com\/wp-content\/uploads\/2025\/07\/Fumot-Leopard-40K-40000-Puffs-Disposable-Vape-64x38.webp 64w\" sizes=\"auto, (max-width: 2560px) 100vw, 2560px\" \/><figcaption id=\"caption-attachment-23232\" class=\"wp-caption-text\">Fumot Leopard 40K 40000 Puffs Vape Desechable<\/figcaption><\/figure>\n<h2>\u00bfPOR QU\u00c9 NOSOTROS?<\/h2>\r\n<ul>\r\n<li>Fuente de vape real, fiable y profesional.<\/li>\r\n<li>100% Garant\u00eda de autenticidad: S\u00f3lo proporcionamos productos originales y genuinos, rechazamos la falsificaci\u00f3n.<\/li>\r\n<li>100% Garant\u00eda de entrega: Utilizamos el mejor m\u00e9todo de env\u00edo para asegurarnos de que recibes el pedido 100%.<\/li>\r\n<li>Le daremos el n\u00famero de seguimiento y la etiqueta de env\u00edo despu\u00e9s del env\u00edo, y realizaremos el seguimiento de la mercanc\u00eda por usted hasta que la firme.<\/li>\r\n<li>Sin problemas aduaneros ni aranceles<\/li>\r\n<\/ul>","protected":false},"excerpt":{"rendered":"<div class=\"wsppc_div_block woocommerce_before_add_to_cart_form\">\r\n<p><strong><span style=\"color: #00a859;\">Clear customs<\/span> before delivery &amp; 100% Delivery Guarantee, Delivery in 19~25 days around.\u00a0<\/strong><\/p>\r\n<\/div>","protected":false},"featured_media":23222,"comment_status":"open","ping_status":"closed","template":"","meta":[],"pwb-brand":[1269],"product_cat":[873],"product_tag":[22,24,592,933,1016],"class_list":{"0":"post-23199","1":"product","2":"type-product","3":"status-publish","4":"has-post-thumbnail","6":"pwb-brand-fumot","7":"product_cat-above-20k-puffs","8":"product_tag-disposable","9":"product_tag-wholesale","10":"product_tag-fumot","11":"product_tag-35-0ml","12":"product_tag-40000-puffs","13":"wcpa_has_options","15":"first","16":"instock","17":"featured","18":"shipping-taxable","19":"purchasable","20":"product-type-variable"},"aioseo_notices":[],"brands":[{"id":1269,"name":"Fumot","slug":"fumot"}],"_links":{"self":[{"href":"https:\/\/www.vape4wholesale.com\/es\/wp-json\/wp\/v2\/product\/23199","targetHints":{"allow":["GET"]}}],"collection":[{"href":"https:\/\/www.vape4wholesale.com\/es\/wp-json\/wp\/v2\/product"}],"about":[{"href":"https:\/\/www.vape4wholesale.com\/es\/wp-json\/wp\/v2\/types\/product"}],"replies":[{"embeddable":true,"href":"https:\/\/www.vape4wholesale.com\/es\/wp-json\/wp\/v2\/comments?post=23199"}],"wp:featuredmedia":[{"embeddable":true,"href":"https:\/\/www.vape4wholesale.com\/es\/wp-json\/wp\/v2\/media\/23222"}],"wp:attachment":[{"href":"https:\/\/www.vape4wholesale.com\/es\/wp-json\/wp\/v2\/media?parent=23199"}],"wp:term":[{"taxonomy":"pwb-brand","embeddable":true,"href":"https:\/\/www.vape4wholesale.com\/es\/wp-json\/wp\/v2\/pwb-brand?post=23199"},{"taxonomy":"product_cat","embeddable":true,"href":"https:\/\/www.vape4wholesale.com\/es\/wp-json\/wp\/v2\/product_cat?post=23199"},{"taxonomy":"product_tag","embeddable":true,"href":"https:\/\/www.vape4wholesale.com\/es\/wp-json\/wp\/v2\/product_tag?post=23199"}],"curies":[{"name":"wp","href":"https:\/\/api.w.org\/{rel}","templated":true}]}}