{"id":23178,"date":"2025-07-06T01:06:56","date_gmt":"2025-07-05T17:06:56","guid":{"rendered":"https:\/\/www.vape4wholesale.com\/?post_type=product&#038;p=23178"},"modified":"2026-03-30T11:11:13","modified_gmt":"2026-03-30T03:11:13","slug":"bang-blaze-60000-4en1-60k-puffs-vape-desechable-al-por-mayor","status":"publish","type":"product","link":"https:\/\/www.vape4wholesale.com\/es\/producto\/bang-blaze-60000-4en1-60k-puffs-vape-desechable-al-por-mayor","title":{"rendered":"Bang Blaze 60000 4en1 60K Puffs Vape Desechable al por mayor"},"content":{"rendered":"<p class=\"ds-markdown-paragraph\">En <a title=\"Bang\" href=\"https:\/\/www.vape4wholesale.com\/es\/marca_producto\/bang\/\" target=\"_blank\" rel=\"noopener\">Bang<\/a> Blaze 60000 4en1 es el primer dispositivo de vapeo 4 en 1 innovador del mundo, con cuatro vainas incorporadas con diferentes sabores. Con un simple movimiento de la boquilla, puedes cambiar sin esfuerzo entre cuatro sabores distintos, todo en un solo dispositivo.<\/p>\n<p class=\"ds-markdown-paragraph\">A diferencia de los vapeadores cil\u00edndricos tradicionales, el Bang Blaze 60000 cuenta con un dise\u00f1o angular para un mejor agarre y comodidad ergon\u00f3mica. Viene equipado con cuatro vainas de 14mL, con un total de 56mL de e-l\u00edquido, asegurando largas sesiones de vapeo sin cambios frecuentes.<\/p>\n<p class=\"ds-markdown-paragraph\">Alimentado por una bater\u00eda recargable de 650 mAh con carga r\u00e1pida USB-C, este dispositivo sigue tu ritmo. La pantalla LCD integrada monitoriza en tiempo real la duraci\u00f3n de la bater\u00eda y los niveles de e-l\u00edquido, para que siempre tengas el control.<\/p>\n<h2><strong>Bang Blaze 60000 4in1 Vape Detalles r\u00e1pidos<\/strong><\/h2>\n<ul>\n<li class=\"ds-markdown-paragraph\"><strong>Puffs:<\/strong>\u00a060,000+<\/li>\n<li class=\"ds-markdown-paragraph\"><strong>Capacidad de e-l\u00edquido:<\/strong>\u00a056 ml (4 c\u00e1psulas precargadas de 14 ml)<\/li>\n<li class=\"ds-markdown-paragraph\"><strong>Bater\u00eda:<\/strong>\u00a0650 mAh (recargable, carga r\u00e1pida Tipo-C)<\/li>\n<li class=\"ds-markdown-paragraph\"><strong>Resistencia de la bobina:<\/strong>\u00a0Bobina de malla 1.0\u03a9<\/li>\n<li class=\"ds-markdown-paragraph\"><strong>Puerto de carga:<\/strong> USB Tipo-C<\/li>\n<li><strong>Potencia de nicotina<\/strong>: 0%, 2%, 5%<\/li>\n<\/ul>\n<h2><strong>Sabores disponibles<\/strong><\/h2>\n<p>1.Hielo de sand\u00eda * Menta de ar\u00e1ndanos * Hielo de Fuji * Romance de lima<br \/>\n2.Sand\u00eda Helada * Ar\u00e1ndano Cereza * Summer Time * Mango Agrio Pi\u00f1a<br \/>\n3.Hielo de Ar\u00e1ndano * Hielo de Melocot\u00f3n * Caramelo Arco Iris * Naranja Agria Lim\u00f3n<br \/>\n4.Blueberry Ice * Melocot\u00f3n Mango Sand\u00eda * Passion Kiss * Mel\u00f3n Manzana<br \/>\n5.Ar\u00e1ndano Frambuesa * Bayas mixtas * Cereza de California * Fruta de la pasi\u00f3n Mango<br \/>\n6.Ar\u00e1ndano Frambuesa * Uva Hielo * Baya Hielo * Aloe Mango Mel\u00f3n<br \/>\n7.Energy Drink * Fresa Pl\u00e1tano * Mango Melocot\u00f3n Albaricoque * Fruta de la Pasi\u00f3n Kiwi Lima<br \/>\n8.Energy DrinkAzul Sand\u00eda * Manzana \u00e1cida Frambuesa * Gumny Bear<br \/>\n9.Mango Fresa * Chicle Sand\u00eda * Mojito Rojo * Love66<br \/>\n10.Fresa Mango * Fresa Kiwi * Manzana Uva * Sand\u00eda Fruta del Drag\u00f3n<br \/>\n11.Sand\u00eda Fresa * Hielo Negro * Mel\u00f3n Trece * Uva Ar\u00e1ndano<br \/>\n12.Sand\u00eda Fresa * Kiwi Fruta de la Pasi\u00f3n Guayaba * Mango Helado * Sand\u00eda Melocot\u00f3n \u00c1cido<\/p>\n<h2><strong>Detalles del embalaje<\/strong><\/h2>\n<ul>\n<li class=\"ds-markdown-paragraph\">Dispositivo \u00fanico Peso: 144 g<\/li>\n<li class=\"ds-markdown-paragraph\">Configuraci\u00f3n: 10 unidades\/caja<\/li>\n<li class=\"ds-markdown-paragraph\">Peso bruto total\/100 unidades: 15,8 kg<\/li>\n<li class=\"ds-markdown-paragraph\">Dimensiones: 45,5 \u00d7 45 \u00d7 16 cm<\/li>\n<\/ul>\n<figure id=\"attachment_23066\" aria-describedby=\"caption-attachment-23066\" style=\"width: 800px\" class=\"wp-caption alignnone\"><img loading=\"lazy\" decoding=\"async\" class=\"size-full wp-image-23066\" title=\"Bang Blaze 4en1 60K Puffs Vape Desechable Wholesael (11)\" src=\"https:\/\/www.vape4wholesale.com\/wp-content\/uploads\/2025\/06\/Bang-Blaze-4in1-60K-Puffs-Disposable-Vape-Wholesael-11.webp\" alt=\"Bang Blaze 4en1 60K Puffs Vape Desechable Wholesael (11)\" width=\"800\" height=\"800\" srcset=\"https:\/\/www.vape4wholesale.com\/wp-content\/uploads\/2025\/06\/Bang-Blaze-4in1-60K-Puffs-Disposable-Vape-Wholesael-11.webp 800w, https:\/\/www.vape4wholesale.com\/wp-content\/uploads\/2025\/06\/Bang-Blaze-4in1-60K-Puffs-Disposable-Vape-Wholesael-11-247x247.webp 247w, https:\/\/www.vape4wholesale.com\/wp-content\/uploads\/2025\/06\/Bang-Blaze-4in1-60K-Puffs-Disposable-Vape-Wholesael-11-100x100.webp 100w, https:\/\/www.vape4wholesale.com\/wp-content\/uploads\/2025\/06\/Bang-Blaze-4in1-60K-Puffs-Disposable-Vape-Wholesael-11-510x510.webp 510w\" sizes=\"auto, (max-width: 800px) 100vw, 800px\" \/><figcaption id=\"caption-attachment-23066\" class=\"wp-caption-text\">Bang Blaze 4en1 60K Puffs Vape Desechable al por mayor<\/figcaption><\/figure>\n<h2>\u00bfPOR QU\u00c9 NOSOTROS?<\/h2>\r\n<ul>\r\n<li>Fuente de vape real, fiable y profesional.<\/li>\r\n<li>100% Garant\u00eda de autenticidad: S\u00f3lo proporcionamos productos originales y genuinos, rechazamos la falsificaci\u00f3n.<\/li>\r\n<li>100% Garant\u00eda de entrega: Utilizamos el mejor m\u00e9todo de env\u00edo para asegurarnos de que recibes el pedido 100%.<\/li>\r\n<li>Le daremos el n\u00famero de seguimiento y la etiqueta de env\u00edo despu\u00e9s del env\u00edo, y realizaremos el seguimiento de la mercanc\u00eda por usted hasta que la firme.<\/li>\r\n<li>Sin problemas aduaneros ni aranceles<\/li>\r\n<\/ul>","protected":false},"excerpt":{"rendered":"<div class=\"wsppc_div_block woocommerce_before_add_to_cart_form\">\r\n<p><strong><span style=\"color: #00a859;\">Clear customs<\/span> before delivery &amp; 100% Delivery Guarantee, Delivery in 19~25 days around.\u00a0<\/strong><\/p>\r\n<\/div>","protected":false},"featured_media":23066,"comment_status":"open","ping_status":"closed","template":"","meta":[],"pwb-brand":[1275],"product_cat":[873],"product_tag":[22,24,249,1114,1203],"class_list":{"0":"post-23178","1":"product","2":"type-product","3":"status-publish","4":"has-post-thumbnail","6":"pwb-brand-bang","7":"product_cat-above-20k-puffs","8":"product_tag-disposable","9":"product_tag-wholesale","10":"product_tag-bang","11":"product_tag-60000-puffs","12":"product_tag-56-0ml","13":"wcpa_has_options","15":"first","16":"instock","17":"featured","18":"shipping-taxable","19":"purchasable","20":"product-type-variable"},"aioseo_notices":[],"brands":[{"id":1275,"name":"Bang","slug":"bang"}],"_links":{"self":[{"href":"https:\/\/www.vape4wholesale.com\/es\/wp-json\/wp\/v2\/product\/23178","targetHints":{"allow":["GET"]}}],"collection":[{"href":"https:\/\/www.vape4wholesale.com\/es\/wp-json\/wp\/v2\/product"}],"about":[{"href":"https:\/\/www.vape4wholesale.com\/es\/wp-json\/wp\/v2\/types\/product"}],"replies":[{"embeddable":true,"href":"https:\/\/www.vape4wholesale.com\/es\/wp-json\/wp\/v2\/comments?post=23178"}],"wp:featuredmedia":[{"embeddable":true,"href":"https:\/\/www.vape4wholesale.com\/es\/wp-json\/wp\/v2\/media\/23066"}],"wp:attachment":[{"href":"https:\/\/www.vape4wholesale.com\/es\/wp-json\/wp\/v2\/media?parent=23178"}],"wp:term":[{"taxonomy":"pwb-brand","embeddable":true,"href":"https:\/\/www.vape4wholesale.com\/es\/wp-json\/wp\/v2\/pwb-brand?post=23178"},{"taxonomy":"product_cat","embeddable":true,"href":"https:\/\/www.vape4wholesale.com\/es\/wp-json\/wp\/v2\/product_cat?post=23178"},{"taxonomy":"product_tag","embeddable":true,"href":"https:\/\/www.vape4wholesale.com\/es\/wp-json\/wp\/v2\/product_tag?post=23178"}],"curies":[{"name":"wp","href":"https:\/\/api.w.org\/{rel}","templated":true}]}}