{"id":23021,"date":"2025-06-26T23:11:15","date_gmt":"2025-06-26T15:11:15","guid":{"rendered":"https:\/\/www.vape4wholesale.com\/?post_type=product&#038;p=23021"},"modified":"2026-03-30T11:11:35","modified_gmt":"2026-03-30T03:11:35","slug":"bang-box-3en1-80k-bocanadas-vape-desechable-al-por-mayor","status":"publish","type":"product","link":"https:\/\/www.vape4wholesale.com\/es\/product\/bang-box-3in1-80k-puffs-disposable-vape-wholesale","title":{"rendered":"Bang Box 3en1 80K Puffs Vape Desechable al por mayor"},"content":{"rendered":"<p><a href=\"https:\/\/www.vape4wholesale.com\/es\/marca_producto\/bang\/\" target=\"_blank\" rel=\"noopener\">Bang<\/a> Box 3in1 80K Vape Desechable revoluciona la experiencia de vapear con su innovador sistema de c\u00e1psulas 3 en 1. Con vainas triples incorporadas y una boquilla giratoria, permite el cambio instant\u00e1neo entre sabores sin necesidad de m\u00faltiples dispositivos. Con una impresionante autonom\u00eda de 80.000 caladas, una capacidad de 60 ml de e-l\u00edquido de larga duraci\u00f3n y una bater\u00eda recargable Type-C de 850 mAh, este dispositivo est\u00e1 dise\u00f1ado para un uso prolongado y sin complicaciones. La pantalla inteligente te mantiene informado con actualizaciones en tiempo real sobre los niveles de e-l\u00edquido y la duraci\u00f3n de la bater\u00eda, para que nunca te pille desprevenido.<\/p>\n<p>Disfruta de una experiencia a tu medida con 2 opciones de potencia de nicotina (20mg o 50mg) y 12 maravillosos sabores, desde afrutados a mezclas heladas. El dise\u00f1o compacto, a prueba de fugas ofrece caladas suaves y sabrosas sin botones ni ajustes complicados, s\u00f3lo pura comodidad. Tanto si te gustan los sabores como si eres un vapeador empedernido, el Bang Box 3en1 se adapta a tus preferencias sin esfuerzo.<\/p>\n<h2 class=\"ds-markdown-paragraph\">Bang Box 3en1 80K Vape Desechable Quick Details<\/h2>\n<ul>\n<li class=\"ds-markdown-paragraph\">Puffs: Hasta 80.000<\/li>\n<li class=\"ds-markdown-paragraph\">Capacidad de E-l\u00edquido: 60mL (Pre-llenado)<\/li>\n<li class=\"ds-markdown-paragraph\">Bater\u00eda: 850 mAh recargable (Tipo-C)<\/li>\n<li class=\"ds-markdown-paragraph\">Potencias de nicotina: 20mg (2%) \/ 50mg (5%)<\/li>\n<li class=\"ds-markdown-paragraph\">Sabores: 12 opciones \u00fanicas<\/li>\n<li class=\"ds-markdown-paragraph\">Pantalla: Pantalla inteligente (nivel de e-l\u00edquido y bater\u00eda)<\/li>\n<li class=\"ds-markdown-paragraph\">Caracter\u00edstica clave: Triple sabor 3 en 1<\/li>\n<li class=\"ds-markdown-paragraph\">Dise\u00f1o: Compacto, a prueba de fugas, sin botones<\/li>\n<li class=\"ds-markdown-paragraph\">Ideal para: Variedad de sabores y vapeo de larga duraci\u00f3n<\/li>\n<\/ul>\n<h2>Sabores disponibles<\/h2>\n<p>1) Fresa Pl\u00e1tano \/Sand\u00eda Frambuesa \/Amor 666<br \/>\n2) Fruta tropical \/Fresa Sand\u00eda \/Lim\u00f3n Melocot\u00f3n<br \/>\n3) Fresa Vainilla Cola \/Manzana \u00e1cida Frambuesa \/Lim\u00f3n lima<br \/>\n4) Doble Uva \/Fresa Mango \/ Ar\u00e1ndano Frambuesa agria hielo<br \/>\n5) Helado de sand\u00eda\/helado de fresa\/mel\u00f3n triple<br \/>\n6) Refresco de lim\u00f3n cola \/Chicle de sand\u00eda \/Hielo de drag\u00f3n negro<br \/>\n7) Triple Berry Ice \/Mango Melocot\u00f3n \/Fresa Kiwi<br \/>\n8) Fresa Helada \/Fresa Sand\u00eda \/Pi\u00f1a Mango Melocot\u00f3n<br \/>\n9) Pi\u00f1a Coco \/Fresa Frambuesa Caramelo \/Azul Razz Hielo<br \/>\n10) Lim\u00f3n Lima \/Mango Melocot\u00f3n Sand\u00eda \/ Ar\u00e1ndanos Hielo<br \/>\n11) Sand\u00eda Helada \/Red Bull \/Fresa Kiwi<br \/>\n12) Fresa Kiwi \/Mango Agrio Pi\u00f1a \/Fresa Red Bull<\/p>\n<figure id=\"attachment_23023\" aria-describedby=\"caption-attachment-23023\" style=\"width: 800px\" class=\"wp-caption alignnone\"><img loading=\"lazy\" decoding=\"async\" class=\"size-full wp-image-23023\" title=\"Bang Box 3en1 80K Puffs Vape Desechable al por mayor\" src=\"https:\/\/www.vape4wholesale.com\/wp-content\/uploads\/2025\/06\/Bang-Box-3in1-80K-Puffs-Disposable-Vape-Wholesale-1.webp\" alt=\"Bang Box 3en1 80K Puffs Vape Desechable al por mayor\" width=\"800\" height=\"1422\" srcset=\"https:\/\/www.vape4wholesale.com\/wp-content\/uploads\/2025\/06\/Bang-Box-3in1-80K-Puffs-Disposable-Vape-Wholesale-1.webp 800w, https:\/\/www.vape4wholesale.com\/wp-content\/uploads\/2025\/06\/Bang-Box-3in1-80K-Puffs-Disposable-Vape-Wholesale-1-510x907.webp 510w, https:\/\/www.vape4wholesale.com\/wp-content\/uploads\/2025\/06\/Bang-Box-3in1-80K-Puffs-Disposable-Vape-Wholesale-1-169x300.webp 169w, https:\/\/www.vape4wholesale.com\/wp-content\/uploads\/2025\/06\/Bang-Box-3in1-80K-Puffs-Disposable-Vape-Wholesale-1-576x1024.webp 576w, https:\/\/www.vape4wholesale.com\/wp-content\/uploads\/2025\/06\/Bang-Box-3in1-80K-Puffs-Disposable-Vape-Wholesale-1-768x1365.webp 768w, https:\/\/www.vape4wholesale.com\/wp-content\/uploads\/2025\/06\/Bang-Box-3in1-80K-Puffs-Disposable-Vape-Wholesale-1-7x12.webp 7w, https:\/\/www.vape4wholesale.com\/wp-content\/uploads\/2025\/06\/Bang-Box-3in1-80K-Puffs-Disposable-Vape-Wholesale-1-64x114.webp 64w\" sizes=\"auto, (max-width: 800px) 100vw, 800px\" \/><figcaption id=\"caption-attachment-23023\" class=\"wp-caption-text\">Bang Box 3en1 80K Puffs Vape Desechable al por mayor<\/figcaption><\/figure>\n<h2>\u00bfPOR QU\u00c9 NOSOTROS?<\/h2>\r\n<ul>\r\n<li>Fuente de vape real, fiable y profesional.<\/li>\r\n<li>100% Garant\u00eda de autenticidad: S\u00f3lo proporcionamos productos originales y genuinos, rechazamos la falsificaci\u00f3n.<\/li>\r\n<li>100% Garant\u00eda de entrega: Utilizamos el mejor m\u00e9todo de env\u00edo para asegurarnos de que recibes el pedido 100%.<\/li>\r\n<li>Le daremos el n\u00famero de seguimiento y la etiqueta de env\u00edo despu\u00e9s del env\u00edo, y realizaremos el seguimiento de la mercanc\u00eda por usted hasta que la firme.<\/li>\r\n<li>Sin problemas aduaneros ni aranceles<\/li>\r\n<\/ul>","protected":false},"excerpt":{"rendered":"<div class=\"wsppc_div_block woocommerce_before_add_to_cart_form\">\r\n<p><strong><span style=\"color: #00a859;\">Pasar por la aduana<\/span> antes de la entrega y 100% Garant\u00eda de entrega, Entrega en 19~25 d\u00edas aproximadamente.\u00a0<\/strong><\/p>\r\n<\/div>","protected":false},"featured_media":22971,"comment_status":"open","ping_status":"closed","template":"","meta":[],"pwb-brand":[1275],"product_cat":[873],"product_tag":[249,1182,1197,22,24],"class_list":{"0":"post-23021","1":"product","2":"type-product","3":"status-publish","4":"has-post-thumbnail","6":"pwb-brand-bang","7":"product_cat-above-20k-puffs","8":"product_tag-bang","9":"product_tag-60-0ml","10":"product_tag-80000-puffs","11":"product_tag-disposable","12":"product_tag-wholesale","13":"wcpa_has_options","15":"first","16":"instock","17":"featured","18":"shipping-taxable","19":"purchasable","20":"product-type-variable"},"aioseo_notices":[],"brands":[{"id":1275,"name":"Bang","slug":"bang"}],"_links":{"self":[{"href":"https:\/\/www.vape4wholesale.com\/es\/wp-json\/wp\/v2\/product\/23021","targetHints":{"allow":["GET"]}}],"collection":[{"href":"https:\/\/www.vape4wholesale.com\/es\/wp-json\/wp\/v2\/product"}],"about":[{"href":"https:\/\/www.vape4wholesale.com\/es\/wp-json\/wp\/v2\/types\/product"}],"replies":[{"embeddable":true,"href":"https:\/\/www.vape4wholesale.com\/es\/wp-json\/wp\/v2\/comments?post=23021"}],"wp:featuredmedia":[{"embeddable":true,"href":"https:\/\/www.vape4wholesale.com\/es\/wp-json\/wp\/v2\/media\/22971"}],"wp:attachment":[{"href":"https:\/\/www.vape4wholesale.com\/es\/wp-json\/wp\/v2\/media?parent=23021"}],"wp:term":[{"taxonomy":"pwb-brand","embeddable":true,"href":"https:\/\/www.vape4wholesale.com\/es\/wp-json\/wp\/v2\/pwb-brand?post=23021"},{"taxonomy":"product_cat","embeddable":true,"href":"https:\/\/www.vape4wholesale.com\/es\/wp-json\/wp\/v2\/product_cat?post=23021"},{"taxonomy":"product_tag","embeddable":true,"href":"https:\/\/www.vape4wholesale.com\/es\/wp-json\/wp\/v2\/product_tag?post=23021"}],"curies":[{"name":"wp","href":"https:\/\/api.w.org\/{rel}","templated":true}]}}