{"id":23004,"date":"2025-06-26T19:48:47","date_gmt":"2025-06-26T11:48:47","guid":{"rendered":"https:\/\/www.vape4wholesale.com\/?post_type=product&#038;p=23004"},"modified":"2026-01-27T15:53:30","modified_gmt":"2026-01-27T15:53:30","slug":"lavie-twins-max-70000-puffs-vape-desechable-al-por-mayor","status":"publish","type":"product","link":"https:\/\/www.vape4wholesale.com\/es\/product\/lavie-twins-max-70000-puffs-disposable-vape-wholesale","title":{"rendered":"Lavie Twins Max 70000 Puffs Vape Desechable al por mayor"},"content":{"rendered":"<p class=\"ds-markdown-paragraph\">el <a title=\"Lavie\" href=\"https:\/\/www.vape4wholesale.com\/es\/marca_producto\/lavie\/\" target=\"_blank\" rel=\"noopener\"><strong>Lavie<\/strong><\/a> Vapeador desechable Twins Max 70000 Puffs dise\u00f1ado para vapeadores que exigen variedad y resistencia, este vanguardista dispositivo ofrece la impresionante cifra de 70.000 caladas gracias a su enorme capacidad de e-l\u00edquido de 60mL (2x30mL). La bater\u00eda recargable Type-C de 850 mAh garantiza un uso prolongado, mientras que su dise\u00f1o ligero de 122 g lo hace perfecto para vapear sobre la marcha. Elige entre las concentraciones de nicotina 2% o 5% seg\u00fan tus preferencias y disfruta de una calada suave y satisfactoria en todo momento.<\/p>\n<p class=\"ds-markdown-paragraph\">Lo que lo distingue es su revolucionario sistema de doble sabor. Simplemente empuje la boquilla hacia adelante y hacia atr\u00e1s para cambiar instant\u00e1neamente entre dos sabores diferentes, sin necesidad de llevar varios dispositivos. Con 12 excitantes opciones de sabor disponibles, puedes explorar infinitas combinaciones de sabores, desde dulces frutas a refrescantes mentolados. Tanto si te gusta el sabor como si eres un vapeador empedernido, este dise\u00f1o 2 en 1 te ofrece una versatilidad y un disfrute inigualables. la pantalla inteligente puede controlar en tiempo real los niveles de bater\u00eda y de e-l\u00edquido.<\/p>\n<p class=\"ds-markdown-paragraph\">Ideal para viajeros y vapeadores diarios, combina un rendimiento duradero con una funcionalidad innovadora. Su construcci\u00f3n a prueba de fugas y su f\u00e1cil manejo lo convierten en una opci\u00f3n fiable tanto para principiantes como para usuarios experimentados. Si usted est\u00e1 buscando un vapeador desechable que realmente va la distancia mientras que la entrega de doble sabor emoci\u00f3n, el Lavie Twins Max es su pareja perfecta.<\/p>\n<h2>Lavie Twins Max 70000 Puffs Vape Desechable Quick Details<\/h2>\n<table style=\"border-collapse: collapse;width: 587.27pt\" border=\"0\" width=\"783\" cellspacing=\"0\" cellpadding=\"0\">\n<tbody>\n<tr style=\"height: 25.00pt\">\n<td class=\"et2\" style=\"height: 25.00pt;width: 141.75pt\" width=\"189\" height=\"33\"><strong>Caracter\u00edstica<\/strong><\/td>\n<td class=\"et3\" style=\"width: 445.50pt\" width=\"594\"><strong>Especificaci\u00f3n<\/strong><\/td>\n<\/tr>\n<tr style=\"height: 25.00pt\">\n<td class=\"et4\" style=\"height: 25.00pt;width: 141.75pt\" width=\"189\" height=\"33\">Puffs<\/td>\n<td class=\"et5\" style=\"width: 445.50pt\" width=\"594\">Hasta 70.000<\/td>\n<\/tr>\n<tr style=\"height: 25.00pt\">\n<td class=\"et4\" style=\"height: 25.00pt;width: 141.75pt\" width=\"189\" height=\"33\">Capacidad de e-l\u00edquido<\/td>\n<td class=\"et5\" style=\"width: 445.50pt\" width=\"594\">60 ml (2 dep\u00f3sitos dobles de 30 ml)<\/td>\n<\/tr>\n<tr style=\"height: 25.00pt\">\n<td class=\"et4\" style=\"height: 25.00pt;width: 141.75pt\" width=\"189\" height=\"33\">Bater\u00eda<\/td>\n<td class=\"et5\" style=\"width: 445.50pt\" width=\"594\">850mAh (Recargable)<\/td>\n<\/tr>\n<tr style=\"height: 25.00pt\">\n<td class=\"et4\" style=\"height: 25.00pt;width: 141.75pt\" width=\"189\" height=\"33\">Puerto de carga<\/td>\n<td class=\"et5\" style=\"width: 445.50pt\" width=\"594\">Tipo-C<\/td>\n<\/tr>\n<tr style=\"height: 25.00pt\">\n<td class=\"et4\" style=\"height: 25.00pt;width: 141.75pt\" width=\"189\" height=\"33\">Potencia de nicotina<\/td>\n<td class=\"et5\" style=\"width: 445.50pt\" width=\"594\">2% \/ 5%<\/td>\n<\/tr>\n<tr style=\"height: 25.00pt\">\n<td class=\"et4\" style=\"height: 25.00pt;width: 141.75pt\" width=\"189\" height=\"33\">Peso<\/td>\n<td class=\"et5\" style=\"width: 445.50pt\" width=\"594\">122g<\/td>\n<\/tr>\n<tr style=\"height: 25.00pt\">\n<td class=\"et4\" style=\"height: 25.00pt;width: 141.75pt\" width=\"189\" height=\"33\">Opciones de sabor<\/td>\n<td class=\"et5\" style=\"width: 445.50pt\" width=\"594\">12 sabores duales \u00fanicos<\/td>\n<\/tr>\n<tr style=\"height: 25.00pt\">\n<td class=\"et4\" style=\"height: 25.00pt;width: 141.75pt\" width=\"189\" height=\"33\">Innovaci\u00f3n clave<\/td>\n<td class=\"et5\" style=\"width: 445.50pt\" width=\"594\">Boquilla Push-Switch para cambiar de sabor al instante<\/td>\n<\/tr>\n<tr style=\"height: 25.00pt\">\n<td class=\"et6\" style=\"height: 25.00pt\" height=\"33\">Pantalla inteligente<\/td>\n<td>Controla en tiempo real los niveles de bater\u00eda y e-l\u00edquido para vapear sin problemas<\/td>\n<\/tr>\n<\/tbody>\n<\/table>\n<h2>Sabores disponibles<\/h2>\n<p>Mezcla de bayas y cereza efervescente<br \/>\nRed Bull lce &amp; Mango Fresa<br \/>\nLeche de sand\u00eda y lima lim\u00f3n<br \/>\nUva morada y manzana doble<br \/>\nRed Bull Strawberny &amp; Blackcurrant lce<br \/>\nFresa Pl\u00e1tano y Pi\u00f1a Cocount lce<br \/>\nSand\u00eda, fresa, chicle y frutas variadas<br \/>\nFizzy Cherry lce &amp; Blueberry Cotton Candy<br \/>\nTriple Mel\u00f3n lce &amp; Sand\u00eda Rasperry<br \/>\nHielo de ar\u00e1ndano y Hielo de drag\u00f3n negro<br \/>\nLimonada Blue Razz y Chicle de Sand\u00eda<br \/>\nFresa Sand\u00eda y Ar\u00e1ndano Frambuesa<\/p>\n<h2>Detalles del embalaje<\/h2>\n<ul>\n<li>1\/ Caja individual<\/li>\n<li>10\/ Caja expositora<\/li>\n<li>200\/ Caja<\/li>\n<\/ul>\n<p>&nbsp;<\/p>\n<p>&nbsp;<\/p>\n<figure id=\"attachment_22996\" aria-describedby=\"caption-attachment-22996\" style=\"width: 800px\" class=\"wp-caption alignnone\"><img loading=\"lazy\" decoding=\"async\" class=\"size-full wp-image-22996\" title=\"Lavie Twins Max 70K Puffs Doble Sabor Vape Desechable Red Bull Ice&amp; Fresa Mango\" src=\"https:\/\/www.vape4wholesale.com\/wp-content\/uploads\/2025\/06\/Lavie-Twins-Max-70K-Puffs-Double-Flavors-Disposable-Vape-Red-Bull-Ice-Strawberry-Mango.webp\" alt=\"Lavie Twins Max 70K Puffs Doble Sabor Vape Desechable Red Bull Ice&amp; Fresa Mango\" width=\"800\" height=\"800\" srcset=\"https:\/\/www.vape4wholesale.com\/wp-content\/uploads\/2025\/06\/Lavie-Twins-Max-70K-Puffs-Double-Flavors-Disposable-Vape-Red-Bull-Ice-Strawberry-Mango.webp 800w, https:\/\/www.vape4wholesale.com\/wp-content\/uploads\/2025\/06\/Lavie-Twins-Max-70K-Puffs-Double-Flavors-Disposable-Vape-Red-Bull-Ice-Strawberry-Mango-247x247.webp 247w, https:\/\/www.vape4wholesale.com\/wp-content\/uploads\/2025\/06\/Lavie-Twins-Max-70K-Puffs-Double-Flavors-Disposable-Vape-Red-Bull-Ice-Strawberry-Mango-100x100.webp 100w, https:\/\/www.vape4wholesale.com\/wp-content\/uploads\/2025\/06\/Lavie-Twins-Max-70K-Puffs-Double-Flavors-Disposable-Vape-Red-Bull-Ice-Strawberry-Mango-510x510.webp 510w, https:\/\/www.vape4wholesale.com\/wp-content\/uploads\/2025\/06\/Lavie-Twins-Max-70K-Puffs-Double-Flavors-Disposable-Vape-Red-Bull-Ice-Strawberry-Mango-300x300.webp 300w, https:\/\/www.vape4wholesale.com\/wp-content\/uploads\/2025\/06\/Lavie-Twins-Max-70K-Puffs-Double-Flavors-Disposable-Vape-Red-Bull-Ice-Strawberry-Mango-150x150.webp 150w, https:\/\/www.vape4wholesale.com\/wp-content\/uploads\/2025\/06\/Lavie-Twins-Max-70K-Puffs-Double-Flavors-Disposable-Vape-Red-Bull-Ice-Strawberry-Mango-768x768.webp 768w, https:\/\/www.vape4wholesale.com\/wp-content\/uploads\/2025\/06\/Lavie-Twins-Max-70K-Puffs-Double-Flavors-Disposable-Vape-Red-Bull-Ice-Strawberry-Mango-12x12.webp 12w, https:\/\/www.vape4wholesale.com\/wp-content\/uploads\/2025\/06\/Lavie-Twins-Max-70K-Puffs-Double-Flavors-Disposable-Vape-Red-Bull-Ice-Strawberry-Mango-64x64.webp 64w\" sizes=\"auto, (max-width: 800px) 100vw, 800px\" \/><figcaption id=\"caption-attachment-22996\" class=\"wp-caption-text\">Lavie Twins Max 70K Puffs Doble Sabor Vape Desechable Red Bull Ice&amp; Fresa Mango<\/figcaption><\/figure>\n<figure id=\"attachment_22990\" aria-describedby=\"caption-attachment-22990\" style=\"width: 1100px\" class=\"wp-caption alignnone\"><img loading=\"lazy\" decoding=\"async\" class=\"wp-image-22990 size-full\" title=\"Lavie Twins Max 70K Puffs Doble Sabores Vape Mayorista Desechable\" src=\"https:\/\/www.vape4wholesale.com\/wp-content\/uploads\/2025\/06\/Lavie-Twins-Max-70K-Puffs-Double-Flavors-Disposable-Wholesale-Vape.webp\" alt=\"Lavie Twins Max 70K Puffs Doble Sabores Vape Mayorista Desechable\" width=\"1100\" height=\"619\" srcset=\"https:\/\/www.vape4wholesale.com\/wp-content\/uploads\/2025\/06\/Lavie-Twins-Max-70K-Puffs-Double-Flavors-Disposable-Wholesale-Vape.webp 1100w, https:\/\/www.vape4wholesale.com\/wp-content\/uploads\/2025\/06\/Lavie-Twins-Max-70K-Puffs-Double-Flavors-Disposable-Wholesale-Vape-510x287.webp 510w, https:\/\/www.vape4wholesale.com\/wp-content\/uploads\/2025\/06\/Lavie-Twins-Max-70K-Puffs-Double-Flavors-Disposable-Wholesale-Vape-300x169.webp 300w, https:\/\/www.vape4wholesale.com\/wp-content\/uploads\/2025\/06\/Lavie-Twins-Max-70K-Puffs-Double-Flavors-Disposable-Wholesale-Vape-1024x576.webp 1024w, https:\/\/www.vape4wholesale.com\/wp-content\/uploads\/2025\/06\/Lavie-Twins-Max-70K-Puffs-Double-Flavors-Disposable-Wholesale-Vape-768x432.webp 768w, https:\/\/www.vape4wholesale.com\/wp-content\/uploads\/2025\/06\/Lavie-Twins-Max-70K-Puffs-Double-Flavors-Disposable-Wholesale-Vape-18x10.webp 18w, https:\/\/www.vape4wholesale.com\/wp-content\/uploads\/2025\/06\/Lavie-Twins-Max-70K-Puffs-Double-Flavors-Disposable-Wholesale-Vape-64x36.webp 64w\" sizes=\"auto, (max-width: 1100px) 100vw, 1100px\" \/><figcaption id=\"caption-attachment-22990\" class=\"wp-caption-text\">Lavie Twins Max 70K Puffs Doble Sabores Vape Mayorista Desechable<\/figcaption><\/figure>\n<h2>\u00bfPOR QU\u00c9 NOSOTROS?<\/h2>\r\n<ul>\r\n<li>Fuente de vape real, fiable y profesional.<\/li>\r\n<li>100% Garant\u00eda de autenticidad: S\u00f3lo proporcionamos productos originales y genuinos, rechazamos la falsificaci\u00f3n.<\/li>\r\n<li>100% Garant\u00eda de entrega: Utilizamos el mejor m\u00e9todo de env\u00edo para asegurarnos de que recibes el pedido 100%.<\/li>\r\n<li>Le daremos el n\u00famero de seguimiento y la etiqueta de env\u00edo despu\u00e9s del env\u00edo, y realizaremos el seguimiento de la mercanc\u00eda por usted hasta que la firme.<\/li>\r\n<li>Sin problemas aduaneros ni aranceles<\/li>\r\n<\/ul>","protected":false},"excerpt":{"rendered":"<div class=\"wsppc_div_block woocommerce_before_add_to_cart_form\">\r\n<p><strong><span style=\"color: #00a859;\">Clear customs<\/span> before delivery &amp; 100% Delivery Guarantee, Delivery in 19~25 days around.\u00a0<\/strong><\/p>\r\n<\/div>","protected":false},"featured_media":23001,"comment_status":"open","ping_status":"closed","template":"","meta":[],"pwb-brand":[1277],"product_cat":[873],"product_tag":[1181,1182,22,24,37],"class_list":{"0":"post-23004","1":"product","2":"type-product","3":"status-publish","4":"has-post-thumbnail","6":"pwb-brand-lavie","7":"product_cat-above-20k-puffs","8":"product_tag-70000-puffs","9":"product_tag-60-0ml","10":"product_tag-disposable","11":"product_tag-wholesale","12":"product_tag-lavie","13":"wcpa_has_options","15":"first","16":"instock","17":"featured","18":"shipping-taxable","19":"purchasable","20":"product-type-variable"},"aioseo_notices":[],"brands":[{"id":1277,"name":"Lavie","slug":"lavie"}],"_links":{"self":[{"href":"https:\/\/www.vape4wholesale.com\/es\/wp-json\/wp\/v2\/product\/23004","targetHints":{"allow":["GET"]}}],"collection":[{"href":"https:\/\/www.vape4wholesale.com\/es\/wp-json\/wp\/v2\/product"}],"about":[{"href":"https:\/\/www.vape4wholesale.com\/es\/wp-json\/wp\/v2\/types\/product"}],"replies":[{"embeddable":true,"href":"https:\/\/www.vape4wholesale.com\/es\/wp-json\/wp\/v2\/comments?post=23004"}],"wp:featuredmedia":[{"embeddable":true,"href":"https:\/\/www.vape4wholesale.com\/es\/wp-json\/wp\/v2\/media\/23001"}],"wp:attachment":[{"href":"https:\/\/www.vape4wholesale.com\/es\/wp-json\/wp\/v2\/media?parent=23004"}],"wp:term":[{"taxonomy":"pwb-brand","embeddable":true,"href":"https:\/\/www.vape4wholesale.com\/es\/wp-json\/wp\/v2\/pwb-brand?post=23004"},{"taxonomy":"product_cat","embeddable":true,"href":"https:\/\/www.vape4wholesale.com\/es\/wp-json\/wp\/v2\/product_cat?post=23004"},{"taxonomy":"product_tag","embeddable":true,"href":"https:\/\/www.vape4wholesale.com\/es\/wp-json\/wp\/v2\/product_tag?post=23004"}],"curies":[{"name":"wp","href":"https:\/\/api.w.org\/{rel}","templated":true}]}}