{"id":22467,"date":"2025-05-28T20:21:32","date_gmt":"2025-05-28T12:21:32","guid":{"rendered":"https:\/\/www.vape4wholesale.com\/?post_type=product&#038;p=22467"},"modified":"2026-04-10T17:30:46","modified_gmt":"2026-04-10T09:30:46","slug":"fizzy-max-iii-6in1-60000-puffs-vape-desechable-al-por-mayor","status":"publish","type":"product","link":"https:\/\/www.vape4wholesale.com\/es\/producto\/fizzy-max-iii-6in1-60000-puffs-vape-desechable-al-por-mayor","title":{"rendered":"Fizzy Max III 6en1 60000 Puffs Vape Desechable al por mayor"},"content":{"rendered":"<p class=\"ds-markdown-paragraph\">En\u00a0<strong><a title=\"Fizzy\" href=\"https:\/\/www.vape4wholesale.com\/es\/marca_producto\/efervescente\/\" target=\"_blank\" rel=\"noopener\">Fizzy<\/a> Max III 6en1<\/strong> es un vapeador desechable de \u00faltima generaci\u00f3n con un dise\u00f1o innovador. Viene equipado con tres c\u00e1psulas de e-l\u00edquido precargadas, pero ofrece mucho m\u00e1s que tres sabores distintos. Al mezclar dos de los tres sabores, puede desbloquear una experiencia de sabor \u00fanica y estimulante. Cuando se combinan dos sabores, el flujo de aire aumenta, proporcionando un golpe m\u00e1s intenso y satisfactorio. Esto significa que el dispositivo ofrece seis opciones de sabores diferentes en un solo vapeo.<\/p>\n<p class=\"ds-markdown-paragraph\">Con una capacidad total de e-l\u00edquido de 50mL (3\u00d716,7mL) y una potente bater\u00eda recargable de 850mAh, el Fizzy Max III 6en1 garantiza un rendimiento duradero, eliminando la ansiedad del r\u00e1pido agotamiento. Soporta hasta 60.000 caladas, lo que lo convierte en la opci\u00f3n ideal para un uso prolongado. Adem\u00e1s, el dispositivo cuenta con un control de flujo de aire inferior ajustable y un sistema de modo dual (Normal y Boost Mode), lo que le permite personalizar su experiencia de vapeo para adaptarse a sus preferencias.<\/p>\n<h2><strong>\u00bfC\u00f3mo funciona el sistema 6en1 Fizzy Max III?<\/strong><\/h2>\n<ol start=\"1\">\n<li>\n<p class=\"ds-markdown-paragraph\">Basta con levantar y girar la boquilla para cambiar de sabor.<\/p>\n<\/li>\n<li>\n<p class=\"ds-markdown-paragraph\">El dispositivo alterna sin problemas entre sabores individuales y combinaciones h\u00edbridas en el siguiente orden:<\/p>\n<ul>\n<li>\n<p class=\"ds-markdown-paragraph\">Sabor A \u2192 Mezcla AB<\/p>\n<\/li>\n<li>\n<p class=\"ds-markdown-paragraph\">Sabor B \u2192 Mezcla BC<\/p>\n<\/li>\n<li>\n<p class=\"ds-markdown-paragraph\">Sabor C \u2192 Mix CA<\/p>\n<\/li>\n<\/ul>\n<\/li>\n<\/ol>\n<p class=\"ds-markdown-paragraph\">Este mecanismo intuitivo garantiza transiciones sin esfuerzo entre los seis perfiles de sabor posibles, lo que hace que la experiencia 6 en 1 sea c\u00f3moda y emocionante. si quiere saber m\u00e1s sobre ella, vea el v\u00eddeo <a title=\"\u00bfc\u00f3mo funciona el fizzy max III 6in1?\" href=\"https:\/\/www.youtube.com\/watch?v=CoxB_HvaU3k\" target=\"_blank\" rel=\"noopener\">v\u00eddeo<\/a><\/p>\n<h2><strong>Optimizado para diferentes estilos de vapeo<\/strong><\/h2>\n<p class=\"ds-markdown-paragraph\">El Fizzy Max III satisface de forma inteligente tanto las preferencias de vapeo boca a pulm\u00f3n (MTL) como las de vapeo directo al pulm\u00f3n (DL):<\/p>\n<ul>\n<li>\n<p class=\"ds-markdown-paragraph\">Modo Sabor \u00danico - Perfecto para suaves y sabrosas caladas boca a pulm\u00f3n (MTL), proporcionando una cl\u00e1sica y apretada inhalaci\u00f3n similar a la de los cigarrillos tradicionales. Ideal para saborear la pureza de cada sabor individual.<\/p>\n<\/li>\n<li>\n<p class=\"ds-markdown-paragraph\">Modo de Mezcla de Sabor Dual - Dise\u00f1ado para golpes audaces y aireados de pulm\u00f3n directo (DL), el mayor flujo de aire y los sabores mezclados crean un vapor m\u00e1s intenso y voluminoso, mejorando la experiencia sensorial para los cazadores de nubes.<\/p>\n<\/li>\n<\/ul>\n<p class=\"ds-markdown-paragraph\">Esta versatilidad de doble prop\u00f3sito garantiza que tanto si prefieres una calada restringida y sabrosa como un golpe pulmonar profundo y satisfactorio, el Fizzy Max III se adapta perfectamente a tu estilo.<\/p>\n<div class=\"markdown-table-wrapper\">\n<h2><strong>Fizzy Max III 6en1 Especificaciones r\u00e1pidas<\/strong><\/h2>\n<div class=\"markdown-table-wrapper\">\n<table>\n<thead>\n<tr>\n<th><strong>Caracter\u00edstica<\/strong><\/th>\n<th><strong>Especificaci\u00f3n<\/strong><\/th>\n<\/tr>\n<\/thead>\n<tbody>\n<tr>\n<td><strong>Tipo de dise\u00f1o<\/strong><\/td>\n<td>Vapeador desechable avanzado con tecnolog\u00eda de sabor h\u00edbrido<\/td>\n<\/tr>\n<tr>\n<td><strong>Sistema de sabor<\/strong><\/td>\n<td>6 en 1 (3 sabores individuales + 3 mezclas personalizables)<\/td>\n<\/tr>\n<tr>\n<td><strong>Capacidad de e-l\u00edquido<\/strong><\/td>\n<td>50 ml en total (3\u00d716,7 ml vainas)<\/td>\n<\/tr>\n<tr>\n<td><strong>Bater\u00eda<\/strong><\/td>\n<td>850mAh recargable<\/td>\n<\/tr>\n<tr>\n<td><strong>Recuento de puff<\/strong><\/td>\n<td>Hasta 60.000 caladas<\/td>\n<\/tr>\n<tr>\n<td><strong>Control del flujo de aire<\/strong><\/td>\n<td>Flujo de aire inferior ajustable<\/td>\n<\/tr>\n<tr>\n<td><strong>Modos de funcionamiento<\/strong><\/td>\n<td>\u2013\u00a0<strong>Modo normal<\/strong>: Salida est\u00e1ndar<br \/>\n\u2013\u00a0<strong>Modo Boost<\/strong>: Mayor intensidad de vapor y sabor<\/td>\n<\/tr>\n<tr>\n<td><strong>Estilos de vapeo<\/strong><\/td>\n<td>\u2013\u00a0<strong>Sabor \u00fanico<\/strong>: Tight MTL (boca a pulm\u00f3n)<br \/>\n\u2013\u00a0<strong>Doble sabor<\/strong>: Airy DL (pulm\u00f3n directo)<\/td>\n<\/tr>\n<tr>\n<td><strong>Cambio de sabor<\/strong><\/td>\n<td>Boquilla superior giratoria (A\u2192AB\u2192B\u2192BC\u2192C\u2192CA)<\/td>\n<\/tr>\n<\/tbody>\n<\/table>\n<h2><strong>Sabores Fizzy Max III disponibles<\/strong><\/h2>\n<p>1.Fresa Sand\u00eda &amp; Lim\u00f3n Lima &amp; Ar\u00e1ndano Coco<br \/>\n2.Blueberry Ice &amp; Fizzy Cherry &amp; Raspberry Lemon<br \/>\n3.Sand\u00eda Helada &amp; Fresa Vainilla Coca-Cola &amp; Mixed Berry<br \/>\n4.Fruta del Drag\u00f3n Fresa &amp; Red Bull &amp; Sand\u00eda Frambuesa<br \/>\n5.Fresa Frambuesa y Mango Melocot\u00f3n y Ar\u00e1ndano Sand\u00eda<br \/>\n6.Fresa Uva y Ar\u00e1ndano Coco y Melocot\u00f3n Lim\u00f3n<br \/>\n7.Frambuesa ar\u00e1ndano y triple helado de mel\u00f3n y fresa<br \/>\n8.Mixed Berry &amp; Kiwi Fruta de la Pasi\u00f3n Guayaba &amp; Fresa Sand\u00eda<br \/>\n9.Hielo de fresa, kiwi, ar\u00e1ndanos y sand\u00eda<br \/>\n10.Blue Razz Hielo y Fresa Kiwi y Pi\u00f1a Agria Naranja<br \/>\n11. Love 66 y Red Bull Sand\u00eda y Fresa Frambuesa<br \/>\n12. Helado de fresa, cola con gas y chicle de sand\u00eda<\/p>\n<h2><strong>Detalles del embalaje<\/strong><\/h2>\n<ul>\n<li>Peso del producto:151g\/pc<\/li>\n<li>Tama\u00f1o del producto:42,8*42,2*125 mm<\/li>\n<li>CANT.:120pcs\/ctn,10pcs\/caja<\/li>\n<li>G.W:18kg\/ctn<\/li>\n<\/ul>\n<p>&nbsp;<\/p>\n<figure id=\"attachment_22448\" aria-describedby=\"caption-attachment-22448\" style=\"width: 800px\" class=\"wp-caption alignnone\"><img loading=\"lazy\" decoding=\"async\" class=\"size-full wp-image-22448\" title=\"Fizzy Max III 60000 Puffs 6en1 Vape Desechable al por mayor (5)\" src=\"https:\/\/www.vape4wholesale.com\/wp-content\/uploads\/2025\/05\/Fizzy-Max-III-60000-Puffs-6in1-Disposable-Vape-Wholesale-5.webp\" alt=\"Fizzy Max III 60000 Puffs 6en1 Vape Desechable al por mayor (5)\" width=\"800\" height=\"800\" srcset=\"https:\/\/www.vape4wholesale.com\/wp-content\/uploads\/2025\/05\/Fizzy-Max-III-60000-Puffs-6in1-Disposable-Vape-Wholesale-5.webp 800w, https:\/\/www.vape4wholesale.com\/wp-content\/uploads\/2025\/05\/Fizzy-Max-III-60000-Puffs-6in1-Disposable-Vape-Wholesale-5-247x247.webp 247w, https:\/\/www.vape4wholesale.com\/wp-content\/uploads\/2025\/05\/Fizzy-Max-III-60000-Puffs-6in1-Disposable-Vape-Wholesale-5-100x100.webp 100w, https:\/\/www.vape4wholesale.com\/wp-content\/uploads\/2025\/05\/Fizzy-Max-III-60000-Puffs-6in1-Disposable-Vape-Wholesale-5-510x510.webp 510w, https:\/\/www.vape4wholesale.com\/wp-content\/uploads\/2025\/05\/Fizzy-Max-III-60000-Puffs-6in1-Disposable-Vape-Wholesale-5-300x300.webp 300w, https:\/\/www.vape4wholesale.com\/wp-content\/uploads\/2025\/05\/Fizzy-Max-III-60000-Puffs-6in1-Disposable-Vape-Wholesale-5-150x150.webp 150w, https:\/\/www.vape4wholesale.com\/wp-content\/uploads\/2025\/05\/Fizzy-Max-III-60000-Puffs-6in1-Disposable-Vape-Wholesale-5-768x768.webp 768w, https:\/\/www.vape4wholesale.com\/wp-content\/uploads\/2025\/05\/Fizzy-Max-III-60000-Puffs-6in1-Disposable-Vape-Wholesale-5-12x12.webp 12w, https:\/\/www.vape4wholesale.com\/wp-content\/uploads\/2025\/05\/Fizzy-Max-III-60000-Puffs-6in1-Disposable-Vape-Wholesale-5-64x64.webp 64w\" sizes=\"auto, (max-width: 800px) 100vw, 800px\" \/><figcaption id=\"caption-attachment-22448\" class=\"wp-caption-text\">Fizzy Max III 60000 Puffs 6en1 Vape Desechable al por mayor<\/figcaption><\/figure>\n<h2>\u00bfPOR QU\u00c9 NOSOTROS?<\/h2>\r\n<ul>\r\n<li>Fuente de vape real, fiable y profesional.<\/li>\r\n<li>100% Garant\u00eda de autenticidad: S\u00f3lo proporcionamos productos originales y genuinos, rechazamos la falsificaci\u00f3n.<\/li>\r\n<li>100% Garant\u00eda de entrega: Utilizamos el mejor m\u00e9todo de env\u00edo para asegurarnos de que recibes el pedido 100%.<\/li>\r\n<li>Le daremos el n\u00famero de seguimiento y la etiqueta de env\u00edo despu\u00e9s del env\u00edo, y realizaremos el seguimiento de la mercanc\u00eda por usted hasta que la firme.<\/li>\r\n<li>Sin problemas aduaneros ni aranceles<\/li>\r\n<\/ul>\n<\/div>\n<\/div>","protected":false},"excerpt":{"rendered":"<p><b><span style=\"color: #00a859;\">Free shipping<\/span>\u00a0from Europe warehouse, 7-15 working days delivery time.<\/b><\/p>\r\n<div class=\"wsppc_div_block woocommerce_before_add_to_cart_form\">\r\n<p><strong>Clear customs before delivery &amp; 100% Delivery Guarantee<\/strong><\/p>\r\n<\/div>\n<p><span style=\"color: #ed1c24;\"><strong>This product has been discontinued and replaced by a new version. \u2192<a href=\"https:\/\/www.vape4wholesale.com\/es\/producto\/fizzy-max-iii-pro-6in1-60000-puffs-disposable-vape-wholesale\/\">Please click here to purchase<\/a>.<\/strong><\/span><\/p>","protected":false},"featured_media":22515,"comment_status":"open","ping_status":"closed","template":"","meta":[],"pwb-brand":[1268],"product_cat":[938],"product_tag":[22,24,948,1081,1114],"class_list":{"0":"post-22467","1":"product","2":"type-product","3":"status-publish","4":"has-post-thumbnail","6":"pwb-brand-fizzy","7":"product_cat-europe-warehouse","8":"product_tag-disposable","9":"product_tag-wholesale","10":"product_tag-fizzy","11":"product_tag-50-0ml","12":"product_tag-60000-puffs","13":"product_shipping_class-eu-warehouse","14":"wcpa_has_options","16":"first","17":"outofstock","18":"featured","19":"shipping-taxable","20":"purchasable","21":"product-type-variable"},"aioseo_notices":[],"brands":[{"id":1268,"name":"Fizzy","slug":"efervescente"}],"_links":{"self":[{"href":"https:\/\/www.vape4wholesale.com\/es\/wp-json\/wp\/v2\/product\/22467","targetHints":{"allow":["GET"]}}],"collection":[{"href":"https:\/\/www.vape4wholesale.com\/es\/wp-json\/wp\/v2\/product"}],"about":[{"href":"https:\/\/www.vape4wholesale.com\/es\/wp-json\/wp\/v2\/types\/product"}],"replies":[{"embeddable":true,"href":"https:\/\/www.vape4wholesale.com\/es\/wp-json\/wp\/v2\/comments?post=22467"}],"wp:featuredmedia":[{"embeddable":true,"href":"https:\/\/www.vape4wholesale.com\/es\/wp-json\/wp\/v2\/media\/22515"}],"wp:attachment":[{"href":"https:\/\/www.vape4wholesale.com\/es\/wp-json\/wp\/v2\/media?parent=22467"}],"wp:term":[{"taxonomy":"pwb-brand","embeddable":true,"href":"https:\/\/www.vape4wholesale.com\/es\/wp-json\/wp\/v2\/pwb-brand?post=22467"},{"taxonomy":"product_cat","embeddable":true,"href":"https:\/\/www.vape4wholesale.com\/es\/wp-json\/wp\/v2\/product_cat?post=22467"},{"taxonomy":"product_tag","embeddable":true,"href":"https:\/\/www.vape4wholesale.com\/es\/wp-json\/wp\/v2\/product_tag?post=22467"}],"curies":[{"name":"wp","href":"https:\/\/api.w.org\/{rel}","templated":true}]}}