{"id":22419,"date":"2025-05-28T14:12:30","date_gmt":"2025-05-28T06:12:30","guid":{"rendered":"https:\/\/www.vape4wholesale.com\/?post_type=product&#038;p=22419"},"modified":"2026-01-26T13:39:03","modified_gmt":"2026-01-26T13:39:03","slug":"fizzy-nova-plus-40000-puffs-vape-desechable-al-por-mayor","status":"publish","type":"product","link":"https:\/\/www.vape4wholesale.com\/es\/product\/fizzy-nova-plus-40000-puffs-disposable-vape-wholesale","title":{"rendered":"Fizzy Nova Plus 40000 Puffs Vape Desechable al por mayor"},"content":{"rendered":"<p class=\"ds-markdown-paragraph\"><a title=\"Fizzy\" href=\"https:\/\/www.vape4wholesale.com\/es\/marca_producto\/efervescente\/\" target=\"_blank\" rel=\"noopener\">Fizzy<\/a> Nova Plus 40000 Puffs vape desechable mejorado del <a title=\"Fizzy Nova 20000 Puffs\" href=\"https:\/\/www.vape4wholesale.com\/es\/producto\/fizzy-nova-20000-puffs-vape-desechable-al-por-mayor\/\" target=\"_blank\" rel=\"noopener\">Nova 20K<\/a>combina una capacidad excepcional con la tecnolog\u00eda m\u00e1s avanzada. Con un dep\u00f3sito de e-l\u00edquido precargado de 40 ml y una bater\u00eda recargable de 850 mAh (a trav\u00e9s del puerto Type-C), ofrece la impresionante cifra de 40.000 caladas, perfecta para disfrutar durante mucho tiempo sin tener que sustituirla con frecuencia.<\/p>\n<p class=\"ds-markdown-paragraph\">M\u00e1s all\u00e1 de su resistencia, el Fizzy Nova Plus mejora el control y la versatilidad. El ajuste de modo dual (ECO y BOOST) permite cambiar sin problemas entre una calada de bajo consumo y una salida potente, adapt\u00e1ndose a diferentes estados de \u00e1nimo y necesidades. Adem\u00e1s, el control de flujo de aire ajustable le permite ajustar con precisi\u00f3n su calada, tanto si prefiere un golpe apretado de boca a pulm\u00f3n como una experiencia aireada de pulm\u00f3n directo.<\/p>\n<p class=\"ds-markdown-paragraph\">Por si fuera poco, la comodidad se une a la innovaci\u00f3n con la pantalla LED integrada, que permite controlar en tiempo real los niveles de e-l\u00edquido y el estado de la bater\u00eda. Compacto pero repleto de funciones, el Fizzy Nova Plus est\u00e1 dise\u00f1ado para los vapeadores que se niegan a hacer concesiones, ya que ofrece una longevidad, personalizaci\u00f3n y rendimiento inigualables en un dispositivo elegante.<\/p>\n<h2>Fizzy Nova Plus 40000 Puffs Vape Desechable Quick Details<\/h2>\n<ul>\n<li>Puffs:40000 Puffs<\/li>\n<li>Bobina de malla<\/li>\n<li>Modo Ajustable: ECO Y BOOST<\/li>\n<li>Control del caudal de aire<\/li>\n<li>Eliquid: 40 ml<\/li>\n<li>Bater\u00eda: 850 mAh<\/li>\n<li>Nicotina:2%\/ 5%<\/li>\n<li>Recargable:Tipo-C<\/li>\n<li>Pantalla LED Nivel de bater\u00eda y el\u00edquido<\/li>\n<\/ul>\n<h2>Sabores disponibles<\/h2>\n<p>1. Hielo de fresa<br \/>\n2. Coco con ar\u00e1ndanos<br \/>\n3. Fresa Kiwi<br \/>\n4. Hielo de ar\u00e1ndanos<br \/>\n5. Hielo de sand\u00eda<br \/>\n6. Melocot\u00f3n Mango Sand\u00eda<br \/>\n7. Kiwi Fruta de la pasi\u00f3n Guayaba<br \/>\n8. Frambuesa Lim\u00f3n<br \/>\n9. Baya triple<br \/>\n10. Hielo de melocot\u00f3n<br \/>\n11. Uva Lima<br \/>\n12. Limonada Blue Razz<\/p>\n<h2>Detalles del embalaje<\/h2>\n<p>Peso del producto:120g\/pc<br \/>\nTama\u00f1o del producto:52,5*24,5*104,3 mm<br \/>\nCANT.:180pcs\/ ctn,10pcs\/caja<br \/>\nG.W:22kg\/ctn<\/p>\n<figure id=\"attachment_22408\" aria-describedby=\"caption-attachment-22408\" style=\"width: 800px\" class=\"wp-caption alignnone\"><img loading=\"lazy\" decoding=\"async\" class=\"size-full wp-image-22408\" title=\"Fizzy Nova Plus 40000 Puffs Vape Desechable al por mayor (1)\" src=\"https:\/\/www.vape4wholesale.com\/wp-content\/uploads\/2025\/05\/Fizzy-Nova-Plus-40000-Puffs-Disposable-Vape-Wholesale-1.jpg\" alt=\"Fizzy Nova Plus 40000 Puffs Vape Desechable al por mayor (1)\" width=\"800\" height=\"800\" srcset=\"https:\/\/www.vape4wholesale.com\/wp-content\/uploads\/2025\/05\/Fizzy-Nova-Plus-40000-Puffs-Disposable-Vape-Wholesale-1.jpg 800w, https:\/\/www.vape4wholesale.com\/wp-content\/uploads\/2025\/05\/Fizzy-Nova-Plus-40000-Puffs-Disposable-Vape-Wholesale-1-247x247.jpg 247w, https:\/\/www.vape4wholesale.com\/wp-content\/uploads\/2025\/05\/Fizzy-Nova-Plus-40000-Puffs-Disposable-Vape-Wholesale-1-100x100.jpg 100w, https:\/\/www.vape4wholesale.com\/wp-content\/uploads\/2025\/05\/Fizzy-Nova-Plus-40000-Puffs-Disposable-Vape-Wholesale-1-510x510.jpg 510w, https:\/\/www.vape4wholesale.com\/wp-content\/uploads\/2025\/05\/Fizzy-Nova-Plus-40000-Puffs-Disposable-Vape-Wholesale-1-300x300.jpg 300w, https:\/\/www.vape4wholesale.com\/wp-content\/uploads\/2025\/05\/Fizzy-Nova-Plus-40000-Puffs-Disposable-Vape-Wholesale-1-150x150.jpg 150w, https:\/\/www.vape4wholesale.com\/wp-content\/uploads\/2025\/05\/Fizzy-Nova-Plus-40000-Puffs-Disposable-Vape-Wholesale-1-768x768.jpg 768w, https:\/\/www.vape4wholesale.com\/wp-content\/uploads\/2025\/05\/Fizzy-Nova-Plus-40000-Puffs-Disposable-Vape-Wholesale-1-12x12.jpg 12w, https:\/\/www.vape4wholesale.com\/wp-content\/uploads\/2025\/05\/Fizzy-Nova-Plus-40000-Puffs-Disposable-Vape-Wholesale-1-64x64.jpg 64w\" sizes=\"auto, (max-width: 800px) 100vw, 800px\" \/><figcaption id=\"caption-attachment-22408\" class=\"wp-caption-text\">Fizzy Nova Plus 40000 Puffs Vape Desechable al por mayor<\/figcaption><\/figure>\n<h2>\u00bfPOR QU\u00c9 NOSOTROS?<\/h2>\r\n<ul>\r\n<li>Fuente de vape real, fiable y profesional.<\/li>\r\n<li>100% Garant\u00eda de autenticidad: S\u00f3lo proporcionamos productos originales y genuinos, rechazamos la falsificaci\u00f3n.<\/li>\r\n<li>100% Garant\u00eda de entrega: Utilizamos el mejor m\u00e9todo de env\u00edo para asegurarnos de que recibes el pedido 100%.<\/li>\r\n<li>Le daremos el n\u00famero de seguimiento y la etiqueta de env\u00edo despu\u00e9s del env\u00edo, y realizaremos el seguimiento de la mercanc\u00eda por usted hasta que la firme.<\/li>\r\n<li>Sin problemas aduaneros ni aranceles<\/li>\r\n<\/ul>","protected":false},"excerpt":{"rendered":"<p><b><span style=\"color: #00a859;\">Free shipping<\/span>\u00a0from Europe warehouse, 7-15 working days delivery time.<\/b><\/p>\r\n<div class=\"wsppc_div_block woocommerce_before_add_to_cart_form\">\r\n<p><strong>Clear customs before delivery &amp; 100% Delivery Guarantee<\/strong><\/p>\r\n<\/div>","protected":false},"featured_media":22465,"comment_status":"open","ping_status":"closed","template":"","meta":[],"pwb-brand":[1268],"product_cat":[938],"product_tag":[948,1016,1026,22,24],"class_list":{"0":"post-22419","1":"product","2":"type-product","3":"status-publish","4":"has-post-thumbnail","6":"pwb-brand-fizzy","7":"product_cat-europe-warehouse","8":"product_tag-fizzy","9":"product_tag-40000-puffs","10":"product_tag-40-0ml","11":"product_tag-disposable","12":"product_tag-wholesale","13":"product_shipping_class-eu-warehouse","14":"wcpa_has_options","16":"first","17":"instock","18":"featured","19":"shipping-taxable","20":"purchasable","21":"product-type-variable"},"aioseo_notices":[],"brands":[{"id":1268,"name":"Fizzy","slug":"efervescente"}],"_links":{"self":[{"href":"https:\/\/www.vape4wholesale.com\/es\/wp-json\/wp\/v2\/product\/22419","targetHints":{"allow":["GET"]}}],"collection":[{"href":"https:\/\/www.vape4wholesale.com\/es\/wp-json\/wp\/v2\/product"}],"about":[{"href":"https:\/\/www.vape4wholesale.com\/es\/wp-json\/wp\/v2\/types\/product"}],"replies":[{"embeddable":true,"href":"https:\/\/www.vape4wholesale.com\/es\/wp-json\/wp\/v2\/comments?post=22419"}],"wp:featuredmedia":[{"embeddable":true,"href":"https:\/\/www.vape4wholesale.com\/es\/wp-json\/wp\/v2\/media\/22465"}],"wp:attachment":[{"href":"https:\/\/www.vape4wholesale.com\/es\/wp-json\/wp\/v2\/media?parent=22419"}],"wp:term":[{"taxonomy":"pwb-brand","embeddable":true,"href":"https:\/\/www.vape4wholesale.com\/es\/wp-json\/wp\/v2\/pwb-brand?post=22419"},{"taxonomy":"product_cat","embeddable":true,"href":"https:\/\/www.vape4wholesale.com\/es\/wp-json\/wp\/v2\/product_cat?post=22419"},{"taxonomy":"product_tag","embeddable":true,"href":"https:\/\/www.vape4wholesale.com\/es\/wp-json\/wp\/v2\/product_tag?post=22419"}],"curies":[{"name":"wp","href":"https:\/\/api.w.org\/{rel}","templated":true}]}}