{"id":22135,"date":"2025-05-15T16:49:29","date_gmt":"2025-05-15T08:49:29","guid":{"rendered":"https:\/\/www.vape4wholesale.com\/?post_type=product&#038;p=22135"},"modified":"2026-01-26T13:39:05","modified_gmt":"2026-01-26T13:39:05","slug":"happ-bar-twin-pod-35000-vape-desechable","status":"publish","type":"product","link":"https:\/\/www.vape4wholesale.com\/es\/producto\/happ-bar-twin-pod-35000-vape-desechable","title":{"rendered":"Happ Bar Twin Pod 35000 Vape desechable"},"content":{"rendered":"<p class=\"ds-markdown-paragraph\">En <a title=\"Bar Happ\" href=\"https:\/\/www.vape4wholesale.com\/es\/marca_producto\/bar-feliz\/\"><strong>Bar Happ<\/strong> <\/a>Twin Pod 35000 Disposable Vape es lo \u00faltimo en dispositivos de doble sabor. Con una impresionante autonom\u00eda de 35.000 caladas, este dispositivo mejorado cuenta con dos tanques de 18mL y una boquilla giratoria para cambiar de sabor sin esfuerzo. Alimentado por una bater\u00eda recargable Tipo-C de 650mAh y dos bobinas de malla (1.0ohm), proporciona un vapor suave y rico y un rendimiento duradero.<\/p>\n<p class=\"ds-markdown-paragraph\">Viene con una potencia de nicotina de 2% y 5% para elegir y un elegante dise\u00f1o degradado con pantalla LED para una experiencia de vapeo con estilo. El sistema de doble tanque elimina la necesidad de m\u00faltiples dispositivos, mientras que la mayor capacidad de e-l\u00edquido garantiza un uso prolongado. Perfecto para los vapeadores que buscan variedad y comodidad sin renunciar al sabor ni a la calidad del vapor.<\/p>\n<p class=\"ds-markdown-paragraph\">Dise\u00f1ado para la portabilidad y el rendimiento, combina la innovaci\u00f3n con la practicidad. Su llamativo dise\u00f1o, la larga duraci\u00f3n de la bater\u00eda y la tecnolog\u00eda de doble sabor lo convierten en una opci\u00f3n destacada para vapear durante todo el d\u00eda. Mejora tu experiencia hoy mismo con este vapeador desechable de gran capacidad y repleto de funciones.<\/p>\n<h2 class=\"ds-markdown-paragraph\"><strong>Happ Bar Twin Pod 35000 Vape Desechable Quick Details<\/strong><\/h2>\n<ul>\n<li>\n<p class=\"ds-markdown-paragraph\"><strong>Puffs:<\/strong>\u00a035,000<\/p>\n<\/li>\n<li>\n<p class=\"ds-markdown-paragraph\"><strong>Nicotina:<\/strong>\u00a02% o 5% (opcional)<\/p>\n<\/li>\n<li>\n<p class=\"ds-markdown-paragraph\"><strong>Bater\u00eda:<\/strong>\u00a0650 mAh (Tipo-C recargable)<\/p>\n<\/li>\n<li>\n<p class=\"ds-markdown-paragraph\"><strong>Capacidad de e-l\u00edquido:<\/strong> 36ML-18mL + 18mL (doble dep\u00f3sito)<\/p>\n<\/li>\n<li>\n<p class=\"ds-markdown-paragraph\"><strong>Bobina:<\/strong>\u00a0Malla doble (1,0ohm)<\/p>\n<\/li>\n<li>\n<p class=\"ds-markdown-paragraph\"><strong>Dise\u00f1o:<\/strong>\u00a0Colores degradados + pantalla LED<\/p>\n<\/li>\n<\/ul>\n<h2><strong>\u00bfPor qu\u00e9 elegir Happ Bar Twin Pod 35000?<\/strong><\/h2>\n<ul>\n<li class=\"ds-markdown-paragraph\">Dos sabores en un dispositivo - Cambia de sabor sin esfuerzo con un giro de la boquilla.<\/li>\n<li class=\"ds-markdown-paragraph\">M\u00e1s duradero y m\u00e1s econ\u00f3mico - Mayor capacidad de e-jugo significa menos reemplazos.<\/li>\n<li class=\"ds-markdown-paragraph\">Golpes suaves y sabrosos - Las avanzadas bobinas de doble malla mejoran el vapor y el sabor.<\/li>\n<li class=\"ds-markdown-paragraph\">Dise\u00f1o llamativo: destaque con un vibrante acabado degradado y una pantalla LED.<\/li>\n<\/ul>\n<h2><strong>Sabores disponibles<\/strong><\/h2>\n<ol>\n<li>Helado de melocot\u00f3n, mango, pi\u00f1a y fresa<\/li>\n<li>Limonada Blue Razz y helado de melocot\u00f3n<\/li>\n<li>Fresa Kiwi &amp; Lush Ice<\/li>\n<li>Dulce de Frambuesa y Manzana Doble<\/li>\n<li>Hielo de sand\u00eda y lima lim\u00f3n<\/li>\n<li>Hielo de ar\u00e1ndano, frambuesa, lim\u00f3n y cereza<\/li>\n<li>Coca-Cola de Fresa y Vainilla y Mezcla de Bayas<\/li>\n<li>Chicle de ar\u00e1ndanos, cerezas, ar\u00e1ndanos rojos y sand\u00eda<\/li>\n<li>Hielo de fresa, pl\u00e1tano y cola<\/li>\n<li>Helado de pi\u00f1a, coco y ar\u00e1ndanos<\/li>\n<li>Red Bull Ice &amp; Hami Melon<\/li>\n<li>Hielo de uva y melocot\u00f3n de manzana<\/li>\n<\/ol>\n<figure id=\"attachment_22120\" aria-describedby=\"caption-attachment-22120\" style=\"width: 800px\" class=\"wp-caption alignnone\"><img loading=\"lazy\" decoding=\"async\" class=\"size-full wp-image-22120\" title=\"Happ Bar Twin Pod 35000 Chicle de ar\u00e1ndano, cereza, ar\u00e1ndano rojo y sand\u00eda\" src=\"https:\/\/www.vape4wholesale.com\/wp-content\/uploads\/2025\/05\/Happ-Bar-Twin-Pod-35000-Blueberry-Cherry-Cranberry-Watermelon-Bubble-Gum.webp\" alt=\"Happ Bar Twin Pod 35000 Chicle de ar\u00e1ndano, cereza, ar\u00e1ndano rojo y sand\u00eda\" width=\"800\" height=\"800\" srcset=\"https:\/\/www.vape4wholesale.com\/wp-content\/uploads\/2025\/05\/Happ-Bar-Twin-Pod-35000-Blueberry-Cherry-Cranberry-Watermelon-Bubble-Gum.webp 800w, https:\/\/www.vape4wholesale.com\/wp-content\/uploads\/2025\/05\/Happ-Bar-Twin-Pod-35000-Blueberry-Cherry-Cranberry-Watermelon-Bubble-Gum-247x247.webp 247w, https:\/\/www.vape4wholesale.com\/wp-content\/uploads\/2025\/05\/Happ-Bar-Twin-Pod-35000-Blueberry-Cherry-Cranberry-Watermelon-Bubble-Gum-100x100.webp 100w, https:\/\/www.vape4wholesale.com\/wp-content\/uploads\/2025\/05\/Happ-Bar-Twin-Pod-35000-Blueberry-Cherry-Cranberry-Watermelon-Bubble-Gum-510x510.webp 510w, https:\/\/www.vape4wholesale.com\/wp-content\/uploads\/2025\/05\/Happ-Bar-Twin-Pod-35000-Blueberry-Cherry-Cranberry-Watermelon-Bubble-Gum-300x300.webp 300w, https:\/\/www.vape4wholesale.com\/wp-content\/uploads\/2025\/05\/Happ-Bar-Twin-Pod-35000-Blueberry-Cherry-Cranberry-Watermelon-Bubble-Gum-150x150.webp 150w, https:\/\/www.vape4wholesale.com\/wp-content\/uploads\/2025\/05\/Happ-Bar-Twin-Pod-35000-Blueberry-Cherry-Cranberry-Watermelon-Bubble-Gum-768x768.webp 768w, https:\/\/www.vape4wholesale.com\/wp-content\/uploads\/2025\/05\/Happ-Bar-Twin-Pod-35000-Blueberry-Cherry-Cranberry-Watermelon-Bubble-Gum-12x12.webp 12w, https:\/\/www.vape4wholesale.com\/wp-content\/uploads\/2025\/05\/Happ-Bar-Twin-Pod-35000-Blueberry-Cherry-Cranberry-Watermelon-Bubble-Gum-64x64.webp 64w\" sizes=\"auto, (max-width: 800px) 100vw, 800px\" \/><figcaption id=\"caption-attachment-22120\" class=\"wp-caption-text\">Happ Bar Twin Pod 35000 Chicle de ar\u00e1ndano, cereza, ar\u00e1ndano rojo y sand\u00eda<\/figcaption><\/figure>\n<h2>\u00bfPOR QU\u00c9 NOSOTROS?<\/h2>\r\n<ul>\r\n<li>Fuente de vape real, fiable y profesional.<\/li>\r\n<li>100% Garant\u00eda de autenticidad: S\u00f3lo proporcionamos productos originales y genuinos, rechazamos la falsificaci\u00f3n.<\/li>\r\n<li>100% Garant\u00eda de entrega: Utilizamos el mejor m\u00e9todo de env\u00edo para asegurarnos de que recibes el pedido 100%.<\/li>\r\n<li>Le daremos el n\u00famero de seguimiento y la etiqueta de env\u00edo despu\u00e9s del env\u00edo, y realizaremos el seguimiento de la mercanc\u00eda por usted hasta que la firme.<\/li>\r\n<li>Sin problemas aduaneros ni aranceles<\/li>\r\n<\/ul>","protected":false},"excerpt":{"rendered":"<p><b><span style=\"color: #00a859;\">Free shipping<\/span>\u00a0from Europe warehouse, 7-15 working days delivery time.<\/b><\/p>\r\n<div class=\"wsppc_div_block woocommerce_before_add_to_cart_form\">\r\n<p><strong>Clear customs before delivery &amp; 100% Delivery Guarantee<\/strong><\/p>\r\n<\/div>","protected":false},"featured_media":22122,"comment_status":"open","ping_status":"closed","template":"","meta":[],"pwb-brand":[1267],"product_cat":[938],"product_tag":[1023,1035,22,24,849],"class_list":{"0":"post-22135","1":"product","2":"type-product","3":"status-publish","4":"has-post-thumbnail","6":"pwb-brand-happ-bar","7":"product_cat-europe-warehouse","8":"product_tag-35000-puffs","9":"product_tag-happ-bar","10":"product_tag-disposable","11":"product_tag-wholesale","12":"product_tag-36-0ml","13":"product_shipping_class-eu-warehouse","14":"wcpa_has_options","16":"first","17":"instock","18":"featured","19":"shipping-taxable","20":"purchasable","21":"product-type-variable"},"aioseo_notices":[],"brands":[{"id":1267,"name":"Bar Happ","slug":"bar-feliz"}],"_links":{"self":[{"href":"https:\/\/www.vape4wholesale.com\/es\/wp-json\/wp\/v2\/product\/22135","targetHints":{"allow":["GET"]}}],"collection":[{"href":"https:\/\/www.vape4wholesale.com\/es\/wp-json\/wp\/v2\/product"}],"about":[{"href":"https:\/\/www.vape4wholesale.com\/es\/wp-json\/wp\/v2\/types\/product"}],"replies":[{"embeddable":true,"href":"https:\/\/www.vape4wholesale.com\/es\/wp-json\/wp\/v2\/comments?post=22135"}],"wp:featuredmedia":[{"embeddable":true,"href":"https:\/\/www.vape4wholesale.com\/es\/wp-json\/wp\/v2\/media\/22122"}],"wp:attachment":[{"href":"https:\/\/www.vape4wholesale.com\/es\/wp-json\/wp\/v2\/media?parent=22135"}],"wp:term":[{"taxonomy":"pwb-brand","embeddable":true,"href":"https:\/\/www.vape4wholesale.com\/es\/wp-json\/wp\/v2\/pwb-brand?post=22135"},{"taxonomy":"product_cat","embeddable":true,"href":"https:\/\/www.vape4wholesale.com\/es\/wp-json\/wp\/v2\/product_cat?post=22135"},{"taxonomy":"product_tag","embeddable":true,"href":"https:\/\/www.vape4wholesale.com\/es\/wp-json\/wp\/v2\/product_tag?post=22135"}],"curies":[{"name":"wp","href":"https:\/\/api.w.org\/{rel}","templated":true}]}}