{"id":21760,"date":"2025-04-28T22:00:11","date_gmt":"2025-04-28T14:00:11","guid":{"rendered":"https:\/\/www.vape4wholesale.com\/?post_type=product&#038;p=21760"},"modified":"2026-01-27T13:38:24","modified_gmt":"2026-01-27T13:38:24","slug":"vapsolo-king-pro-40000-puffs-vape-desechable-al-por-mayor","status":"publish","type":"product","link":"https:\/\/www.vape4wholesale.com\/es\/product\/vapsolo-king-pro-40000-puffs-disposable-vape-wholesale","title":{"rendered":"Vapsolo King Pro 40000 Puffs Vape Desechable al por mayor"},"content":{"rendered":"<p class=\"ds-markdown-paragraph\">el\u00a0<a title=\"Vapsolo\" href=\"https:\/\/www.vape4wholesale.com\/es\/marca_producto\/vapsolo\/\"><strong>Vapsolo<\/strong><\/a> Vapeador desechable King Pro 40000 dise\u00f1ado para proporcionar unas impresionantes 40.000 caladas por dispositivo. Con una gran capacidad de e-l\u00edquido de 40mL y una bater\u00eda recargable de 650mAh (puerto Type-C), este vape desechable garantiza un uso prolongado sin reemplazos frecuentes.<\/p>\n<p class=\"ds-markdown-paragraph\">La pantalla LCD integrada permite controlar la bater\u00eda y el e-l\u00edquido en tiempo real para mayor comodidad. Equipado con una bobina de malla de 1.0\u03a9, el King Pro produce sabores ricos y suaves y vapor denso con cada calada. Personaliza a\u00fan m\u00e1s tu experiencia de vapeo con el control de flujo de aire ajustable, que se adapta tanto a las preferencias MTL (boca a pulm\u00f3n) como RDL (pulm\u00f3n directo restringido).<\/p>\n<h2><strong>Vapsolo King Pro 40000 Puffs Vape Caracter\u00edsticas principales<\/strong><\/h2>\n<p>\u2714 <strong>40.000 bocanadas<\/strong>\u00a0- Placer ultralargo<br \/>\n\u2714\u00a0<strong>40 ml de e-l\u00edquido precargado<\/strong>\u00a0- No necesita recambios<br \/>\n\u2714\u00a0<strong>Bater\u00eda de 650 mAh con carga Type-C<\/strong>\u00a0- Recarga r\u00e1pida y c\u00f3moda<br \/>\n\u2714\u00a0<strong>Bobina de malla de 1,0\u03a9<\/strong>\u00a0- Mayor sabor y producci\u00f3n de vapor<br \/>\n\u2714\u00a0<strong>Pantalla LCD<\/strong>\u00a0- Seguimiento de los niveles de bater\u00eda y e-zumo<br \/>\n\u2714\u00a0<strong>Flujo de aire ajustable<\/strong>\u00a0- Adapta tu resistencia a la tracci\u00f3n<\/p>\n<h2><strong>Sabores disponibles<\/strong><\/h2>\n<ul>\n<li>01.Lim\u00f3n cereza<\/li>\n<li>02. Kiwi Maracuy\u00e1 Guayaba<\/li>\n<li>03. Amor 66<\/li>\n<li>04. Watermelon Ice<\/li>\n<li>05. Strawberry Kiwi<\/li>\n<li>06. Lemon Lime<\/li>\n<li>07. Strawberry Banana<\/li>\n<li>08. Black Ice Dragon Fruit Strawberry<\/li>\n<li>09. Peach Berry<\/li>\n<li>10. Sand\u00eda con fresas<\/li>\n<li>11. Cereza Cola<\/li>\n<li>12. R\u00e1faga de uvas<\/li>\n<li>13. Mezcla de bayas<\/li>\n<li>14. Frambuesa agria con ar\u00e1ndanos<\/li>\n<li>15. Melocot\u00f3n Mango Pi\u00f1a<\/li>\n<\/ul>\n<h2><strong>Detalles del embalaje<\/strong><\/h2>\n<ul>\n<li>1\/ Caja individual\/ 133g<\/li>\n<li>10\/ Caja expositora<\/li>\n<li>200\/ Caja Completa\/ 27,5kg<\/li>\n<\/ul>\n<figure id=\"attachment_21787\" aria-describedby=\"caption-attachment-21787\" style=\"width: 800px\" class=\"wp-caption alignnone\"><img loading=\"lazy\" decoding=\"async\" class=\"size-full wp-image-21787\" title=\"fresa pl\u00e1tano Vapsolo King Pro 40000\" src=\"https:\/\/www.vape4wholesale.com\/wp-content\/uploads\/2025\/04\/strawberry-banana-Vapsolo-King-Pro-40000.webp\" alt=\"fresa pl\u00e1tano Vapsolo King Pro 40000\" width=\"800\" height=\"800\" srcset=\"https:\/\/www.vape4wholesale.com\/wp-content\/uploads\/2025\/04\/strawberry-banana-Vapsolo-King-Pro-40000.webp 800w, https:\/\/www.vape4wholesale.com\/wp-content\/uploads\/2025\/04\/strawberry-banana-Vapsolo-King-Pro-40000-247x247.webp 247w, https:\/\/www.vape4wholesale.com\/wp-content\/uploads\/2025\/04\/strawberry-banana-Vapsolo-King-Pro-40000-100x100.webp 100w, https:\/\/www.vape4wholesale.com\/wp-content\/uploads\/2025\/04\/strawberry-banana-Vapsolo-King-Pro-40000-510x510.webp 510w, https:\/\/www.vape4wholesale.com\/wp-content\/uploads\/2025\/04\/strawberry-banana-Vapsolo-King-Pro-40000-300x300.webp 300w, https:\/\/www.vape4wholesale.com\/wp-content\/uploads\/2025\/04\/strawberry-banana-Vapsolo-King-Pro-40000-150x150.webp 150w, https:\/\/www.vape4wholesale.com\/wp-content\/uploads\/2025\/04\/strawberry-banana-Vapsolo-King-Pro-40000-768x768.webp 768w, https:\/\/www.vape4wholesale.com\/wp-content\/uploads\/2025\/04\/strawberry-banana-Vapsolo-King-Pro-40000-12x12.webp 12w, https:\/\/www.vape4wholesale.com\/wp-content\/uploads\/2025\/04\/strawberry-banana-Vapsolo-King-Pro-40000-64x64.webp 64w\" sizes=\"auto, (max-width: 800px) 100vw, 800px\" \/><figcaption id=\"caption-attachment-21787\" class=\"wp-caption-text\">Vapsolo King Pro 40000 Puffs Vape Desechable al por mayor<\/figcaption><\/figure>\n<h2>\u00bfPOR QU\u00c9 NOSOTROS?<\/h2>\r\n<ul>\r\n<li>Fuente de vape real, fiable y profesional.<\/li>\r\n<li>100% Garant\u00eda de autenticidad: S\u00f3lo proporcionamos productos originales y genuinos, rechazamos la falsificaci\u00f3n.<\/li>\r\n<li>100% Garant\u00eda de entrega: Utilizamos el mejor m\u00e9todo de env\u00edo para asegurarnos de que recibes el pedido 100%.<\/li>\r\n<li>Le daremos el n\u00famero de seguimiento y la etiqueta de env\u00edo despu\u00e9s del env\u00edo, y realizaremos el seguimiento de la mercanc\u00eda por usted hasta que la firme.<\/li>\r\n<li>Sin problemas aduaneros ni aranceles<\/li>\r\n<\/ul>","protected":false},"excerpt":{"rendered":"<p><b><span style=\"color: #00a859;\">Env\u00edo gratis<\/span>\u00a0desde el almac\u00e9n de Europa, tiempo de entrega de 7 a 15 d\u00edas h\u00e1biles.<\/b><\/p>\r\n<div class=\"wsppc_div_block woocommerce_before_add_to_cart_form\">\r\n<p><strong>Despacho de aduanas antes de la entrega y 100% Garant\u00eda de entrega<\/strong><\/p>\r\n<\/div>","protected":false},"featured_media":21785,"comment_status":"open","ping_status":"closed","template":"","meta":[],"pwb-brand":[1271],"product_cat":[938],"product_tag":[22,24,899,1016,1026],"class_list":{"0":"post-21760","1":"product","2":"type-product","3":"status-publish","4":"has-post-thumbnail","6":"pwb-brand-vapsolo","7":"product_cat-europe-warehouse","8":"product_tag-disposable","9":"product_tag-wholesale","10":"product_tag-vapsolo","11":"product_tag-40000-puffs","12":"product_tag-40-0ml","13":"product_shipping_class-eu-warehouse","14":"wcpa_has_options","16":"first","17":"instock","18":"shipping-taxable","19":"purchasable","20":"product-type-variable"},"aioseo_notices":[],"brands":[{"id":1271,"name":"Vapsolo","slug":"vapsolo"}],"_links":{"self":[{"href":"https:\/\/www.vape4wholesale.com\/es\/wp-json\/wp\/v2\/product\/21760","targetHints":{"allow":["GET"]}}],"collection":[{"href":"https:\/\/www.vape4wholesale.com\/es\/wp-json\/wp\/v2\/product"}],"about":[{"href":"https:\/\/www.vape4wholesale.com\/es\/wp-json\/wp\/v2\/types\/product"}],"replies":[{"embeddable":true,"href":"https:\/\/www.vape4wholesale.com\/es\/wp-json\/wp\/v2\/comments?post=21760"}],"wp:featuredmedia":[{"embeddable":true,"href":"https:\/\/www.vape4wholesale.com\/es\/wp-json\/wp\/v2\/media\/21785"}],"wp:attachment":[{"href":"https:\/\/www.vape4wholesale.com\/es\/wp-json\/wp\/v2\/media?parent=21760"}],"wp:term":[{"taxonomy":"pwb-brand","embeddable":true,"href":"https:\/\/www.vape4wholesale.com\/es\/wp-json\/wp\/v2\/pwb-brand?post=21760"},{"taxonomy":"product_cat","embeddable":true,"href":"https:\/\/www.vape4wholesale.com\/es\/wp-json\/wp\/v2\/product_cat?post=21760"},{"taxonomy":"product_tag","embeddable":true,"href":"https:\/\/www.vape4wholesale.com\/es\/wp-json\/wp\/v2\/product_tag?post=21760"}],"curies":[{"name":"wp","href":"https:\/\/api.w.org\/{rel}","templated":true}]}}