{"id":21602,"date":"2025-04-21T21:47:54","date_gmt":"2025-04-21T13:47:54","guid":{"rendered":"https:\/\/www.vape4wholesale.com\/?post_type=product&#038;p=21602"},"modified":"2026-05-03T14:52:11","modified_gmt":"2026-05-03T06:52:11","slug":"vozol-gear-power-20k-vape-desechable-al-por-mayor","status":"publish","type":"product","link":"https:\/\/www.vape4wholesale.com\/es\/product\/vozol-gear-power-20k-disposable-vape-wholesale","title":{"rendered":"Vozol Gear Power 20K Vape desechable al por mayor"},"content":{"rendered":"<p class=\"ds-markdown-paragraph\">el <a title=\"Vozol\" href=\"https:\/\/www.vape4wholesale.com\/es\/marca_producto\/vozol\/\"><strong>Vozol<\/strong><\/a> El Gear Power 20K es un avanzado vapeador desechable con tecnolog\u00eda S.i.L.C. para un sabor y una producci\u00f3n de vapor ultrasuaves. Con un sistema inteligente de doble alimentaci\u00f3n, puede cambiar entre el modo Eco (hasta 20.000 caladas) para un uso prolongado o el modo Power (hasta 12.000 caladas) para intensificar las nubes y la riqueza, todo en un dispositivo compacto.<\/p>\n<p class=\"ds-markdown-paragraph\">Equipado con una bobina de malla doble, este vape garantiza un calentamiento constante y una mayor claridad de sabor, mientras que la pantalla completa le mantiene informado de la duraci\u00f3n de la bater\u00eda y los niveles de e-l\u00edquido en tiempo real. Precargado con 20mL de e-l\u00edquido premium y una potencia de nicotina de 5% (50mg), proporciona un satisfactorio golpe de garganta y una gran satisfacci\u00f3n nicot\u00ednica.<\/p>\n<h2>Vozol Gear Power 20K Vape Detalles R\u00e1pidos<\/h2>\n<ul>\n<li>S.i.L.C. Tech<\/li>\n<li>Modo Dual Power ECO\/POWER<\/li>\n<li>Hasta 20000 caladas en modo Eco<\/li>\n<li>Hasta 12.000 caladas en modo Power<\/li>\n<li>Bobina de malla doble<\/li>\n<li>Pantalla completa<\/li>\n<li>E-l\u00edquido precargado de 20 ml<\/li>\n<li>5%(50mg) Potencia de nicotina<\/li>\n<\/ul>\n<h2>Sabores disponibles<\/h2>\n<p>1. Hielo de sand\u00eda<br \/>\n2. Hielo de uva<br \/>\n3. Mango Ice<br \/>\n4. Doble manzana helada<br \/>\n5. Lavafire<br \/>\n6. Tormenta de ar\u00e1ndanos<br \/>\n7. Mojito azul<br \/>\n8. Mango Pi\u00f1a Pomelo<br \/>\n9. Fresa Kiwi<br \/>\n10. Sand\u00eda con frambuesa<br \/>\n11. Blue Razz Ice<br \/>\n12. Fresa Mango<br \/>\n13. Lim\u00f3n Lima<br \/>\n14. Limonada de cereza<br \/>\n15. Mezcla de bayas<br \/>\n16. Fruta del drag\u00f3n Pl\u00e1tano Cereza<br \/>\n17. Menta lim\u00f3n<br \/>\n19. Hielo de melocot\u00f3n<br \/>\n20. Sand\u00eda con fresas<\/p>\n<h2>Detalles del embalaje<\/h2>\n<ul>\n<li>1\/caja de bisagra<\/li>\n<li>10\/caja expositora<\/li>\n<li>200\/ cart\u00f3n, 22,8kg<\/li>\n<\/ul>\n<figure id=\"attachment_21614\" aria-describedby=\"caption-attachment-21614\" style=\"width: 750px\" class=\"wp-caption alignnone\"><img loading=\"lazy\" decoding=\"async\" class=\"wp-image-21614 size-full\" title=\"Vozol Gear Power 20K Vape Desechable al por mayor (1)\" src=\"https:\/\/www.vape4wholesale.com\/wp-content\/uploads\/2025\/04\/Vozol-Gear-Power-20K-Disposable-Vape-Wholesale-1.webp\" alt=\"Vozol Gear Power 20K Vape Desechable al por mayor (1)\" width=\"750\" height=\"800\" srcset=\"https:\/\/www.vape4wholesale.com\/wp-content\/uploads\/2025\/04\/Vozol-Gear-Power-20K-Disposable-Vape-Wholesale-1.webp 750w, https:\/\/www.vape4wholesale.com\/wp-content\/uploads\/2025\/04\/Vozol-Gear-Power-20K-Disposable-Vape-Wholesale-1-510x544.webp 510w, https:\/\/www.vape4wholesale.com\/wp-content\/uploads\/2025\/04\/Vozol-Gear-Power-20K-Disposable-Vape-Wholesale-1-281x300.webp 281w, https:\/\/www.vape4wholesale.com\/wp-content\/uploads\/2025\/04\/Vozol-Gear-Power-20K-Disposable-Vape-Wholesale-1-11x12.webp 11w, https:\/\/www.vape4wholesale.com\/wp-content\/uploads\/2025\/04\/Vozol-Gear-Power-20K-Disposable-Vape-Wholesale-1-64x68.webp 64w\" sizes=\"auto, (max-width: 750px) 100vw, 750px\" \/><figcaption id=\"caption-attachment-21614\" class=\"wp-caption-text\">Vozol Gear Power 20K Vape desechable al por mayor<\/figcaption><\/figure>\n<h2>\u00bfPOR QU\u00c9 NOSOTROS?<\/h2>\r\n<ul>\r\n<li>Fuente de vape real, fiable y profesional.<\/li>\r\n<li>100% Garant\u00eda de autenticidad: S\u00f3lo proporcionamos productos originales y genuinos, rechazamos la falsificaci\u00f3n.<\/li>\r\n<li>100% Garant\u00eda de entrega: Utilizamos el mejor m\u00e9todo de env\u00edo para asegurarnos de que recibes el pedido 100%.<\/li>\r\n<li>Le daremos el n\u00famero de seguimiento y la etiqueta de env\u00edo despu\u00e9s del env\u00edo, y realizaremos el seguimiento de la mercanc\u00eda por usted hasta que la firme.<\/li>\r\n<li>Sin problemas aduaneros ni aranceles<\/li>\r\n<\/ul>","protected":false},"excerpt":{"rendered":"<p><b><span style=\"color: #00a859;\">Env\u00edo gratis<\/span>\u00a0desde el almac\u00e9n de Europa, tiempo de entrega de 7 a 15 d\u00edas h\u00e1biles.<\/b><\/p>\r\n<div class=\"wsppc_div_block woocommerce_before_add_to_cart_form\">\r\n<p><strong>Despacho de aduanas antes de la entrega y 100% Garant\u00eda de entrega<\/strong><\/p>\r\n<\/div>","protected":false},"featured_media":21612,"comment_status":"open","ping_status":"closed","template":"","meta":[],"pwb-brand":[1276],"product_cat":[938],"product_tag":[22,24,172,794,1137],"class_list":{"0":"post-21602","1":"product","2":"type-product","3":"status-publish","4":"has-post-thumbnail","6":"pwb-brand-vozol","7":"product_cat-europe-warehouse","8":"product_tag-disposable","9":"product_tag-wholesale","10":"product_tag-20-0ml","11":"product_tag-20000-puffs","12":"product_tag-vozol","13":"product_shipping_class-eu-warehouse","15":"first","16":"outofstock","17":"featured","18":"shipping-taxable","19":"purchasable","20":"product-type-variable"},"aioseo_notices":[],"brands":[{"id":1276,"name":"Vozol","slug":"vozol"}],"_links":{"self":[{"href":"https:\/\/www.vape4wholesale.com\/es\/wp-json\/wp\/v2\/product\/21602","targetHints":{"allow":["GET"]}}],"collection":[{"href":"https:\/\/www.vape4wholesale.com\/es\/wp-json\/wp\/v2\/product"}],"about":[{"href":"https:\/\/www.vape4wholesale.com\/es\/wp-json\/wp\/v2\/types\/product"}],"replies":[{"embeddable":true,"href":"https:\/\/www.vape4wholesale.com\/es\/wp-json\/wp\/v2\/comments?post=21602"}],"wp:featuredmedia":[{"embeddable":true,"href":"https:\/\/www.vape4wholesale.com\/es\/wp-json\/wp\/v2\/media\/21612"}],"wp:attachment":[{"href":"https:\/\/www.vape4wholesale.com\/es\/wp-json\/wp\/v2\/media?parent=21602"}],"wp:term":[{"taxonomy":"pwb-brand","embeddable":true,"href":"https:\/\/www.vape4wholesale.com\/es\/wp-json\/wp\/v2\/pwb-brand?post=21602"},{"taxonomy":"product_cat","embeddable":true,"href":"https:\/\/www.vape4wholesale.com\/es\/wp-json\/wp\/v2\/product_cat?post=21602"},{"taxonomy":"product_tag","embeddable":true,"href":"https:\/\/www.vape4wholesale.com\/es\/wp-json\/wp\/v2\/product_tag?post=21602"}],"curies":[{"name":"wp","href":"https:\/\/api.w.org\/{rel}","templated":true}]}}