{"id":21243,"date":"2025-04-06T18:29:57","date_gmt":"2025-04-06T10:29:57","guid":{"rendered":"https:\/\/www.vape4wholesale.com\/?post_type=product&#038;p=21243"},"modified":"2026-03-15T22:35:46","modified_gmt":"2026-03-15T14:35:46","slug":"fumot-tornado-25000-puffs-vape-desechable-al-por-mayor","status":"publish","type":"product","link":"https:\/\/www.vape4wholesale.com\/es\/product\/fumot-tornado-25000-puffs-disposable-vape-wholesale","title":{"rendered":"Fumot Tornado 25000 Puffs Vape Desechable al por mayor"},"content":{"rendered":"<p>El Fumot Tornado 25000 redefine el vapeo desechable con su enorme capacidad de 20 ml de e-l\u00edquido y 25.000 caladas. Dise\u00f1ado para la comodidad y el rendimiento, este avanzado dispositivo cuenta con una bater\u00eda recargable de 700mAh con carga r\u00e1pida Type-C, asegurando que nunca se quede sin energ\u00eda inesperadamente. Los usuarios pueden elegir entre las opciones de potencia de nicotina 0%, 2%, 3% o 5%, todas ellas suministradas a trav\u00e9s de un avanzado sistema de doble bobina de malla que produce un sabor excepcionalmente rico y densas nubes de vapor.<\/p>\n<p>Lo que realmente diferencia al Tornado 25000 es su inteligente pantalla t\u00e1ctil TFT de 1,77 pulgadas, que muestra claramente los niveles de e-l\u00edquido en tiempo real y el estado de la bater\u00eda para que puedas vapear sin preocupaciones. Los intuitivos controles t\u00e1ctiles permiten ajustar f\u00e1cilmente la potencia con s\u00f3lo 3 clics, mientras que los 26 sabores disponibles satisfacen todas las preferencias, desde los afrutados hasta los inspirados en postres. El dise\u00f1o elegante y ergon\u00f3mico combina la portabilidad con la funcionalidad de primera calidad, por lo que es ideal para su uso durante todo el d\u00eda, ya sea en casa o fuera.<\/p>\n<h2><strong>Fumot Tornado 25000 Vape Desechable Quick Details<\/strong><\/h2>\n<ul>\n<li>0% 2% 3% 5% Nicotina<\/li>\n<li>Bater\u00eda recargable de 700 mAh<\/li>\n<li>Bocanadas:25000 bocanadas<\/li>\n<li>Capacidad:20 ml<\/li>\n<li>Interruptor t\u00e1ctil<\/li>\n<li>Pantalla TFT de 1,77<\/li>\n<li>Potencia Se ajusta pulsando tres veces en la pantalla t\u00e1ctil<\/li>\n<li>Pantalla con indicador de aceite y bater\u00eda<\/li>\n<li>Puerto tipo C<\/li>\n<li>26 sabores disponibles<\/li>\n<li>Doble malla<\/li>\n<\/ul>\n<h2><strong>Sabores disponibles<\/strong><\/h2>\n<p>1. Hielo de pl\u00e1tano<br \/>\n2. Sand\u00eda con fresas<br \/>\n3. Casa de la Moneda de Miami<br \/>\n4. Ar\u00e1ndano Frambuesa<br \/>\n5. Hielo negro<br \/>\n6. Hielo de gominola blanco<br \/>\n7. Hielo de sand\u00eda<br \/>\n8. Helado de melocot\u00f3n jugoso<br \/>\n9. Limonada rosa<br \/>\n10. Mango con fresa<br \/>\n11. Melocot\u00f3n Mango Sand\u00eda<br \/>\n12. Uva Lim\u00f3n<br \/>\n13. 13. Tropical Rainbow Blast<br \/>\n14. Bomba de cereza<br \/>\n15. Caramelo de fresa y menta<br \/>\n16. Manzana doble<br \/>\n17. Ar\u00e1ndano sobre hielo<br \/>\n18. Hielo de fresa<br \/>\n19. Hielo exuberante<br \/>\n20. Hielo de pi\u00f1a<br \/>\n21. Hielo de uva<br \/>\n22. Dr Blue<br \/>\n23. Kiwi Maracuy\u00e1 Guayaba<br \/>\n24. Cereza Cola<br \/>\n25. Menta fresca<br \/>\n26. Red Bull de fresa<\/p>\n<h2><strong>Detalles del embalaje<\/strong><\/h2>\n<ul>\n<li>160 unidades por caja<\/li>\n<li>cada caja: 18,5 kg<\/li>\n<\/ul>\n<figure id=\"attachment_21274\" aria-describedby=\"caption-attachment-21274\" style=\"width: 800px\" class=\"wp-caption alignnone\"><img loading=\"lazy\" decoding=\"async\" class=\"size-full wp-image-21274\" title=\"Fumot Tornado 25000 Puffs Vape Desechable\" src=\"https:\/\/www.vape4wholesale.com\/wp-content\/uploads\/2025\/04\/Fumot-Tornado-25000-Puffs-Disposable-Vape.webp\" alt=\"Fumot Tornado 25000 Puffs Vape Desechable\" width=\"800\" height=\"800\" srcset=\"https:\/\/www.vape4wholesale.com\/wp-content\/uploads\/2025\/04\/Fumot-Tornado-25000-Puffs-Disposable-Vape.webp 800w, https:\/\/www.vape4wholesale.com\/wp-content\/uploads\/2025\/04\/Fumot-Tornado-25000-Puffs-Disposable-Vape-247x247.webp 247w, https:\/\/www.vape4wholesale.com\/wp-content\/uploads\/2025\/04\/Fumot-Tornado-25000-Puffs-Disposable-Vape-100x100.webp 100w, https:\/\/www.vape4wholesale.com\/wp-content\/uploads\/2025\/04\/Fumot-Tornado-25000-Puffs-Disposable-Vape-510x510.webp 510w\" sizes=\"auto, (max-width: 800px) 100vw, 800px\" \/><figcaption id=\"caption-attachment-21274\" class=\"wp-caption-text\">Fumot Tornado 25000 Puffs Vape Desechable<\/figcaption><\/figure>\n<h2>\u00bfPOR QU\u00c9 NOSOTROS?<\/h2>\r\n<ul>\r\n<li>Fuente de vape real, fiable y profesional.<\/li>\r\n<li>100% Garant\u00eda de autenticidad: S\u00f3lo proporcionamos productos originales y genuinos, rechazamos la falsificaci\u00f3n.<\/li>\r\n<li>100% Garant\u00eda de entrega: Utilizamos el mejor m\u00e9todo de env\u00edo para asegurarnos de que recibes el pedido 100%.<\/li>\r\n<li>Le daremos el n\u00famero de seguimiento y la etiqueta de env\u00edo despu\u00e9s del env\u00edo, y realizaremos el seguimiento de la mercanc\u00eda por usted hasta que la firme.<\/li>\r\n<li>Sin problemas aduaneros ni aranceles<\/li>\r\n<\/ul>","protected":false},"excerpt":{"rendered":"<div class=\"wsppc_div_block woocommerce_before_add_to_cart_form\">\r\n<p><strong><span style=\"color: #00a859;\">Pasar por la aduana<\/span> antes de la entrega y 100% Garant\u00eda de entrega, Entrega en 19~25 d\u00edas aproximadamente.\u00a0<\/strong><\/p>\r\n<\/div>","protected":false},"featured_media":21271,"comment_status":"open","ping_status":"closed","template":"","meta":[],"pwb-brand":[1269],"product_cat":[873],"product_tag":[22,24,172,592,915],"class_list":{"0":"post-21243","1":"product","2":"type-product","3":"status-publish","4":"has-post-thumbnail","6":"pwb-brand-fumot","7":"product_cat-above-20k-puffs","8":"product_tag-disposable","9":"product_tag-wholesale","10":"product_tag-20-0ml","11":"product_tag-fumot","12":"product_tag-25000-puffs","13":"wcpa_has_options","15":"first","16":"instock","17":"featured","18":"shipping-taxable","19":"purchasable","20":"product-type-variable"},"aioseo_notices":[],"brands":[{"id":1269,"name":"Fumot","slug":"fumot"}],"_links":{"self":[{"href":"https:\/\/www.vape4wholesale.com\/es\/wp-json\/wp\/v2\/product\/21243","targetHints":{"allow":["GET"]}}],"collection":[{"href":"https:\/\/www.vape4wholesale.com\/es\/wp-json\/wp\/v2\/product"}],"about":[{"href":"https:\/\/www.vape4wholesale.com\/es\/wp-json\/wp\/v2\/types\/product"}],"replies":[{"embeddable":true,"href":"https:\/\/www.vape4wholesale.com\/es\/wp-json\/wp\/v2\/comments?post=21243"}],"wp:featuredmedia":[{"embeddable":true,"href":"https:\/\/www.vape4wholesale.com\/es\/wp-json\/wp\/v2\/media\/21271"}],"wp:attachment":[{"href":"https:\/\/www.vape4wholesale.com\/es\/wp-json\/wp\/v2\/media?parent=21243"}],"wp:term":[{"taxonomy":"pwb-brand","embeddable":true,"href":"https:\/\/www.vape4wholesale.com\/es\/wp-json\/wp\/v2\/pwb-brand?post=21243"},{"taxonomy":"product_cat","embeddable":true,"href":"https:\/\/www.vape4wholesale.com\/es\/wp-json\/wp\/v2\/product_cat?post=21243"},{"taxonomy":"product_tag","embeddable":true,"href":"https:\/\/www.vape4wholesale.com\/es\/wp-json\/wp\/v2\/product_tag?post=21243"}],"curies":[{"name":"wp","href":"https:\/\/api.w.org\/{rel}","templated":true}]}}