{"id":20708,"date":"2025-03-19T22:23:39","date_gmt":"2025-03-19T14:23:39","guid":{"rendered":"https:\/\/www.vape4wholesale.com\/?post_type=product&#038;p=20708"},"modified":"2026-03-16T09:42:59","modified_gmt":"2026-03-16T01:42:59","slug":"zooy-zero-45000-puffs-vape-desechable-al-por-mayor","status":"publish","type":"product","link":"https:\/\/www.vape4wholesale.com\/es\/producto\/zooy-zero-45000-puffs-vape-desechable-al-por-mayor","title":{"rendered":"Zooy Zero 45000 Puffs Vape Desechable al por mayor,Zooy Zero 45000 Grape Apple"},"content":{"rendered":"<p>En <a title=\"Zooy\" href=\"https:\/\/www.vape4wholesale.com\/es\/marca_producto\/zooy\/\" target=\"_blank\" rel=\"noopener\"><strong>Zooy<\/strong><\/a> Zero 45000 es un dispositivo de vapeo de \u00faltima generaci\u00f3n dise\u00f1ado para ofrecer una experiencia totalmente personalizable y satisfactoria. Su caracter\u00edstica m\u00e1s destacada es el innovador Control NIC &amp; ICE, que permite a los usuarios ajustar sin esfuerzo tanto la sensaci\u00f3n de enfriamiento como el nivel de nicotina a trav\u00e9s de una interfaz de pantalla t\u00e1ctil f\u00e1cil de usar. Con una capacidad de larga duraci\u00f3n de hasta 45.000 caladas y una bater\u00eda integrada de 1.000 mAh, este dispositivo garantiza un uso prolongado sin necesidad de recargas frecuentes.<\/p>\n<p>Equipado con una bobina de doble malla (0,6+1,5), el ZOOY ZERO 45000 proporciona un vapor rico y sabroso en cada calada. La funci\u00f3n de flujo de aire ajustable permite a los usuarios ajustar con precisi\u00f3n su experiencia vaping, si prefieren un empate m\u00e1s apretado o una sensaci\u00f3n m\u00e1s aireado. Adem\u00e1s, la pantalla inteligente integrada proporciona informaci\u00f3n en tiempo real y un f\u00e1cil acceso a los ajustes, lo que garantiza una experiencia de usuario fluida e intuitiva. El dispositivo tambi\u00e9n es compatible con la carga TYPE-C, que ofrece una reposici\u00f3n de energ\u00eda r\u00e1pida y c\u00f3moda.<\/p>\n<h2><strong>Zooy Zero 45000 Puffs Vape Desechable <\/strong><strong>Caracter\u00edsticas principales<\/strong><\/h2>\n<ul>\n<li><strong>Control de la nicotina y el hielo:<\/strong>\u00a0Ajuste la sensaci\u00f3n de frescor y el nivel de nicotina con un simple toque en la pantalla inteligente.<\/li>\n<li><strong>Rendimiento duradero:<\/strong>\u00a0Disfruta de hasta 45.000 caladas para una experiencia de vapeo prolongada.<\/li>\n<li><strong>10 opciones de sabor:<\/strong>\u00a0Elija entre una gran variedad de sabores para adaptarse a sus preferencias.<\/li>\n<li><strong>Flujo de aire ajustable:<\/strong>\u00a0Personaliza tu experiencia de vapeo con un control preciso del flujo de aire.<\/li>\n<li><strong>Bobina de malla doble (0,6+1,5):<\/strong>\u00a0Ofrece un rico sabor y una suave producci\u00f3n de vapor.<\/li>\n<li><strong>Bater\u00eda integrada de 1000 mAh:<\/strong>\u00a0Proporciona una potencia fiable para un uso duradero.<\/li>\n<li><strong>Smart Display con pantalla t\u00e1ctil:<\/strong>\u00a0Controle y ajuste f\u00e1cilmente la configuraci\u00f3n con la intuitiva interfaz de pantalla t\u00e1ctil.<\/li>\n<li><strong>TIPO-C Recargable:<\/strong>\u00a0Disfruta de una carga r\u00e1pida y c\u00f3moda.<\/li>\n<\/ul>\n<h2><strong>Sabores disponibles<\/strong><\/h2>\n<ol>\n<li>Hielo de sand\u00eda<\/li>\n<li>Hielo de ar\u00e1ndanos<\/li>\n<li>Sand\u00eda con fresa<\/li>\n<li>Lim\u00f3n Cola<\/li>\n<li>Fresa Kiwi<\/li>\n<li>Uva Manzana<\/li>\n<li>Fresa Naranja Pop<\/li>\n<li>Hielo Razz Azul<\/li>\n<li>Sand\u00eda con ar\u00e1ndanos<\/li>\n<li>Mango Pasi\u00f3n Guayaba<\/li>\n<\/ol>\n<figure id=\"attachment_20713\" aria-describedby=\"caption-attachment-20713\" style=\"width: 800px\" class=\"wp-caption alignnone\"><img loading=\"lazy\" decoding=\"async\" class=\"size-large wp-image-20713\" title=\"Zooy Zero 45000 Sand\u00eda Helada\" src=\"https:\/\/www.vape4wholesale.com\/wp-content\/uploads\/2025\/03\/Zooy-Zero-45000-Watermelon-Ice.jpg\" alt=\"Zooy Zero 45000 Sand\u00eda Helada\" width=\"800\" height=\"800\" srcset=\"https:\/\/www.vape4wholesale.com\/wp-content\/uploads\/2025\/03\/Zooy-Zero-45000-Watermelon-Ice.jpg 800w, https:\/\/www.vape4wholesale.com\/wp-content\/uploads\/2025\/03\/Zooy-Zero-45000-Watermelon-Ice-247x247.jpg 247w, https:\/\/www.vape4wholesale.com\/wp-content\/uploads\/2025\/03\/Zooy-Zero-45000-Watermelon-Ice-100x100.jpg 100w, https:\/\/www.vape4wholesale.com\/wp-content\/uploads\/2025\/03\/Zooy-Zero-45000-Watermelon-Ice-510x510.jpg 510w, https:\/\/www.vape4wholesale.com\/wp-content\/uploads\/2025\/03\/Zooy-Zero-45000-Watermelon-Ice-64x64.jpg 64w, https:\/\/www.vape4wholesale.com\/wp-content\/uploads\/2025\/03\/Zooy-Zero-45000-Watermelon-Ice-300x300.jpg 300w, https:\/\/www.vape4wholesale.com\/wp-content\/uploads\/2025\/03\/Zooy-Zero-45000-Watermelon-Ice-150x150.jpg 150w, https:\/\/www.vape4wholesale.com\/wp-content\/uploads\/2025\/03\/Zooy-Zero-45000-Watermelon-Ice-768x768.jpg 768w, https:\/\/www.vape4wholesale.com\/wp-content\/uploads\/2025\/03\/Zooy-Zero-45000-Watermelon-Ice-12x12.jpg 12w\" sizes=\"auto, (max-width: 800px) 100vw, 800px\" \/><figcaption id=\"caption-attachment-20713\" class=\"wp-caption-text\">Zooy Zero 45000 Sand\u00eda Helada<\/figcaption><\/figure>\n<figure id=\"attachment_20714\" aria-describedby=\"caption-attachment-20714\" style=\"width: 800px\" class=\"wp-caption alignnone\"><img loading=\"lazy\" decoding=\"async\" class=\"size-full wp-image-20714\" title=\"Zooy Zero 45000 Puffs Vape Desechable al por mayor,Zooy Zero 45000 Grape Apple\" src=\"https:\/\/www.vape4wholesale.com\/wp-content\/uploads\/2025\/03\/Zooy-Zero-45000-Puffs-Disposable-Vape-Wholesale.webp\" alt=\"Zooy Zero 45000 Puffs Vape Desechable al por mayor,Zooy Zero 45000 Grape Apple\" width=\"800\" height=\"800\" srcset=\"https:\/\/www.vape4wholesale.com\/wp-content\/uploads\/2025\/03\/Zooy-Zero-45000-Puffs-Disposable-Vape-Wholesale.webp 800w, https:\/\/www.vape4wholesale.com\/wp-content\/uploads\/2025\/03\/Zooy-Zero-45000-Puffs-Disposable-Vape-Wholesale-247x247.webp 247w, https:\/\/www.vape4wholesale.com\/wp-content\/uploads\/2025\/03\/Zooy-Zero-45000-Puffs-Disposable-Vape-Wholesale-100x100.webp 100w, https:\/\/www.vape4wholesale.com\/wp-content\/uploads\/2025\/03\/Zooy-Zero-45000-Puffs-Disposable-Vape-Wholesale-510x510.webp 510w\" sizes=\"auto, (max-width: 800px) 100vw, 800px\" \/><figcaption id=\"caption-attachment-20714\" class=\"wp-caption-text\">Zooy Zero 45000 Puffs Vape Desechable al por mayor,Zooy Zero 45000 Grape Apple<\/figcaption><\/figure>\n<h2>\u00bfPOR QU\u00c9 NOSOTROS?<\/h2>\r\n<ul>\r\n<li>Fuente de vape real, fiable y profesional.<\/li>\r\n<li>100% Garant\u00eda de autenticidad: S\u00f3lo proporcionamos productos originales y genuinos, rechazamos la falsificaci\u00f3n.<\/li>\r\n<li>100% Garant\u00eda de entrega: Utilizamos el mejor m\u00e9todo de env\u00edo para asegurarnos de que recibes el pedido 100%.<\/li>\r\n<li>Le daremos el n\u00famero de seguimiento y la etiqueta de env\u00edo despu\u00e9s del env\u00edo, y realizaremos el seguimiento de la mercanc\u00eda por usted hasta que la firme.<\/li>\r\n<li>Sin problemas aduaneros ni aranceles<\/li>\r\n<\/ul>","protected":false},"excerpt":{"rendered":"<p><b><span style=\"color: #00a859;\">Free shipping<\/span>\u00a0from Europe warehouse, 7-15 working days delivery time.<\/b><\/p>\r\n<div class=\"wsppc_div_block woocommerce_before_add_to_cart_form\">\r\n<p><strong>Clear customs before delivery &amp; 100% Delivery Guarantee<\/strong><\/p>\r\n<\/div>","protected":false},"featured_media":20715,"comment_status":"open","ping_status":"closed","template":"","meta":[],"pwb-brand":[1273],"product_cat":[938],"product_tag":[1087,22,24,1022,1026],"class_list":{"0":"post-20708","1":"product","2":"type-product","3":"status-publish","4":"has-post-thumbnail","6":"pwb-brand-zooy","7":"product_cat-europe-warehouse","8":"product_tag-45000-puffs","9":"product_tag-disposable","10":"product_tag-wholesale","11":"product_tag-zooy","12":"product_tag-40-0ml","13":"product_shipping_class-eu-warehouse","14":"wcpa_has_options","16":"first","17":"instock","18":"featured","19":"shipping-taxable","20":"purchasable","21":"product-type-variable"},"aioseo_notices":[],"brands":[{"id":1273,"name":"Zooy","slug":"zooy"}],"_links":{"self":[{"href":"https:\/\/www.vape4wholesale.com\/es\/wp-json\/wp\/v2\/product\/20708","targetHints":{"allow":["GET"]}}],"collection":[{"href":"https:\/\/www.vape4wholesale.com\/es\/wp-json\/wp\/v2\/product"}],"about":[{"href":"https:\/\/www.vape4wholesale.com\/es\/wp-json\/wp\/v2\/types\/product"}],"replies":[{"embeddable":true,"href":"https:\/\/www.vape4wholesale.com\/es\/wp-json\/wp\/v2\/comments?post=20708"}],"wp:featuredmedia":[{"embeddable":true,"href":"https:\/\/www.vape4wholesale.com\/es\/wp-json\/wp\/v2\/media\/20715"}],"wp:attachment":[{"href":"https:\/\/www.vape4wholesale.com\/es\/wp-json\/wp\/v2\/media?parent=20708"}],"wp:term":[{"taxonomy":"pwb-brand","embeddable":true,"href":"https:\/\/www.vape4wholesale.com\/es\/wp-json\/wp\/v2\/pwb-brand?post=20708"},{"taxonomy":"product_cat","embeddable":true,"href":"https:\/\/www.vape4wholesale.com\/es\/wp-json\/wp\/v2\/product_cat?post=20708"},{"taxonomy":"product_tag","embeddable":true,"href":"https:\/\/www.vape4wholesale.com\/es\/wp-json\/wp\/v2\/product_tag?post=20708"}],"curies":[{"name":"wp","href":"https:\/\/api.w.org\/{rel}","templated":true}]}}