{"id":20372,"date":"2025-02-28T16:23:55","date_gmt":"2025-02-28T08:23:55","guid":{"rendered":"https:\/\/www.vape4wholesale.com\/?post_type=product&#038;p=20372"},"modified":"2026-01-27T15:41:16","modified_gmt":"2026-01-27T15:41:16","slug":"bang-36000-puffs-ice-control-vape-desechable-al-por-mayor","status":"publish","type":"product","link":"https:\/\/www.vape4wholesale.com\/es\/product\/bang-36000-puffs-ice-control-disposable-vape-wholesale","title":{"rendered":"Bang 36000 Puffs Ice Control Vape Desechable al por mayor"},"content":{"rendered":"<p>El Bang 36000 Ice Control redefine la comodidad con su avanzada pantalla t\u00e1ctil, que le permite ajustar f\u00e1cilmente la intensidad del hielo de su vapor. Ya sea que prefiera un enfriamiento suave o una sensaci\u00f3n helada audaz, este dispositivo pone la personalizaci\u00f3n al alcance de su mano. Adem\u00e1s, su pantalla a todo color le mantiene informado sobre el nivel de potencia, el nivel de hielo y la capacidad de e-l\u00edquido, garantizando una experiencia perfecta.<\/p>\n<p>Con una generosa capacidad de 36 ml de e-l\u00edquido y soporte para hasta 36.000 caladas, el Bang 36000 est\u00e1 dise\u00f1ado para llegar hasta el final. Su bater\u00eda recargable de 850 mAh mejora a\u00fan m\u00e1s su durabilidad, por lo que es ideal para un uso prolongado. Adem\u00e1s, su dise\u00f1o elegante y moderno garantiza un equilibrio perfecto entre estilo y funcionalidad.<\/p>\n<p>Para adaptarse a las necesidades de cada vapeador, el Bang 36000 ofrece opciones de nicotina con una potencia de 0%, 2%, 3% y 5%. Tanto si est\u00e1s reduciendo tu consumo como si te apetece un vapeo m\u00e1s fuerte, este dispositivo te lo ofrece. Combinado con su innovadora tecnolog\u00eda de control del hielo y sus funciones f\u00e1ciles de usar, el Bang 36000 es el vapeador desechable definitivo para una experiencia personalizada y satisfactoria. \u00a1Mejora tu vapeo hoy mismo!<\/p>\n<h2>Bang 36000 Puffs Ice Control Vape Desechable Caracter\u00edsticas principales<\/h2>\n<ol start=\"1\">\n<li>Ajuste la intensidad de la salida de vapor mediante los botones t\u00e1ctiles de la gran pantalla.<\/li>\n<li>La pantalla a todo color muestra la duraci\u00f3n restante de la bater\u00eda, el nivel actual de refrigeraci\u00f3n por hielo y la capacidad de e-l\u00edquido.<\/li>\n<li>Soporta hasta 36.000 caladas.<\/li>\n<li>Opciones de nicotina: 0%, 2%, 3% y 5%.<\/li>\n<li>Capacidad del e-l\u00edquido: 36ml.<\/li>\n<li>Capacidad de la bater\u00eda: 850mAh, recargable.<\/li>\n<\/ol>\n<h2>Sabores disponibles<\/h2>\n<p>1.Fresa Pl\u00e1tano<br \/>\n2.Love 66<br \/>\n3.Pi\u00f1a Coco<br \/>\n4.Ar\u00e1ndano Frambuesa<br \/>\n5.Sand\u00eda con fresa<br \/>\n6.Hielo de fresa<br \/>\n7.Hielo de ar\u00e1ndano<br \/>\n8.Triple Berry<br \/>\n9.Kiwi fresa<br \/>\n10.Mango fresa<br \/>\n11.Red Bull<br \/>\n12.Hielo de sand\u00eda<\/p>\n<h2>Detalles del embalaje<\/h2>\n<ul>\n<li>Tama\u00f1o de la caja: 49.6*36*27.7cm<\/li>\n<li>160 unidades\/caja<\/li>\n<li>21,8 kg\/caja<\/li>\n<\/ul>\n<figure id=\"attachment_20356\" aria-describedby=\"caption-attachment-20356\" style=\"width: 800px\" class=\"wp-caption alignnone\"><img loading=\"lazy\" decoding=\"async\" class=\"wp-image-20356 size-full\" title=\"Bang 36000 Puffs Ice Control Vape Desechable TRIPLE BERRY\" src=\"https:\/\/www.vape4wholesale.com\/wp-content\/uploads\/2025\/02\/Bang-36000-Puffs-Ice-Control-Disposable-Vape-TRIPLE-BERRY.webp\" alt=\"Bang 36000 Puffs Ice Control Vape Desechable TRIPLE BERRY\" width=\"800\" height=\"800\" srcset=\"https:\/\/www.vape4wholesale.com\/wp-content\/uploads\/2025\/02\/Bang-36000-Puffs-Ice-Control-Disposable-Vape-TRIPLE-BERRY.webp 800w, https:\/\/www.vape4wholesale.com\/wp-content\/uploads\/2025\/02\/Bang-36000-Puffs-Ice-Control-Disposable-Vape-TRIPLE-BERRY-247x247.webp 247w, https:\/\/www.vape4wholesale.com\/wp-content\/uploads\/2025\/02\/Bang-36000-Puffs-Ice-Control-Disposable-Vape-TRIPLE-BERRY-100x100.webp 100w, https:\/\/www.vape4wholesale.com\/wp-content\/uploads\/2025\/02\/Bang-36000-Puffs-Ice-Control-Disposable-Vape-TRIPLE-BERRY-510x510.webp 510w\" sizes=\"auto, (max-width: 800px) 100vw, 800px\" \/><figcaption id=\"caption-attachment-20356\" class=\"wp-caption-text\">Bang 36000 Puffs Ice Control Vape Desechable<\/figcaption><\/figure>\n<figure id=\"attachment_20358\" aria-describedby=\"caption-attachment-20358\" style=\"width: 800px\" class=\"wp-caption alignnone\"><img loading=\"lazy\" decoding=\"async\" class=\"size-full wp-image-20358\" title=\"Bang 36000 Puffs Ice Control Vape Desechable al por mayor\" src=\"https:\/\/www.vape4wholesale.com\/wp-content\/uploads\/2025\/02\/Bang-36000-Puffs-Ice-Control-Disposable-Vape-Wholesale.webp\" alt=\"Bang 36000 Puffs Ice Control Vape Desechable al por mayor\" width=\"800\" height=\"800\" srcset=\"https:\/\/www.vape4wholesale.com\/wp-content\/uploads\/2025\/02\/Bang-36000-Puffs-Ice-Control-Disposable-Vape-Wholesale.webp 800w, https:\/\/www.vape4wholesale.com\/wp-content\/uploads\/2025\/02\/Bang-36000-Puffs-Ice-Control-Disposable-Vape-Wholesale-247x247.webp 247w, https:\/\/www.vape4wholesale.com\/wp-content\/uploads\/2025\/02\/Bang-36000-Puffs-Ice-Control-Disposable-Vape-Wholesale-100x100.webp 100w, https:\/\/www.vape4wholesale.com\/wp-content\/uploads\/2025\/02\/Bang-36000-Puffs-Ice-Control-Disposable-Vape-Wholesale-510x510.webp 510w\" sizes=\"auto, (max-width: 800px) 100vw, 800px\" \/><figcaption id=\"caption-attachment-20358\" class=\"wp-caption-text\">Bang 36000 Puffs Ice Control Vape Desechable al por mayor<\/figcaption><\/figure>\n<h2>\u00bfPOR QU\u00c9 NOSOTROS?<\/h2>\r\n<ul>\r\n<li>Fuente de vape real, fiable y profesional.<\/li>\r\n<li>100% Garant\u00eda de autenticidad: S\u00f3lo proporcionamos productos originales y genuinos, rechazamos la falsificaci\u00f3n.<\/li>\r\n<li>100% Garant\u00eda de entrega: Utilizamos el mejor m\u00e9todo de env\u00edo para asegurarnos de que recibes el pedido 100%.<\/li>\r\n<li>Le daremos el n\u00famero de seguimiento y la etiqueta de env\u00edo despu\u00e9s del env\u00edo, y realizaremos el seguimiento de la mercanc\u00eda por usted hasta que la firme.<\/li>\r\n<li>Sin problemas aduaneros ni aranceles<\/li>\r\n<\/ul>","protected":false},"excerpt":{"rendered":"<div class=\"wsppc_div_block woocommerce_before_add_to_cart_form\">\r\n<p><strong><span style=\"color: #00a859;\">Pasar por la aduana<\/span> antes de la entrega y 100% Garant\u00eda de entrega, Entrega en 19~25 d\u00edas aproximadamente.\u00a0<\/strong><\/p>\r\n<\/div>","protected":false},"featured_media":20356,"comment_status":"open","ping_status":"closed","template":"","meta":[],"pwb-brand":[1275],"product_cat":[873],"product_tag":[24,249,849,988,22],"class_list":{"0":"post-20372","1":"product","2":"type-product","3":"status-publish","4":"has-post-thumbnail","6":"pwb-brand-bang","7":"product_cat-above-20k-puffs","8":"product_tag-wholesale","9":"product_tag-bang","10":"product_tag-36-0ml","11":"product_tag-36000-puffs","12":"product_tag-disposable","13":"wcpa_has_options","15":"first","16":"instock","17":"shipping-taxable","18":"purchasable","19":"product-type-variable"},"aioseo_notices":[],"brands":[{"id":1275,"name":"Bang","slug":"bang"}],"_links":{"self":[{"href":"https:\/\/www.vape4wholesale.com\/es\/wp-json\/wp\/v2\/product\/20372","targetHints":{"allow":["GET"]}}],"collection":[{"href":"https:\/\/www.vape4wholesale.com\/es\/wp-json\/wp\/v2\/product"}],"about":[{"href":"https:\/\/www.vape4wholesale.com\/es\/wp-json\/wp\/v2\/types\/product"}],"replies":[{"embeddable":true,"href":"https:\/\/www.vape4wholesale.com\/es\/wp-json\/wp\/v2\/comments?post=20372"}],"wp:featuredmedia":[{"embeddable":true,"href":"https:\/\/www.vape4wholesale.com\/es\/wp-json\/wp\/v2\/media\/20356"}],"wp:attachment":[{"href":"https:\/\/www.vape4wholesale.com\/es\/wp-json\/wp\/v2\/media?parent=20372"}],"wp:term":[{"taxonomy":"pwb-brand","embeddable":true,"href":"https:\/\/www.vape4wholesale.com\/es\/wp-json\/wp\/v2\/pwb-brand?post=20372"},{"taxonomy":"product_cat","embeddable":true,"href":"https:\/\/www.vape4wholesale.com\/es\/wp-json\/wp\/v2\/product_cat?post=20372"},{"taxonomy":"product_tag","embeddable":true,"href":"https:\/\/www.vape4wholesale.com\/es\/wp-json\/wp\/v2\/product_tag?post=20372"}],"curies":[{"name":"wp","href":"https:\/\/api.w.org\/{rel}","templated":true}]}}